{"id":16113,"date":"2021-09-08T09:57:05","date_gmt":"2021-09-08T08:57:05","guid":{"rendered":"https:\/\/mamaterra.lt\/parduotuve\/bez-kategorii\/doterra-on-guard-spray-do-mycia-rak-cleaning-mist-on-guard-sanitizing-mist-27ml\/"},"modified":"2021-09-08T09:57:05","modified_gmt":"2021-09-08T08:57:05","slug":"doterra-on-guard-arm-cleaning-spryskiwacz-cleaning-mist-on-guard-sanitizing-mist-27ml","status":"publish","type":"product","link":"https:\/\/mamaterra.lt\/pl\/parduotuve\/olejki-eteryczne\/mieszanki-olejkow-eterycznych\/doterra-on-guard-arm-cleaning-spryskiwacz-cleaning-mist-on-guard-sanitizing-mist-27ml\/","title":{"rendered":"doTERRA On Guard\u2122 Spray do mycia r\u0105k &#8211; Cleaning Mist (On Guard Sanitizing Mist) 27ml"},"content":{"rendered":"<p><strong>doTERRA On Guard Spray do mycia r\u0105k &#8211; Mg\u0142a czyszcz\u0105ca (On Guard\u2122 Sanitizing Mist)<\/strong><\/p>\n<p>27 ml<\/p>\n<p>&nbsp;<\/p>\n<p><strong>doTERRA On Guard Hand Cleaning Spray &#8211; Cleaning Mist (On Guard\u2122 Sanitizing Mist) Opis:<\/strong><\/p>\n<p>Mieszanka olejk\u00f3w eterycznych doTERRA On Guard jest jedn\u0105 z najpopularniejszych mieszanek doTERRA ze wzgl\u0119du na jej niesamowite zastosowania i zalety.<\/p>\n<p>doTERRA On Guard Spray oczyszcza sk\u00f3r\u0119 poprzez niezwykle drobn\u0105, szybkoschn\u0105c\u0105 mgie\u0142k\u0119. Naturalny ekstrakt z jab\u0142ek w kompozycji, formu\u0142a nawil\u017caj\u0105ca nie wysuszy sk\u00f3ry, a d\u0142onie b\u0119d\u0105 mi\u0119kkie i g\u0142adkie.<\/p>\n<p>DoTERRA On Guard mieszanka olejk\u00f3w eterycznych z dzikich pomara\u0144czy, go\u017adzik\u00f3w, cynamonu, eukaliptusa i rozmarynu CPTG \u2122 nadaje podnosz\u0105cy na duchu cytrusowy aromat.<\/p>\n<p>Naturalnie uzyskany sk\u0142adnik aktywny, certyfikowany przez USP alkohol etylowy, pomaga my\u0107 r\u0119ce, wspomagaj\u0105c efekt oczyszczania mg\u0142y. Jest to wygodna mgie\u0142ka, kt\u00f3ra jest idealna na podr\u00f3\u017ce, szko\u0142\u0119, prac\u0119 i wycieczki rodzinne.<\/p>\n<p><strong>doTERRA On Guard Spray do mycia r\u0105k \u2013 Cleaning Mist (On Guard\u2122 Sanitizing Mist) Cechy og\u00f3lne:<\/strong><\/p>\n<ul>\n<li>Jest to bardzo drobna, szybkoschn\u0105ca mg\u0142a czyszcz\u0105ca.<\/li>\n<li>Wzbogacona naturalnym ekstraktem z jab\u0142ek formu\u0142a nawil\u017caj\u0105ca nie wysuszy sk\u00f3ry, a d\u0142onie b\u0119d\u0105 mi\u0119kkie i g\u0142adkie.<\/li>\n<li>doTERRA On Guard, mieszanka olejk\u00f3w eterycznych CPTG\u2122 z dzikich pomara\u0144czy, go\u017adzik\u00f3w, cynamonu, eukaliptusa i rozmarynu, nadaje nastr\u00f3j aromatowi cytrus\u00f3w i przypraw.<\/li>\n<li>Alkohol etylowy pomaga my\u0107 r\u0119ce, wspomagaj\u0105c oczyszczaj\u0105ce dzia\u0142anie mg\u0142y. Wygodna mgie\u0142ka jest idealna do podr\u00f3\u017cy, w szkole, w pracy i dla podr\u00f3\u017cuj\u0105cych rodzin.<\/li>\n<\/ul>\n<p>&nbsp;<\/p>\n<p>Wi\u0119cej o produkcie.<\/p>\n<p><iframe title=\"Dowiedz si\u0119 wi\u0119cej o d\u014dTERRA On Guard\u00ae Blend - dowiedz si\u0119, jak to dzia\u0142a i jak mo\u017ce przynie\u015b\u0107 korzy\u015bci Twojej rodzinie\" src=\"https:\/\/www.youtube.com\/embed\/BLSUp29q3pk\" width=\"946\" height=\"532\" frameborder=\"0\" allowfullscreen=\"allowfullscreen\"><\/iframe><\/p>\n","protected":false},"excerpt":{"rendered":"<ul>\n<li>doTERRA On Guard Spray oczyszcza sk\u00f3r\u0119 poprzez wyj\u0105tkowo drobn\u0105, szybkoschn\u0105c\u0105 mgie\u0142k\u0119<\/li>\n<li>doTERRA On Guard mieszanka dzikich pomara\u0144czy, go\u017adzik\u00f3w, cynamonu, eukaliptusa i rozmarynu olejk\u00f3w eterycznych CPTG \u2122 nadaje podnosz\u0105cy na duchu cytrusowo-przyprawowy aromat<\/li>\n<li>Wzbogacona naturalnym ekstraktem z jab\u0142ek formu\u0142a nawil\u017caj\u0105ca nie wysuszy sk\u00f3ry, a d\u0142onie b\u0119d\u0105 mi\u0119kkie i g\u0142adkie<\/li>\n<li>doTERRA On Guard mieszanka olejk\u00f3w eterycznych z dzikich pomara\u0144czy, go\u017adzik\u00f3w, cynamonu, eukaliptusa i rozmarynu CPTG\u2122 nadaje nastr\u00f3j aromatowi cytrus\u00f3w i przypraw<\/li>\n<li>Alkohol etylowy pomaga oczy\u015bci\u0107 r\u0119ce<\/li>\n<\/ul>\n","protected":false},"featured_media":12831,"template":"","meta":{"site-sidebar-layout":"default","site-content-layout":"default","ast-site-content-layout":"default","site-content-style":"default","site-sidebar-style":"default","ast-global-header-display":"","ast-banner-title-visibility":"","ast-main-header-display":"","ast-hfb-above-header-display":"","ast-hfb-below-header-display":"","ast-hfb-mobile-header-display":"","site-post-title":"","ast-breadcrumbs-content":"","ast-featured-img":"","footer-sml-layout":"","ast-disable-related-posts":"","theme-transparent-header-meta":"default","adv-header-id-meta":"","stick-header-meta":"","header-above-stick-meta":"","header-main-stick-meta":"","header-below-stick-meta":"","astra-migrate-meta-layouts":"default","ast-page-background-enabled":"default","ast-page-background-meta":{"desktop":{"background-color":"","background-image":"","background-repeat":"repeat","background-position":"center center","background-size":"auto","background-attachment":"scroll","background-type":"","background-media":"","overlay-type":"","overlay-color":"","overlay-opacity":"","overlay-gradient":""},"tablet":{"background-color":"","background-image":"","background-repeat":"repeat","background-position":"center center","background-size":"auto","background-attachment":"scroll","background-type":"","background-media":"","overlay-type":"","overlay-color":"","overlay-opacity":"","overlay-gradient":""},"mobile":{"background-color":"","background-image":"","background-repeat":"repeat","background-position":"center center","background-size":"auto","background-attachment":"scroll","background-type":"","background-media":"","overlay-type":"","overlay-color":"","overlay-opacity":"","overlay-gradient":""}},"ast-content-background-meta":{"desktop":{"background-color":"var(--ast-global-color-5)","background-image":"","background-repeat":"repeat","background-position":"center center","background-size":"auto","background-attachment":"scroll","background-type":"","background-media":"","overlay-type":"","overlay-color":"","overlay-opacity":"","overlay-gradient":""},"tablet":{"background-color":"var(--ast-global-color-5)","background-image":"","background-repeat":"repeat","background-position":"center center","background-size":"auto","background-attachment":"scroll","background-type":"","background-media":"","overlay-type":"","overlay-color":"","overlay-opacity":"","overlay-gradient":""},"mobile":{"background-color":"var(--ast-global-color-5)","background-image":"","background-repeat":"repeat","background-position":"center center","background-size":"auto","background-attachment":"scroll","background-type":"","background-media":"","overlay-type":"","overlay-color":"","overlay-opacity":"","overlay-gradient":""}}},"product_brand":[],"product_cat":[1755,1711,1702,1747],"product_tag":[734,1442,1587],"class_list":{"0":"post-16113","1":"product","2":"type-product","3":"status-publish","4":"has-post-thumbnail","6":"product_cat-dla-dzieci","7":"product_cat-higiena-i-pielegnacja-skory","8":"product_cat-mieszanki-olejkow-eterycznych","9":"product_cat-on-guard-produkty","10":"product_tag-27-ml-pl","11":"product_tag-on-guard-pl","12":"product_tag-opryskiwacz","13":"desktop-align-left","14":"tablet-align-left","15":"mobile-align-left","17":"first","18":"instock","19":"sale","20":"featured","21":"taxable","22":"shipping-taxable","23":"purchasable","24":"product-type-simple"},"_links":{"self":[{"href":"https:\/\/mamaterra.lt\/pl\/wp-json\/wp\/v2\/product\/16113","targetHints":{"allow":["GET"]}}],"collection":[{"href":"https:\/\/mamaterra.lt\/pl\/wp-json\/wp\/v2\/product"}],"about":[{"href":"https:\/\/mamaterra.lt\/pl\/wp-json\/wp\/v2\/types\/product"}],"wp:featuredmedia":[{"embeddable":true,"href":"https:\/\/mamaterra.lt\/pl\/wp-json\/wp\/v2\/media\/12831"}],"wp:attachment":[{"href":"https:\/\/mamaterra.lt\/pl\/wp-json\/wp\/v2\/media?parent=16113"}],"wp:term":[{"taxonomy":"product_brand","embeddable":true,"href":"https:\/\/mamaterra.lt\/pl\/wp-json\/wp\/v2\/product_brand?post=16113"},{"taxonomy":"product_cat","embeddable":true,"href":"https:\/\/mamaterra.lt\/pl\/wp-json\/wp\/v2\/product_cat?post=16113"},{"taxonomy":"product_tag","embeddable":true,"href":"https:\/\/mamaterra.lt\/pl\/wp-json\/wp\/v2\/product_tag?post=16113"}],"curies":[{"name":"wp","href":"https:\/\/api.w.org\/{rel}","templated":true}]}}