{"id":16111,"date":"2021-04-19T09:57:26","date_gmt":"2021-04-19T08:57:26","guid":{"rendered":"https:\/\/mamaterra.lt\/parduotuve\/bez-kategorii\/doterra-spa-odzywcze-maslo-do-ciala-198g\/"},"modified":"2021-04-19T09:57:26","modified_gmt":"2021-04-19T08:57:26","slug":"doterra-spa-odzywcze-maslo-do-ciala-198g","status":"publish","type":"product","link":"https:\/\/mamaterra.lt\/pl\/parduotuve\/higiena-i-pielegnacja-skory\/doterra-spa-pl\/doterra-spa-odzywcze-maslo-do-ciala-198g\/","title":{"rendered":"doTERRA SPA Od\u017cywcze mas\u0142o do cia\u0142a 198g"},"content":{"rendered":"<p><strong>doTERRA SPA Od\u017cywcze mas\u0142o do cia\u0142a<\/strong><\/p>\n<p>198 g<\/p>\n<p>&nbsp;<\/p>\n<p><strong>DoTERRA SPA Od\u017cywcze mas\u0142o do cia\u0142a Opis:<\/strong><\/p>\n<p>Rozpieszczaj swoj\u0105 sk\u00f3r\u0119 luksusowym nawil\u017ceniem od\u017cywczego mas\u0142a do cia\u0142a doTERRA SPA. Podstaw\u0105 tej naturalnej mieszanki s\u0105 mas\u0142a z jaskieru i nasion kakao, kt\u00f3re s\u0105 dobrze znane ze swojego g\u0142\u0119bokiego nawil\u017cenia i elastyczno\u015bci nadanej sk\u00f3rze.<\/p>\n<p><strong>Cechy od\u017cywczego mas\u0142a do cia\u0142a doTERRA Spa:<\/strong><\/p>\n<ul>\n<li>Olejek eteryczny z dzikiej pomara\u0144czy ma w\u0142a\u015bciwo\u015bci stymuluj\u0105ce i oczyszczaj\u0105ce<\/li>\n<li>Olejek eteryczny do wielkich uderze\u0144 oczyszcza sk\u00f3r\u0119 i ma w\u0142a\u015bciwo\u015bci poprawiaj\u0105ce nastr\u00f3j<\/li>\n<li>Olejek eteryczny Boswellia odm\u0142adza sk\u00f3r\u0119 i pomaga utrzyma\u0107 r\u00f3wnowag\u0119 emocjonaln\u0105<\/li>\n<\/ul>\n<p>&nbsp;<\/p>\n<p>Wi\u0119cej o tym specjalnym masle do cia\u0142a doterra spa.<\/p>\n<p><iframe title=\"Luksusowe mas\u0142o do cia\u0142a doTERRA\u00ae SPA Replenishing Body Butter\" src=\"https:\/\/www.youtube.com\/embed\/rgLPUlRm7J8\" width=\"946\" height=\"532\" frameborder=\"0\" allowfullscreen=\"allowfullscreen\"><\/iframe><\/p>\n","protected":false},"excerpt":{"rendered":"<ul>\n<li>Olejek eteryczny z dzikiej pomara\u0144czy ma w\u0142a\u015bciwo\u015bci stymuluj\u0105ce i oczyszczaj\u0105ce<\/li>\n<li>Olejek eteryczny do wielkich uderze\u0144 oczyszcza sk\u00f3r\u0119 i ma w\u0142a\u015bciwo\u015bci poprawiaj\u0105ce nastr\u00f3j<\/li>\n<li>Olejek eteryczny Boswellia odm\u0142adza sk\u00f3r\u0119 i pomaga utrzyma\u0107 r\u00f3wnowag\u0119 emocjonaln\u0105<\/li>\n<\/ul>\n","protected":false},"featured_media":12342,"template":"","meta":{"site-sidebar-layout":"default","site-content-layout":"default","ast-site-content-layout":"default","site-content-style":"default","site-sidebar-style":"default","ast-global-header-display":"","ast-banner-title-visibility":"","ast-main-header-display":"","ast-hfb-above-header-display":"","ast-hfb-below-header-display":"","ast-hfb-mobile-header-display":"","site-post-title":"","ast-breadcrumbs-content":"","ast-featured-img":"","footer-sml-layout":"","ast-disable-related-posts":"","theme-transparent-header-meta":"default","adv-header-id-meta":"","stick-header-meta":"","header-above-stick-meta":"","header-main-stick-meta":"","header-below-stick-meta":"","astra-migrate-meta-layouts":"default","ast-page-background-enabled":"default","ast-page-background-meta":{"desktop":{"background-color":"","background-image":"","background-repeat":"repeat","background-position":"center center","background-size":"auto","background-attachment":"scroll","background-type":"","background-media":"","overlay-type":"","overlay-color":"","overlay-opacity":"","overlay-gradient":""},"tablet":{"background-color":"","background-image":"","background-repeat":"repeat","background-position":"center center","background-size":"auto","background-attachment":"scroll","background-type":"","background-media":"","overlay-type":"","overlay-color":"","overlay-opacity":"","overlay-gradient":""},"mobile":{"background-color":"","background-image":"","background-repeat":"repeat","background-position":"center center","background-size":"auto","background-attachment":"scroll","background-type":"","background-media":"","overlay-type":"","overlay-color":"","overlay-opacity":"","overlay-gradient":""}},"ast-content-background-meta":{"desktop":{"background-color":"var(--ast-global-color-5)","background-image":"","background-repeat":"repeat","background-position":"center center","background-size":"auto","background-attachment":"scroll","background-type":"","background-media":"","overlay-type":"","overlay-color":"","overlay-opacity":"","overlay-gradient":""},"tablet":{"background-color":"var(--ast-global-color-5)","background-image":"","background-repeat":"repeat","background-position":"center center","background-size":"auto","background-attachment":"scroll","background-type":"","background-media":"","overlay-type":"","overlay-color":"","overlay-opacity":"","overlay-gradient":""},"mobile":{"background-color":"var(--ast-global-color-5)","background-image":"","background-repeat":"repeat","background-position":"center center","background-size":"auto","background-attachment":"scroll","background-type":"","background-media":"","overlay-type":"","overlay-color":"","overlay-opacity":"","overlay-gradient":""}}},"product_brand":[],"product_cat":[1726,1711],"product_tag":[815,1219,1668],"class_list":{"0":"post-16111","1":"product","2":"type-product","3":"status-publish","4":"has-post-thumbnail","6":"product_cat-doterra-spa-pl","7":"product_cat-higiena-i-pielegnacja-skory","8":"product_tag-198g-pl","9":"product_tag-doterra-spa-pl","10":"product_tag-maslo","11":"desktop-align-left","12":"tablet-align-left","13":"mobile-align-left","15":"first","16":"instock","17":"taxable","18":"shipping-taxable","19":"purchasable","20":"product-type-simple"},"_links":{"self":[{"href":"https:\/\/mamaterra.lt\/pl\/wp-json\/wp\/v2\/product\/16111","targetHints":{"allow":["GET"]}}],"collection":[{"href":"https:\/\/mamaterra.lt\/pl\/wp-json\/wp\/v2\/product"}],"about":[{"href":"https:\/\/mamaterra.lt\/pl\/wp-json\/wp\/v2\/types\/product"}],"wp:featuredmedia":[{"embeddable":true,"href":"https:\/\/mamaterra.lt\/pl\/wp-json\/wp\/v2\/media\/12342"}],"wp:attachment":[{"href":"https:\/\/mamaterra.lt\/pl\/wp-json\/wp\/v2\/media?parent=16111"}],"wp:term":[{"taxonomy":"product_brand","embeddable":true,"href":"https:\/\/mamaterra.lt\/pl\/wp-json\/wp\/v2\/product_brand?post=16111"},{"taxonomy":"product_cat","embeddable":true,"href":"https:\/\/mamaterra.lt\/pl\/wp-json\/wp\/v2\/product_cat?post=16111"},{"taxonomy":"product_tag","embeddable":true,"href":"https:\/\/mamaterra.lt\/pl\/wp-json\/wp\/v2\/product_tag?post=16111"}],"curies":[{"name":"wp","href":"https:\/\/api.w.org\/{rel}","templated":true}]}}