{"id":16107,"date":"2021-09-08T10:03:06","date_gmt":"2021-09-08T09:03:06","guid":{"rendered":"https:\/\/mamaterra.lt\/parduotuve\/bez-kategorii\/probki-pasty-do-zebow-doterra-on-guard-10-opakowan-po-2g\/"},"modified":"2021-09-08T10:03:06","modified_gmt":"2021-09-08T09:03:06","slug":"doterra-on-guard-pasta-tooth-paste-10-packages-x-2g","status":"publish","type":"product","link":"https:\/\/mamaterra.lt\/pl\/parduotuve\/on-guard-produkty\/doterra-on-guard-pasta-tooth-paste-10-packages-x-2g\/","title":{"rendered":"Pr\u00f3bki pasty do z\u0119b\u00f3w doTERRA On Guard (10 opakowa\u0144 po 2g)"},"content":{"rendered":"<p>Przyk\u0142ady past do z\u0119b\u00f3w doTERRA On Guard<\/p>\n<p>10 opakowa\u0144 po 2g<\/p>\n<p>&nbsp;<\/p>\n<p><strong>DoTERRA On Guard\u00ae Naturalny wybielaj\u0105cy sk\u0142ad pasty do z\u0119b\u00f3w i w\u0142a\u015bciwo\u015bci og\u00f3lne:<\/strong><\/p>\n<p>Czy wiesz, \u017ce twoje cia\u0142o wykorzystuje hydroksyapatyt wapnia, aby pom\u00f3c utrzyma\u0107 silne szkliwo z\u0119b\u00f3w? Dlatego naturalna wybielaj\u0105ca pasta do z\u0119b\u00f3w doTERRA On Guard\u00ae zawiera ten wa\u017cny minera\u0142.<\/p>\n<ul>\n<li>Olejki eteryczne w kompozycji wsp\u00f3\u0142pracuj\u0105 ze sob\u0105, aby oczy\u015bci\u0107 z\u0119by i od\u015bwie\u017cy\u0107 zapach. Pasta do z\u0119b\u00f3w \u0142\u0105czy zalety opatentowanej mieszanki olejk\u00f3w eterycznych doTERRA On Guard z ksylitolem i uwodnionym krzemem, aby pom\u00f3c w czyszczeniu z\u0119b\u00f3w, zmniejszaniu p\u0142ytki naz\u0119bnej i delikatnym wybielaniu z\u0119b\u00f3w.<\/li>\n<li>Ponadto olejek eteryczny z mirry \u0142agodzi b\u0142on\u0119 \u015bluzow\u0105 jamy ustnej, dzi\u0105s\u0142a i gard\u0142o, a mi\u0119ta pieprzowa z mieszank\u0105 doTERRA On Guard nadaje oddechowi zapach cynamonowo-mi\u0119towy.<\/li>\n<li>Przy regularnym stosowaniu tej pasty z\u0119by b\u0119d\u0105 zdrowe, a u\u015bmiech b\u0119dzie ol\u015bniewaj\u0105co bia\u0142y.<\/li>\n<\/ul>\n<p>&nbsp;<\/p>\n<p>Aby uzyska\u0107 wi\u0119cej informacji na temat naturalnej pasty do szczoteczki do z\u0119b\u00f3w Guard, zobacz film poni\u017cej.<\/p>\n<p><iframe title=\"Przeformu\u0142owana pasta do z\u0119b\u00f3w doTERRA On Guard\u00ae Natural Whitening\" src=\"https:\/\/www.youtube.com\/embed\/s-1v3-cLP5M\" width=\"946\" height=\"532\" frameborder=\"0\" allowfullscreen=\"allowfullscreen\" data-mce-fragment=\"1\"><\/iframe><\/p>\n<div id=\"gtx-trans\" style=\"position: absolute; left: 243px; top: 46px;\">\n<div class=\"gtx-trans-icon\"><\/div>\n<\/div>\n","protected":false},"excerpt":{"rendered":"<ul>\n<li>Olejki eteryczne w kompozycji wsp\u00f3\u0142pracuj\u0105 ze sob\u0105, aby oczy\u015bci\u0107 z\u0119by i od\u015bwie\u017cy\u0107 zapach<\/li>\n<li>doTERRA On Guard\u00ae naturalna wybielaj\u0105ca pasta do z\u0119b\u00f3w<\/li>\n<li>Przy regularnym stosowaniu tej pasty Twoje z\u0119by b\u0119d\u0105 zdrowe, a u\u015bmiech ol\u015bniewaj\u0105co bia\u0142y<\/li>\n<\/ul>\n","protected":false},"featured_media":12837,"template":"","meta":{"site-sidebar-layout":"default","site-content-layout":"default","ast-site-content-layout":"default","site-content-style":"default","site-sidebar-style":"default","ast-global-header-display":"","ast-banner-title-visibility":"","ast-main-header-display":"","ast-hfb-above-header-display":"","ast-hfb-below-header-display":"","ast-hfb-mobile-header-display":"","site-post-title":"","ast-breadcrumbs-content":"","ast-featured-img":"","footer-sml-layout":"","ast-disable-related-posts":"","theme-transparent-header-meta":"default","adv-header-id-meta":"","stick-header-meta":"","header-above-stick-meta":"","header-main-stick-meta":"","header-below-stick-meta":"","astra-migrate-meta-layouts":"default","ast-page-background-enabled":"default","ast-page-background-meta":{"desktop":{"background-color":"","background-image":"","background-repeat":"repeat","background-position":"center center","background-size":"auto","background-attachment":"scroll","background-type":"","background-media":"","overlay-type":"","overlay-color":"","overlay-opacity":"","overlay-gradient":""},"tablet":{"background-color":"","background-image":"","background-repeat":"repeat","background-position":"center center","background-size":"auto","background-attachment":"scroll","background-type":"","background-media":"","overlay-type":"","overlay-color":"","overlay-opacity":"","overlay-gradient":""},"mobile":{"background-color":"","background-image":"","background-repeat":"repeat","background-position":"center center","background-size":"auto","background-attachment":"scroll","background-type":"","background-media":"","overlay-type":"","overlay-color":"","overlay-opacity":"","overlay-gradient":""}},"ast-content-background-meta":{"desktop":{"background-color":"var(--ast-global-color-5)","background-image":"","background-repeat":"repeat","background-position":"center center","background-size":"auto","background-attachment":"scroll","background-type":"","background-media":"","overlay-type":"","overlay-color":"","overlay-opacity":"","overlay-gradient":""},"tablet":{"background-color":"var(--ast-global-color-5)","background-image":"","background-repeat":"repeat","background-position":"center center","background-size":"auto","background-attachment":"scroll","background-type":"","background-media":"","overlay-type":"","overlay-color":"","overlay-opacity":"","overlay-gradient":""},"mobile":{"background-color":"var(--ast-global-color-5)","background-image":"","background-repeat":"repeat","background-position":"center center","background-size":"auto","background-attachment":"scroll","background-type":"","background-media":"","overlay-type":"","overlay-color":"","overlay-opacity":"","overlay-gradient":""}}},"product_brand":[],"product_cat":[1747],"product_tag":[708,1442,1529],"class_list":{"0":"post-16107","1":"product","2":"type-product","3":"status-publish","4":"has-post-thumbnail","6":"product_cat-on-guard-produkty","7":"product_tag-2g-pl","8":"product_tag-on-guard-pl","9":"product_tag-pasta-do-zebow","10":"desktop-align-left","11":"tablet-align-left","12":"mobile-align-left","14":"first","15":"instock","16":"taxable","17":"shipping-taxable","18":"purchasable","19":"product-type-simple"},"_links":{"self":[{"href":"https:\/\/mamaterra.lt\/pl\/wp-json\/wp\/v2\/product\/16107","targetHints":{"allow":["GET"]}}],"collection":[{"href":"https:\/\/mamaterra.lt\/pl\/wp-json\/wp\/v2\/product"}],"about":[{"href":"https:\/\/mamaterra.lt\/pl\/wp-json\/wp\/v2\/types\/product"}],"wp:featuredmedia":[{"embeddable":true,"href":"https:\/\/mamaterra.lt\/pl\/wp-json\/wp\/v2\/media\/12837"}],"wp:attachment":[{"href":"https:\/\/mamaterra.lt\/pl\/wp-json\/wp\/v2\/media?parent=16107"}],"wp:term":[{"taxonomy":"product_brand","embeddable":true,"href":"https:\/\/mamaterra.lt\/pl\/wp-json\/wp\/v2\/product_brand?post=16107"},{"taxonomy":"product_cat","embeddable":true,"href":"https:\/\/mamaterra.lt\/pl\/wp-json\/wp\/v2\/product_cat?post=16107"},{"taxonomy":"product_tag","embeddable":true,"href":"https:\/\/mamaterra.lt\/pl\/wp-json\/wp\/v2\/product_tag?post=16107"}],"curies":[{"name":"wp","href":"https:\/\/api.w.org\/{rel}","templated":true}]}}