{"id":16103,"date":"2021-09-11T12:59:13","date_gmt":"2021-09-11T11:59:13","guid":{"rendered":"https:\/\/mamaterra.lt\/parduotuve\/bez-kategorii\/doterra-calmer-for-relax-orzezwiajacy-olejek-eteryczny-10ml\/"},"modified":"2021-09-11T12:59:13","modified_gmt":"2021-09-11T11:59:13","slug":"doterra-calmer-olejek-mystic-blend-10ml","status":"publish","type":"product","link":"https:\/\/mamaterra.lt\/pl\/parduotuve\/olejki-eteryczne\/mieszanki-olejkow-eterycznych\/doterra-calmer-olejek-mystic-blend-10ml\/","title":{"rendered":"doTERRA Calmer\u2122 For Relax Orze\u017awiaj\u0105cy Olejek Eteryczny 10ml"},"content":{"rendered":"<p><strong>doTERRA Calmer\u2122 For Relax Orze\u017awiaj\u0105ca mieszanka olejk\u00f3w eterycznych<\/strong><\/p>\n<p>Butelka 10 ml z aplikatorem kulkowym<\/p>\n<p>&nbsp;<\/p>\n<p><strong>doTERRA Calmer\u2122 Relaksacyjna O\u017cywcza mieszanka olejk\u00f3w eterycznych Og\u00f3lne w\u0142a\u015bciwo\u015bci:<\/strong><\/p>\n<ul>\n<li>Olejki eteryczne z lawendy, kanang, fa\u0142szywego drzewa santalowego i roma\u0144skiego rumianku we frakcjonowanym oleju kokosowym<\/li>\n<li>Spokojniejszy, mieszanka, kt\u00f3ra orze\u017awia odpoczynek, tworzy uspokajaj\u0105c\u0105 atmosfer\u0119 i pomaga przekszta\u0142ci\u0107 przygotowanie do snu w spokojne i przyjemne do\u015bwiadczenie.<\/li>\n<li>Nak\u0142adaj na nadgarstki, szyj\u0119 i podeszwy przed p\u00f3j\u015bciem spa\u0107<\/li>\n<li>Pomaga si\u0119 uspokoi\u0107 i tworzy pozytywny nastr\u00f3j relaksu<\/li>\n<\/ul>\n<p>&nbsp;<\/p>\n<p>Obejrzyj film o doTERRA Calmer\u2122 Essential Oil Blend.<\/p>\n<p><iframe title=\"Nowa spokojniejsza mieszanka doTERRA dla dzieci\" src=\"https:\/\/www.youtube.com\/embed\/vd9KjK7-8OQ\" width=\"946\" height=\"532\" frameborder=\"0\" allowfullscreen=\"allowfullscreen\"><\/iframe><\/p>\n","protected":false},"excerpt":{"rendered":"<ul>\n<li>Olejki eteryczne z lawendy, kanang, fa\u0142szywego drzewa santalowego i roma\u0144skiego rumianku we frakcjonowanym oleju kokosowym<\/li>\n<li>Nak\u0142adaj na nadgarstki, szyj\u0119 i podeszwy przed p\u00f3j\u015bciem spa\u0107<\/li>\n<li>Pomaga si\u0119 uspokoi\u0107 i tworzy pozytywny nastr\u00f3j relaksu<\/li>\n<\/ul>\n","protected":false},"featured_media":12909,"template":"","meta":{"site-sidebar-layout":"default","site-content-layout":"default","ast-site-content-layout":"default","site-content-style":"default","site-sidebar-style":"default","ast-global-header-display":"","ast-banner-title-visibility":"","ast-main-header-display":"","ast-hfb-above-header-display":"","ast-hfb-below-header-display":"","ast-hfb-mobile-header-display":"","site-post-title":"","ast-breadcrumbs-content":"","ast-featured-img":"","footer-sml-layout":"","ast-disable-related-posts":"","theme-transparent-header-meta":"default","adv-header-id-meta":"","stick-header-meta":"","header-above-stick-meta":"","header-main-stick-meta":"","header-below-stick-meta":"","astra-migrate-meta-layouts":"default","ast-page-background-enabled":"default","ast-page-background-meta":{"desktop":{"background-color":"","background-image":"","background-repeat":"repeat","background-position":"center center","background-size":"auto","background-attachment":"scroll","background-type":"","background-media":"","overlay-type":"","overlay-color":"","overlay-opacity":"","overlay-gradient":""},"tablet":{"background-color":"","background-image":"","background-repeat":"repeat","background-position":"center center","background-size":"auto","background-attachment":"scroll","background-type":"","background-media":"","overlay-type":"","overlay-color":"","overlay-opacity":"","overlay-gradient":""},"mobile":{"background-color":"","background-image":"","background-repeat":"repeat","background-position":"center center","background-size":"auto","background-attachment":"scroll","background-type":"","background-media":"","overlay-type":"","overlay-color":"","overlay-opacity":"","overlay-gradient":""}},"ast-content-background-meta":{"desktop":{"background-color":"var(--ast-global-color-5)","background-image":"","background-repeat":"repeat","background-position":"center center","background-size":"auto","background-attachment":"scroll","background-type":"","background-media":"","overlay-type":"","overlay-color":"","overlay-opacity":"","overlay-gradient":""},"tablet":{"background-color":"var(--ast-global-color-5)","background-image":"","background-repeat":"repeat","background-position":"center center","background-size":"auto","background-attachment":"scroll","background-type":"","background-media":"","overlay-type":"","overlay-color":"","overlay-opacity":"","overlay-gradient":""},"mobile":{"background-color":"var(--ast-global-color-5)","background-image":"","background-repeat":"repeat","background-position":"center center","background-size":"auto","background-attachment":"scroll","background-type":"","background-media":"","overlay-type":"","overlay-color":"","overlay-opacity":"","overlay-gradient":""}}},"product_brand":[],"product_cat":[1755,1738,1702,1698,1752],"product_tag":[722,1327,1611,1535],"class_list":{"0":"post-16103","1":"product","2":"type-product","3":"status-publish","4":"has-post-thumbnail","6":"product_cat-dla-dzieci","7":"product_cat-do-spania","8":"product_cat-mieszanki-olejkow-eterycznych","9":"product_cat-olejki-eteryczne","10":"product_cat-radzenia-sobie-ze-stresem","11":"product_tag-10-ml-pl","12":"product_tag-calmer-pl","13":"product_tag-dla-dzieci","14":"product_tag-mieszanki-olejkow-eterycznych","15":"desktop-align-left","16":"tablet-align-left","17":"mobile-align-left","19":"first","20":"instock","21":"taxable","22":"shipping-taxable","23":"purchasable","24":"product-type-simple"},"_links":{"self":[{"href":"https:\/\/mamaterra.lt\/pl\/wp-json\/wp\/v2\/product\/16103","targetHints":{"allow":["GET"]}}],"collection":[{"href":"https:\/\/mamaterra.lt\/pl\/wp-json\/wp\/v2\/product"}],"about":[{"href":"https:\/\/mamaterra.lt\/pl\/wp-json\/wp\/v2\/types\/product"}],"wp:featuredmedia":[{"embeddable":true,"href":"https:\/\/mamaterra.lt\/pl\/wp-json\/wp\/v2\/media\/12909"}],"wp:attachment":[{"href":"https:\/\/mamaterra.lt\/pl\/wp-json\/wp\/v2\/media?parent=16103"}],"wp:term":[{"taxonomy":"product_brand","embeddable":true,"href":"https:\/\/mamaterra.lt\/pl\/wp-json\/wp\/v2\/product_brand?post=16103"},{"taxonomy":"product_cat","embeddable":true,"href":"https:\/\/mamaterra.lt\/pl\/wp-json\/wp\/v2\/product_cat?post=16103"},{"taxonomy":"product_tag","embeddable":true,"href":"https:\/\/mamaterra.lt\/pl\/wp-json\/wp\/v2\/product_tag?post=16103"}],"curies":[{"name":"wp","href":"https:\/\/api.w.org\/{rel}","templated":true}]}}