{"id":16102,"date":"2021-09-08T10:17:35","date_gmt":"2021-09-08T09:17:35","guid":{"rendered":"https:\/\/mamaterra.lt\/parduotuve\/bez-kategorii\/doterra-on-guard-detergent-do-prania-947ml\/"},"modified":"2021-09-08T10:17:35","modified_gmt":"2021-09-08T09:17:35","slug":"doterra-on-guard-detergent-do-prania-947ml","status":"publish","type":"product","link":"https:\/\/mamaterra.lt\/pl\/parduotuve\/on-guard-produkty\/doterra-on-guard-detergent-do-prania-947ml\/","title":{"rendered":"doTERRA On Guard\u00ae Detergent do prania 947ml"},"content":{"rendered":"<p><strong>doTERRA On Guard\u00ae Detergent do prania  <\/strong><\/p>\n<p>947ml<\/p>\n<p>&nbsp;<\/p>\n<p><strong>doTERRA On Guard\u00ae Detergent do prania Og\u00f3lne cechy:<\/strong><\/p>\n<ul>\n<li>doTERRA On Guard\u00ae Laundry Detergent to doskona\u0142e narz\u0119dzie do prania w Twoim domu<\/li>\n<li>Detergent jest bardzo silny i zmywa nawet najwi\u0119ksze i najbardziej nieusuwalne plamy<\/li>\n<li>Bardzo wygodny w u\u017cyciu<\/li>\n<\/ul>\n<p>&nbsp;<\/p>\n<p>Obejrzyj film o detergencie do prania doTERRA On Guard.<\/p>\n<p><iframe title=\"Wspania\u0142e korzy\u015bci i zastosowania detergent\u00f3w do prania doTERRA\" src=\"https:\/\/www.youtube.com\/embed\/7OArbjaBQl4\" width=\"946\" height=\"532\" frameborder=\"0\" allowfullscreen=\"allowfullscreen\"><\/iframe><\/p>\n","protected":false},"excerpt":{"rendered":"<ul>\n<li>doTERRA On Guard\u00ae Laundry Detergent to doskona\u0142e narz\u0119dzie do prania w Twoim domu<\/li>\n<li>Detergent jest bardzo silny i zmywa nawet najwi\u0119ksze i najbardziej nieusuwalne plamy<\/li>\n<li>Bardzo wygodny w u\u017cyciu<\/li>\n<\/ul>\n","protected":false},"featured_media":12849,"template":"","meta":{"site-sidebar-layout":"default","site-content-layout":"default","ast-site-content-layout":"default","site-content-style":"default","site-sidebar-style":"default","ast-global-header-display":"","ast-banner-title-visibility":"","ast-main-header-display":"","ast-hfb-above-header-display":"","ast-hfb-below-header-display":"","ast-hfb-mobile-header-display":"","site-post-title":"","ast-breadcrumbs-content":"","ast-featured-img":"","footer-sml-layout":"","ast-disable-related-posts":"","theme-transparent-header-meta":"default","adv-header-id-meta":"","stick-header-meta":"","header-above-stick-meta":"","header-main-stick-meta":"","header-below-stick-meta":"","astra-migrate-meta-layouts":"default","ast-page-background-enabled":"default","ast-page-background-meta":{"desktop":{"background-color":"","background-image":"","background-repeat":"repeat","background-position":"center center","background-size":"auto","background-attachment":"scroll","background-type":"","background-media":"","overlay-type":"","overlay-color":"","overlay-opacity":"","overlay-gradient":""},"tablet":{"background-color":"","background-image":"","background-repeat":"repeat","background-position":"center center","background-size":"auto","background-attachment":"scroll","background-type":"","background-media":"","overlay-type":"","overlay-color":"","overlay-opacity":"","overlay-gradient":""},"mobile":{"background-color":"","background-image":"","background-repeat":"repeat","background-position":"center center","background-size":"auto","background-attachment":"scroll","background-type":"","background-media":"","overlay-type":"","overlay-color":"","overlay-opacity":"","overlay-gradient":""}},"ast-content-background-meta":{"desktop":{"background-color":"var(--ast-global-color-5)","background-image":"","background-repeat":"repeat","background-position":"center center","background-size":"auto","background-attachment":"scroll","background-type":"","background-media":"","overlay-type":"","overlay-color":"","overlay-opacity":"","overlay-gradient":""},"tablet":{"background-color":"var(--ast-global-color-5)","background-image":"","background-repeat":"repeat","background-position":"center center","background-size":"auto","background-attachment":"scroll","background-type":"","background-media":"","overlay-type":"","overlay-color":"","overlay-opacity":"","overlay-gradient":""},"mobile":{"background-color":"var(--ast-global-color-5)","background-image":"","background-repeat":"repeat","background-position":"center center","background-size":"auto","background-attachment":"scroll","background-type":"","background-media":"","overlay-type":"","overlay-color":"","overlay-opacity":"","overlay-gradient":""}}},"product_brand":[],"product_cat":[1747],"product_tag":[855,1442,1602],"class_list":{"0":"post-16102","1":"product","2":"type-product","3":"status-publish","4":"has-post-thumbnail","6":"product_cat-on-guard-produkty","7":"product_tag-947ml-pl","8":"product_tag-on-guard-pl","9":"product_tag-proszek-do-prania","10":"desktop-align-left","11":"tablet-align-left","12":"mobile-align-left","14":"first","15":"outofstock","16":"sale","17":"taxable","18":"shipping-taxable","19":"purchasable","20":"product-type-simple"},"_links":{"self":[{"href":"https:\/\/mamaterra.lt\/pl\/wp-json\/wp\/v2\/product\/16102","targetHints":{"allow":["GET"]}}],"collection":[{"href":"https:\/\/mamaterra.lt\/pl\/wp-json\/wp\/v2\/product"}],"about":[{"href":"https:\/\/mamaterra.lt\/pl\/wp-json\/wp\/v2\/types\/product"}],"wp:featuredmedia":[{"embeddable":true,"href":"https:\/\/mamaterra.lt\/pl\/wp-json\/wp\/v2\/media\/12849"}],"wp:attachment":[{"href":"https:\/\/mamaterra.lt\/pl\/wp-json\/wp\/v2\/media?parent=16102"}],"wp:term":[{"taxonomy":"product_brand","embeddable":true,"href":"https:\/\/mamaterra.lt\/pl\/wp-json\/wp\/v2\/product_brand?post=16102"},{"taxonomy":"product_cat","embeddable":true,"href":"https:\/\/mamaterra.lt\/pl\/wp-json\/wp\/v2\/product_cat?post=16102"},{"taxonomy":"product_tag","embeddable":true,"href":"https:\/\/mamaterra.lt\/pl\/wp-json\/wp\/v2\/product_tag?post=16102"}],"curies":[{"name":"wp","href":"https:\/\/api.w.org\/{rel}","templated":true}]}}