{"id":16100,"date":"2021-09-10T19:00:15","date_gmt":"2021-09-10T18:00:15","guid":{"rendered":"https:\/\/mamaterra.lt\/parduotuve\/bez-kategorii\/doterra-szampon-do-wlosow-i-ciala-pielegnacja-twarzy-dla-niemowlat-295ml\/"},"modified":"2021-09-10T19:00:15","modified_gmt":"2021-09-10T18:00:15","slug":"doterra-szampon-do-wlosow-ciala-myjka-dla-niemowlat-295ml","status":"publish","type":"product","link":"https:\/\/mamaterra.lt\/pl\/parduotuve\/higiena-i-pielegnacja-skory\/doterra-szampon-do-wlosow-ciala-myjka-dla-niemowlat-295ml\/","title":{"rendered":"doTERRA Szampon do w\u0142os\u00f3w i cia\u0142a &#8211; Piel\u0119gnacja twarzy dla niemowl\u0105t 295ml"},"content":{"rendered":"<p><strong>doTERRA Szampon do w\u0142os\u00f3w i cia\u0142a &#8211; Piel\u0119gnacja twarzy dla niemowl\u0105t<\/strong><\/p>\n<p>295ml<\/p>\n<p>&nbsp;<\/p>\n<p><strong>doTERRA Shampoo &#8211; Piel\u0119gnacja twarzy dla niemowl\u0105t W\u0142a\u015bciwo\u015bci og\u00f3lne:<\/strong><\/p>\n<ul>\n<li>Zawiera koj\u0105c\u0105 mieszank\u0119 ekstraktu waniliowego z olejkami eterycznymi z lawendy CPTG i rumianku rzymskiego.<\/li>\n<li>Surowe wschodnioafryka\u0144skie mas\u0142o shea Muyao ma unikalny kwas t\u0142uszczowy, kt\u00f3ry wspiera mi\u0119kk\u0105 sk\u00f3r\u0119 dziecka.<\/li>\n<li>Proste, naturalne sk\u0142adniki oczyszczaj\u0105 bez naruszania naturalnej r\u00f3wnowagi sk\u00f3ry.<\/li>\n<li>Testowany klinicznie bez \u0142ez<\/li>\n<\/ul>\n<p><strong>doTERRA Shampoo &#8211; Piel\u0119gnacja twarzy dla niemowl\u0105t Sk\u0142ad:<\/strong><\/p>\n<p><span lang=\"lt\">Woda (Aqua), lauryloglukozydy sodu Hydroksypropylosulfonian, glukozyd kapryl\/kapryl, ekstrakt z owoc\u00f3w jab\u0142ka Pyrus malus, mas\u0142o Butyrospermum parkii (shea), olejek lawendowy Lavandula angustifolia, olejek z kwiat\u00f3w rumianku rzymskiego Anthemis nobilis Ekstrakt z owoc\u00f3w, gliceryna, kwas koprihydroksaminowy, fitynian sodu, alkohol fenetylowy, chlorek sodu, kwas cytrynowy<\/span><\/p>\n<p><strong>doTERRA Shampoo &#8211; Piel\u0119gnacja twarzy dla niemowl\u0105t Instrukcja u\u017cytkowania:<\/strong><\/p>\n<ul>\n<li><span class=\"Y2IQFc\" lang=\"lt\">Za pomoc\u0105 kilku klikni\u0119\u0107 wygodnego dozownika we\u017a detergent w r\u0119ce i na\u0142\u00f3\u017c na w\u0142osy i cia\u0142o. Dok\u0142adnie umy\u0107 i sp\u0142uka\u0107.<\/span><\/li>\n<li><span class=\"Y2IQFc\" lang=\"lt\">  Wystarczaj\u0105co delikatny do codziennego u\u017cytku.<\/span><\/li>\n<li>Stosowanie doterra baby hair and body cleanser z wygodn\u0105 i \u0142atw\u0105 w u\u017cyciu pompk\u0105 sprawi, \u017ce k\u0105piel b\u0119dzie \u0142atwa i prosta, dzi\u0119ki czemu b\u0119dziesz mie\u0107 wi\u0119cej czasu na zabaw\u0119 ze swoim<br \/>\nmaluchy w \u0142azience.<\/li>\n<\/ul>\n<p>&nbsp;<\/p>\n<p>Wi\u0119cej o tym produkcie.<\/p>\n<p><iframe title=\"doTERRA Baby Hair &amp; Body Wash and Diaper Rash Cream (przet\u0142umaczone napisy)\" src=\"https:\/\/www.youtube.com\/embed\/SHz00H7pwL0\" width=\"946\" height=\"532\" frameborder=\"0\" allowfullscreen=\"allowfullscreen\"><\/iframe><\/p>\n","protected":false},"excerpt":{"rendered":"<ul>\n<li>doTERRA baby hair and body cleanser to bezpieczny i skuteczny spos\u00f3b mycia dziecka od st\u00f3p do g\u0142\u00f3w<\/li>\n<li>Ten spieniony, pozbawiony \u0142ez detergent \u0142\u0105czy proste, delikatne sk\u0142adniki, kt\u00f3re od\u017cywiaj\u0105 i nawil\u017caj\u0105 nawet po praniu<\/li>\n<li>Koj\u0105ca mieszanka ekstraktu waniliowego z olejkami eterycznymi z lawendy CPTG \u2122 i rumianku rzymskiego dla niemowl\u0105t, ma\u0142ych dzieci, a nawet du\u017cych dzieci daje lekki, nowonarodzony zapach<\/li>\n<\/ul>\n","protected":false},"featured_media":13050,"template":"","meta":{"site-sidebar-layout":"default","site-content-layout":"default","ast-site-content-layout":"default","site-content-style":"default","site-sidebar-style":"default","ast-global-header-display":"","ast-banner-title-visibility":"","ast-main-header-display":"","ast-hfb-above-header-display":"","ast-hfb-below-header-display":"","ast-hfb-mobile-header-display":"","site-post-title":"","ast-breadcrumbs-content":"","ast-featured-img":"","footer-sml-layout":"","ast-disable-related-posts":"","theme-transparent-header-meta":"default","adv-header-id-meta":"","stick-header-meta":"","header-above-stick-meta":"","header-main-stick-meta":"","header-below-stick-meta":"","astra-migrate-meta-layouts":"default","ast-page-background-enabled":"default","ast-page-background-meta":{"desktop":{"background-color":"","background-image":"","background-repeat":"repeat","background-position":"center center","background-size":"auto","background-attachment":"scroll","background-type":"","background-media":"","overlay-type":"","overlay-color":"","overlay-opacity":"","overlay-gradient":""},"tablet":{"background-color":"","background-image":"","background-repeat":"repeat","background-position":"center center","background-size":"auto","background-attachment":"scroll","background-type":"","background-media":"","overlay-type":"","overlay-color":"","overlay-opacity":"","overlay-gradient":""},"mobile":{"background-color":"","background-image":"","background-repeat":"repeat","background-position":"center center","background-size":"auto","background-attachment":"scroll","background-type":"","background-media":"","overlay-type":"","overlay-color":"","overlay-opacity":"","overlay-gradient":""}},"ast-content-background-meta":{"desktop":{"background-color":"var(--ast-global-color-5)","background-image":"","background-repeat":"repeat","background-position":"center center","background-size":"auto","background-attachment":"scroll","background-type":"","background-media":"","overlay-type":"","overlay-color":"","overlay-opacity":"","overlay-gradient":""},"tablet":{"background-color":"var(--ast-global-color-5)","background-image":"","background-repeat":"repeat","background-position":"center center","background-size":"auto","background-attachment":"scroll","background-type":"","background-media":"","overlay-type":"","overlay-color":"","overlay-opacity":"","overlay-gradient":""},"mobile":{"background-color":"var(--ast-global-color-5)","background-image":"","background-repeat":"repeat","background-position":"center center","background-size":"auto","background-attachment":"scroll","background-type":"","background-media":"","overlay-type":"","overlay-color":"","overlay-opacity":"","overlay-gradient":""}}},"product_brand":[],"product_cat":[1755,1711],"product_tag":[835,1581,1678],"class_list":{"0":"post-16100","1":"product","2":"type-product","3":"status-publish","4":"has-post-thumbnail","6":"product_cat-dla-dzieci","7":"product_cat-higiena-i-pielegnacja-skory","8":"product_tag-295ml-pl","9":"product_tag-detergent-pl","10":"product_tag-szampon","11":"desktop-align-left","12":"tablet-align-left","13":"mobile-align-left","15":"first","16":"instock","17":"taxable","18":"shipping-taxable","19":"purchasable","20":"product-type-simple"},"_links":{"self":[{"href":"https:\/\/mamaterra.lt\/pl\/wp-json\/wp\/v2\/product\/16100","targetHints":{"allow":["GET"]}}],"collection":[{"href":"https:\/\/mamaterra.lt\/pl\/wp-json\/wp\/v2\/product"}],"about":[{"href":"https:\/\/mamaterra.lt\/pl\/wp-json\/wp\/v2\/types\/product"}],"wp:featuredmedia":[{"embeddable":true,"href":"https:\/\/mamaterra.lt\/pl\/wp-json\/wp\/v2\/media\/13050"}],"wp:attachment":[{"href":"https:\/\/mamaterra.lt\/pl\/wp-json\/wp\/v2\/media?parent=16100"}],"wp:term":[{"taxonomy":"product_brand","embeddable":true,"href":"https:\/\/mamaterra.lt\/pl\/wp-json\/wp\/v2\/product_brand?post=16100"},{"taxonomy":"product_cat","embeddable":true,"href":"https:\/\/mamaterra.lt\/pl\/wp-json\/wp\/v2\/product_cat?post=16100"},{"taxonomy":"product_tag","embeddable":true,"href":"https:\/\/mamaterra.lt\/pl\/wp-json\/wp\/v2\/product_tag?post=16100"}],"curies":[{"name":"wp","href":"https:\/\/api.w.org\/{rel}","templated":true}]}}