{"id":16098,"date":"2021-09-09T18:42:21","date_gmt":"2021-09-09T17:42:21","guid":{"rendered":"https:\/\/mamaterra.lt\/parduotuve\/bez-kategorii\/doterra-ciemnoniebieska-masc-do-pocierania-miesni-dyskomfort-stawow-120ml\/"},"modified":"2021-09-09T18:42:21","modified_gmt":"2021-09-09T17:42:21","slug":"doterra-deep-blue-rub-for-masc-miesnie-dyskomfort-120ml","status":"publish","type":"product","link":"https:\/\/mamaterra.lt\/pl\/parduotuve\/olejki-eteryczne\/mieszanki-olejkow-eterycznych\/doterra-deep-blue-rub-for-masc-miesnie-dyskomfort-120ml\/","title":{"rendered":"doTERRA Ciemnoniebieska\u00ae ma\u015b\u0107 do pocierania mi\u0119\u015bni, dyskomfort staw\u00f3w 120ml"},"content":{"rendered":"<p><strong>doTERRA Ciemnoniebieska\u00ae ma\u015b\u0107 do pocierania mi\u0119\u015bni, dyskomfort staw\u00f3w<\/strong><\/p>\n<p>120ml<\/p>\n<p>&nbsp;<\/p>\n<p><strong>doTERRA Deep Blue\u00ae Rub Ointment Cechy og\u00f3lne:<\/strong><\/p>\n<ul>\n<li>doTERRA Deep Blue Rub to stosowany zewn\u0119trznie krem zawieraj\u0105cy 5 ml koj\u0105cej mieszanki olejk\u00f3w eterycznych CPTG\u00ae firmy Deep Blue.<\/li>\n<li>Stworzony przy u\u017cyciu opatentowanej mieszanki naturalnych ekstrakt\u00f3w ro\u015blinnych i innych silnych sk\u0142adnik\u00f3w, Deep Blue Rub zapewnia koj\u0105ce uczucie ch\u0142odzenia i ciep\u0142a w obszarach problemowych.<\/li>\n<li>Deep Blue miesza si\u0119 z nawil\u017caj\u0105cymi emolientami, kt\u00f3re pozostawiaj\u0105 sk\u00f3r\u0119 mi\u0119kk\u0105 i bezt\u0142uszczow\u0105. Jest to wyb\u00f3r masa\u017cyst\u00f3w i sportowc\u00f3w, kt\u00f3rzy obecnie u\u017cywaj\u0105 mieszanki olejk\u00f3w eterycznych doTERRA Deep Blue w swojej praktyce.<\/li>\n<\/ul>\n<p><strong>DoTERRA Deep Blue\u00ae Rub Ointment Sk\u0142adniki:<\/strong><\/p>\n<p>Wykonane z najlepiej sprzedaj\u0105cej si\u0119 mieszanki olejk\u00f3w eterycznych Deep Blue firmy doTERRA, kt\u00f3ra zawiera bor\u00f3wk\u0119 brusznic\u0119 (Wintergreen), kamfor\u0119, mi\u0119t\u0119 pieprzow\u0105, bitchwort (Blue Tansy), niemiecki rumianek, \u015blimak (Helichrysum), pachn\u0105c\u0105 Kanang\u0119 (Ylang Ylang) i osmantus.<\/p>\n<p>&nbsp;<\/p>\n<p>Obejrzyj film o ma\u015bci doTERRA Deep Blue Rub.<\/p>\n<p><iframe title=\"Jak korzysta\u0107 z doTERRA Deep Blue Rub | Joshua Sawtell\" src=\"https:\/\/www.youtube.com\/embed\/kPnU5NG8aXE\" width=\"946\" height=\"532\" frameborder=\"0\" allowfullscreen=\"allowfullscreen\"><\/iframe><\/p>\n","protected":false},"excerpt":{"rendered":"<ul>\n<li>doTERRA Deep Blue Rub to stosowany zewn\u0119trznie krem zawieraj\u0105cy 5 ml koj\u0105cej mieszanki olejk\u00f3w eterycznych CPTG\u00ae firmy Deep Blue<\/li>\n<li>Deep Blue Rub, stworzony przy u\u017cyciu opatentowanej mieszanki naturalnych ekstrakt\u00f3w ro\u015blinnych i innych silnych sk\u0142adnik\u00f3w, zapewnia koj\u0105ce uczucie ch\u0142odzenia i ciep\u0142a w obszarach problemowych<\/li>\n<li>Ma\u015b\u0107 Deep Blue opiera si\u0119 na nawil\u017caj\u0105cych emolientach, kt\u00f3re pozostawiaj\u0105 sk\u00f3r\u0119 mi\u0119kk\u0105 i bezt\u0142uszczow\u0105. Jest to wyb\u00f3r masa\u017cyst\u00f3w i sportowc\u00f3w, kt\u00f3rzy obecnie szeroko stosuj\u0105 go w swojej praktyce<\/li>\n<\/ul>\n","protected":false},"featured_media":25679,"template":"","meta":{"site-sidebar-layout":"default","site-content-layout":"default","ast-site-content-layout":"default","site-content-style":"default","site-sidebar-style":"default","ast-global-header-display":"","ast-banner-title-visibility":"","ast-main-header-display":"","ast-hfb-above-header-display":"","ast-hfb-below-header-display":"","ast-hfb-mobile-header-display":"","site-post-title":"","ast-breadcrumbs-content":"","ast-featured-img":"","footer-sml-layout":"","ast-disable-related-posts":"","theme-transparent-header-meta":"default","adv-header-id-meta":"","stick-header-meta":"","header-above-stick-meta":"","header-main-stick-meta":"","header-below-stick-meta":"","astra-migrate-meta-layouts":"default","ast-page-background-enabled":"default","ast-page-background-meta":{"desktop":{"background-color":"","background-image":"","background-repeat":"repeat","background-position":"center center","background-size":"auto","background-attachment":"scroll","background-type":"","background-media":"","overlay-type":"","overlay-color":"","overlay-opacity":"","overlay-gradient":""},"tablet":{"background-color":"","background-image":"","background-repeat":"repeat","background-position":"center center","background-size":"auto","background-attachment":"scroll","background-type":"","background-media":"","overlay-type":"","overlay-color":"","overlay-opacity":"","overlay-gradient":""},"mobile":{"background-color":"","background-image":"","background-repeat":"repeat","background-position":"center center","background-size":"auto","background-attachment":"scroll","background-type":"","background-media":"","overlay-type":"","overlay-color":"","overlay-opacity":"","overlay-gradient":""}},"ast-content-background-meta":{"desktop":{"background-color":"var(--ast-global-color-5)","background-image":"","background-repeat":"repeat","background-position":"center center","background-size":"auto","background-attachment":"scroll","background-type":"","background-media":"","overlay-type":"","overlay-color":"","overlay-opacity":"","overlay-gradient":""},"tablet":{"background-color":"var(--ast-global-color-5)","background-image":"","background-repeat":"repeat","background-position":"center center","background-size":"auto","background-attachment":"scroll","background-type":"","background-media":"","overlay-type":"","overlay-color":"","overlay-opacity":"","overlay-gradient":""},"mobile":{"background-color":"var(--ast-global-color-5)","background-image":"","background-repeat":"repeat","background-position":"center center","background-size":"auto","background-attachment":"scroll","background-type":"","background-media":"","overlay-type":"","overlay-color":"","overlay-opacity":"","overlay-gradient":""}}},"product_brand":[],"product_cat":[1684,1735,1702,1698,1688,1695],"product_tag":[780,1507,1578,1609],"class_list":{"0":"post-16098","1":"product","2":"type-product","3":"status-publish","4":"has-post-thumbnail","6":"product_cat-deep-blue-produkty","7":"product_cat-masaz","8":"product_cat-mieszanki-olejkow-eterycznych","9":"product_cat-olejki-eteryczne","10":"product_cat-prezenty","11":"product_cat-prezenty-dla-mezczyzn","12":"product_tag-120ml-pl","13":"product_tag-deep-blue-pl","14":"product_tag-popularny","15":"product_tag-smar","16":"desktop-align-left","17":"tablet-align-left","18":"mobile-align-left","20":"first","21":"instock","22":"sale","23":"taxable","24":"shipping-taxable","25":"purchasable","26":"product-type-simple"},"_links":{"self":[{"href":"https:\/\/mamaterra.lt\/pl\/wp-json\/wp\/v2\/product\/16098","targetHints":{"allow":["GET"]}}],"collection":[{"href":"https:\/\/mamaterra.lt\/pl\/wp-json\/wp\/v2\/product"}],"about":[{"href":"https:\/\/mamaterra.lt\/pl\/wp-json\/wp\/v2\/types\/product"}],"wp:featuredmedia":[{"embeddable":true,"href":"https:\/\/mamaterra.lt\/pl\/wp-json\/wp\/v2\/media\/25679"}],"wp:attachment":[{"href":"https:\/\/mamaterra.lt\/pl\/wp-json\/wp\/v2\/media?parent=16098"}],"wp:term":[{"taxonomy":"product_brand","embeddable":true,"href":"https:\/\/mamaterra.lt\/pl\/wp-json\/wp\/v2\/product_brand?post=16098"},{"taxonomy":"product_cat","embeddable":true,"href":"https:\/\/mamaterra.lt\/pl\/wp-json\/wp\/v2\/product_cat?post=16098"},{"taxonomy":"product_tag","embeddable":true,"href":"https:\/\/mamaterra.lt\/pl\/wp-json\/wp\/v2\/product_tag?post=16098"}],"curies":[{"name":"wp","href":"https:\/\/api.w.org\/{rel}","templated":true}]}}