{"id":16096,"date":"2021-09-10T20:11:17","date_gmt":"2021-09-10T19:11:17","guid":{"rendered":"https:\/\/mamaterra.lt\/parduotuve\/bez-kategorii\/fitoestrogeny-doterra-lifetime-complex-60-kapsulek\/"},"modified":"2021-09-10T20:11:17","modified_gmt":"2021-09-10T19:11:17","slug":"fitoestrogeny-doterra-lifetime-complex-60-kapsulki","status":"publish","type":"product","link":"https:\/\/mamaterra.lt\/pl\/parduotuve\/dla-kobiet\/fitoestrogeny-doterra-lifetime-complex-60-kapsulki\/","title":{"rendered":"Fitoestrogeny doTERRA Lifetime Complex\u2122 (60 kapsu\u0142ek)"},"content":{"rendered":"<p><strong>Fitoestrogeny doTERRA Lifetime Complex\u2122<\/strong><\/p>\n<p>60 kapsu\u0142ek<\/p>\n<p>&nbsp;<\/p>\n<p><strong>Fitoestrogeny doTERRA Lifetime Complex\u2122Instrukcja u\u017cytkowania:<\/strong><\/p>\n<ul>\n<li>U kobiet przed menopauz\u0105 i po menopauzie, jedna (1)-dwie (2) kapsu\u0142ki dziennie z posi\u0142kami lub w razie potrzeby.<\/li>\n<li>W przypadku kobiet po menopauzie nale\u017cy przyjmowa\u0107 dwie (2) kapsu\u0142ki dziennie z jedzeniem.<\/li>\n<li>Idealny do stosowania z doTERRA Women Bone Nutrient Essential Complex, mieszank\u0105 olejk\u00f3w eterycznych doTERRA ClaryCalm\u00ae i pakietem Lifelong Vitality.<\/li>\n<\/ul>\n<p>&nbsp;<\/p>\n<p>Obejrzyj film o doTERRA Phytoestrogen Lifetime Complex.<\/p>\n<p><iframe title=\"Najlepsze sposoby korzystania z kompleksu fitoestrogen\u00f3w doTERRA\" src=\"https:\/\/www.youtube.com\/embed\/LWalBiIPwIY\" width=\"944\" height=\"532\" frameborder=\"0\" allowfullscreen=\"allowfullscreen\"><\/iframe><\/p>\n","protected":false},"excerpt":{"rendered":"<ul>\n<li>Reguluje i utrzymuje poziom estrogenu w organizmie<\/li>\n<li>Wspiera zdrowie ko\u015bci, serca, tkanki piersi<\/li>\n<li>Pomaga z\u0142agodzi\u0107 nieprzyjemne objawy napi\u0119cia przedmiesi\u0105czkowego i menopauzy<\/li>\n<li>\u0141atwy i wygodny spos\u00f3b stosowania \u2013 1-2 kapsu\u0142ki dziennie z jedzeniem<\/li>\n<\/ul>\n","protected":false},"featured_media":12930,"template":"","meta":{"site-sidebar-layout":"default","site-content-layout":"default","ast-site-content-layout":"default","site-content-style":"default","site-sidebar-style":"default","ast-global-header-display":"","ast-banner-title-visibility":"","ast-main-header-display":"","ast-hfb-above-header-display":"","ast-hfb-below-header-display":"","ast-hfb-mobile-header-display":"","site-post-title":"","ast-breadcrumbs-content":"","ast-featured-img":"","footer-sml-layout":"","ast-disable-related-posts":"","theme-transparent-header-meta":"default","adv-header-id-meta":"","stick-header-meta":"","header-above-stick-meta":"","header-main-stick-meta":"","header-below-stick-meta":"","astra-migrate-meta-layouts":"default","ast-page-background-enabled":"default","ast-page-background-meta":{"desktop":{"background-color":"","background-image":"","background-repeat":"repeat","background-position":"center center","background-size":"auto","background-attachment":"scroll","background-type":"","background-media":"","overlay-type":"","overlay-color":"","overlay-opacity":"","overlay-gradient":""},"tablet":{"background-color":"","background-image":"","background-repeat":"repeat","background-position":"center center","background-size":"auto","background-attachment":"scroll","background-type":"","background-media":"","overlay-type":"","overlay-color":"","overlay-opacity":"","overlay-gradient":""},"mobile":{"background-color":"","background-image":"","background-repeat":"repeat","background-position":"center center","background-size":"auto","background-attachment":"scroll","background-type":"","background-media":"","overlay-type":"","overlay-color":"","overlay-opacity":"","overlay-gradient":""}},"ast-content-background-meta":{"desktop":{"background-color":"var(--ast-global-color-5)","background-image":"","background-repeat":"repeat","background-position":"center center","background-size":"auto","background-attachment":"scroll","background-type":"","background-media":"","overlay-type":"","overlay-color":"","overlay-opacity":"","overlay-gradient":""},"tablet":{"background-color":"var(--ast-global-color-5)","background-image":"","background-repeat":"repeat","background-position":"center center","background-size":"auto","background-attachment":"scroll","background-type":"","background-media":"","overlay-type":"","overlay-color":"","overlay-opacity":"","overlay-gradient":""},"mobile":{"background-color":"var(--ast-global-color-5)","background-image":"","background-repeat":"repeat","background-position":"center center","background-size":"auto","background-attachment":"scroll","background-type":"","background-media":"","overlay-type":"","overlay-color":"","overlay-opacity":"","overlay-gradient":""}}},"product_brand":[],"product_cat":[1740],"product_tag":[1629,1553,1575],"class_list":{"0":"post-16096","1":"product","2":"type-product","3":"status-publish","4":"has-post-thumbnail","6":"product_cat-dla-kobiet","7":"product_tag-fitoestrogeny","8":"product_tag-kapsulki","9":"product_tag-suplementy","10":"desktop-align-left","11":"tablet-align-left","12":"mobile-align-left","14":"first","15":"outofstock","16":"taxable","17":"shipping-taxable","18":"purchasable","19":"product-type-simple"},"_links":{"self":[{"href":"https:\/\/mamaterra.lt\/pl\/wp-json\/wp\/v2\/product\/16096","targetHints":{"allow":["GET"]}}],"collection":[{"href":"https:\/\/mamaterra.lt\/pl\/wp-json\/wp\/v2\/product"}],"about":[{"href":"https:\/\/mamaterra.lt\/pl\/wp-json\/wp\/v2\/types\/product"}],"wp:featuredmedia":[{"embeddable":true,"href":"https:\/\/mamaterra.lt\/pl\/wp-json\/wp\/v2\/media\/12930"}],"wp:attachment":[{"href":"https:\/\/mamaterra.lt\/pl\/wp-json\/wp\/v2\/media?parent=16096"}],"wp:term":[{"taxonomy":"product_brand","embeddable":true,"href":"https:\/\/mamaterra.lt\/pl\/wp-json\/wp\/v2\/product_brand?post=16096"},{"taxonomy":"product_cat","embeddable":true,"href":"https:\/\/mamaterra.lt\/pl\/wp-json\/wp\/v2\/product_cat?post=16096"},{"taxonomy":"product_tag","embeddable":true,"href":"https:\/\/mamaterra.lt\/pl\/wp-json\/wp\/v2\/product_tag?post=16096"}],"curies":[{"name":"wp","href":"https:\/\/api.w.org\/{rel}","templated":true}]}}