{"id":16081,"date":"2021-09-08T10:15:46","date_gmt":"2021-09-08T09:15:46","guid":{"rendered":"https:\/\/mamaterra.lt\/parduotuve\/bez-kategorii\/dozownik-do-mycia-rak-z-piana-bursztynowa-3-x-236-5ml\/"},"modified":"2021-09-08T10:15:46","modified_gmt":"2021-09-08T09:15:46","slug":"doterra-bursztyn-pienienie-dozownik-mycia-rak-3-x-236ml","status":"publish","type":"product","link":"https:\/\/mamaterra.lt\/pl\/parduotuve\/on-guard-produkty\/doterra-bursztyn-pienienie-dozownik-mycia-rak-3-x-236ml\/","title":{"rendered":"dozownik do mycia r\u0105k z pian\u0105 bursztynow\u0105 (3 x 236.5ml)"},"content":{"rendered":"<p><strong>doTERRA Bursztynowe kolory Musuj\u0105cy dozownik do mycia r\u0105k<\/strong><\/p>\n<p>3 szt. po 236.5ml<\/p>\n<p>&nbsp;<\/p>\n<p><strong>Cechy dozownika do mycia r\u0105k dozownika dozownika do mycia r\u0105k dozownika Amber Colours:<\/strong><\/p>\n<ul>\n<li>Dozownik pieni\u0105cej si\u0119 myjki do r\u0105k w kolorze bursztynowym to idealny spos\u00f3b, aby cieszy\u0107 si\u0119 ulubionymi musuj\u0105cymi myd\u0142ami do r\u0105k doTERRA.<\/li>\n<li>Dzi\u0119ki wyj\u0105tkowemu stylowemu wzornictwu dozownik<b> o pojemno\u015bci 236,5 ml <\/b>wspaniale uzupe\u0142ni ka\u017cd\u0105 kuchni\u0119 lub \u0142azienk\u0119: dzi\u0119ki prostej ulepszonej pompie mo\u017cesz nadal cieszy\u0107 si\u0119 ulubionymi aromatami w domu lub w biurze!<\/li>\n<\/ul>\n<p>Od dzisiaj zauwa\u017cysz, \u017ce dozownik do mycia r\u0105k On Guard\u2122 zostanie zast\u0105piony tym ulepszonym akcesorium do\u0142\u0105czonym do wybranych zestaw\u00f3w doTERRA. Dozownik do mycia r\u0105k On Guard\u2122 nie jest ju\u017c produkowany i od dzi\u015b nie b\u0119dzie ju\u017c dost\u0119pny w zestawach. B\u0119dziesz m\u00f3g\u0142 kupi\u0107 ten dozownik osobno, dop\u00f3ki nie uzyskamy salda tych towar\u00f3w.<\/p>\n","protected":false},"excerpt":{"rendered":"<ul>\n<li>3 szt.  <strong>x 236,5ml<\/strong><\/li>\n<li>Dozownik pieni\u0105cej si\u0119 myjki do r\u0105k w kolorze bursztynowym to idealny spos\u00f3b, aby cieszy\u0107 si\u0119 ulubionymi musuj\u0105cymi myd\u0142ami do r\u0105k doTERRA.<\/li>\n<li>Dzi\u0119ki wyj\u0105tkowemu stylowemu wzornictwu dozownik<b> o pojemno\u015bci 236,5 ml <\/b>wspaniale uzupe\u0142ni ka\u017cd\u0105 kuchni\u0119 lub \u0142azienk\u0119: dzi\u0119ki prostej ulepszonej pompie mo\u017cesz nadal cieszy\u0107 si\u0119 ulubionymi aromatami w domu lub w biurze!<\/li>\n<\/ul>\n","protected":false},"featured_media":13554,"template":"","meta":{"site-sidebar-layout":"default","site-content-layout":"default","ast-site-content-layout":"default","site-content-style":"default","site-sidebar-style":"default","ast-global-header-display":"","ast-banner-title-visibility":"","ast-main-header-display":"","ast-hfb-above-header-display":"","ast-hfb-below-header-display":"","ast-hfb-mobile-header-display":"","site-post-title":"","ast-breadcrumbs-content":"","ast-featured-img":"","footer-sml-layout":"","ast-disable-related-posts":"","theme-transparent-header-meta":"default","adv-header-id-meta":"","stick-header-meta":"","header-above-stick-meta":"","header-main-stick-meta":"","header-below-stick-meta":"","astra-migrate-meta-layouts":"default","ast-page-background-enabled":"default","ast-page-background-meta":{"desktop":{"background-color":"","background-image":"","background-repeat":"repeat","background-position":"center center","background-size":"auto","background-attachment":"scroll","background-type":"","background-media":"","overlay-type":"","overlay-color":"","overlay-opacity":"","overlay-gradient":""},"tablet":{"background-color":"","background-image":"","background-repeat":"repeat","background-position":"center center","background-size":"auto","background-attachment":"scroll","background-type":"","background-media":"","overlay-type":"","overlay-color":"","overlay-opacity":"","overlay-gradient":""},"mobile":{"background-color":"","background-image":"","background-repeat":"repeat","background-position":"center center","background-size":"auto","background-attachment":"scroll","background-type":"","background-media":"","overlay-type":"","overlay-color":"","overlay-opacity":"","overlay-gradient":""}},"ast-content-background-meta":{"desktop":{"background-color":"var(--ast-global-color-5)","background-image":"","background-repeat":"repeat","background-position":"center center","background-size":"auto","background-attachment":"scroll","background-type":"","background-media":"","overlay-type":"","overlay-color":"","overlay-opacity":"","overlay-gradient":""},"tablet":{"background-color":"var(--ast-global-color-5)","background-image":"","background-repeat":"repeat","background-position":"center center","background-size":"auto","background-attachment":"scroll","background-type":"","background-media":"","overlay-type":"","overlay-color":"","overlay-opacity":"","overlay-gradient":""},"mobile":{"background-color":"var(--ast-global-color-5)","background-image":"","background-repeat":"repeat","background-position":"center center","background-size":"auto","background-attachment":"scroll","background-type":"","background-media":"","overlay-type":"","overlay-color":"","overlay-opacity":"","overlay-gradient":""}}},"product_brand":[],"product_cat":[1747],"product_tag":[1442,1591,1621],"class_list":{"0":"post-16081","1":"product","2":"type-product","3":"status-publish","4":"has-post-thumbnail","6":"product_cat-on-guard-produkty","7":"product_tag-on-guard-pl","8":"product_tag-pianka-do-mycia-rak","9":"product_tag-szafarka-pl","10":"desktop-align-left","11":"tablet-align-left","12":"mobile-align-left","14":"first","15":"outofstock","16":"taxable","17":"shipping-taxable","18":"purchasable","19":"product-type-simple"},"_links":{"self":[{"href":"https:\/\/mamaterra.lt\/pl\/wp-json\/wp\/v2\/product\/16081","targetHints":{"allow":["GET"]}}],"collection":[{"href":"https:\/\/mamaterra.lt\/pl\/wp-json\/wp\/v2\/product"}],"about":[{"href":"https:\/\/mamaterra.lt\/pl\/wp-json\/wp\/v2\/types\/product"}],"wp:featuredmedia":[{"embeddable":true,"href":"https:\/\/mamaterra.lt\/pl\/wp-json\/wp\/v2\/media\/13554"}],"wp:attachment":[{"href":"https:\/\/mamaterra.lt\/pl\/wp-json\/wp\/v2\/media?parent=16081"}],"wp:term":[{"taxonomy":"product_brand","embeddable":true,"href":"https:\/\/mamaterra.lt\/pl\/wp-json\/wp\/v2\/product_brand?post=16081"},{"taxonomy":"product_cat","embeddable":true,"href":"https:\/\/mamaterra.lt\/pl\/wp-json\/wp\/v2\/product_cat?post=16081"},{"taxonomy":"product_tag","embeddable":true,"href":"https:\/\/mamaterra.lt\/pl\/wp-json\/wp\/v2\/product_tag?post=16081"}],"curies":[{"name":"wp","href":"https:\/\/api.w.org\/{rel}","templated":true}]}}