{"id":16080,"date":"2021-09-11T12:57:31","date_gmt":"2021-09-11T11:57:31","guid":{"rendered":"https:\/\/mamaterra.lt\/parduotuve\/bez-kategorii\/doterra-brave-blend-olejkow-eterycznych-10ml\/"},"modified":"2021-09-11T12:57:31","modified_gmt":"2021-09-11T11:57:31","slug":"doterra-brave-olejek-mystic-blend-10ml","status":"publish","type":"product","link":"https:\/\/mamaterra.lt\/pl\/parduotuve\/olejki-eteryczne\/mieszanki-olejkow-eterycznych\/doterra-brave-olejek-mystic-blend-10ml\/","title":{"rendered":"doTERRA Brave\u2122 Blend Olejk\u00f3w Eterycznych 10ml"},"content":{"rendered":"<p><strong>Mieszanka olejk\u00f3w eterycznych doTERRA Brave\u2122<\/strong><\/p>\n<p>Butelka 10 ml z aplikatorem kulkowym<\/p>\n<p>&nbsp;<\/p>\n<p><strong>Zastosowanie mieszanki olejk\u00f3w eterycznych doTERRA Brave\u2122:<\/strong><\/p>\n<p>Dzi\u0119ki jasnemu i ciep\u0142emu aromatowi Brave to idealna mieszanka, kt\u00f3ra doda Ci energii i si\u0142y, gdy poczujesz brak motywacji.<\/p>\n<p><strong>DoTERRA Brave\u2122 Essential Oil Blend Og\u00f3lne w\u0142a\u015bciwo\u015bci:<\/strong><\/p>\n<ul>\n<li>Olejki eteryczne z dzikich pomara\u0144czy, balsamicznych drzew smo\u0142owych, ozdobnych quepen\u00f3w i cynamonu we frakcjonowanym oleju kokosowym<\/li>\n<li>U\u017cyj odwa\u017cnej mieszanki Brave przez ca\u0142y dzie\u0144, aby wzmocni\u0107 swoj\u0105 wiar\u0119<\/li>\n<li>U\u017cyj mieszanki Odwa\u017c si\u0119 na nowe lub niezwyk\u0142e sytuacje, aby wzmocni\u0107 odwag\u0119 i pewno\u015b\u0107 siebie<\/li>\n<\/ul>\n<p>&nbsp;<\/p>\n<p>Obejrzyj film o mieszance olejk\u00f3w eterycznych doTERRA Brave\u2122.<\/p>\n<p><iframe title=\"Nowa mieszanka Brave Courage firmy doTERRA dla dzieci\" src=\"https:\/\/www.youtube.com\/embed\/JxzPgMn6Hgc\" width=\"946\" height=\"532\" frameborder=\"0\" allowfullscreen=\"allowfullscreen\"><\/iframe><\/p>\n","protected":false},"excerpt":{"rendered":"<ul>\n<li>Olejki eteryczne z dzikich pomara\u0144czy, balsamicznych drzew smo\u0142owych, ozdobnych quepen\u00f3w i cynamonu we frakcjonowanym oleju kokosowym<\/li>\n<li>U\u017cyj odwa\u017cnej mieszanki Brave przez ca\u0142y dzie\u0144, aby wzmocni\u0107 swoj\u0105 wiar\u0119<\/li>\n<li>U\u017cyj mieszanki Odwa\u017c si\u0119 na nowe lub niezwyk\u0142e sytuacje, aby wzmocni\u0107 odwag\u0119 i pewno\u015b\u0107 siebie<\/li>\n<\/ul>\n","protected":false},"featured_media":12906,"template":"","meta":{"site-sidebar-layout":"default","site-content-layout":"default","ast-site-content-layout":"default","site-content-style":"default","site-sidebar-style":"default","ast-global-header-display":"","ast-banner-title-visibility":"","ast-main-header-display":"","ast-hfb-above-header-display":"","ast-hfb-below-header-display":"","ast-hfb-mobile-header-display":"","site-post-title":"","ast-breadcrumbs-content":"","ast-featured-img":"","footer-sml-layout":"","ast-disable-related-posts":"","theme-transparent-header-meta":"default","adv-header-id-meta":"","stick-header-meta":"","header-above-stick-meta":"","header-main-stick-meta":"","header-below-stick-meta":"","astra-migrate-meta-layouts":"default","ast-page-background-enabled":"default","ast-page-background-meta":{"desktop":{"background-color":"","background-image":"","background-repeat":"repeat","background-position":"center center","background-size":"auto","background-attachment":"scroll","background-type":"","background-media":"","overlay-type":"","overlay-color":"","overlay-opacity":"","overlay-gradient":""},"tablet":{"background-color":"","background-image":"","background-repeat":"repeat","background-position":"center center","background-size":"auto","background-attachment":"scroll","background-type":"","background-media":"","overlay-type":"","overlay-color":"","overlay-opacity":"","overlay-gradient":""},"mobile":{"background-color":"","background-image":"","background-repeat":"repeat","background-position":"center center","background-size":"auto","background-attachment":"scroll","background-type":"","background-media":"","overlay-type":"","overlay-color":"","overlay-opacity":"","overlay-gradient":""}},"ast-content-background-meta":{"desktop":{"background-color":"var(--ast-global-color-5)","background-image":"","background-repeat":"repeat","background-position":"center center","background-size":"auto","background-attachment":"scroll","background-type":"","background-media":"","overlay-type":"","overlay-color":"","overlay-opacity":"","overlay-gradient":""},"tablet":{"background-color":"var(--ast-global-color-5)","background-image":"","background-repeat":"repeat","background-position":"center center","background-size":"auto","background-attachment":"scroll","background-type":"","background-media":"","overlay-type":"","overlay-color":"","overlay-opacity":"","overlay-gradient":""},"mobile":{"background-color":"var(--ast-global-color-5)","background-image":"","background-repeat":"repeat","background-position":"center center","background-size":"auto","background-attachment":"scroll","background-type":"","background-media":"","overlay-type":"","overlay-color":"","overlay-opacity":"","overlay-gradient":""}}},"product_brand":[],"product_cat":[1755,1702],"product_tag":[722,1337,1611,1535],"class_list":{"0":"post-16080","1":"product","2":"type-product","3":"status-publish","4":"has-post-thumbnail","6":"product_cat-dla-dzieci","7":"product_cat-mieszanki-olejkow-eterycznych","8":"product_tag-10-ml-pl","9":"product_tag-brave-pl","10":"product_tag-dla-dzieci","11":"product_tag-mieszanki-olejkow-eterycznych","12":"desktop-align-left","13":"tablet-align-left","14":"mobile-align-left","16":"first","17":"instock","18":"taxable","19":"shipping-taxable","20":"purchasable","21":"product-type-simple"},"_links":{"self":[{"href":"https:\/\/mamaterra.lt\/pl\/wp-json\/wp\/v2\/product\/16080","targetHints":{"allow":["GET"]}}],"collection":[{"href":"https:\/\/mamaterra.lt\/pl\/wp-json\/wp\/v2\/product"}],"about":[{"href":"https:\/\/mamaterra.lt\/pl\/wp-json\/wp\/v2\/types\/product"}],"wp:featuredmedia":[{"embeddable":true,"href":"https:\/\/mamaterra.lt\/pl\/wp-json\/wp\/v2\/media\/12906"}],"wp:attachment":[{"href":"https:\/\/mamaterra.lt\/pl\/wp-json\/wp\/v2\/media?parent=16080"}],"wp:term":[{"taxonomy":"product_brand","embeddable":true,"href":"https:\/\/mamaterra.lt\/pl\/wp-json\/wp\/v2\/product_brand?post=16080"},{"taxonomy":"product_cat","embeddable":true,"href":"https:\/\/mamaterra.lt\/pl\/wp-json\/wp\/v2\/product_cat?post=16080"},{"taxonomy":"product_tag","embeddable":true,"href":"https:\/\/mamaterra.lt\/pl\/wp-json\/wp\/v2\/product_tag?post=16080"}],"curies":[{"name":"wp","href":"https:\/\/api.w.org\/{rel}","templated":true}]}}