{"id":16071,"date":"2021-09-08T10:19:27","date_gmt":"2021-09-08T09:19:27","guid":{"rendered":"https:\/\/mamaterra.lt\/parduotuve\/bez-kategorii\/doterra-on-guard-koncentrat-oczyszczajacy-cleaner-concentrate-355ml\/"},"modified":"2021-09-08T10:19:27","modified_gmt":"2021-09-08T09:19:27","slug":"doterra-on-guard-cleansing-koncentrat-cleaner-concentrate-355ml","status":"publish","type":"product","link":"https:\/\/mamaterra.lt\/pl\/parduotuve\/on-guard-produkty\/doterra-on-guard-cleansing-koncentrat-cleaner-concentrate-355ml\/","title":{"rendered":"doTERRA On Guard\u00ae Koncentrat Oczyszczaj\u0105cy (Cleaner Concentrate) 355ml"},"content":{"rendered":"<p><strong>Koncentrat oczyszczaj\u0105cy doTERRA On Guard\u00ae<\/strong><\/p>\n<p>355 ml<\/p>\n<p>&nbsp;<\/p>\n<p><strong>doTERRA On Guard\u00ae Cleansing Concentrate Og\u00f3lne w\u0142a\u015bciwo\u015bci i sk\u0142adniki:<\/strong><\/p>\n<ul>\n<li>doTERRA On Guard Cleansing Concentrate to idealny naturalny \u015brodek myj\u0105cy. Wzbogacony jest opatentowan\u0105 mieszank\u0105 ochronn\u0105 doTERRA On Guard z olejk\u00f3w eterycznych z dzikiej pomara\u0144czy, go\u017adzik\u00f3w, cynamonu, eukaliptusa i rozmarynu CPTG\u00ae, kt\u00f3re zapewniaj\u0105 naturaln\u0105 ochron\u0119 przed niekt\u00f3rymi czynnikami \u015brodowiskowymi, jednocze\u015bnie zwi\u0119kszaj\u0105c og\u00f3ln\u0105 mo\u017cliwo\u015b\u0107 oczyszczania.<\/li>\n<li>Ta pot\u0119\u017cna mieszanka olejk\u00f3w eterycznych jest po\u0142\u0105czona z pochodnymi ro\u015blinnymi, kt\u00f3re s\u0105 nietoksycznym i biodegradowalnym sposobem oczyszczania i eliminowania zapach\u00f3w, dzi\u0119ki czemu jest bezpieczna dla bliskich i \u015brodowiska.<\/li>\n<li>Wielofunkcyjny koncentrat oczyszczaj\u0105cy doTERRA On Guard doskonale nadaje si\u0119 do profesjonalnego czyszczenia twardych powierzchni w kuchni, \u0142azience lub dowolnym pomieszczeniu, pozostawiaj\u0105c czysty i dziarski zapach.<\/li>\n<\/ul>\n<p>&nbsp;<\/p>\n<p>Obejrzyj film o koncentratach oczyszczaj\u0105cych doTERRA On Guard.<\/p>\n<p><iframe title=\"doTERRA On Guard\u00ae Cleaner Koncentrat\" src=\"https:\/\/www.youtube.com\/embed\/Wlb7HSu2Jww\" width=\"946\" height=\"532\" frameborder=\"0\" allowfullscreen=\"allowfullscreen\"><\/iframe><\/p>\n","protected":false},"excerpt":{"rendered":"<ul>\n<li>Ta pot\u0119\u017cna mieszanka olejk\u00f3w eterycznych jest po\u0142\u0105czona z pochodnymi ro\u015blinnymi, kt\u00f3re s\u0105 nietoksycznym i biodegradowalnym sposobem oczyszczania i eliminowania zapach\u00f3w, dzi\u0119ki czemu jest bezpieczna dla bliskich i \u015brodowiska<\/li>\n<li>Wielofunkcyjny DoTERRA On Guard Cleansing Koncentraas doskonale nadaje si\u0119 do profesjonalnego czyszczenia twardych powierzchni w kuchni, \u0142azience lub dowolnym pomieszczeniu, pozostawiaj\u0105c czysty i dziarski zapach<\/li>\n<\/ul>\n","protected":false},"featured_media":12852,"template":"","meta":{"site-sidebar-layout":"default","site-content-layout":"default","ast-site-content-layout":"default","site-content-style":"default","site-sidebar-style":"default","ast-global-header-display":"","ast-banner-title-visibility":"","ast-main-header-display":"","ast-hfb-above-header-display":"","ast-hfb-below-header-display":"","ast-hfb-mobile-header-display":"","site-post-title":"","ast-breadcrumbs-content":"","ast-featured-img":"","footer-sml-layout":"","ast-disable-related-posts":"","theme-transparent-header-meta":"default","adv-header-id-meta":"","stick-header-meta":"","header-above-stick-meta":"","header-main-stick-meta":"","header-below-stick-meta":"","astra-migrate-meta-layouts":"default","ast-page-background-enabled":"default","ast-page-background-meta":{"desktop":{"background-color":"","background-image":"","background-repeat":"repeat","background-position":"center center","background-size":"auto","background-attachment":"scroll","background-type":"","background-media":"","overlay-type":"","overlay-color":"","overlay-opacity":"","overlay-gradient":""},"tablet":{"background-color":"","background-image":"","background-repeat":"repeat","background-position":"center center","background-size":"auto","background-attachment":"scroll","background-type":"","background-media":"","overlay-type":"","overlay-color":"","overlay-opacity":"","overlay-gradient":""},"mobile":{"background-color":"","background-image":"","background-repeat":"repeat","background-position":"center center","background-size":"auto","background-attachment":"scroll","background-type":"","background-media":"","overlay-type":"","overlay-color":"","overlay-opacity":"","overlay-gradient":""}},"ast-content-background-meta":{"desktop":{"background-color":"var(--ast-global-color-5)","background-image":"","background-repeat":"repeat","background-position":"center center","background-size":"auto","background-attachment":"scroll","background-type":"","background-media":"","overlay-type":"","overlay-color":"","overlay-opacity":"","overlay-gradient":""},"tablet":{"background-color":"var(--ast-global-color-5)","background-image":"","background-repeat":"repeat","background-position":"center center","background-size":"auto","background-attachment":"scroll","background-type":"","background-media":"","overlay-type":"","overlay-color":"","overlay-opacity":"","overlay-gradient":""},"mobile":{"background-color":"var(--ast-global-color-5)","background-image":"","background-repeat":"repeat","background-position":"center center","background-size":"auto","background-attachment":"scroll","background-type":"","background-media":"","overlay-type":"","overlay-color":"","overlay-opacity":"","overlay-gradient":""}}},"product_brand":[],"product_cat":[1747],"product_tag":[844,1635,1442],"class_list":{"0":"post-16071","1":"product","2":"type-product","3":"status-publish","4":"has-post-thumbnail","6":"product_cat-on-guard-produkty","7":"product_tag-355-ml-pl","8":"product_tag-koncentrowac-sie","9":"product_tag-on-guard-pl","10":"desktop-align-left","11":"tablet-align-left","12":"mobile-align-left","14":"first","15":"instock","16":"sale","17":"taxable","18":"shipping-taxable","19":"purchasable","20":"product-type-simple"},"_links":{"self":[{"href":"https:\/\/mamaterra.lt\/pl\/wp-json\/wp\/v2\/product\/16071","targetHints":{"allow":["GET"]}}],"collection":[{"href":"https:\/\/mamaterra.lt\/pl\/wp-json\/wp\/v2\/product"}],"about":[{"href":"https:\/\/mamaterra.lt\/pl\/wp-json\/wp\/v2\/types\/product"}],"wp:featuredmedia":[{"embeddable":true,"href":"https:\/\/mamaterra.lt\/pl\/wp-json\/wp\/v2\/media\/12852"}],"wp:attachment":[{"href":"https:\/\/mamaterra.lt\/pl\/wp-json\/wp\/v2\/media?parent=16071"}],"wp:term":[{"taxonomy":"product_brand","embeddable":true,"href":"https:\/\/mamaterra.lt\/pl\/wp-json\/wp\/v2\/product_brand?post=16071"},{"taxonomy":"product_cat","embeddable":true,"href":"https:\/\/mamaterra.lt\/pl\/wp-json\/wp\/v2\/product_cat?post=16071"},{"taxonomy":"product_tag","embeddable":true,"href":"https:\/\/mamaterra.lt\/pl\/wp-json\/wp\/v2\/product_tag?post=16071"}],"curies":[{"name":"wp","href":"https:\/\/api.w.org\/{rel}","templated":true}]}}