{"id":16068,"date":"2021-09-11T12:55:48","date_gmt":"2021-09-11T11:55:48","guid":{"rendered":"https:\/\/mamaterra.lt\/parduotuve\/bez-kategorii\/kolekcja-olejkow-eterycznych-dla-dzieci-doterra-kids-collection-7-roznych-olejkow-eterycznych-doterra-po-10ml-kazdy\/"},"modified":"2021-09-11T12:55:48","modified_gmt":"2021-09-11T11:55:48","slug":"essential-oil-collection-kids-doterra-kids-collection-7-different-doterra-essential-oils-x-10ml","status":"publish","type":"product","link":"https:\/\/mamaterra.lt\/pl\/parduotuve\/olejki-eteryczne\/mieszanki-olejkow-eterycznych\/essential-oil-collection-kids-doterra-kids-collection-7-different-doterra-essential-oils-x-10ml\/","title":{"rendered":"Kolekcja olejk\u00f3w eterycznych dla dzieci &#8211; doTERRA KIDS COLLECTION (7 r\u00f3\u017cnych olejk\u00f3w eterycznych doTERRA po 10ml ka\u017cdy)"},"content":{"rendered":"<p><strong>Kolekcja olejk\u00f3w eterycznych dla dzieci (doTERRA KIDS COLLECTION)<\/strong><\/p>\n<p>7 r\u00f3\u017cnych olejk\u00f3w eterycznych doTERRA po 10 ml<\/p>\n<p>&nbsp;<\/p>\n<p><strong>Kolekcja olejk\u00f3w eterycznych dla dzieci (doTERRA KIDS COLLECTION) Opis<\/strong><\/p>\n<p>Niezale\u017cnie od tego, czy jeste\u015b do\u015bwiadczonym u\u017cytkownikiem olejk\u00f3w eterycznych, czy dopiero zaczynasz si\u0119 nimi interesowa\u0107, kolekcja DoTERRA Kids Collection for Kids to kompleksowe i gotowe do u\u017cycia narz\u0119dzie olejk\u00f3w eterycznych dla ca\u0142ego cia\u0142a, kt\u00f3re umo\u017cliwia rodzicom i opiekunom dbanie o swoje maluchy z ufno\u015bci\u0105.<\/p>\n<p>Te mieszanki olejk\u00f3w eterycznych zosta\u0142y zaprojektowane specjalnie dla rozwijaj\u0105cych si\u0119 umys\u0142\u00f3w, organizm\u00f3w i emocji i charakteryzuj\u0105 si\u0119 unikalnymi zr\u00f3wnowa\u017conymi kombinacjami, kt\u00f3re s\u0105 niezwykle skuteczne, ale delikatne dla wra\u017cliwej sk\u00f3ry.<\/p>\n<p><strong>W sk\u0142ad Kolekcji Olejk\u00f3w dla Dzieci (doTERRA KIDS COLLECTION) wchodz\u0105:<\/strong><\/p>\n<ul>\n<li>Siedem butelek olejk\u00f3w eterycznych i ich mieszanin z aplikatorem kulkowym w obj\u0119to\u015bci 10 ml (doTERRA Brave\u2122 doTERRA Calmer\u2122 doTERRA Rescuer\u2122 doTERRA Steady\u2122 doTERRA Stronger\u2122 doTERRA Tamer doTERRA Thinker\u2122\u2122)<\/li>\n<li>Siedem silikonowych czapek z karabinkami<\/li>\n<li>Ilustrowane karty informacyjne<\/li>\n<\/ul>\n<p>&nbsp;<\/p>\n<p>Obejrzyj film o kolektorze olejk\u00f3w eterycznych dla dzieci doTERRA.<\/p>\n<p><iframe title=\"Olejki eteryczne dla dzieci - kolekcja olejk\u00f3w eterycznych dla dzieci doTERRA\" src=\"https:\/\/www.youtube.com\/embed\/Gs5ujev4va8\" width=\"946\" height=\"532\" frameborder=\"0\" allowfullscreen=\"allowfullscreen\"><\/iframe><\/p>\n","protected":false},"excerpt":{"rendered":"<ul>\n<li>Siedem butelek olejk\u00f3w eterycznych i ich mieszanin z aplikatorem kulkowym w obj\u0119to\u015bci 10 ml (doTERRA Brave\u2122 doTERRA Calmer\u2122 doTERRA Rescuer\u2122 doTERRA Steady\u2122 doTERRA Stronger\u2122 doTERRA Tamer doTERRA Thinker\u2122\u2122)<\/li>\n<li>Siedem silikonowych czapek z karabinkami<\/li>\n<li>Ilustrowane karty informacyjne<\/li>\n<\/ul>\n","protected":false},"featured_media":12903,"template":"","meta":{"site-sidebar-layout":"default","site-content-layout":"default","ast-site-content-layout":"default","site-content-style":"default","site-sidebar-style":"default","ast-global-header-display":"","ast-banner-title-visibility":"","ast-main-header-display":"","ast-hfb-above-header-display":"","ast-hfb-below-header-display":"","ast-hfb-mobile-header-display":"","site-post-title":"","ast-breadcrumbs-content":"","ast-featured-img":"","footer-sml-layout":"","ast-disable-related-posts":"","theme-transparent-header-meta":"default","adv-header-id-meta":"","stick-header-meta":"","header-above-stick-meta":"","header-main-stick-meta":"","header-below-stick-meta":"","astra-migrate-meta-layouts":"default","ast-page-background-enabled":"default","ast-page-background-meta":{"desktop":{"background-color":"","background-image":"","background-repeat":"repeat","background-position":"center center","background-size":"auto","background-attachment":"scroll","background-type":"","background-media":"","overlay-type":"","overlay-color":"","overlay-opacity":"","overlay-gradient":""},"tablet":{"background-color":"","background-image":"","background-repeat":"repeat","background-position":"center center","background-size":"auto","background-attachment":"scroll","background-type":"","background-media":"","overlay-type":"","overlay-color":"","overlay-opacity":"","overlay-gradient":""},"mobile":{"background-color":"","background-image":"","background-repeat":"repeat","background-position":"center center","background-size":"auto","background-attachment":"scroll","background-type":"","background-media":"","overlay-type":"","overlay-color":"","overlay-opacity":"","overlay-gradient":""}},"ast-content-background-meta":{"desktop":{"background-color":"var(--ast-global-color-5)","background-image":"","background-repeat":"repeat","background-position":"center center","background-size":"auto","background-attachment":"scroll","background-type":"","background-media":"","overlay-type":"","overlay-color":"","overlay-opacity":"","overlay-gradient":""},"tablet":{"background-color":"var(--ast-global-color-5)","background-image":"","background-repeat":"repeat","background-position":"center center","background-size":"auto","background-attachment":"scroll","background-type":"","background-media":"","overlay-type":"","overlay-color":"","overlay-opacity":"","overlay-gradient":""},"mobile":{"background-color":"var(--ast-global-color-5)","background-image":"","background-repeat":"repeat","background-position":"center center","background-size":"auto","background-attachment":"scroll","background-type":"","background-media":"","overlay-type":"","overlay-color":"","overlay-opacity":"","overlay-gradient":""}}},"product_brand":[],"product_cat":[1755,1702,1698,1707],"product_tag":[748,1337,1327,1611,1555,1535,990,956,963,967,924,1657,1596],"class_list":{"0":"post-16068","1":"product","2":"type-product","3":"status-publish","4":"has-post-thumbnail","6":"product_cat-dla-dzieci","7":"product_cat-mieszanki-olejkow-eterycznych","8":"product_cat-olejki-eteryczne","9":"product_cat-zestawy-i-kolekcje","10":"product_tag-10ml-pl","11":"product_tag-brave-pl","12":"product_tag-calmer-pl","13":"product_tag-dla-dzieci","14":"product_tag-kolekcje","15":"product_tag-mieszanki-olejkow-eterycznych","16":"product_tag-rescuer-pl","17":"product_tag-steady-pl","18":"product_tag-stronger-pl-2","19":"product_tag-tamer-pl","20":"product_tag-thinker-pl","21":"product_tag-zestaw","22":"product_tag-zestawy","23":"desktop-align-left","24":"tablet-align-left","25":"mobile-align-left","27":"first","28":"instock","29":"taxable","30":"shipping-taxable","31":"purchasable","32":"product-type-simple"},"_links":{"self":[{"href":"https:\/\/mamaterra.lt\/pl\/wp-json\/wp\/v2\/product\/16068","targetHints":{"allow":["GET"]}}],"collection":[{"href":"https:\/\/mamaterra.lt\/pl\/wp-json\/wp\/v2\/product"}],"about":[{"href":"https:\/\/mamaterra.lt\/pl\/wp-json\/wp\/v2\/types\/product"}],"wp:featuredmedia":[{"embeddable":true,"href":"https:\/\/mamaterra.lt\/pl\/wp-json\/wp\/v2\/media\/12903"}],"wp:attachment":[{"href":"https:\/\/mamaterra.lt\/pl\/wp-json\/wp\/v2\/media?parent=16068"}],"wp:term":[{"taxonomy":"product_brand","embeddable":true,"href":"https:\/\/mamaterra.lt\/pl\/wp-json\/wp\/v2\/product_brand?post=16068"},{"taxonomy":"product_cat","embeddable":true,"href":"https:\/\/mamaterra.lt\/pl\/wp-json\/wp\/v2\/product_cat?post=16068"},{"taxonomy":"product_tag","embeddable":true,"href":"https:\/\/mamaterra.lt\/pl\/wp-json\/wp\/v2\/product_tag?post=16068"}],"curies":[{"name":"wp","href":"https:\/\/api.w.org\/{rel}","templated":true}]}}