{"id":16067,"date":"2021-09-10T17:53:39","date_gmt":"2021-09-10T16:53:39","guid":{"rendered":"https:\/\/mamaterra.lt\/parduotuve\/bez-kategorii\/dyfuzor-roam-doterra\/"},"modified":"2021-09-10T17:53:39","modified_gmt":"2021-09-10T16:53:39","slug":"doterra-roam-dyfuzor","status":"publish","type":"product","link":"https:\/\/mamaterra.lt\/pl\/parduotuve\/dyfuzory\/doterra-roam-dyfuzor\/","title":{"rendered":"Dyfuzor roam doTERRA"},"content":{"rendered":"<p><strong>Dyfuzor roam doTERRA<\/strong><\/p>\n<p>&nbsp;<\/p>\n<p><strong>Dyfuzor roam doTERRA Cechy og\u00f3lne:<\/strong><\/p>\n<ul>\n<li>Odpowiedzialnie i w spos\u00f3b zr\u00f3wnowa\u017cony wykonane z materia\u0142\u00f3w pochodz\u0105cych z recyklingu.<\/li>\n<li>Opcje zasilania bezprzewodowego i bateryjnego (zawiera stacj\u0119 \u0142aduj\u0105c\u0105 akumulator w zestawie).<\/li>\n<li>Obejmuje zar\u00f3wno ci\u0105g\u0142e, jak i przerywane (5 minut w\u0142\u0105czenia, 5 minut WY\u0141\u0104CZONE) parowanie.<\/li>\n<\/ul>\n<p><strong>Zastosowanie dyfuzora roam doTERRA:<\/strong><\/p>\n<ul>\n<li>Wieczorem, aby nie atakowa\u0107 komar\u00f3w, idealna jest mieszanka olejk\u00f3w eterycznych z komar\u00f3w gotowanych na parze na tarasie.<\/li>\n<li>Rano dzieci w pokoju zostan\u0105 pocz\u0119stowane mi\u0119t\u0105 pieprzow\u0105 z dzik\u0105 pomara\u0144cz\u0105 i \u0142atwiej wstan\u0105.<\/li>\n<li>Po ugotowaniu ryb w kuchni zostaniesz potraktowany mieszanin\u0105 Purify, kt\u00f3ra neutralizuje zapachy lub po prostu olejkiem cytrynowym .<\/li>\n<li>Po zaproszeniu d\u0142ugo widzianych krewnych, b\u0119dziesz parowa\u0107 na stronie mieszanin\u0119 olejk\u00f3w eterycznych Guard, kt\u00f3re oczyszcz\u0105 powietrze.<\/li>\n<li>Id\u0105c spa\u0107 w sypialni, w\u0142\u0105czysz 5-minutowy tryb przerywany i gotujesz na parze oleje s\u0142odkich sn\u00f3w. W ci\u0105gu 5 minut, gdy dyfuzor robi sobie przerw\u0119, za\u015bniesz spokojnie. Parowanie mieszaniny powietrza na noc mo\u017ce prowadzi\u0107 do zmniejszenia chrapania, ze wzgl\u0119du na relaksuj\u0105ce dzia\u0142anie olejk\u00f3w eterycznych na drogi oddechowe.<\/li>\n<\/ul>\n<p>Obejrzyj film o dyfuzorze doTERRA Roam.<\/p>\n<p><iframe title=\"Dyfuzor Roam\u2122 Instrukta\u017cowy\" src=\"https:\/\/www.youtube.com\/embed\/0SQvIzeb7R8\" width=\"946\" height=\"532\" frameborder=\"0\" allowfullscreen=\"allowfullscreen\"><\/iframe><\/p>\n","protected":false},"excerpt":{"rendered":"<ul>\n<li>Odpowiedzialnie i w spos\u00f3b zr\u00f3wnowa\u017cony wykonane z materia\u0142\u00f3w pochodz\u0105cych z recyklingu<\/li>\n<li>Opcje zasilania bezprzewodowego i akumulatorowego (do\u0142\u0105czone do stacji \u0142aduj\u0105cej akumulatory)<\/li>\n<li>Obejmuje zar\u00f3wno ci\u0105g\u0142e, jak i przerywane (5 minut w\u0142\u0105czenia, 5 minut WY\u0141\u0104CZONE) parowanie<\/li>\n<\/ul>\n","protected":false},"featured_media":12933,"template":"","meta":{"site-sidebar-layout":"default","site-content-layout":"default","ast-site-content-layout":"default","site-content-style":"default","site-sidebar-style":"default","ast-global-header-display":"","ast-banner-title-visibility":"","ast-main-header-display":"","ast-hfb-above-header-display":"","ast-hfb-below-header-display":"","ast-hfb-mobile-header-display":"","site-post-title":"","ast-breadcrumbs-content":"","ast-featured-img":"","footer-sml-layout":"","ast-disable-related-posts":"","theme-transparent-header-meta":"default","adv-header-id-meta":"","stick-header-meta":"","header-above-stick-meta":"","header-main-stick-meta":"","header-below-stick-meta":"","astra-migrate-meta-layouts":"default","ast-page-background-enabled":"default","ast-page-background-meta":{"desktop":{"background-color":"","background-image":"","background-repeat":"repeat","background-position":"center center","background-size":"auto","background-attachment":"scroll","background-type":"","background-media":"","overlay-type":"","overlay-color":"","overlay-opacity":"","overlay-gradient":""},"tablet":{"background-color":"","background-image":"","background-repeat":"repeat","background-position":"center center","background-size":"auto","background-attachment":"scroll","background-type":"","background-media":"","overlay-type":"","overlay-color":"","overlay-opacity":"","overlay-gradient":""},"mobile":{"background-color":"","background-image":"","background-repeat":"repeat","background-position":"center center","background-size":"auto","background-attachment":"scroll","background-type":"","background-media":"","overlay-type":"","overlay-color":"","overlay-opacity":"","overlay-gradient":""}},"ast-content-background-meta":{"desktop":{"background-color":"var(--ast-global-color-5)","background-image":"","background-repeat":"repeat","background-position":"center center","background-size":"auto","background-attachment":"scroll","background-type":"","background-media":"","overlay-type":"","overlay-color":"","overlay-opacity":"","overlay-gradient":""},"tablet":{"background-color":"var(--ast-global-color-5)","background-image":"","background-repeat":"repeat","background-position":"center center","background-size":"auto","background-attachment":"scroll","background-type":"","background-media":"","overlay-type":"","overlay-color":"","overlay-opacity":"","overlay-gradient":""},"mobile":{"background-color":"var(--ast-global-color-5)","background-image":"","background-repeat":"repeat","background-position":"center center","background-size":"auto","background-attachment":"scroll","background-type":"","background-media":"","overlay-type":"","overlay-color":"","overlay-opacity":"","overlay-gradient":""}}},"product_brand":[],"product_cat":[1686],"product_tag":[1549,1527,1538,994],"class_list":{"0":"post-16067","1":"product","2":"type-product","3":"status-publish","4":"has-post-thumbnail","6":"product_cat-dyfuzory","7":"product_tag-aromaterapia","8":"product_tag-dyfuzor","9":"product_tag-nawadnianie","10":"product_tag-roam-pl","11":"desktop-align-left","12":"tablet-align-left","13":"mobile-align-left","15":"first","16":"instock","17":"taxable","18":"shipping-taxable","19":"purchasable","20":"product-type-simple"},"_links":{"self":[{"href":"https:\/\/mamaterra.lt\/pl\/wp-json\/wp\/v2\/product\/16067","targetHints":{"allow":["GET"]}}],"collection":[{"href":"https:\/\/mamaterra.lt\/pl\/wp-json\/wp\/v2\/product"}],"about":[{"href":"https:\/\/mamaterra.lt\/pl\/wp-json\/wp\/v2\/types\/product"}],"wp:featuredmedia":[{"embeddable":true,"href":"https:\/\/mamaterra.lt\/pl\/wp-json\/wp\/v2\/media\/12933"}],"wp:attachment":[{"href":"https:\/\/mamaterra.lt\/pl\/wp-json\/wp\/v2\/media?parent=16067"}],"wp:term":[{"taxonomy":"product_brand","embeddable":true,"href":"https:\/\/mamaterra.lt\/pl\/wp-json\/wp\/v2\/product_brand?post=16067"},{"taxonomy":"product_cat","embeddable":true,"href":"https:\/\/mamaterra.lt\/pl\/wp-json\/wp\/v2\/product_cat?post=16067"},{"taxonomy":"product_tag","embeddable":true,"href":"https:\/\/mamaterra.lt\/pl\/wp-json\/wp\/v2\/product_tag?post=16067"}],"curies":[{"name":"wp","href":"https:\/\/api.w.org\/{rel}","templated":true}]}}