{"id":16056,"date":"2021-09-21T18:43:47","date_gmt":"2021-09-21T17:43:47","guid":{"rendered":"https:\/\/mamaterra.lt\/parduotuve\/bez-kategorii\/harvest-spice-doterra-blend-olejkow-eterycznych-15ml\/"},"modified":"2021-09-21T18:43:47","modified_gmt":"2021-09-21T17:43:47","slug":"harvest-spice-essential-oil-mystic-blend-15ml","status":"publish","type":"product","link":"https:\/\/mamaterra.lt\/pl\/parduotuve\/olejki-eteryczne\/mieszanki-olejkow-eterycznych\/harvest-spice-essential-oil-mystic-blend-15ml\/","title":{"rendered":"Harvest Spice doTERRA Blend olejk\u00f3w eterycznych 15ml"},"content":{"rendered":"<p><strong>Harvest Spice doTERRA Blend olejk\u00f3w eterycznych<\/strong><\/p>\n<p>15ml<\/p>\n<p>&nbsp;<\/p>\n<p><strong>Idealna mieszanka na jesie\u0144!<\/strong>  Wype\u0142nij sw\u00f3j dom tym ciep\u0142ym, radosnym, podnosz\u0105cym na duchu aromatem!<\/p>\n<p>Cedr w tej mieszaninie b\u0119dzie dzia\u0142a\u0142 jako \u0142\u0105cz\u0105ca, uziemiaj\u0105ca si\u0142a. Eukaliptus da uczucie podniesienia na duchu, cynamon, cynamon chi\u0144ski, go\u017adzik, ga\u0142ka muszkato\u0142owa pobudzi optymizm, da poczucie ciep\u0142a i bezpiecze\u0144stwa.<\/p>\n<p>I nie na pr\u00f3\u017cno da to poczucie bezpiecze\u0144stwa &#8211; wszystkie olejki eteryczne w kompozycji s\u0105 przeciwbakteryjne, przeciwwirusowe, przeciwgrzybicze, a zatem oczyszcz\u0105 powietrze w domu.<\/p>\n<p><strong>Harvest Spice doTERRA Zastosowanie mieszanki olejk\u00f3w eterycznych:<\/strong><\/p>\n<ul>\n<li>Aby uzyska\u0107 jeszcze wi\u0119cej korzy\u015bci zdrowotnych, rozcie\u0144czy\u0107 krople 1:10 olejem ro\u015blinnym, na\u0142o\u017cy\u0107 na sk\u00f3r\u0119.<\/li>\n<li>Zastosuj podeszwy, aby utrzyma\u0107 odporno\u015b\u0107<\/li>\n<li>Aby poprawi\u0107 odkrztuszanie &#8211; klatka piersiowa<\/li>\n<li>Aby poprawi\u0107 kr\u0105\u017cenie krwi lub zapach w Bo\u017ce Narodzenie &#8211; zastosuj do nadgarstk\u00f3w.<\/li>\n<\/ul>\n","protected":false},"excerpt":{"rendered":"<ul>\n<li dir=\"auto\">Idealna mieszanka na jesie\u0144!<\/li>\n<li dir=\"auto\"><span style=\"font-size: 16px;\">Wype\u0142nij sw\u00f3j dom tym ciep\u0142ym, radosnym, podnosz\u0105cym na duchu aromatem!<\/span><\/li>\n<li dir=\"auto\">Cedr w tej mieszaninie b\u0119dzie dzia\u0142a\u0142 jako \u0142\u0105cz\u0105ca, uziemiaj\u0105ca si\u0142a, eukaliptus da uczucie podnosz\u0105cego na duchu, cynamon, chi\u0144ski cynamon, go\u017adzik, ga\u0142ka muszkato\u0142owa pobudzi optymizm, da poczucie ciep\u0142a i bezpiecze\u0144stwa.<\/li>\n<\/ul>\n","protected":false},"featured_media":12972,"template":"","meta":{"site-sidebar-layout":"default","site-content-layout":"default","ast-site-content-layout":"default","site-content-style":"default","site-sidebar-style":"default","ast-global-header-display":"","ast-banner-title-visibility":"","ast-main-header-display":"","ast-hfb-above-header-display":"","ast-hfb-below-header-display":"","ast-hfb-mobile-header-display":"","site-post-title":"","ast-breadcrumbs-content":"","ast-featured-img":"","footer-sml-layout":"","ast-disable-related-posts":"","theme-transparent-header-meta":"default","adv-header-id-meta":"","stick-header-meta":"","header-above-stick-meta":"","header-main-stick-meta":"","header-below-stick-meta":"","astra-migrate-meta-layouts":"default","ast-page-background-enabled":"default","ast-page-background-meta":{"desktop":{"background-color":"","background-image":"","background-repeat":"repeat","background-position":"center center","background-size":"auto","background-attachment":"scroll","background-type":"","background-media":"","overlay-type":"","overlay-color":"","overlay-opacity":"","overlay-gradient":""},"tablet":{"background-color":"","background-image":"","background-repeat":"repeat","background-position":"center center","background-size":"auto","background-attachment":"scroll","background-type":"","background-media":"","overlay-type":"","overlay-color":"","overlay-opacity":"","overlay-gradient":""},"mobile":{"background-color":"","background-image":"","background-repeat":"repeat","background-position":"center center","background-size":"auto","background-attachment":"scroll","background-type":"","background-media":"","overlay-type":"","overlay-color":"","overlay-opacity":"","overlay-gradient":""}},"ast-content-background-meta":{"desktop":{"background-color":"var(--ast-global-color-5)","background-image":"","background-repeat":"repeat","background-position":"center center","background-size":"auto","background-attachment":"scroll","background-type":"","background-media":"","overlay-type":"","overlay-color":"","overlay-opacity":"","overlay-gradient":""},"tablet":{"background-color":"var(--ast-global-color-5)","background-image":"","background-repeat":"repeat","background-position":"center center","background-size":"auto","background-attachment":"scroll","background-type":"","background-media":"","overlay-type":"","overlay-color":"","overlay-opacity":"","overlay-gradient":""},"mobile":{"background-color":"var(--ast-global-color-5)","background-image":"","background-repeat":"repeat","background-position":"center center","background-size":"auto","background-attachment":"scroll","background-type":"","background-media":"","overlay-type":"","overlay-color":"","overlay-opacity":"","overlay-gradient":""}}},"product_brand":[],"product_cat":[1728,1702,1698],"product_tag":[726,1185,1535],"class_list":{"0":"post-16056","1":"product","2":"type-product","3":"status-publish","4":"has-post-thumbnail","6":"product_cat-dla-wzmocnienia-odpornosci","7":"product_cat-mieszanki-olejkow-eterycznych","8":"product_cat-olejki-eteryczne","9":"product_tag-15-ml-pl-2","10":"product_tag-harvest-spice-pl","11":"product_tag-mieszanki-olejkow-eterycznych","12":"desktop-align-left","13":"tablet-align-left","14":"mobile-align-left","16":"first","17":"outofstock","18":"taxable","19":"shipping-taxable","20":"purchasable","21":"product-type-simple"},"_links":{"self":[{"href":"https:\/\/mamaterra.lt\/pl\/wp-json\/wp\/v2\/product\/16056","targetHints":{"allow":["GET"]}}],"collection":[{"href":"https:\/\/mamaterra.lt\/pl\/wp-json\/wp\/v2\/product"}],"about":[{"href":"https:\/\/mamaterra.lt\/pl\/wp-json\/wp\/v2\/types\/product"}],"wp:featuredmedia":[{"embeddable":true,"href":"https:\/\/mamaterra.lt\/pl\/wp-json\/wp\/v2\/media\/12972"}],"wp:attachment":[{"href":"https:\/\/mamaterra.lt\/pl\/wp-json\/wp\/v2\/media?parent=16056"}],"wp:term":[{"taxonomy":"product_brand","embeddable":true,"href":"https:\/\/mamaterra.lt\/pl\/wp-json\/wp\/v2\/product_brand?post=16056"},{"taxonomy":"product_cat","embeddable":true,"href":"https:\/\/mamaterra.lt\/pl\/wp-json\/wp\/v2\/product_cat?post=16056"},{"taxonomy":"product_tag","embeddable":true,"href":"https:\/\/mamaterra.lt\/pl\/wp-json\/wp\/v2\/product_tag?post=16056"}],"curies":[{"name":"wp","href":"https:\/\/api.w.org\/{rel}","templated":true}]}}