{"id":16055,"date":"2021-09-11T13:05:42","date_gmt":"2021-09-11T12:05:42","guid":{"rendered":"https:\/\/mamaterra.lt\/parduotuve\/bez-kategorii\/doterra-thinker-koncentrat-wspomagajacy-mieszanke-olejkow-eterycznych-10ml\/"},"modified":"2021-09-11T13:05:42","modified_gmt":"2021-09-11T12:05:42","slug":"doterra-thinker-koncentrat-helping-essential-oil-blend-mix-10ml","status":"publish","type":"product","link":"https:\/\/mamaterra.lt\/pl\/parduotuve\/olejki-eteryczne\/mieszanki-olejkow-eterycznych\/doterra-thinker-koncentrat-helping-essential-oil-blend-mix-10ml\/","title":{"rendered":"doTERRA Thinker\u2122 Koncentrat Wspomagaj\u0105cy Mieszank\u0119 Olejk\u00f3w Eterycznych 10ml"},"content":{"rendered":"<p><strong>doTERRA Thinker\u2122 Concentrate Helping Blend olejk\u00f3w eterycznych  <\/strong><\/p>\n<p>Butelka 10 ml z aplikatorem kulkowym<\/p>\n<p>&nbsp;<\/p>\n<p><strong>doTERRA Thinker\u2122 Essential Oil Blend Sk\u0142adniki:<\/strong><\/p>\n<p>Olejki eteryczne z pachn\u0105cej naw\u0142oci, klementynek, mi\u0119ty pieprzowej i rozmarynu we frakcjonowanym oleju kokosowym<\/p>\n<p><strong>DoTERRA Thinker\u2122 Essential Oil Blend Og\u00f3lne w\u0142a\u015bciwo\u015bci:<\/strong><\/p>\n<ul>\n<li>Kiedy nadejdzie czas kreatywno\u015bci i skupienia, doTERRA Thinker wzmocni zdolno\u015bci umys\u0142owe i pomo\u017ce Ci si\u0119 uczy\u0107.<\/li>\n<li>Miej go pod r\u0119k\u0105, gdy wa\u017cne jest, aby si\u0119 skoncentrowa\u0107 i nie odbiega\u0107 od zadania<\/li>\n<li>Zastosuj na nadgarstki lub d\u0142onie i wdech: zapewni to jasno\u015b\u0107 i czujno\u015b\u0107<\/li>\n<\/ul>\n<p>&nbsp;<\/p>\n<p>Obejrzyj film o mieszance olejk\u00f3w eterycznych doTERRA Thinker\u2122.<\/p>\n<p><iframe title=\"\u015awietny doTERRA Thinker Oil Blend wykorzystuje\" src=\"https:\/\/www.youtube.com\/embed\/voVLtRugukk\" width=\"946\" height=\"532\" frameborder=\"0\" allowfullscreen=\"allowfullscreen\"><\/iframe><\/p>\n","protected":false},"excerpt":{"rendered":"<ul>\n<li>Olejki eteryczne z pachn\u0105cej naw\u0142oci, klementynek, mi\u0119ty pieprzowej i rozmarynu we frakcjonowanym oleju kokosowym<\/li>\n<li>Miej go pod r\u0119k\u0105, gdy wa\u017cne jest, aby si\u0119 skoncentrowa\u0107 i nie odbiega\u0107 od zadania<\/li>\n<li>Zastosuj na nadgarstki lub d\u0142onie i wdech: zapewni to jasno\u015b\u0107 i czujno\u015b\u0107<\/li>\n<\/ul>\n","protected":false},"featured_media":12924,"template":"","meta":{"site-sidebar-layout":"default","site-content-layout":"default","ast-site-content-layout":"default","site-content-style":"default","site-sidebar-style":"default","ast-global-header-display":"","ast-banner-title-visibility":"","ast-main-header-display":"","ast-hfb-above-header-display":"","ast-hfb-below-header-display":"","ast-hfb-mobile-header-display":"","site-post-title":"","ast-breadcrumbs-content":"","ast-featured-img":"","footer-sml-layout":"","ast-disable-related-posts":"","theme-transparent-header-meta":"default","adv-header-id-meta":"","stick-header-meta":"","header-above-stick-meta":"","header-main-stick-meta":"","header-below-stick-meta":"","astra-migrate-meta-layouts":"default","ast-page-background-enabled":"default","ast-page-background-meta":{"desktop":{"background-color":"","background-image":"","background-repeat":"repeat","background-position":"center center","background-size":"auto","background-attachment":"scroll","background-type":"","background-media":"","overlay-type":"","overlay-color":"","overlay-opacity":"","overlay-gradient":""},"tablet":{"background-color":"","background-image":"","background-repeat":"repeat","background-position":"center center","background-size":"auto","background-attachment":"scroll","background-type":"","background-media":"","overlay-type":"","overlay-color":"","overlay-opacity":"","overlay-gradient":""},"mobile":{"background-color":"","background-image":"","background-repeat":"repeat","background-position":"center center","background-size":"auto","background-attachment":"scroll","background-type":"","background-media":"","overlay-type":"","overlay-color":"","overlay-opacity":"","overlay-gradient":""}},"ast-content-background-meta":{"desktop":{"background-color":"var(--ast-global-color-5)","background-image":"","background-repeat":"repeat","background-position":"center center","background-size":"auto","background-attachment":"scroll","background-type":"","background-media":"","overlay-type":"","overlay-color":"","overlay-opacity":"","overlay-gradient":""},"tablet":{"background-color":"var(--ast-global-color-5)","background-image":"","background-repeat":"repeat","background-position":"center center","background-size":"auto","background-attachment":"scroll","background-type":"","background-media":"","overlay-type":"","overlay-color":"","overlay-opacity":"","overlay-gradient":""},"mobile":{"background-color":"var(--ast-global-color-5)","background-image":"","background-repeat":"repeat","background-position":"center center","background-size":"auto","background-attachment":"scroll","background-type":"","background-media":"","overlay-type":"","overlay-color":"","overlay-opacity":"","overlay-gradient":""}}},"product_brand":[],"product_cat":[1755,1732,1702],"product_tag":[722,1611,1535,924],"class_list":{"0":"post-16055","1":"product","2":"type-product","3":"status-publish","4":"has-post-thumbnail","6":"product_cat-dla-dzieci","7":"product_cat-dla-koncentracji","8":"product_cat-mieszanki-olejkow-eterycznych","9":"product_tag-10-ml-pl","10":"product_tag-dla-dzieci","11":"product_tag-mieszanki-olejkow-eterycznych","12":"product_tag-thinker-pl","13":"desktop-align-left","14":"tablet-align-left","15":"mobile-align-left","17":"first","18":"instock","19":"taxable","20":"shipping-taxable","21":"purchasable","22":"product-type-simple"},"_links":{"self":[{"href":"https:\/\/mamaterra.lt\/pl\/wp-json\/wp\/v2\/product\/16055","targetHints":{"allow":["GET"]}}],"collection":[{"href":"https:\/\/mamaterra.lt\/pl\/wp-json\/wp\/v2\/product"}],"about":[{"href":"https:\/\/mamaterra.lt\/pl\/wp-json\/wp\/v2\/types\/product"}],"wp:featuredmedia":[{"embeddable":true,"href":"https:\/\/mamaterra.lt\/pl\/wp-json\/wp\/v2\/media\/12924"}],"wp:attachment":[{"href":"https:\/\/mamaterra.lt\/pl\/wp-json\/wp\/v2\/media?parent=16055"}],"wp:term":[{"taxonomy":"product_brand","embeddable":true,"href":"https:\/\/mamaterra.lt\/pl\/wp-json\/wp\/v2\/product_brand?post=16055"},{"taxonomy":"product_cat","embeddable":true,"href":"https:\/\/mamaterra.lt\/pl\/wp-json\/wp\/v2\/product_cat?post=16055"},{"taxonomy":"product_tag","embeddable":true,"href":"https:\/\/mamaterra.lt\/pl\/wp-json\/wp\/v2\/product_tag?post=16055"}],"curies":[{"name":"wp","href":"https:\/\/api.w.org\/{rel}","templated":true}]}}