{"id":16044,"date":"2021-09-12T16:51:13","date_gmt":"2021-09-12T15:51:13","guid":{"rendered":"https:\/\/mamaterra.lt\/parduotuve\/bez-kategorii\/masc-doterra-correct-x-15ml\/"},"modified":"2021-09-12T16:51:13","modified_gmt":"2021-09-12T15:51:13","slug":"doterra-correct-x-krem-15ml","status":"publish","type":"product","link":"https:\/\/mamaterra.lt\/pl\/parduotuve\/olejki-eteryczne\/mieszanki-olejkow-eterycznych\/doterra-correct-x-krem-15ml\/","title":{"rendered":"ma\u015b\u0107 doTERRA Correct-X 15ml"},"content":{"rendered":"<p><strong>ma\u015b\u0107 doTERRA Correct-X<\/strong><\/p>\n<p>15ml<\/p>\n<p>&nbsp;<\/p>\n<p><strong>ma\u015b\u0107 doTERRA Correct-X Cechy og\u00f3lne:<\/strong><\/p>\n<p>Ze wzgl\u0119du na sw\u00f3j naturalny sk\u0142ad Correct-X szybko si\u0119 wch\u0142ania, a sk\u00f3ra nie pozostaje lepka.<\/p>\n<p>Ta wszechstronna, naturalna ma\u015b\u0107 pomaga ukoi\u0107 sk\u00f3r\u0119 i utrzyma\u0107 j\u0105 w czysto\u015bci, gdy wyzdrowieje ze zmiany (ropienie, siniak, rana, pocz\u0105tek opryszczki).<\/p>\n<p>Jest idealny do umieszczenia go w kieszeni lub plecaku, gdy jeste\u015b na kempingu, \u0107wiczysz lub idziesz na plac zabaw.<\/p>\n<p><strong>Ma\u015b\u0107 doTERRA Correct-X<\/strong> z silnymi olejkami eterycznymi i ekstraktami ro\u015blinnymi \u0142agodzi podra\u017cnion\u0105, spalon\u0105, uszkodzon\u0105 sk\u00f3r\u0119.<\/p>\n<p>Jedna kropla pomaga utrzyma\u0107 sk\u00f3r\u0119 czyst\u0105 i nawil\u017con\u0105, dop\u00f3ki nie odzyska si\u0142y po podra\u017cnieniu lub uszkodzeniu.<\/p>\n<p>Ta delikatna formu\u0142a od\u017cywia sk\u00f3r\u0119, \u0142agodzi podra\u017cnienia, zatrzymuje wilgo\u0107, a tym samym chroni uszkodzon\u0105 sk\u00f3r\u0119 przed dodatkowymi uszkodzeniami.<\/p>\n<p>Correct-X zapewnia barier\u0119 wilgoci, kt\u00f3ra pomaga chroni\u0107, jednocze\u015bnie \u0142agodz\u0105c i nawil\u017caj\u0105c sk\u00f3r\u0119. Ta bezt\u0142uszczowa ma\u015b\u0107, bez konserwant\u00f3w, szybko si\u0119 wch\u0142ania, jest delikatna i nie podra\u017cnia, dzi\u0119ki czemu jest idealna dla sk\u00f3ry wra\u017cliwej.<\/p>\n<p>&nbsp;<\/p>\n<p><strong>DoTERRA Correct-X Ma\u015b\u0107 Sk\u0142adniki:<\/strong><\/p>\n<ul>\n<li>Olejki eteryczne z Boswellia, w\u0142oskiej jemio\u0142y, lawendy, cedru i drzewa herbacianego oczyszczaj\u0105 i koj\u0105 sk\u00f3r\u0119.<\/li>\n<li>Bisabolol jest znany ze swojego dzia\u0142ania uspokajaj\u0105cego i zdolno\u015bci do stymulowania zdrowo wygl\u0105daj\u0105cej sk\u00f3ry.<\/li>\n<li>Jojoba, podobnie jak naturalne t\u0142uszcze zawarte w sk\u00f3rze, zapewnia optymalne nawil\u017cenie i pomaga poprawi\u0107 tekstur\u0119 sk\u00f3ry.<\/li>\n<li>Ekstrakt z kory Phellodendron Amurense s\u0142u\u017cy do piel\u0119gnacji sk\u00f3ry.<\/li>\n<\/ul>\n<p>ma\u015b\u0107 doTERRA Correct-X <strong>jest przeznaczona wy\u0142\u0105cznie do u\u017cytku zewn\u0119trznego<\/strong>.<\/p>\n<p>&nbsp;<\/p>\n<p>Obejrzyj film o stosowaniu ma\u015bci Correct-X.<\/p>\n<p><iframe title=\"\u0141agodzi sk\u00f3r\u0119 - ma\u015b\u0107 Correct-X\u00ae Essential\" src=\"https:\/\/www.youtube.com\/embed\/MPxPrLA7HMk\" width=\"946\" height=\"532\" frameborder=\"0\" allowfullscreen=\"allowfullscreen\"><\/iframe><\/p>\n","protected":false},"excerpt":{"rendered":"<ul>\n<li>Olejki eteryczne z Boswellia, w\u0142oskiej jemio\u0142y, lawendy, cedru i drzewa herbacianego, wraz z niekt\u00f3rymi botanicznymi \u015brodkami nawil\u017caj\u0105cymi i ekstraktami, \u0142agodz\u0105 i od\u017cywiaj\u0105 docelowe obszary sk\u00f3ry.<\/li>\n<li>Ta wszechstronna, naturalna ma\u015b\u0107 pomaga ukoi\u0107 sk\u00f3r\u0119 i utrzyma\u0107 j\u0105 w czysto\u015bci, gdy wyzdrowieje ze zmiany (ropienie, siniak, rana, pocz\u0105tek opryszczki).<\/li>\n<li>Jedna kropla pomaga utrzyma\u0107 sk\u00f3r\u0119 czyst\u0105 i nawil\u017con\u0105, dop\u00f3ki nie odzyska si\u0142y po podra\u017cnieniu lub uszkodzeniu.<\/li>\n<\/ul>\n","protected":false},"featured_media":12963,"template":"","meta":{"site-sidebar-layout":"default","site-content-layout":"default","ast-site-content-layout":"default","site-content-style":"default","site-sidebar-style":"default","ast-global-header-display":"","ast-banner-title-visibility":"","ast-main-header-display":"","ast-hfb-above-header-display":"","ast-hfb-below-header-display":"","ast-hfb-mobile-header-display":"","site-post-title":"","ast-breadcrumbs-content":"","ast-featured-img":"","footer-sml-layout":"","ast-disable-related-posts":"","theme-transparent-header-meta":"default","adv-header-id-meta":"","stick-header-meta":"","header-above-stick-meta":"","header-main-stick-meta":"","header-below-stick-meta":"","astra-migrate-meta-layouts":"default","ast-page-background-enabled":"default","ast-page-background-meta":{"desktop":{"background-color":"","background-image":"","background-repeat":"repeat","background-position":"center center","background-size":"auto","background-attachment":"scroll","background-type":"","background-media":"","overlay-type":"","overlay-color":"","overlay-opacity":"","overlay-gradient":""},"tablet":{"background-color":"","background-image":"","background-repeat":"repeat","background-position":"center center","background-size":"auto","background-attachment":"scroll","background-type":"","background-media":"","overlay-type":"","overlay-color":"","overlay-opacity":"","overlay-gradient":""},"mobile":{"background-color":"","background-image":"","background-repeat":"repeat","background-position":"center center","background-size":"auto","background-attachment":"scroll","background-type":"","background-media":"","overlay-type":"","overlay-color":"","overlay-opacity":"","overlay-gradient":""}},"ast-content-background-meta":{"desktop":{"background-color":"var(--ast-global-color-5)","background-image":"","background-repeat":"repeat","background-position":"center center","background-size":"auto","background-attachment":"scroll","background-type":"","background-media":"","overlay-type":"","overlay-color":"","overlay-opacity":"","overlay-gradient":""},"tablet":{"background-color":"var(--ast-global-color-5)","background-image":"","background-repeat":"repeat","background-position":"center center","background-size":"auto","background-attachment":"scroll","background-type":"","background-media":"","overlay-type":"","overlay-color":"","overlay-opacity":"","overlay-gradient":""},"mobile":{"background-color":"var(--ast-global-color-5)","background-image":"","background-repeat":"repeat","background-position":"center center","background-size":"auto","background-attachment":"scroll","background-type":"","background-media":"","overlay-type":"","overlay-color":"","overlay-opacity":"","overlay-gradient":""}}},"product_brand":[],"product_cat":[1755,1711,1702,1698],"product_tag":[729,1255,1609],"class_list":{"0":"post-16044","1":"product","2":"type-product","3":"status-publish","4":"has-post-thumbnail","6":"product_cat-dla-dzieci","7":"product_cat-higiena-i-pielegnacja-skory","8":"product_cat-mieszanki-olejkow-eterycznych","9":"product_cat-olejki-eteryczne","10":"product_tag-15ml-pl","11":"product_tag-correct-x-pl","12":"product_tag-smar","13":"desktop-align-left","14":"tablet-align-left","15":"mobile-align-left","17":"first","18":"instock","19":"sale","20":"taxable","21":"shipping-taxable","22":"purchasable","23":"product-type-simple"},"_links":{"self":[{"href":"https:\/\/mamaterra.lt\/pl\/wp-json\/wp\/v2\/product\/16044","targetHints":{"allow":["GET"]}}],"collection":[{"href":"https:\/\/mamaterra.lt\/pl\/wp-json\/wp\/v2\/product"}],"about":[{"href":"https:\/\/mamaterra.lt\/pl\/wp-json\/wp\/v2\/types\/product"}],"wp:featuredmedia":[{"embeddable":true,"href":"https:\/\/mamaterra.lt\/pl\/wp-json\/wp\/v2\/media\/12963"}],"wp:attachment":[{"href":"https:\/\/mamaterra.lt\/pl\/wp-json\/wp\/v2\/media?parent=16044"}],"wp:term":[{"taxonomy":"product_brand","embeddable":true,"href":"https:\/\/mamaterra.lt\/pl\/wp-json\/wp\/v2\/product_brand?post=16044"},{"taxonomy":"product_cat","embeddable":true,"href":"https:\/\/mamaterra.lt\/pl\/wp-json\/wp\/v2\/product_cat?post=16044"},{"taxonomy":"product_tag","embeddable":true,"href":"https:\/\/mamaterra.lt\/pl\/wp-json\/wp\/v2\/product_tag?post=16044"}],"curies":[{"name":"wp","href":"https:\/\/api.w.org\/{rel}","templated":true}]}}