{"id":16042,"date":"2021-11-18T12:32:22","date_gmt":"2021-11-18T11:32:22","guid":{"rendered":"https:\/\/mamaterra.lt\/parduotuve\/bez-kategorii\/doterra-holiday-peace-mieszanka-olejkow-eterycznych-15ml\/"},"modified":"2021-11-18T12:32:22","modified_gmt":"2021-11-18T11:32:22","slug":"doterra-holiday-peace-essential-oil-blend-15ml","status":"publish","type":"product","link":"https:\/\/mamaterra.lt\/pl\/parduotuve\/olejki-eteryczne\/mieszanki-olejkow-eterycznych\/doterra-holiday-peace-essential-oil-blend-15ml\/","title":{"rendered":"doTERRA HOLIDAY PEACE mieszanka olejk\u00f3w eterycznych 15ml"},"content":{"rendered":"<p><strong>DOTERRA HOLIDAY PEACE Mieszanka olejk\u00f3w eterycznych<\/strong><\/p>\n<p>15ml<\/p>\n<p>&nbsp;<\/p>\n<p>Zapro\u015b do swojego domu atmosfer\u0119 harmonii, r\u00f3wnowagi i spokoju z doTERRA HOLIDAY PEACE.<\/p>\n<p>Niesamowite, spokojne, przytulne, rodzinne. \u017bywiczny, orze\u017awiaj\u0105cy, cytrusowy, drzewny aromat.<\/p>\n<p>Uziemij si\u0119 delikatnymi tonami Holiday Peace i koj\u0105cymi aromatami trzech jod\u0142y \u2013 syberyjskiej, daglezji i himalaj\u00f3w \u2013 uzupe\u0142nionych grejpfrutem, boswelli\u0105 i wetywerem.<\/p>\n<p>Holiday Peace to mieszanka olejk\u00f3w eterycznych dla \u015bwi\u0105tecznego spokoju, pojednania i b\u0142ogo\u015bci. Paruj t\u0119 mieszank\u0119 olejk\u00f3w eterycznych, aby stworzy\u0107 przytuln\u0105 i harmonijn\u0105 atmosfer\u0119 na \u015bwi\u0105teczne spotkanie lub spokojny wiecz\u00f3r w domu.<\/p>\n<p><strong>DoTERRA HOLIDAY PEACE Mieszanka olejk\u00f3w eterycznych wykorzystuje:<\/strong><\/p>\n<ul>\n<li>Para, aby podnie\u015b\u0107 nastr\u00f3j i stworzy\u0107<strong> spokojn\u0105, harmonijn\u0105 atmosfer\u0119<\/strong> podczas pracowitego sezonu wakacyjnego.<\/li>\n<li>Para &#8211;<strong> powietrze w pomieszczeniu zostanie oczyszczone i od\u015bwie\u017cone.<\/strong><\/li>\n<li>Zastosuj jedn\u0105 lub dwie krople na bi\u017cuteri\u0119 dolomitow\u0105 lub glinian\u0105, tworz\u0105c w ten spos\u00f3b <strong>\u015bwi\u0105teczny nastr\u00f3j w<\/strong> domu.<\/li>\n<li>Spryskaj wod\u0105 i kilkoma kroplami Holiday Peace, spryskaj \u015bwi\u0105teczny wystr\u00f3j, kt\u00f3ry nabierze uziemienia, le\u015bnego zapachu.<\/li>\n<li>Zastosuj punkty pulsacyjne (rozcie\u0144czone olejem no\u015bnikowym) &#8211; <strong>zrelaksujesz si\u0119 i uspokoisz<\/strong>.<\/li>\n<\/ul>\n<p><strong>DoTERRA HOLIDAY PEACE Blend olejk\u00f3w eterycznych Efekty emocjonalne:<\/strong><\/p>\n<ul>\n<li>Ta mieszanka olej\u00f3w \u0142agodzi stres, uziemia, sprzyja samokontroli.<\/li>\n<li>Po\u0142\u0105czenie tych naturalnych sk\u0142adnik\u00f3w daje cz\u0142owiekowi pewno\u015b\u0107 siebie i pokazuje, \u017ce mo\u017ce by\u0107 \u017cyw\u0105 wi\u0119zi\u0105, kt\u00f3ra leczy lini\u0119 rodzinn\u0105 dla przesz\u0142ych i przysz\u0142ych pokole\u0144 \u00b7<\/li>\n<li>Ten aromat pomaga znale\u017a\u0107 spok\u00f3j zar\u00f3wno wewn\u0105trz, jak i na zewn\u0105trz.<\/li>\n<\/ul>\n<p><strong>DoTERRA HOLIDAY PEACE Sk\u0142adniki mieszanki olejk\u00f3w eterycznych:<\/strong><\/p>\n<p>Zaj\u0105c syberyjski, sk\u00f3rka grejpfruta, wielkie poci\u016bge, olejki eteryczne ze \u015bwierka himalajskiego, boswellia, korzenie wetywerii.<\/p>\n<p>&nbsp;<\/p>\n<p>Obejrzyj film o mieszance olejk\u00f3w eterycznych doTERRA Holiday Peace.<\/p>\n<p><iframe title=\"Odtwarzacz wideo YouTube\" src=\"https:\/\/www.youtube-nocookie.com\/embed\/W8XE0c_QZxA?start=9\" width=\"560\" height=\"315\" frameborder=\"0\" allowfullscreen=\"allowfullscreen\"><\/iframe><\/p>\n","protected":false},"excerpt":{"rendered":"<ul>\n<li>Uziemij si\u0119 delikatnymi tonami Holiday Peace i koj\u0105cymi aromatami trzech jod\u0142y \u2013 syberyjskiej, daglezji i himalaj\u00f3w \u2013 uzupe\u0142nionych grejpfrutem, boswelli\u0105 i wetyweri\u0105<\/li>\n<li>Zapro\u015b do swojego domu atmosfer\u0119 harmonii, r\u00f3wnowagi i spokoju z doTERRA Holiday Peace<\/li>\n<li>Niesamowite, spokojne, przytulne, rodzinne. \u017bywiczny, orze\u017awiaj\u0105cy, cytrusowy, drzewny aromat<\/li>\n<\/ul>\n","protected":false},"featured_media":13029,"template":"","meta":{"site-sidebar-layout":"default","site-content-layout":"default","ast-site-content-layout":"default","site-content-style":"default","site-sidebar-style":"default","ast-global-header-display":"","ast-banner-title-visibility":"","ast-main-header-display":"","ast-hfb-above-header-display":"","ast-hfb-below-header-display":"","ast-hfb-mobile-header-display":"","site-post-title":"","ast-breadcrumbs-content":"","ast-featured-img":"","footer-sml-layout":"","ast-disable-related-posts":"","theme-transparent-header-meta":"default","adv-header-id-meta":"","stick-header-meta":"","header-above-stick-meta":"","header-main-stick-meta":"","header-below-stick-meta":"","astra-migrate-meta-layouts":"default","ast-page-background-enabled":"default","ast-page-background-meta":{"desktop":{"background-color":"","background-image":"","background-repeat":"repeat","background-position":"center center","background-size":"auto","background-attachment":"scroll","background-type":"","background-media":"","overlay-type":"","overlay-color":"","overlay-opacity":"","overlay-gradient":""},"tablet":{"background-color":"","background-image":"","background-repeat":"repeat","background-position":"center center","background-size":"auto","background-attachment":"scroll","background-type":"","background-media":"","overlay-type":"","overlay-color":"","overlay-opacity":"","overlay-gradient":""},"mobile":{"background-color":"","background-image":"","background-repeat":"repeat","background-position":"center center","background-size":"auto","background-attachment":"scroll","background-type":"","background-media":"","overlay-type":"","overlay-color":"","overlay-opacity":"","overlay-gradient":""}},"ast-content-background-meta":{"desktop":{"background-color":"var(--ast-global-color-5)","background-image":"","background-repeat":"repeat","background-position":"center center","background-size":"auto","background-attachment":"scroll","background-type":"","background-media":"","overlay-type":"","overlay-color":"","overlay-opacity":"","overlay-gradient":""},"tablet":{"background-color":"var(--ast-global-color-5)","background-image":"","background-repeat":"repeat","background-position":"center center","background-size":"auto","background-attachment":"scroll","background-type":"","background-media":"","overlay-type":"","overlay-color":"","overlay-opacity":"","overlay-gradient":""},"mobile":{"background-color":"var(--ast-global-color-5)","background-image":"","background-repeat":"repeat","background-position":"center center","background-size":"auto","background-attachment":"scroll","background-type":"","background-media":"","overlay-type":"","overlay-color":"","overlay-opacity":"","overlay-gradient":""}}},"product_brand":[],"product_cat":[1702,1698,1752],"product_tag":[729,1136,1535],"class_list":{"0":"post-16042","1":"product","2":"type-product","3":"status-publish","4":"has-post-thumbnail","6":"product_cat-mieszanki-olejkow-eterycznych","7":"product_cat-olejki-eteryczne","8":"product_cat-radzenia-sobie-ze-stresem","9":"product_tag-15ml-pl","10":"product_tag-holiday-peace-pl","11":"product_tag-mieszanki-olejkow-eterycznych","12":"desktop-align-left","13":"tablet-align-left","14":"mobile-align-left","16":"first","17":"instock","18":"taxable","19":"shipping-taxable","20":"purchasable","21":"product-type-simple"},"_links":{"self":[{"href":"https:\/\/mamaterra.lt\/pl\/wp-json\/wp\/v2\/product\/16042","targetHints":{"allow":["GET"]}}],"collection":[{"href":"https:\/\/mamaterra.lt\/pl\/wp-json\/wp\/v2\/product"}],"about":[{"href":"https:\/\/mamaterra.lt\/pl\/wp-json\/wp\/v2\/types\/product"}],"wp:featuredmedia":[{"embeddable":true,"href":"https:\/\/mamaterra.lt\/pl\/wp-json\/wp\/v2\/media\/13029"}],"wp:attachment":[{"href":"https:\/\/mamaterra.lt\/pl\/wp-json\/wp\/v2\/media?parent=16042"}],"wp:term":[{"taxonomy":"product_brand","embeddable":true,"href":"https:\/\/mamaterra.lt\/pl\/wp-json\/wp\/v2\/product_brand?post=16042"},{"taxonomy":"product_cat","embeddable":true,"href":"https:\/\/mamaterra.lt\/pl\/wp-json\/wp\/v2\/product_cat?post=16042"},{"taxonomy":"product_tag","embeddable":true,"href":"https:\/\/mamaterra.lt\/pl\/wp-json\/wp\/v2\/product_tag?post=16042"}],"curies":[{"name":"wp","href":"https:\/\/api.w.org\/{rel}","templated":true}]}}