{"id":16038,"date":"2021-09-11T13:04:35","date_gmt":"2021-09-11T12:04:35","guid":{"rendered":"https:\/\/mamaterra.lt\/parduotuve\/bez-kategorii\/doterra-tamer-blend-olejkow-eterycznych-do-trawienia-poprawia-10-ml\/"},"modified":"2021-09-11T13:04:35","modified_gmt":"2021-09-11T12:04:35","slug":"doterra-tamer-mieszanka-olejkow-10ml","status":"publish","type":"product","link":"https:\/\/mamaterra.lt\/pl\/parduotuve\/olejki-eteryczne\/mieszanki-olejkow-eterycznych\/doterra-tamer-mieszanka-olejkow-10ml\/","title":{"rendered":"doTERRA Tamer\u2122 Blend olejk\u00f3w eterycznych do trawienia poprawia 10 ml"},"content":{"rendered":"<p><strong>DoTERRA Tamer\u2122 Mieszanka olejk\u00f3w eterycznych dla poprawy trawienia<\/strong><\/p>\n<p>Butelka 10 ml z aplikatorem kulkowym<\/p>\n<p>&nbsp;<\/p>\n<p><strong>DoTERRA Tamer\u2122 Blend olejk\u00f3w eterycznych Sk\u0142adniki:<\/strong><\/p>\n<p>W mieszance Tamer unikalne korzystne w\u0142a\u015bciwo\u015bci olejk\u00f3w eterycznych CPTG, takich jak mi\u0119ta zielona, japo\u0144ska mi\u0119ta pieprzowa i mieszanka imbiru z frakcjonowanym olejem kokosowym doTERRA. Stosowane razem, oleje te daj\u0105 uczucie lekko\u015bci po obfitej porcji jedzenia.<\/p>\n<p><strong>DoTERRA Tamer\u2122 Essential Oil Blend Og\u00f3lne w\u0142a\u015bciwo\u015bci:<\/strong><\/p>\n<ul>\n<li>Koj\u0105cy aromat pomo\u017ce Ci poczu\u0107 si\u0119 lepiej, kiedy najbardziej tego potrzebujesz<\/li>\n<li>Pozwala cieszy\u0107 si\u0119 koj\u0105cym masa\u017cem brzucha<\/li>\n<li>Rozcie\u0144czony frakcyjnym olejem kokosowym doterra, dzi\u0119ki czemu jest idealny dla dzieci i os\u00f3b o wra\u017cliwej sk\u00f3rze<\/li>\n<li>Dzi\u0119ki wygodnemu aplikatorowi kulkowemu mieszanka jest \u0142atwa do na\u0142o\u017cenia na obszary problemowe<\/li>\n<\/ul>\n<p>&nbsp;<\/p>\n<p>Obejrzyj film o mieszance olejk\u00f3w eterycznych doTERRA Tamer\u2122.<\/p>\n<p><iframe title=\"NOWO\u015a\u0106 Olejek eteryczny doTERRA Tamer\u2122 dla DZIECI\" src=\"https:\/\/www.youtube.com\/embed\/5TQ5R2oOUYU\" width=\"946\" height=\"532\" frameborder=\"0\" allowfullscreen=\"allowfullscreen\"><\/iframe><\/p>\n","protected":false},"excerpt":{"rendered":"<ul>\n<li>Pozwala cieszy\u0107 si\u0119 koj\u0105cym masa\u017cem brzucha<\/li>\n<li>Rozcie\u0144czony frakcyjnym olejem kokosowym doterra, dzi\u0119ki czemu jest idealny dla dzieci i os\u00f3b o wra\u017cliwej sk\u00f3rze<\/li>\n<li>Dzi\u0119ki wygodnemu aplikatorowi kulkowemu mieszanka jest \u0142atwa do na\u0142o\u017cenia na obszary problemowe<\/li>\n<li>Koj\u0105cy aromat pomo\u017ce Ci poczu\u0107 si\u0119 lepiej, kiedy najbardziej tego potrzebujesz<\/li>\n<\/ul>\n","protected":false},"featured_media":12921,"template":"","meta":{"site-sidebar-layout":"default","site-content-layout":"default","ast-site-content-layout":"default","site-content-style":"default","site-sidebar-style":"default","ast-global-header-display":"","ast-banner-title-visibility":"","ast-main-header-display":"","ast-hfb-above-header-display":"","ast-hfb-below-header-display":"","ast-hfb-mobile-header-display":"","site-post-title":"","ast-breadcrumbs-content":"","ast-featured-img":"","footer-sml-layout":"","ast-disable-related-posts":"","theme-transparent-header-meta":"default","adv-header-id-meta":"","stick-header-meta":"","header-above-stick-meta":"","header-main-stick-meta":"","header-below-stick-meta":"","astra-migrate-meta-layouts":"default","ast-page-background-enabled":"default","ast-page-background-meta":{"desktop":{"background-color":"","background-image":"","background-repeat":"repeat","background-position":"center center","background-size":"auto","background-attachment":"scroll","background-type":"","background-media":"","overlay-type":"","overlay-color":"","overlay-opacity":"","overlay-gradient":""},"tablet":{"background-color":"","background-image":"","background-repeat":"repeat","background-position":"center center","background-size":"auto","background-attachment":"scroll","background-type":"","background-media":"","overlay-type":"","overlay-color":"","overlay-opacity":"","overlay-gradient":""},"mobile":{"background-color":"","background-image":"","background-repeat":"repeat","background-position":"center center","background-size":"auto","background-attachment":"scroll","background-type":"","background-media":"","overlay-type":"","overlay-color":"","overlay-opacity":"","overlay-gradient":""}},"ast-content-background-meta":{"desktop":{"background-color":"var(--ast-global-color-5)","background-image":"","background-repeat":"repeat","background-position":"center center","background-size":"auto","background-attachment":"scroll","background-type":"","background-media":"","overlay-type":"","overlay-color":"","overlay-opacity":"","overlay-gradient":""},"tablet":{"background-color":"var(--ast-global-color-5)","background-image":"","background-repeat":"repeat","background-position":"center center","background-size":"auto","background-attachment":"scroll","background-type":"","background-media":"","overlay-type":"","overlay-color":"","overlay-opacity":"","overlay-gradient":""},"mobile":{"background-color":"var(--ast-global-color-5)","background-image":"","background-repeat":"repeat","background-position":"center center","background-size":"auto","background-attachment":"scroll","background-type":"","background-media":"","overlay-type":"","overlay-color":"","overlay-opacity":"","overlay-gradient":""}}},"product_brand":[],"product_cat":[1755,1702,1758],"product_tag":[722,1611,1535,967],"class_list":{"0":"post-16038","1":"product","2":"type-product","3":"status-publish","4":"has-post-thumbnail","6":"product_cat-dla-dzieci","7":"product_cat-mieszanki-olejkow-eterycznych","8":"product_cat-trawienie","9":"product_tag-10-ml-pl","10":"product_tag-dla-dzieci","11":"product_tag-mieszanki-olejkow-eterycznych","12":"product_tag-tamer-pl","13":"desktop-align-left","14":"tablet-align-left","15":"mobile-align-left","17":"first","18":"instock","19":"taxable","20":"shipping-taxable","21":"purchasable","22":"product-type-simple"},"_links":{"self":[{"href":"https:\/\/mamaterra.lt\/pl\/wp-json\/wp\/v2\/product\/16038","targetHints":{"allow":["GET"]}}],"collection":[{"href":"https:\/\/mamaterra.lt\/pl\/wp-json\/wp\/v2\/product"}],"about":[{"href":"https:\/\/mamaterra.lt\/pl\/wp-json\/wp\/v2\/types\/product"}],"wp:featuredmedia":[{"embeddable":true,"href":"https:\/\/mamaterra.lt\/pl\/wp-json\/wp\/v2\/media\/12921"}],"wp:attachment":[{"href":"https:\/\/mamaterra.lt\/pl\/wp-json\/wp\/v2\/media?parent=16038"}],"wp:term":[{"taxonomy":"product_brand","embeddable":true,"href":"https:\/\/mamaterra.lt\/pl\/wp-json\/wp\/v2\/product_brand?post=16038"},{"taxonomy":"product_cat","embeddable":true,"href":"https:\/\/mamaterra.lt\/pl\/wp-json\/wp\/v2\/product_cat?post=16038"},{"taxonomy":"product_tag","embeddable":true,"href":"https:\/\/mamaterra.lt\/pl\/wp-json\/wp\/v2\/product_tag?post=16038"}],"curies":[{"name":"wp","href":"https:\/\/api.w.org\/{rel}","templated":true}]}}