{"id":16033,"date":"2021-09-19T19:24:48","date_gmt":"2021-09-19T18:24:48","guid":{"rendered":"https:\/\/mamaterra.lt\/parduotuve\/bez-kategorii\/air-breathe-doterra-blend-olejkow-eterycznych-15ml\/"},"modified":"2021-09-19T19:24:48","modified_gmt":"2021-09-19T18:24:48","slug":"doterra-powietrze-mieszanka-olejkow-15ml","status":"publish","type":"product","link":"https:\/\/mamaterra.lt\/pl\/parduotuve\/olejki-eteryczne\/mieszanki-olejkow-eterycznych\/doterra-powietrze-mieszanka-olejkow-15ml\/","title":{"rendered":"AIR\/BREATHE doTERRA Blend olejk\u00f3w eterycznych 15ml"},"content":{"rendered":"<p><strong>AIR\/BREATHE doTERRA Mieszanka olejk\u00f3w eterycznych<\/strong><\/p>\n<p>15ml<\/p>\n<p>&nbsp;<\/p>\n<p><strong>AIR\/BREATHE DoTERRA Essential Oil Blend Cechy og\u00f3lne:<\/strong><\/p>\n<ul>\n<li>doTERRA Air\/Breathe wspomaga uczucie wolnych dr\u00f3g oddechowych i lekkiego oddychania, jednocze\u015bnie zmniejszaj\u0105c efekt zmian sezonowych.<\/li>\n<li>DoTERRA Air\/Breathe mo\u017cna stosowa\u0107 miejscowo na klatk\u0119 piersiow\u0105, plecy lub stopy lub rozprowadza\u0107 w nocy, aby uspokoi\u0107 zmys\u0142y i promowa\u0107 spokojny sen.<\/li>\n<li>Para powietrzna z dyfuzorem, zastosuj punkty refleksyjne, klatk\u0119 piersiow\u0105, szyj\u0119, gdy odwiedza ci\u0119 dyskomfort i gdy \u015bpisz niespokojnie.<\/li>\n<\/ul>\n<p><strong>Sk\u0142ad mieszanki olejk\u00f3w eterycznych AIR\/BREATHE doTERRA:<\/strong><\/p>\n<p>li\u015b\u0107 laurowy, mi\u0119ta pieprzowa, eukaliptus, drzewo herbaciane, cytryna, kardamon, Ravintsara i Ravensara<\/p>\n<p><strong>AIR\/BREATHE DoTERRA Essential Oil Blend Zastosowanie:<\/strong><\/p>\n<ul>\n<li>Paruj za pomoc\u0105 dyfuzora, oddychaj bezpo\u015brednio z d\u0142oni lub pocieraj klatk\u0119 piersiow\u0105 lub nogi.<\/li>\n<li>U\u017cywaj podczas wychodzenia na zewn\u0105trz.<\/li>\n<li>Paruj przed snem, aby stworzy\u0107 spokojne otoczenie.<\/li>\n<li>Przed treningiem smaruj klatk\u0119 piersiow\u0105, u\u0142atwiaj\u0105c w ten spos\u00f3b oddychanie i wch\u0142anianie tlenu.<\/li>\n<li>Je\u015bli jeste\u015b wra\u017cliwy na py\u0142ki, wdychaj w sezonie, aby u\u0142atwi\u0107 oddychanie.<\/li>\n<li>Aromat ch\u0142odzi, dzia\u0142a uspokajaj\u0105co, pomaga lepiej si\u0119 zrelaksowa\u0107 i odpocz\u0105\u0107 w nocy, pomaga przezwyci\u0119\u017cy\u0107 smutek, zamkni\u0119cie, b\u00f3l emocjonalny, pomaga uwolni\u0107 si\u0119 od emocji.<\/li>\n<\/ul>\n<p><strong>Do gotowania na parze<\/strong> u\u017cyj trzech lub czterech kropli w wybranym dyfuzorze.<\/p>\n<p><strong>Zastosowanie miejscowe:<\/strong> rozcie\u0144czy\u0107 1-2 krople zgodnie z zaleceniami wiekowymi i na\u0142o\u017cy\u0107 na \u017c\u0105dany obszar. Rozcie\u0144czy\u0107 doTERRA frakcyjnym olejem kokosowym, aby zmniejszy\u0107 wra\u017cliwo\u015b\u0107 sk\u00f3ry.<\/p>\n<p>Ta mieszanina NIE JEST U\u017bYWANA W \u015aRODKU.<\/p>\n<p>&nbsp;<\/p>\n<p>Wi\u0119cej o tej mieszance olejk\u00f3w eterycznych AIR\/BREATHE doTERRA.<\/p>\n<p><iframe title=\"Jak korzysta\u0107 z mieszanki olejk\u00f3w eterycznych doTERRA Breathe\" src=\"https:\/\/www.youtube.com\/embed\/TRpOEtBYYRE\" width=\"946\" height=\"532\" frameborder=\"0\" allowfullscreen=\"allowfullscreen\"><\/iframe><\/p>\n","protected":false},"excerpt":{"rendered":"<ul>\n<li>15ml<\/li>\n<li>doTERRA Air\/Breathe wspomaga uczucie wolnych dr\u00f3g oddechowych i lekkiego oddychania, jednocze\u015bnie zmniejszaj\u0105c efekt zmian sezonowych.<\/li>\n<li>DoTERRA Air\/Breathe mo\u017cna stosowa\u0107 miejscowo na klatk\u0119 piersiow\u0105, plecy lub stopy lub rozprowadza\u0107 w nocy, aby uspokoi\u0107 zmys\u0142y i promowa\u0107 spokojny sen.<\/li>\n<\/ul>\n","protected":false},"featured_media":13062,"template":"","meta":{"site-sidebar-layout":"default","site-content-layout":"default","ast-site-content-layout":"default","site-content-style":"default","site-sidebar-style":"default","ast-global-header-display":"","ast-banner-title-visibility":"","ast-main-header-display":"","ast-hfb-above-header-display":"","ast-hfb-below-header-display":"","ast-hfb-mobile-header-display":"","site-post-title":"","ast-breadcrumbs-content":"","ast-featured-img":"","footer-sml-layout":"","ast-disable-related-posts":"","theme-transparent-header-meta":"default","adv-header-id-meta":"","stick-header-meta":"","header-above-stick-meta":"","header-main-stick-meta":"","header-below-stick-meta":"","astra-migrate-meta-layouts":"default","ast-page-background-enabled":"default","ast-page-background-meta":{"desktop":{"background-color":"","background-image":"","background-repeat":"repeat","background-position":"center center","background-size":"auto","background-attachment":"scroll","background-type":"","background-media":"","overlay-type":"","overlay-color":"","overlay-opacity":"","overlay-gradient":""},"tablet":{"background-color":"","background-image":"","background-repeat":"repeat","background-position":"center center","background-size":"auto","background-attachment":"scroll","background-type":"","background-media":"","overlay-type":"","overlay-color":"","overlay-opacity":"","overlay-gradient":""},"mobile":{"background-color":"","background-image":"","background-repeat":"repeat","background-position":"center center","background-size":"auto","background-attachment":"scroll","background-type":"","background-media":"","overlay-type":"","overlay-color":"","overlay-opacity":"","overlay-gradient":""}},"ast-content-background-meta":{"desktop":{"background-color":"var(--ast-global-color-5)","background-image":"","background-repeat":"repeat","background-position":"center center","background-size":"auto","background-attachment":"scroll","background-type":"","background-media":"","overlay-type":"","overlay-color":"","overlay-opacity":"","overlay-gradient":""},"tablet":{"background-color":"var(--ast-global-color-5)","background-image":"","background-repeat":"repeat","background-position":"center center","background-size":"auto","background-attachment":"scroll","background-type":"","background-media":"","overlay-type":"","overlay-color":"","overlay-opacity":"","overlay-gradient":""},"mobile":{"background-color":"var(--ast-global-color-5)","background-image":"","background-repeat":"repeat","background-position":"center center","background-size":"auto","background-attachment":"scroll","background-type":"","background-media":"","overlay-type":"","overlay-color":"","overlay-opacity":"","overlay-gradient":""}}},"product_brand":[],"product_cat":[1738,1702,1698],"product_tag":[729,1354,1535],"class_list":{"0":"post-16033","1":"product","2":"type-product","3":"status-publish","4":"has-post-thumbnail","6":"product_cat-do-spania","7":"product_cat-mieszanki-olejkow-eterycznych","8":"product_cat-olejki-eteryczne","9":"product_tag-15ml-pl","10":"product_tag-air-pl","11":"product_tag-mieszanki-olejkow-eterycznych","12":"desktop-align-left","13":"tablet-align-left","14":"mobile-align-left","16":"first","17":"instock","18":"featured","19":"taxable","20":"shipping-taxable","21":"purchasable","22":"product-type-simple"},"_links":{"self":[{"href":"https:\/\/mamaterra.lt\/pl\/wp-json\/wp\/v2\/product\/16033","targetHints":{"allow":["GET"]}}],"collection":[{"href":"https:\/\/mamaterra.lt\/pl\/wp-json\/wp\/v2\/product"}],"about":[{"href":"https:\/\/mamaterra.lt\/pl\/wp-json\/wp\/v2\/types\/product"}],"wp:featuredmedia":[{"embeddable":true,"href":"https:\/\/mamaterra.lt\/pl\/wp-json\/wp\/v2\/media\/13062"}],"wp:attachment":[{"href":"https:\/\/mamaterra.lt\/pl\/wp-json\/wp\/v2\/media?parent=16033"}],"wp:term":[{"taxonomy":"product_brand","embeddable":true,"href":"https:\/\/mamaterra.lt\/pl\/wp-json\/wp\/v2\/product_brand?post=16033"},{"taxonomy":"product_cat","embeddable":true,"href":"https:\/\/mamaterra.lt\/pl\/wp-json\/wp\/v2\/product_cat?post=16033"},{"taxonomy":"product_tag","embeddable":true,"href":"https:\/\/mamaterra.lt\/pl\/wp-json\/wp\/v2\/product_tag?post=16033"}],"curies":[{"name":"wp","href":"https:\/\/api.w.org\/{rel}","templated":true}]}}