{"id":16025,"date":"2021-09-24T18:18:52","date_gmt":"2021-09-24T17:18:52","guid":{"rendered":"https:\/\/mamaterra.lt\/parduotuve\/bez-kategorii\/doterra-balance-touch-mieszanka-olejkow-eterycznych-10ml\/"},"modified":"2021-09-24T18:18:52","modified_gmt":"2021-09-24T17:18:52","slug":"doterra-balance-touch-blend-olejek-10ml","status":"publish","type":"product","link":"https:\/\/mamaterra.lt\/pl\/parduotuve\/olejki-eteryczne\/mieszanki-olejkow-eterycznych\/doterra-balance-touch-blend-olejek-10ml\/","title":{"rendered":"DoTERRA BALANCE TOUCH mieszanka olejk\u00f3w eterycznych 10ml"},"content":{"rendered":"<p><strong>DoTERRA BALANCE TOUCH Mieszanka olejk\u00f3w eterycznych<\/strong><\/p>\n<p>10ml<\/p>\n<p>&nbsp;<\/p>\n<p><strong>Cechy mieszanki olejk\u00f3w eterycznych doTERRA BALANCE TOUCH:<\/strong><\/p>\n<ul>\n<li class=\"bi6gxh9e\"><span class=\"d2edcug0 hpfvmrgz qv66sw1b c1et5uql lr9zc1uh jq4qci2q a3bd9o3v b1v8xokw oo9gr5id\">Uziemiaj\u0105ca mieszanka doterra balance daje spokojny aromat, kt\u00f3ry zapewnia harmoni\u0119 umys\u0142u i cia\u0142a oraz r\u00f3wnowag\u0119 emocji.  <\/span><\/li>\n<li class=\"bi6gxh9e\"><span class=\"d2edcug0 hpfvmrgz qv66sw1b c1et5uql lr9zc1uh jq4qci2q a3bd9o3v b1v8xokw oo9gr5id\">Ten olej jest bardzo odpowiedni dla stresu, l\u0119ku, l\u0119k\u00f3w, gniewu, nieufno\u015bci, smutku.  <\/span><\/li>\n<li class=\"bi6gxh9e\"><span class=\"d2edcug0 hpfvmrgz qv66sw1b c1et5uql lr9zc1uh jq4qci2q a3bd9o3v b1v8xokw oo9gr5id\">Nadaje si\u0119 do u\u017cytku przez dzieci.  <\/span><\/li>\n<li class=\"bi6gxh9e\"><span class=\"d2edcug0 hpfvmrgz qv66sw1b c1et5uql lr9zc1uh jq4qci2q a3bd9o3v b1v8xokw oo9gr5id\">Olej r\u00f3wnowagi mo\u017ce pom\u00f3c dzieciom, kt\u00f3re ucz\u0105 si\u0119 chodzi\u0107, utrzymywa\u0107 r\u00f3wnowag\u0119.  <\/span><\/li>\n<li class=\"bi6gxh9e\"><span style=\"font-size: 16px;\">Rozlu\u017ania drogi oddechowe.<\/span><\/li>\n<\/ul>\n<div><strong>DoTERRA BALANCE TOUCH Zastosowanie mieszanki olejk\u00f3w eterycznych:<\/strong><\/div>\n<ul>\n<li class=\"bi6gxh9e\"><span class=\"d2edcug0 hpfvmrgz qv66sw1b c1et5uql lr9zc1uh jq4qci2q a3bd9o3v b1v8xokw oo9gr5id\"><strong>Podczas podr\u00f3\u017cy:<\/strong> wdychaj olej Balance z d\u0142oni i na\u0142\u00f3\u017c go na czo\u0142o, uszy i szyj\u0119. Pomo\u017ce to Twojemu m\u00f3zgowi zrestartowa\u0107 si\u0119 i uspokoi\u0107 Ci\u0119 podczas podr\u00f3\u017cy. Pomaga organizmowi \u0142atwiej przystosowa\u0107 si\u0119 podczas przekraczania stref czasowych.  <\/span><\/li>\n<li class=\"bi6gxh9e\"><span class=\"d2edcug0 hpfvmrgz qv66sw1b c1et5uql lr9zc1uh jq4qci2q a3bd9o3v b1v8xokw oo9gr5id\"> <strong>Podczas jazdy na d\u0142ugich dystansach:<\/strong> przed, w trakcie i po d\u0142ugiej podr\u00f3\u017cy nale\u017cy na\u0142o\u017cy\u0107 Balnace na doln\u0105 cz\u0119\u015b\u0107 plec\u00f3w, nadgarstki i szyj\u0119. B\u0119dzie to wspiera\u0107 systemy organizmu w naturalny spos\u00f3b &#8211; mi\u0119\u015bnie i stawy b\u0119d\u0105 elastyczne, nerwy uspokojone, a skupienie skupione.<\/span><\/li>\n<li class=\"bi6gxh9e\"><span class=\"d2edcug0 hpfvmrgz qv66sw1b c1et5uql lr9zc1uh jq4qci2q a3bd9o3v b1v8xokw oo9gr5id\"><strong>W przypadku waha\u0144 nastroju:<\/strong> wdychaj du\u017co po\u0142\u0105czonego oleju bilansowego przez ca\u0142y dzie\u0144. Zastosuj Balance do czo\u0142a, uszu, szyi i spodu du\u017cych palc\u00f3w \u0142ap. Zr\u00f3b to rano wieczorem. Za\u0142\u00f3\u017c dyfuzor wisz\u0105cy.<\/span><\/li>\n<li class=\"bi6gxh9e\"><span class=\"d2edcug0 hpfvmrgz qv66sw1b c1et5uql lr9zc1uh jq4qci2q a3bd9o3v b1v8xokw oo9gr5id\"><strong>Aby obs\u0142ugiwa\u0107 pami\u0119\u0107:<\/strong> Wdychaj olej Balance z d\u0142oni i na\u0142\u00f3\u017c Balance na czo\u0142o, uszy, szyj\u0119 i sp\u00f3d du\u017cych palc\u00f3w. R\u00f3b to codziennie.<\/span><\/li>\n<li class=\"bi6gxh9e\"><span class=\"d2edcug0 hpfvmrgz qv66sw1b c1et5uql lr9zc1uh jq4qci2q a3bd9o3v b1v8xokw oo9gr5id\"><strong>Podczas snu:<\/strong> masuj olej wzd\u0142u\u017c kr\u0119gos\u0142upa przed snem, aby uspokoi\u0107 sen.  <\/span><\/li>\n<\/ul>\n<div class=\"bi6gxh9e\"><span class=\"d2edcug0 hpfvmrgz qv66sw1b c1et5uql lr9zc1uh jq4qci2q a3bd9o3v b1v8xokw oo9gr5id\"><strong>DoTERRA BALANCE TOUCH Sk\u0142adniki mieszanki olejk\u00f3w eterycznych:<\/strong><\/span><\/div>\n<div class=\"bi6gxh9e\"><span class=\"d2edcug0 hpfvmrgz qv66sw1b c1et5uql lr9zc1uh jq4qci2q a3bd9o3v b1v8xokw oo9gr5id\">Frakcjonowany olej kokosowy, niebieska jod\u0142a kanadyjska, niebieski buk, niebieski rumianek, kadzid\u0142o (boswellia), Osmantus.<\/span><\/div>\n","protected":false},"excerpt":{"rendered":"<ul>\n<li>Butelka 10 ml z aplikatorem kulkowym<\/li>\n<li class=\"bi6gxh9e\"><span class=\"d2edcug0 hpfvmrgz qv66sw1b c1et5uql lr9zc1uh jq4qci2q a3bd9o3v b1v8xokw oo9gr5id\">Daje spokojny aromat, kt\u00f3ry zapewnia harmoni\u0119 umys\u0142u i cia\u0142a oraz r\u00f3wnowag\u0119 emocji<\/span><\/li>\n<li class=\"bi6gxh9e\"><span class=\"d2edcug0 hpfvmrgz qv66sw1b c1et5uql lr9zc1uh jq4qci2q a3bd9o3v b1v8xokw oo9gr5id\">Ten olej jest bardzo odpowiedni dla stresu, l\u0119ku, l\u0119k\u00f3w, gniewu, nieufno\u015bci, smutku<\/span><\/li>\n<li class=\"bi6gxh9e\"><span class=\"d2edcug0 hpfvmrgz qv66sw1b c1et5uql lr9zc1uh jq4qci2q a3bd9o3v b1v8xokw oo9gr5id\">Rozlu\u017ania drogi oddechowe<\/span><\/li>\n<\/ul>\n","protected":false},"featured_media":12981,"template":"","meta":{"site-sidebar-layout":"default","site-content-layout":"default","ast-site-content-layout":"default","site-content-style":"default","site-sidebar-style":"default","ast-global-header-display":"","ast-banner-title-visibility":"","ast-main-header-display":"","ast-hfb-above-header-display":"","ast-hfb-below-header-display":"","ast-hfb-mobile-header-display":"","site-post-title":"","ast-breadcrumbs-content":"","ast-featured-img":"","footer-sml-layout":"","ast-disable-related-posts":"","theme-transparent-header-meta":"default","adv-header-id-meta":"","stick-header-meta":"","header-above-stick-meta":"","header-main-stick-meta":"","header-below-stick-meta":"","astra-migrate-meta-layouts":"default","ast-page-background-enabled":"default","ast-page-background-meta":{"desktop":{"background-color":"","background-image":"","background-repeat":"repeat","background-position":"center center","background-size":"auto","background-attachment":"scroll","background-type":"","background-media":"","overlay-type":"","overlay-color":"","overlay-opacity":"","overlay-gradient":""},"tablet":{"background-color":"","background-image":"","background-repeat":"repeat","background-position":"center center","background-size":"auto","background-attachment":"scroll","background-type":"","background-media":"","overlay-type":"","overlay-color":"","overlay-opacity":"","overlay-gradient":""},"mobile":{"background-color":"","background-image":"","background-repeat":"repeat","background-position":"center center","background-size":"auto","background-attachment":"scroll","background-type":"","background-media":"","overlay-type":"","overlay-color":"","overlay-opacity":"","overlay-gradient":""}},"ast-content-background-meta":{"desktop":{"background-color":"var(--ast-global-color-5)","background-image":"","background-repeat":"repeat","background-position":"center center","background-size":"auto","background-attachment":"scroll","background-type":"","background-media":"","overlay-type":"","overlay-color":"","overlay-opacity":"","overlay-gradient":""},"tablet":{"background-color":"var(--ast-global-color-5)","background-image":"","background-repeat":"repeat","background-position":"center center","background-size":"auto","background-attachment":"scroll","background-type":"","background-media":"","overlay-type":"","overlay-color":"","overlay-opacity":"","overlay-gradient":""},"mobile":{"background-color":"var(--ast-global-color-5)","background-image":"","background-repeat":"repeat","background-position":"center center","background-size":"auto","background-attachment":"scroll","background-type":"","background-media":"","overlay-type":"","overlay-color":"","overlay-opacity":"","overlay-gradient":""}}},"product_brand":[],"product_cat":[1755,1738,1702,1698,1752],"product_tag":[748,1388,1535],"class_list":{"0":"post-16025","1":"product","2":"type-product","3":"status-publish","4":"has-post-thumbnail","6":"product_cat-dla-dzieci","7":"product_cat-do-spania","8":"product_cat-mieszanki-olejkow-eterycznych","9":"product_cat-olejki-eteryczne","10":"product_cat-radzenia-sobie-ze-stresem","11":"product_tag-10ml-pl","12":"product_tag-balance-touch-pl","13":"product_tag-mieszanki-olejkow-eterycznych","14":"desktop-align-left","15":"tablet-align-left","16":"mobile-align-left","18":"first","19":"instock","20":"taxable","21":"shipping-taxable","22":"purchasable","23":"product-type-simple"},"_links":{"self":[{"href":"https:\/\/mamaterra.lt\/pl\/wp-json\/wp\/v2\/product\/16025","targetHints":{"allow":["GET"]}}],"collection":[{"href":"https:\/\/mamaterra.lt\/pl\/wp-json\/wp\/v2\/product"}],"about":[{"href":"https:\/\/mamaterra.lt\/pl\/wp-json\/wp\/v2\/types\/product"}],"wp:featuredmedia":[{"embeddable":true,"href":"https:\/\/mamaterra.lt\/pl\/wp-json\/wp\/v2\/media\/12981"}],"wp:attachment":[{"href":"https:\/\/mamaterra.lt\/pl\/wp-json\/wp\/v2\/media?parent=16025"}],"wp:term":[{"taxonomy":"product_brand","embeddable":true,"href":"https:\/\/mamaterra.lt\/pl\/wp-json\/wp\/v2\/product_brand?post=16025"},{"taxonomy":"product_cat","embeddable":true,"href":"https:\/\/mamaterra.lt\/pl\/wp-json\/wp\/v2\/product_cat?post=16025"},{"taxonomy":"product_tag","embeddable":true,"href":"https:\/\/mamaterra.lt\/pl\/wp-json\/wp\/v2\/product_tag?post=16025"}],"curies":[{"name":"wp","href":"https:\/\/api.w.org\/{rel}","templated":true}]}}