{"id":16024,"date":"2021-09-12T10:26:40","date_gmt":"2021-09-12T09:26:40","guid":{"rendered":"https:\/\/mamaterra.lt\/parduotuve\/bez-kategorii\/doterra-serenity-kapsulki-miekkie-kojacy-kompleks-60-kapsulek\/"},"modified":"2021-09-12T10:26:40","modified_gmt":"2021-09-12T09:26:40","slug":"doterra-serenity-ugniatanie-kapsulki-kojacy-kompleks-60-kapsulki","status":"publish","type":"product","link":"https:\/\/mamaterra.lt\/pl\/parduotuve\/olejki-eteryczne\/mieszanki-olejkow-eterycznych\/doterra-serenity-ugniatanie-kapsulki-kojacy-kompleks-60-kapsulki\/","title":{"rendered":"doTERRA SERENITY Kapsu\u0142ki\u2122 mi\u0119kkie &#8211; koj\u0105cy kompleks (60 kapsu\u0142ek)"},"content":{"rendered":"<p><strong>doTERRA SERENITY Kapsu\u0142ki\u2122 Mi\u0119kkie &#8211; Koj\u0105cy Kompleks<\/strong><\/p>\n<p>60 wegetaria\u0144skich kapsu\u0142ek mi\u0119kkich<\/p>\n<p>&nbsp;<\/p>\n<p><strong>DoTERRA SERENITY\u2122 Koj\u0105cy kompleks Opis<\/strong><\/p>\n<p>Kapsu\u0142ki mi\u0119kkie doTERRA Serenity pozwalaj\u0105 \u0142atwo cieszy\u0107 si\u0119 korzy\u015bciami p\u0142yn\u0105cymi z koj\u0105cej mieszanki Serenity doTERRA, w unikalny spos\u00f3b \u0142\u0105cz\u0105c w wegetaria\u0144skiej mi\u0119kkiej kapsu\u0142ce doskonale przebadane zalety olejku lawendowego i L-teaniny z ekstraktami z leczniczej melisy, marakui i rumianku.<\/p>\n<p>Eksperci zalecaj\u0105, aby doro\u015bli spali co najmniej 7-8 godzin ka\u017cdej nocy. Niestety, oko\u0142o 33 procent ludzi nie \u015bpi w zalecanych godzinach na dob\u0119, a oko\u0142o 1 na 5 doros\u0142ych do\u015bwiadcza bezsenno\u015bci. Brak snu wi\u0105\u017ce si\u0119 z wieloma zagro\u017ceniami dla zdrowia. Brak snu wp\u0142ywa na nasz\u0105 zdolno\u015b\u0107 do utraty wagi lub utrzymania zdrowej wagi; wp\u0142ywa na nasze uczucia, uczenie si\u0119 i zachowanie; negatywnie wp\u0142ywa na nasze zdrowie sercowo-naczyniowe i og\u00f3lne samopoczucie; mo\u017ce skr\u00f3ci\u0107 czas reakcji i os\u0142abi\u0107 nasz\u0105 zdolno\u015b\u0107 prowadzenia pojazd\u00f3w. Prawid\u0142owy sen jest niezb\u0119dny, aby fizycznie i psychicznie odzyska\u0107 si\u0142y od potrzeb codziennego \u017cycia. Jako\u015b\u0107 snu jest bardzo wa\u017cna dla dobrego samopoczucia ka\u017cdego dnia, poniewa\u017c bardzo wa\u017cne jest, aby organizm naturalnie regenerowa\u0142 si\u0119 ka\u017cdej nocy. Na przyk\u0142ad m\u00f3zg oczyszcza si\u0119 z toksyn tylko podczas snu. Istniej\u0105 setki r\u00f3\u017cnych zalece\u0144, przepis\u00f3w rodzinnych, produkt\u00f3w i suplement\u00f3w diety, z kt\u00f3rych wszystkie twierdz\u0105, \u017ce pomagaj\u0105. Jednak to, co mo\u017ce by\u0107 skuteczne dla jednej osoby, mo\u017ce wcale nie pom\u00f3c innej. Teraz mamy rozwi\u0105zanie, kt\u00f3re wykorzystuje zar\u00f3wno historycznie stosowane, jak i najlepsze sk\u0142adniki zatwierdzone przez wsp\u00f3\u0142czesn\u0105 nauk\u0119.<\/p>\n<ul>\n<li>\u0141atwy spos\u00f3b na wykorzystanie zalet mieszanki uspokajaj\u0105cej doTERRA Serenity w wygodnej formie mi\u0119kkich kapsu\u0142ek<\/li>\n<li>Ta wyj\u0105tkowa mieszanka Serenity pomaga do\u015bwiadczy\u0107 g\u0142\u0119bokiego spokoju i relaksu<\/li>\n<li>Eliminuje sporadyczne bezsenno\u015b\u0107<\/li>\n<li>Promuje zdrowy relaks i sen<\/li>\n<li>Pomaga uzyska\u0107 od\u015bwie\u017caj\u0105cy sen i nie czu\u0107 si\u0119 sennym nast\u0119pnego dnia<\/li>\n<li>Poprawia jako\u015b\u0107 snu i u\u0142atwia zasypianie<\/li>\n<li>Promuje spokojny sen<\/li>\n<li>Uspokaja uk\u0142ad nerwowy<\/li>\n<li>Pomaga z\u0142agodzi\u0107 stres<\/li>\n<\/ul>\n<p><strong>DoTERRA SERENITY\u2122 Kompleks uspokajaj\u0105cy Zastosowanie:<\/strong><\/p>\n<p>P\u00f3\u0142 godziny przed snem we\u017a 1-2 kapsu\u0142ki.<\/p>\n<p>&nbsp;<\/p>\n<p>Obejrzyj film o kompleksie uspokajaj\u0105cym doTERRA SERENITY\u2122:<\/p>\n<p><iframe title=\"\u015apij jak dziecko z kapsu\u0142kami doTERRA Serenity\" src=\"https:\/\/www.youtube.com\/embed\/WdowVJaa82c\" width=\"946\" height=\"532\" frameborder=\"0\" allowfullscreen=\"allowfullscreen\"><\/iframe><\/p>\n","protected":false},"excerpt":{"rendered":"<p>Kapsu\u0142ki mi\u0119kkie doTERRA Serenity pozwalaj\u0105 \u0142atwo cieszy\u0107 si\u0119 korzy\u015bciami p\u0142yn\u0105cymi z mieszanki koj\u0105cej Serenity doTERRA.<\/p>\n<ul>\n<li>Promuje spokojny sen<\/li>\n<li>Ta wyj\u0105tkowa mieszanka Serenity pomaga do\u015bwiadczy\u0107 g\u0142\u0119bokiego spokoju i relaksu<\/li>\n<li>Poprawia jako\u015b\u0107 snu<\/li>\n<\/ul>\n","protected":false},"featured_media":12957,"template":"","meta":{"site-sidebar-layout":"default","site-content-layout":"default","ast-site-content-layout":"default","site-content-style":"default","site-sidebar-style":"default","ast-global-header-display":"","ast-banner-title-visibility":"","ast-main-header-display":"","ast-hfb-above-header-display":"","ast-hfb-below-header-display":"","ast-hfb-mobile-header-display":"","site-post-title":"","ast-breadcrumbs-content":"","ast-featured-img":"","footer-sml-layout":"","ast-disable-related-posts":"","theme-transparent-header-meta":"default","adv-header-id-meta":"","stick-header-meta":"","header-above-stick-meta":"","header-main-stick-meta":"","header-below-stick-meta":"","astra-migrate-meta-layouts":"default","ast-page-background-enabled":"default","ast-page-background-meta":{"desktop":{"background-color":"","background-image":"","background-repeat":"repeat","background-position":"center center","background-size":"auto","background-attachment":"scroll","background-type":"","background-media":"","overlay-type":"","overlay-color":"","overlay-opacity":"","overlay-gradient":""},"tablet":{"background-color":"","background-image":"","background-repeat":"repeat","background-position":"center center","background-size":"auto","background-attachment":"scroll","background-type":"","background-media":"","overlay-type":"","overlay-color":"","overlay-opacity":"","overlay-gradient":""},"mobile":{"background-color":"","background-image":"","background-repeat":"repeat","background-position":"center center","background-size":"auto","background-attachment":"scroll","background-type":"","background-media":"","overlay-type":"","overlay-color":"","overlay-opacity":"","overlay-gradient":""}},"ast-content-background-meta":{"desktop":{"background-color":"var(--ast-global-color-5)","background-image":"","background-repeat":"repeat","background-position":"center center","background-size":"auto","background-attachment":"scroll","background-type":"","background-media":"","overlay-type":"","overlay-color":"","overlay-opacity":"","overlay-gradient":""},"tablet":{"background-color":"var(--ast-global-color-5)","background-image":"","background-repeat":"repeat","background-position":"center center","background-size":"auto","background-attachment":"scroll","background-type":"","background-media":"","overlay-type":"","overlay-color":"","overlay-opacity":"","overlay-gradient":""},"mobile":{"background-color":"var(--ast-global-color-5)","background-image":"","background-repeat":"repeat","background-position":"center center","background-size":"auto","background-attachment":"scroll","background-type":"","background-media":"","overlay-type":"","overlay-color":"","overlay-opacity":"","overlay-gradient":""}}},"product_brand":[],"product_cat":[1738,1702,1698],"product_tag":[1553,1429],"class_list":{"0":"post-16024","1":"product","2":"type-product","3":"status-publish","4":"has-post-thumbnail","6":"product_cat-do-spania","7":"product_cat-mieszanki-olejkow-eterycznych","8":"product_cat-olejki-eteryczne","9":"product_tag-kapsulki","10":"product_tag-serenity-pl","11":"desktop-align-left","12":"tablet-align-left","13":"mobile-align-left","15":"first","16":"instock","17":"taxable","18":"shipping-taxable","19":"purchasable","20":"product-type-simple"},"_links":{"self":[{"href":"https:\/\/mamaterra.lt\/pl\/wp-json\/wp\/v2\/product\/16024","targetHints":{"allow":["GET"]}}],"collection":[{"href":"https:\/\/mamaterra.lt\/pl\/wp-json\/wp\/v2\/product"}],"about":[{"href":"https:\/\/mamaterra.lt\/pl\/wp-json\/wp\/v2\/types\/product"}],"wp:featuredmedia":[{"embeddable":true,"href":"https:\/\/mamaterra.lt\/pl\/wp-json\/wp\/v2\/media\/12957"}],"wp:attachment":[{"href":"https:\/\/mamaterra.lt\/pl\/wp-json\/wp\/v2\/media?parent=16024"}],"wp:term":[{"taxonomy":"product_brand","embeddable":true,"href":"https:\/\/mamaterra.lt\/pl\/wp-json\/wp\/v2\/product_brand?post=16024"},{"taxonomy":"product_cat","embeddable":true,"href":"https:\/\/mamaterra.lt\/pl\/wp-json\/wp\/v2\/product_cat?post=16024"},{"taxonomy":"product_tag","embeddable":true,"href":"https:\/\/mamaterra.lt\/pl\/wp-json\/wp\/v2\/product_tag?post=16024"}],"curies":[{"name":"wp","href":"https:\/\/api.w.org\/{rel}","templated":true}]}}