{"id":16014,"date":"2021-09-19T16:20:22","date_gmt":"2021-09-19T15:20:22","guid":{"rendered":"https:\/\/mamaterra.lt\/parduotuve\/bez-kategorii\/doterra-breathe-vapor-stick-pencil-aplikator-12g\/"},"modified":"2024-03-26T21:04:29","modified_gmt":"2024-03-26T20:04:29","slug":"doterra-breathe-vapor-stick-aplikator","status":"publish","type":"product","link":"https:\/\/mamaterra.lt\/pl\/parduotuve\/olejki-eteryczne\/mieszanki-olejkow-eterycznych\/doterra-breathe-vapor-stick-aplikator\/","title":{"rendered":"DoTERRA Breathe Vapor Stick Aplikator 12g"},"content":{"rendered":"<p><strong>DoTERRA Breathe Vapor Stick Pencil Aplikator<\/strong><\/p>\n<p>12g<\/p>\n<p>&nbsp;<\/p>\n<p><strong>aplikator o\u0142\u00f3wkowy doTERRA Breathe Vapor Stick Cechy og\u00f3lne:<\/strong><\/p>\n<ul>\n<li>Ciesz si\u0119 wygod\u0105, szybkim wch\u0142anianiem i delikatnym smarowaniem aplikatora doTERRA Breathe.<\/li>\n<li>Naturalna formu\u0142a tego aplikatora \u0142atwo \u015blizga si\u0119 po sk\u00f3rze, nie pozostawiaj\u0105c t\u0142usto\u015bci ani lepko\u015bci.<\/li>\n<li>Ma\u0142y i wygodny pakiet doTERRA Breathe Stick jest idealny w podr\u00f3\u017cy, a do odczucia jego bezpo\u015bredniego uderzenia potrzebna jest tylko niewielka ilo\u015b\u0107.<\/li>\n<li>Moc mieszanki olejk\u00f3w eterycznych doTERRA Breathe mo\u017cna odczu\u0107 natychmiast po na\u0142o\u017ceniu na klatk\u0119 piersiow\u0105 i szyj\u0119.<\/li>\n<li>Natychmiast poczujesz efekt ch\u0142odzenia, drogi oddechowe si\u0119 otworz\u0105.<\/li>\n<\/ul>\n<p><strong>aplikator o\u0142\u00f3wka doTERRA Breathe Vapor Stick Pencil Sk\u0142adniki:<\/strong><\/p>\n<p>Olejek z li\u015bci eukaliptusa globulus, olej z li\u015bci Laurus nobilis, olejek z mi\u0119ty pieprzowej, olejek z li\u015bci drzewa herbacianego, olejek ze sk\u00f3rki cytryny, li\u015b\u0107 ravensara, nasiona kardamonu, olej z li\u015bci Ravintsara.<\/p>\n<p>&nbsp;<\/p>\n<p>&nbsp;<\/p>\n","protected":false},"excerpt":{"rendered":"<ul>\n<li>Ciesz si\u0119 wygod\u0105, szybkim przyswajaniem i delikatnym smarowaniem aplikatora doTERRA Breathe<\/li>\n<li>Moc mieszanki olejk\u00f3w eterycznych doTERRA Breathe mo\u017cna odczu\u0107 natychmiast po na\u0142o\u017ceniu na klatk\u0119 piersiow\u0105 i szyj\u0119<\/li>\n<li>Naturalna formu\u0142a tego aplikatora \u0142atwo \u015blizga si\u0119 po sk\u00f3rze, nie pozostawiaj\u0105c t\u0142usto\u015bci ani lepko\u015bci<\/li>\n<li>Natychmiast poczujesz efekt ch\u0142odzenia, drogi oddechowe si\u0119 otworz\u0105<\/li>\n<\/ul>\n<p>&nbsp;<\/p>\n","protected":false},"featured_media":22537,"template":"","meta":{"site-sidebar-layout":"default","site-content-layout":"default","ast-site-content-layout":"default","site-content-style":"default","site-sidebar-style":"default","ast-global-header-display":"","ast-banner-title-visibility":"","ast-main-header-display":"","ast-hfb-above-header-display":"","ast-hfb-below-header-display":"","ast-hfb-mobile-header-display":"","site-post-title":"","ast-breadcrumbs-content":"","ast-featured-img":"","footer-sml-layout":"","ast-disable-related-posts":"","theme-transparent-header-meta":"default","adv-header-id-meta":"","stick-header-meta":"","header-above-stick-meta":"","header-main-stick-meta":"","header-below-stick-meta":"","astra-migrate-meta-layouts":"set","ast-page-background-enabled":"default","ast-page-background-meta":{"desktop":{"background-color":"","background-image":"","background-repeat":"repeat","background-position":"center center","background-size":"auto","background-attachment":"scroll","background-type":"","background-media":"","overlay-type":"","overlay-color":"","overlay-opacity":"","overlay-gradient":""},"tablet":{"background-color":"","background-image":"","background-repeat":"repeat","background-position":"center center","background-size":"auto","background-attachment":"scroll","background-type":"","background-media":"","overlay-type":"","overlay-color":"","overlay-opacity":"","overlay-gradient":""},"mobile":{"background-color":"","background-image":"","background-repeat":"repeat","background-position":"center center","background-size":"auto","background-attachment":"scroll","background-type":"","background-media":"","overlay-type":"","overlay-color":"","overlay-opacity":"","overlay-gradient":""}},"ast-content-background-meta":{"desktop":{"background-color":"var(--ast-global-color-5)","background-image":"","background-repeat":"repeat","background-position":"center center","background-size":"auto","background-attachment":"scroll","background-type":"","background-media":"","overlay-type":"","overlay-color":"","overlay-opacity":"","overlay-gradient":""},"tablet":{"background-color":"var(--ast-global-color-5)","background-image":"","background-repeat":"repeat","background-position":"center center","background-size":"auto","background-attachment":"scroll","background-type":"","background-media":"","overlay-type":"","overlay-color":"","overlay-opacity":"","overlay-gradient":""},"mobile":{"background-color":"var(--ast-global-color-5)","background-image":"","background-repeat":"repeat","background-position":"center center","background-size":"auto","background-attachment":"scroll","background-type":"","background-media":"","overlay-type":"","overlay-color":"","overlay-opacity":"","overlay-gradient":""}}},"product_brand":[],"product_cat":[1755,1702,1698],"product_tag":[728,1335,1651],"class_list":{"0":"post-16014","1":"product","2":"type-product","3":"status-publish","4":"has-post-thumbnail","6":"product_cat-dla-dzieci","7":"product_cat-mieszanki-olejkow-eterycznych","8":"product_cat-olejki-eteryczne","9":"product_tag-12g-pl","10":"product_tag-breathe-pl","11":"product_tag-olowek","12":"desktop-align-left","13":"tablet-align-left","14":"mobile-align-left","16":"first","17":"instock","18":"taxable","19":"shipping-taxable","20":"purchasable","21":"product-type-simple"},"_links":{"self":[{"href":"https:\/\/mamaterra.lt\/pl\/wp-json\/wp\/v2\/product\/16014","targetHints":{"allow":["GET"]}}],"collection":[{"href":"https:\/\/mamaterra.lt\/pl\/wp-json\/wp\/v2\/product"}],"about":[{"href":"https:\/\/mamaterra.lt\/pl\/wp-json\/wp\/v2\/types\/product"}],"wp:featuredmedia":[{"embeddable":true,"href":"https:\/\/mamaterra.lt\/pl\/wp-json\/wp\/v2\/media\/22537"}],"wp:attachment":[{"href":"https:\/\/mamaterra.lt\/pl\/wp-json\/wp\/v2\/media?parent=16014"}],"wp:term":[{"taxonomy":"product_brand","embeddable":true,"href":"https:\/\/mamaterra.lt\/pl\/wp-json\/wp\/v2\/product_brand?post=16014"},{"taxonomy":"product_cat","embeddable":true,"href":"https:\/\/mamaterra.lt\/pl\/wp-json\/wp\/v2\/product_cat?post=16014"},{"taxonomy":"product_tag","embeddable":true,"href":"https:\/\/mamaterra.lt\/pl\/wp-json\/wp\/v2\/product_tag?post=16014"}],"curies":[{"name":"wp","href":"https:\/\/api.w.org\/{rel}","templated":true}]}}