{"id":16012,"date":"2021-12-28T11:15:54","date_gmt":"2021-12-28T10:15:54","guid":{"rendered":"https:\/\/mamaterra.lt\/parduotuve\/bez-kategorii\/doterra-introductory-essential-oil-set-introductory-kit-3-rozne-olejki-eteryczne-doterra-po-5-ml-kazdy\/"},"modified":"2021-12-28T11:15:54","modified_gmt":"2021-12-28T10:15:54","slug":"doterra-olejek-wprowadzenie-zestaw-3-rozne-doterra-olejki-eteryczne-5ml","status":"publish","type":"product","link":"https:\/\/mamaterra.lt\/pl\/parduotuve\/olejki-eteryczne\/czyste-olejki-eteryczne\/doterra-olejek-wprowadzenie-zestaw-3-rozne-doterra-olejki-eteryczne-5ml\/","title":{"rendered":"DoTERRA Introductory Essential Oil Set (INTRODUCTORY KIT) (3 r\u00f3\u017cne olejki eteryczne doTERRA po 5 ml ka\u017cdy)"},"content":{"rendered":"<p><strong>Zestaw olejk\u00f3w eterycznych doTERRA (zestaw wprowadzaj\u0105cy) (3 r\u00f3\u017cne olejki eteryczne doTERRA)<\/strong><\/p>\n<p>3 olejki eteryczne po 5ml ka\u017cdy<\/p>\n<p>&nbsp;<\/p>\n<p><strong>DoTERRA Introductory Essential Oil Kit Opis:<\/strong><\/p>\n<p>Kiedy co\u015b zaczynasz, najlepiej zacz\u0105\u0107 od podstaw. Dlatego po\u0142\u0105czyli\u015bmy trzy najpopularniejsze i najsilniejsze olejki eteryczne, kt\u00f3re s\u0105 \u0142atwe w u\u017cyciu i jeszcze \u0142atwiejsze do zakochania! Dla wszystkich, kt\u00f3rzy dopiero zaczynaj\u0105 u\u017cywa\u0107 olejk\u00f3w eterycznych, zestaw wprowadzaj\u0105cy stanowi doskona\u0142\u0105 okazj\u0119 do ich dotkni\u0119cia.<\/p>\n<p>Trzy najlepiej sprzedaj\u0105ce si\u0119 czyste sprawdzone olejki eteryczne z certyfikatem doterra CPTG &#8211; cytrynowy, lawendowy i mi\u0119towy &#8211; s\u0105 idealnym punktem wyj\u015bcia dla ka\u017cdego, kto ma nadziej\u0119 zmieni\u0107 swoje \u017cycie dzi\u0119ki si\u0142om natury. Zestaw jest prezentowany w wygodnym opakowaniu, a metody u\u017cycia zaproponowane w za\u0142\u0105czonym opisie pomog\u0105 Ci prawid\u0142owo pracowa\u0107.<\/p>\n<p>&nbsp;<\/p>\n<p><strong>Zestaw wprowadzaj\u0105cych olejk\u00f3w eterycznych doTERRA (zestaw wprowadzaj\u0105cy) sk\u0142ada si\u0119 z nast\u0119puj\u0105cych 3 r\u00f3\u017cnych olejk\u00f3w eterycznych doTERRA po 5 ml ka\u017cdy:<\/strong><\/p>\n<ul>\n<li>Olejek cytrynowy<\/li>\n<li>Olejek eteryczny z mi\u0119ty pieprzowej<\/li>\n<li>Olejek lawendowy<\/li>\n<\/ul>\n<p><strong>doTERRA Olejek Cytrynowy 5ml<\/strong><\/p>\n<p>Jasny i weso\u0142y, <strong>cytrynowy niezb\u0119dny<\/strong> aromat oleju jest tok s\u0142oneczny. Czysty olejek cytrynowy doTERRA mo\u017ce by\u0107 stosowany aromatycznie, miejscowo i wewn\u0119trznie. Rozprowad\u017a nastrojowy aromat cytryny, aby ka\u017cde otoczenie sta\u0142o si\u0119 weso\u0142\u0105, energetyzuj\u0105c\u0105 przestrzeni\u0105. Cytryna mo\u017ce by\u0107 spo\u017cywana do wewn\u0105trz, aby wspom\u00f3c trawienie. * Dodatkowo \u015bwietnie smakuje! Dodaj kropl\u0119 do napoj\u00f3w, jogurtu, sos\u00f3w sa\u0142atkowych itp., Aby uzyska\u0107 doskona\u0142y smak i wewn\u0119trzne korzy\u015bci (wystarczy jedna lub dwie krople). Ze wzgl\u0119du na naturalnie czyszczone sk\u0142adniki chemiczne, takie jak limonen, olejek cytrynowy jest idealny do czyszczenia powierzchni. Mo\u017cesz sam zrobi\u0107 zielony \u015brodek czyszcz\u0105cy, u\u017cywaj\u0105c kilku kropli cytryny z wod\u0105 w butelce z rozpylaczem. Innym sposobem wykorzystania mocy cytryny jest na\u0142o\u017cenie kropli lub dw\u00f3ch bezpo\u015brednio na trudn\u0105 do czyszczenia plam\u0119, klej, rysunki markerem na \u015bcianach, niebia\u0142e podeszwy do sneakers\u00f3w. Jest szczeg\u00f3lnie odpowiedni do wycierania lepkich pozosta\u0142o\u015bci.<\/p>\n<p>Cytryna jest silnym \u015brodkiem czyszcz\u0105cym, kt\u00f3ry czy\u015bci powierzchnie i mo\u017ce by\u0107 stosowany jako nietoksyczny \u015brodek czyszcz\u0105cy w domu.<\/p>\n<p><strong>doTERRA Olejek Mi\u0119towy 5ml<\/strong><\/p>\n<p>Mi\u0119ta pieprzowa pomaga z\u0142agodzi\u0107 sporadyczne rozstr\u00f3j \u017co\u0142\u0105dka i promuje zdrowe funkcje oddechowe, gdy jest spo\u017cywana do wewn\u0105trz.<\/p>\n<p>\u015awie\u017cy aromat <strong>olejku mi\u0119towego<\/strong> wype\u0142nia ka\u017cd\u0105 przestrze\u0144 energi\u0105! Jego smak jest tak dobry jak s\u0142odki zapach. Pure doTERRA peppermint mo\u017ce by\u0107 stosowany aromatycznie, miejscowo i wewn\u0119trznie. Pikantny i orze\u017awiaj\u0105cy, zapach olejku eterycznego z mi\u0119ty pieprzowej doskonale budzi si\u0119 rano. R\u00f3wnie\u017c doskonale obudzi\u0107 si\u0119 po obfitym obiedzie lub d\u0142ugotrwa\u0142ej je\u017adzie w podr\u00f3\u017cy. Roz\u0142\u00f3\u017c go w swoim biurze lub w domu dla dzieci pracuj\u0105cych nad projektem lub ucz\u0105cych si\u0119. Zewn\u0119trznie mi\u0119ta pieprzowa daje silne uczucie ch\u0142odzenia. Na\u0142\u00f3\u017c niewielk\u0105 ilo\u015b\u0107 na podstaw\u0119 czaszki i siekaczy lub u\u017cyj kilku kropli do koj\u0105cego masa\u017cu ramion lub plec\u00f3w. \u015awietn\u0105 letni\u0105 sztuczk\u0105 jest dodanie kilku kropli do ma\u0142ej butelki z rozpylaczem z wod\u0105. Mo\u017cesz spryska\u0107 d\u0142onie, szyj\u0119 i inne obszary sk\u00f3ry, aby poczu\u0107 ch\u0142\u00f3d w upale dnia. Olejek eteryczny z mi\u0119ty pieprzowej ma doskona\u0142y smak i przynosi wiele korzy\u015bci dla organizmu. * Po podj\u0119ciu wewn\u0119trznym mo\u017ce pom\u00f3c w sporadycznych zaburzeniach trawienia. * Spo\u017cycie mi\u0119ty pieprzowej wspiera r\u00f3wnie\u017c zdrowie uk\u0142adu oddechowego. * Dodaj kropl\u0119 do ulubionego koktajlu, koktajli proteinowych itp. napoj\u00f3w i potraw. Lawenda jest jednym z najbardziej ukochanych olejk\u00f3w eterycznych na \u015bwiecie. Jego delikatny, s\u0142odki kwiatowy aromat tworzy koj\u0105c\u0105, relaksuj\u0105c\u0105 atmosfer\u0119.<\/p>\n<p><strong>doTERRA Olejek Lawendowy 5ml<\/strong><\/p>\n<p>Czysta <strong>lawenda<\/strong> doTERRA  Olejek eteryczny mo\u017ce by\u0107 stosowany aromatycznie, miejscowo i wewn\u0119trznie. Aromatyczno-koj\u0105cy zapach lawendy jest idealny do gotowania na parze lub wdychania z d\u0142oni wieczorem przed snem. U\u017cywana w \u015brodku lawenda mo\u017ce uspokoi\u0107 i zrelaksowa\u0107 my\u015bli.* Dodaj kropl\u0119 domowej herbaty do domowej herbaty przed p\u00f3j\u015bciem spa\u0107 to jeden ze sposob\u00f3w na skorzystanie z tej wspania\u0142ej naturalnej korzy\u015bci. Lawenda koi sk\u00f3r\u0119. U\u017cywaj go miejscowo na drobne zadrapania i podra\u017cnienia, jako cz\u0119\u015b\u0107 rutynowej piel\u0119gnacji sk\u00f3ry lub na stopach przed snem. Korzy\u015bci z olejku lawendowego mog\u0105 by\u0107 odczuwalne przez ca\u0142\u0105 rodzin\u0119. Mo\u017cesz go u\u017cywa\u0107 miejscowo lub aromatycznie ze swoimi dzie\u0107mi, nawet z niespokojnymi dzie\u0107mi. W przypadku stosowania miejscowego u ma\u0142ych dzieci potrzebna jest tylko jedna lub dwie krople. Rozcie\u0144czy\u0107 olejem no\u015bnikowym, takim jak frakcjonowany olej kokosowy \u2013 oliwa z oliwek lub olej z awokado r\u00f3wnie\u017c zadzia\u0142a \u2013 w celu zmniejszenia wra\u017cliwo\u015bci sk\u00f3ry i zwi\u0119kszenia wch\u0142aniania.<\/p>\n<p>Lawenda ma koj\u0105cy i relaksuj\u0105cy aromat, kt\u00f3ry tworzy spokojne otoczenie przed snem. Mo\u017ce r\u00f3wnie\u017c promowa\u0107 spokojny sen, gdy jest u\u017cywany w \u015brodku. *<\/p>\n<p>&nbsp;<\/p>\n<p><strong>Wskaz\u00f3wki dotycz\u0105ce korzystania z zestawu olejk\u00f3w eterycznych doTERRA:<\/strong><\/p>\n<ul>\n<li>Przed p\u00f3j\u015bciem spa\u0107 na\u0142\u00f3\u017c kropl\u0119 lawendy na poduszk\u0119.<\/li>\n<li>We\u017a kilka kropli mi\u0119ty pieprzowej do \u015brodka, aby z\u0142agodzi\u0107 sporadyczne rozstr\u00f3j \u017co\u0142\u0105dka. *<\/li>\n<li>Dodaj kropl\u0119 cytryny do wody, aby utrzyma\u0107 trawienie i poczu\u0107 orze\u017awiaj\u0105cy smak.<\/li>\n<li>U\u017cyj lawendy, aby z\u0142agodzi\u0107 sporadyczne podra\u017cnienia sk\u00f3ry.<\/li>\n<li>Gotowana na parze z dyfuzorem mi\u0119ta pieprzowa emituje energetyczny aromat.<\/li>\n<li>Oczy\u015b\u0107 dom naturalnie za pomoc\u0105 cytryny.<\/li>\n<\/ul>\n<p>&nbsp;<\/p>\n<p>Obejrzyj film o wprowadzaj\u0105cym zestawie olejk\u00f3w eterycznych doTERRA.<\/p>\n<p><iframe title=\"Odtwarzacz wideo YouTube\" src=\"https:\/\/www.youtube-nocookie.com\/embed\/W6U61OWGkK0\" width=\"560\" height=\"315\" frameborder=\"0\" allowfullscreen=\"allowfullscreen\"><\/iframe><\/p>\n","protected":false},"excerpt":{"rendered":"<ul>\n<li>Trzy najlepiej sprzedaj\u0105ce si\u0119 certyfikowane przez doterra CPTG czyste przetestowane olejki eteryczne o pojemno\u015bci 5 ml ka\u017cdy &#8211; cytrynowa, lawendowa i mi\u0119towa.<\/li>\n<li>Idealny punkt wyj\u015bcia dla ka\u017cdego, kto ma nadziej\u0119 zmieni\u0107 swoje \u017cycie dzi\u0119ki si\u0142om natury.<\/li>\n<li>Zestaw jest prezentowany w wygodnym opakowaniu, a metody u\u017cycia zaproponowane w za\u0142\u0105czonym opisie pomog\u0105 Ci prawid\u0142owo pracowa\u0107.<\/li>\n<\/ul>\n","protected":false},"featured_media":13086,"template":"","meta":{"site-sidebar-layout":"default","site-content-layout":"default","ast-site-content-layout":"default","site-content-style":"default","site-sidebar-style":"default","ast-global-header-display":"","ast-banner-title-visibility":"","ast-main-header-display":"","ast-hfb-above-header-display":"","ast-hfb-below-header-display":"","ast-hfb-mobile-header-display":"","site-post-title":"","ast-breadcrumbs-content":"","ast-featured-img":"","footer-sml-layout":"","ast-disable-related-posts":"","theme-transparent-header-meta":"default","adv-header-id-meta":"","stick-header-meta":"","header-above-stick-meta":"","header-main-stick-meta":"","header-below-stick-meta":"","astra-migrate-meta-layouts":"default","ast-page-background-enabled":"default","ast-page-background-meta":{"desktop":{"background-color":"","background-image":"","background-repeat":"repeat","background-position":"center center","background-size":"auto","background-attachment":"scroll","background-type":"","background-media":"","overlay-type":"","overlay-color":"","overlay-opacity":"","overlay-gradient":""},"tablet":{"background-color":"","background-image":"","background-repeat":"repeat","background-position":"center center","background-size":"auto","background-attachment":"scroll","background-type":"","background-media":"","overlay-type":"","overlay-color":"","overlay-opacity":"","overlay-gradient":""},"mobile":{"background-color":"","background-image":"","background-repeat":"repeat","background-position":"center center","background-size":"auto","background-attachment":"scroll","background-type":"","background-media":"","overlay-type":"","overlay-color":"","overlay-opacity":"","overlay-gradient":""}},"ast-content-background-meta":{"desktop":{"background-color":"var(--ast-global-color-5)","background-image":"","background-repeat":"repeat","background-position":"center center","background-size":"auto","background-attachment":"scroll","background-type":"","background-media":"","overlay-type":"","overlay-color":"","overlay-opacity":"","overlay-gradient":""},"tablet":{"background-color":"var(--ast-global-color-5)","background-image":"","background-repeat":"repeat","background-position":"center center","background-size":"auto","background-attachment":"scroll","background-type":"","background-media":"","overlay-type":"","overlay-color":"","overlay-opacity":"","overlay-gradient":""},"mobile":{"background-color":"var(--ast-global-color-5)","background-image":"","background-repeat":"repeat","background-position":"center center","background-size":"auto","background-attachment":"scroll","background-type":"","background-media":"","overlay-type":"","overlay-color":"","overlay-opacity":"","overlay-gradient":""}}},"product_brand":[],"product_cat":[1704,1755,1738,1698,1688,1752,1758,1707],"product_tag":[1596],"class_list":{"0":"post-16012","1":"product","2":"type-product","3":"status-publish","4":"has-post-thumbnail","6":"product_cat-czyste-olejki-eteryczne","7":"product_cat-dla-dzieci","8":"product_cat-do-spania","9":"product_cat-olejki-eteryczne","10":"product_cat-prezenty","11":"product_cat-radzenia-sobie-ze-stresem","12":"product_cat-trawienie","13":"product_cat-zestawy-i-kolekcje","14":"product_tag-zestawy","15":"desktop-align-left","16":"tablet-align-left","17":"mobile-align-left","19":"first","20":"instock","21":"taxable","22":"shipping-taxable","23":"purchasable","24":"product-type-simple"},"_links":{"self":[{"href":"https:\/\/mamaterra.lt\/pl\/wp-json\/wp\/v2\/product\/16012","targetHints":{"allow":["GET"]}}],"collection":[{"href":"https:\/\/mamaterra.lt\/pl\/wp-json\/wp\/v2\/product"}],"about":[{"href":"https:\/\/mamaterra.lt\/pl\/wp-json\/wp\/v2\/types\/product"}],"wp:featuredmedia":[{"embeddable":true,"href":"https:\/\/mamaterra.lt\/pl\/wp-json\/wp\/v2\/media\/13086"}],"wp:attachment":[{"href":"https:\/\/mamaterra.lt\/pl\/wp-json\/wp\/v2\/media?parent=16012"}],"wp:term":[{"taxonomy":"product_brand","embeddable":true,"href":"https:\/\/mamaterra.lt\/pl\/wp-json\/wp\/v2\/product_brand?post=16012"},{"taxonomy":"product_cat","embeddable":true,"href":"https:\/\/mamaterra.lt\/pl\/wp-json\/wp\/v2\/product_cat?post=16012"},{"taxonomy":"product_tag","embeddable":true,"href":"https:\/\/mamaterra.lt\/pl\/wp-json\/wp\/v2\/product_tag?post=16012"}],"curies":[{"name":"wp","href":"https:\/\/api.w.org\/{rel}","templated":true}]}}