{"id":16011,"date":"2021-11-02T12:11:12","date_gmt":"2021-11-02T11:11:12","guid":{"rendered":"https:\/\/mamaterra.lt\/parduotuve\/bez-kategorii\/doterra-nawilzacz-aromatu-dawn-nawilzacz\/"},"modified":"2021-11-02T12:11:12","modified_gmt":"2021-11-02T11:11:12","slug":"doterra-swit-aroma-nawilzacz","status":"publish","type":"product","link":"https:\/\/mamaterra.lt\/pl\/parduotuve\/dyfuzory\/doterra-swit-aroma-nawilzacz\/","title":{"rendered":"doTERRA Nawil\u017cacz Aromatu Dawn (nawil\u017cacz)"},"content":{"rendered":"<p><strong>doTERRA Nawil\u017cacz Aromatu Dawn (nawil\u017cacz)<\/strong><\/p>\n<p>Spotkaj si\u0119 ze swoim nowym przyjacielem przed snem &#8211; nawil\u017caczem aromatu Dawn. Je\u015bli kiedykolwiek chcia\u0142e\u015b po\u0142\u0105czy\u0107 idealny aromat dyfuzora z wygodnymi ustawieniami nawil\u017cacza, teraz mo\u017cesz to zrobi\u0107!<\/p>\n<p>&nbsp;<\/p>\n<p><strong>doTERRA Dawn Aroma Humidifier (nawil\u017cacz) Opis:<\/strong><\/p>\n<p>Poniewa\u017c olejki eteryczne s\u0105 tak silne i silne, eksperci zwykle nie zalecaj\u0105 kapania olejk\u00f3w eterycznych do zwyk\u0142ego nawil\u017cacza, poniewa\u017c zwykle s\u0105 one niekompatybilne. Dlatego doTERRA opracowa\u0142a nawil\u017cacz Dawn Aroma, aby da\u0107 Ci mo\u017cliwo\u015b\u0107 cieszenia si\u0119 koj\u0105cymi aromatami ulubionych olejk\u00f3w eterycznych przy zachowaniu optymalnego poziomu wilgotno\u015bci w ka\u017cdym pomieszczeniu.<\/p>\n<p>Nawil\u017cacz Dawn Aroma ma inteligentny tryb snu, kt\u00f3ry automatycznie dostosowuje si\u0119 do idealnej wilgotno\u015bci przez ca\u0142\u0105 noc, co ma stworzy\u0107 odpowiednie \u015brodowisko dla dobrego snu. Dyfuzor ma r\u00f3wnie\u017c niski poziom ha\u0142asu, wi\u0119c jest szczeg\u00f3lnie odpowiedni na noc. Ponadto ma automatyczne bezpieczne wy\u0142\u0105czanie, wi\u0119c nie musisz si\u0119 martwi\u0107, \u017ce zabraknie wody. Korzystaj\u0105c z funkcji wype\u0142niania g\u00f3rnego, nie b\u0119dziesz musia\u0142 zdejmowa\u0107 \u017cadnych pokryw. Wystarczy doda\u0107 olejki eteryczne i wod\u0119.<\/p>\n<ul>\n<li>  Pojemno\u015b\u0107 wodna: 1.8 l<\/li>\n<li>  Zalecana wielko\u015b\u0107 pokoju: do 25 metr\u00f3w kwadratowych. m<\/li>\n<li>  Praca ci\u0105g\u0142a: w trybie wysokiej intensywno\u015bci \u2013 do 7 godzin, w trybie \u015bredniej intensywno\u015bci \u2013 do 12 godzin, w trybie niskiej intensywno\u015bci \u2013 do 22 godzin\u00b7<\/li>\n<li>  Tryb u\u015bpienia \u2013 automatycznie dostosowuje si\u0119 do utrzymania optymalnego poziomu wilgotno\u015bci\u00b7<\/li>\n<li>  \u0141atwe czyszczenie: \u0142atwy do demonta\u017cu do czyszczenia\u00b7<\/li>\n<li>  Funkcja nape\u0142niania g\u00f3rnego: woda i olejki eteryczne mo\u017cna dodawa\u0107 bez zdejmowania zakr\u0119tek\u00b7<\/li>\n<li>  Niski poziom ha\u0142asu\u00b7<\/li>\n<li>  Automatyczne wy\u0142\u0105czanie ochronne<\/li>\n<li>  2 lata gwarancji.<\/li>\n<li>Wymiary: 15 x 27 cm.<\/li>\n<\/ul>\n<p><strong>doTERRA Dawn Aroma Moisturizer (nawil\u017cacz) Zastosowanie:<\/strong><\/p>\n<ul>\n<li>Przed p\u00f3j\u015bciem spa\u0107 dodaj kilka kropel doTERRA Serenity\u00ae do dyfuzora, aby stworzy\u0107 idealne \u015brodowisko do spokojnego snu.\u00b7<\/li>\n<li>Przygotowuj\u0105c si\u0119 do snu i relaksu, dodaj koj\u0105ce olejki eteryczne, takie jak lawenda, drzewo sanda\u0142owe lub wetyweria, do nawil\u017cacza aromatu Dawn i umie\u015b\u0107 go na nocnym stoliku.\u00b7<\/li>\n<li>Podczas gdy Twoje dzieci czytaj\u0105 bajki przed snem i myj\u0105 z\u0119by, gotuj na parze rumianek rzymski, tworz\u0105c w ten spos\u00f3b spokojn\u0105 atmosfer\u0119\u00b7<\/li>\n<li>Kiedy \u017ale si\u0119 czujesz, w nocy gotuj na parze olejki eteryczne i mieszanki, takie jak doTERRA Breathe\u00ae lub doTERRA On Guard\u00ae.<\/li>\n<\/ul>\n<p>&nbsp;<\/p>\n<p>Obejrzyj film o aroma dawn nawil\u017cacz.<\/p>\n<p><iframe title=\"Jak korzysta\u0107 z nawil\u017cacza aromatu doTERRA Dawn\" src=\"https:\/\/www.youtube.com\/embed\/dFB_C4SSPA4\" width=\"946\" height=\"532\" frameborder=\"0\" allowfullscreen=\"allowfullscreen\"><\/iframe><\/p>\n","protected":false},"excerpt":{"rendered":"<ul>\n<li>nawil\u017cacz zapachowy doTERRA Dawn zaprojektowany z my\u015bl\u0105 o zapewnieniu najwy\u017cszego komfortu w ka\u017cdym pomieszczeniu<\/li>\n<li>Wygodne ustawienia nawil\u017cacza<\/li>\n<li>Inteligentny tryb snu utrzymuje idealny poziom wilgotno\u015bci przez ca\u0142\u0105 noc i pomaga stworzy\u0107 idealne \u015brodowisko do dobrego snu<\/li>\n<\/ul>\n","protected":false},"featured_media":13044,"template":"","meta":{"site-sidebar-layout":"default","site-content-layout":"default","ast-site-content-layout":"default","site-content-style":"default","site-sidebar-style":"default","ast-global-header-display":"","ast-banner-title-visibility":"","ast-main-header-display":"","ast-hfb-above-header-display":"","ast-hfb-below-header-display":"","ast-hfb-mobile-header-display":"","site-post-title":"","ast-breadcrumbs-content":"","ast-featured-img":"","footer-sml-layout":"","ast-disable-related-posts":"","theme-transparent-header-meta":"default","adv-header-id-meta":"","stick-header-meta":"","header-above-stick-meta":"","header-main-stick-meta":"","header-below-stick-meta":"","astra-migrate-meta-layouts":"default","ast-page-background-enabled":"default","ast-page-background-meta":{"desktop":{"background-color":"","background-image":"","background-repeat":"repeat","background-position":"center center","background-size":"auto","background-attachment":"scroll","background-type":"","background-media":"","overlay-type":"","overlay-color":"","overlay-opacity":"","overlay-gradient":""},"tablet":{"background-color":"","background-image":"","background-repeat":"repeat","background-position":"center center","background-size":"auto","background-attachment":"scroll","background-type":"","background-media":"","overlay-type":"","overlay-color":"","overlay-opacity":"","overlay-gradient":""},"mobile":{"background-color":"","background-image":"","background-repeat":"repeat","background-position":"center center","background-size":"auto","background-attachment":"scroll","background-type":"","background-media":"","overlay-type":"","overlay-color":"","overlay-opacity":"","overlay-gradient":""}},"ast-content-background-meta":{"desktop":{"background-color":"var(--ast-global-color-5)","background-image":"","background-repeat":"repeat","background-position":"center center","background-size":"auto","background-attachment":"scroll","background-type":"","background-media":"","overlay-type":"","overlay-color":"","overlay-opacity":"","overlay-gradient":""},"tablet":{"background-color":"var(--ast-global-color-5)","background-image":"","background-repeat":"repeat","background-position":"center center","background-size":"auto","background-attachment":"scroll","background-type":"","background-media":"","overlay-type":"","overlay-color":"","overlay-opacity":"","overlay-gradient":""},"mobile":{"background-color":"var(--ast-global-color-5)","background-image":"","background-repeat":"repeat","background-position":"center center","background-size":"auto","background-attachment":"scroll","background-type":"","background-media":"","overlay-type":"","overlay-color":"","overlay-opacity":"","overlay-gradient":""}}},"product_brand":[],"product_cat":[1686],"product_tag":[1263,1527,1627],"class_list":{"0":"post-16011","1":"product","2":"type-product","3":"status-publish","4":"has-post-thumbnail","6":"product_cat-dyfuzory","7":"product_tag-dawn-aroma-pl","8":"product_tag-dyfuzor","9":"product_tag-nawilzacz","10":"desktop-align-left","11":"tablet-align-left","12":"mobile-align-left","14":"first","15":"outofstock","16":"taxable","17":"shipping-taxable","18":"purchasable","19":"product-type-simple"},"_links":{"self":[{"href":"https:\/\/mamaterra.lt\/pl\/wp-json\/wp\/v2\/product\/16011","targetHints":{"allow":["GET"]}}],"collection":[{"href":"https:\/\/mamaterra.lt\/pl\/wp-json\/wp\/v2\/product"}],"about":[{"href":"https:\/\/mamaterra.lt\/pl\/wp-json\/wp\/v2\/types\/product"}],"wp:featuredmedia":[{"embeddable":true,"href":"https:\/\/mamaterra.lt\/pl\/wp-json\/wp\/v2\/media\/13044"}],"wp:attachment":[{"href":"https:\/\/mamaterra.lt\/pl\/wp-json\/wp\/v2\/media?parent=16011"}],"wp:term":[{"taxonomy":"product_brand","embeddable":true,"href":"https:\/\/mamaterra.lt\/pl\/wp-json\/wp\/v2\/product_brand?post=16011"},{"taxonomy":"product_cat","embeddable":true,"href":"https:\/\/mamaterra.lt\/pl\/wp-json\/wp\/v2\/product_cat?post=16011"},{"taxonomy":"product_tag","embeddable":true,"href":"https:\/\/mamaterra.lt\/pl\/wp-json\/wp\/v2\/product_tag?post=16011"}],"curies":[{"name":"wp","href":"https:\/\/api.w.org\/{rel}","templated":true}]}}