{"id":16009,"date":"2022-03-06T21:31:10","date_gmt":"2022-03-06T20:31:10","guid":{"rendered":"https:\/\/mamaterra.lt\/parduotuve\/bez-kategorii\/swieta-bazylia-tulsi-holy-basil-ocimum-sanctum-olejek-eteryczny-pure-doterra-5ml\/"},"modified":"2022-03-06T21:31:10","modified_gmt":"2022-03-06T20:31:10","slug":"tulsi-swiety-bazylia-ocimum-sanctum-pure-doterra-olejek-5ml","status":"publish","type":"product","link":"https:\/\/mamaterra.lt\/pl\/parduotuve\/olejki-eteryczne\/czyste-olejki-eteryczne\/tulsi-swiety-bazylia-ocimum-sanctum-pure-doterra-olejek-5ml\/","title":{"rendered":"\u015awi\u0119ta bazylia (TULSI HOLY BASIL &#8211; Ocimum Sanctum) Olejek eteryczny Pure doterra 5ml"},"content":{"rendered":"<p><strong>Olejek eteryczny ze \u015bwi\u0119tej bazylii (TULSI HOLY BASIL) Pure doTERRA Essential Oil<\/strong><\/p>\n<p>Ocimum Sanctum | 5 ml<\/p>\n<p>&nbsp;<\/p>\n<p><strong>Opis olejku eterycznego Saint Basil&#8217;s Pure doTERRA:<\/strong><\/p>\n<p>Tulsi (\u015awi\u0119ta Bazylia) by\u0142a u\u017cywana we wszystkich kulturach hinduskich w celu promowania dobrego samopoczucia i duchowego o\u015bwiecenia. Jest tradycyjnie u\u017cywany na ca\u0142ym \u015bwiecie jako cz\u0119\u015b\u0107 rytua\u0142\u00f3w i ochrony w wielu kulturach. W przeciwie\u0144stwie do s\u0142odkiej bazylii kuzyna, Tulsi ma bogaty, korzenny aromat przypominaj\u0105cy \u015bwie\u017co posiekan\u0105 bazyli\u0119. Jego dzia\u0142anie rozgrzewa, rozja\u015bnia i podnosi nastr\u00f3j.<\/p>\n<p>Pochodz\u0105cy z Azji Po\u0142udniowo-Wschodniej, ten ma\u0142y, zielony krzew z kwiatami o odcieniu lawendy jest cz\u0119\u015bci\u0105 rodziny mi\u0119t. Ma histori\u0119 w indyjskiej praktyce zdrowotnej jako naturalne rozwi\u0105zanie wielu problem\u00f3w. Tulsi (\u015awi\u0119ta Bazylia), czyli &#8222;niedo\u015bcigniona&#8221;, jest uwa\u017cana za &#8222;Kr\u00f3low\u0105 Zi\u00f3\u0142&#8221;. Badania eksperymentalne pokazuj\u0105, \u017ce eugenol i beta-kariofilen, kt\u00f3re s\u0105 sk\u0142adnikami Tulsi, przyczyniaj\u0105 si\u0119 do jego w\u0142a\u015bciwo\u015bci oczyszczaj\u0105cych i korzy\u015bci dla sk\u00f3ry. CPTG\u00ae Tulsi przypomina mieszank\u0119 tradycyjnego oleju bazyliowego i olejku go\u017adzikowego. Ciep\u0142y s\u0142odki aromat przypominaj\u0105cy \u015bwie\u017co pokrojon\u0105 bazyli\u0119 tworzy atrakcyjn\u0105 atmosfer\u0119. Jest tradycyjnie u\u017cywany na ca\u0142ym \u015bwiecie jako cz\u0119\u015b\u0107 rytua\u0142\u00f3w i ochrony w wielu kulturach. Nak\u0142adaj na sk\u00f3r\u0119, aby zachowa\u0107 czysty i zdrowy wygl\u0105d.<\/p>\n<p><strong>Zastosowanie olejku eterycznego Pure doTERRA \u015bw. Bazylego:<\/strong><\/p>\n<ul>\n<li>Para z dyfuzorem dla uspokajaj\u0105cej atmosfery.<\/li>\n<li>Dodaj jedn\u0105 kropl\u0119 do wody i p\u0142ucz gard\u0142o.<\/li>\n<li>Dodaj jedn\u0105 kropl\u0119 do balsamu w ramach rutynowej piel\u0119gnacji sk\u00f3ry.<\/li>\n<li>Zaszczep jedn\u0105 kropl\u0119 w d\u0142oni, potrzyj d\u0142onie i wdychaj z d\u0142oni.<\/li>\n<li>Rozcie\u0144czy\u0107 olejem no\u015bnikowym i na\u0142o\u017cy\u0107 na sk\u00f3r\u0119.<\/li>\n<\/ul>\n<p><strong>Holy Basil Pure doTERRA Olejek eteryczny Popularne zastosowania:<\/strong><\/p>\n<ul>\n<li>Je\u015bli odczuwasz dyskomfort w mi\u0119\u015bniach &#8211; rozcie\u0144czy\u0107 Tulsi olejem bazowym i zastosowa\u0107 do obszar\u00f3w problemowych dwa razy dziennie.<\/li>\n<li>Je\u015bli w jelitach wyst\u0105pi nieprzyjemne uczucie &#8211; masuj brzuch 1-2 kroplami Tulsi i podstawowym olejem zgodnie z ruchem wskaz\u00f3wek zegara.<\/li>\n<li>Je\u015bli nie kontrolujesz emocji &#8211; wetrzyj 1-2 krople w siekacze oraz w okolice szyi i ramion.<\/li>\n<li>Je\u015bli poczujesz napi\u0119cie w g\u0142owie &#8211; na\u0142\u00f3\u017c 1-2 krople na siekacze i czo\u0142o, lini\u0119 w\u0142os\u00f3w i podstaw\u0119 czaszki, wtedy jeszcze bardziej wra\u017cenia zostan\u0105 poprawione, dodaj\u0105c kropl\u0119 oleju kadzid\u0142a.<\/li>\n<li>Trudno\u015bci w oddychaniu &#8211; smaruj klatk\u0119 piersiow\u0105, rozcie\u0144czaj olejem bazowym, u\u017cyj 1 &#8211; 4 kropli Tulsi, paruj z dyfuzorem, wdychaj z d\u0142oni.<\/li>\n<li>Je\u015bli nie \u015bpisz w nocy &#8211; na\u0142\u00f3\u017c 1-2 krople na podeszwy, siekacze przed snem, par\u0119 z dyfuzorem.<\/li>\n<\/ul>\n<p>Obejrzyj film i poznaj ten specjalny olejek eteryczny doTERRA Sacred Basil.<\/p>\n<p><iframe title=\"Odtwarzacz wideo YouTube\" src=\"https:\/\/www.youtube-nocookie.com\/embed\/n893zbJFl70\" width=\"560\" height=\"315\" frameborder=\"0\" allowfullscreen=\"allowfullscreen\"><\/iframe><\/p>\n","protected":false},"excerpt":{"rendered":"<ul>\n<li>Tulsi (\u015awi\u0119ta Bazylia) by\u0142a u\u017cywana we wszystkich kulturach hinduskich w celu promowania dobrego samopoczucia i duchowego o\u015bwiecenia.<\/li>\n<li>Olejek eteryczny ze \u015awi\u0119tego Bazylego jest tradycyjnie u\u017cywany na ca\u0142ym \u015bwiecie jako cz\u0119\u015b\u0107 rytua\u0142\u00f3w i ochrony w wielu kulturach.<\/li>\n<li>Olejek eteryczny doTERRA Tulsi rozgrzewa, rozja\u015bnia i podnosi nastr\u00f3j.<\/li>\n<\/ul>\n","protected":false},"featured_media":13386,"template":"","meta":{"site-sidebar-layout":"default","site-content-layout":"default","ast-site-content-layout":"default","site-content-style":"default","site-sidebar-style":"default","ast-global-header-display":"","ast-banner-title-visibility":"","ast-main-header-display":"","ast-hfb-above-header-display":"","ast-hfb-below-header-display":"","ast-hfb-mobile-header-display":"","site-post-title":"","ast-breadcrumbs-content":"","ast-featured-img":"","footer-sml-layout":"","ast-disable-related-posts":"","theme-transparent-header-meta":"default","adv-header-id-meta":"","stick-header-meta":"","header-above-stick-meta":"","header-main-stick-meta":"","header-below-stick-meta":"","astra-migrate-meta-layouts":"default","ast-page-background-enabled":"default","ast-page-background-meta":{"desktop":{"background-color":"","background-image":"","background-repeat":"repeat","background-position":"center center","background-size":"auto","background-attachment":"scroll","background-type":"","background-media":"","overlay-type":"","overlay-color":"","overlay-opacity":"","overlay-gradient":""},"tablet":{"background-color":"","background-image":"","background-repeat":"repeat","background-position":"center center","background-size":"auto","background-attachment":"scroll","background-type":"","background-media":"","overlay-type":"","overlay-color":"","overlay-opacity":"","overlay-gradient":""},"mobile":{"background-color":"","background-image":"","background-repeat":"repeat","background-position":"center center","background-size":"auto","background-attachment":"scroll","background-type":"","background-media":"","overlay-type":"","overlay-color":"","overlay-opacity":"","overlay-gradient":""}},"ast-content-background-meta":{"desktop":{"background-color":"var(--ast-global-color-5)","background-image":"","background-repeat":"repeat","background-position":"center center","background-size":"auto","background-attachment":"scroll","background-type":"","background-media":"","overlay-type":"","overlay-color":"","overlay-opacity":"","overlay-gradient":""},"tablet":{"background-color":"var(--ast-global-color-5)","background-image":"","background-repeat":"repeat","background-position":"center center","background-size":"auto","background-attachment":"scroll","background-type":"","background-media":"","overlay-type":"","overlay-color":"","overlay-opacity":"","overlay-gradient":""},"mobile":{"background-color":"var(--ast-global-color-5)","background-image":"","background-repeat":"repeat","background-position":"center center","background-size":"auto","background-attachment":"scroll","background-type":"","background-media":"","overlay-type":"","overlay-color":"","overlay-opacity":"","overlay-gradient":""}}},"product_brand":[],"product_cat":[1704,1738,1698],"product_tag":[716,1533,937],"class_list":{"0":"post-16009","1":"product","2":"type-product","3":"status-publish","4":"has-post-thumbnail","6":"product_cat-czyste-olejki-eteryczne","7":"product_cat-do-spania","8":"product_cat-olejki-eteryczne","9":"product_tag-5ml-pl-2","10":"product_tag-olejki-eteryczne","11":"product_tag-tulsi-holy-basil-pl","12":"desktop-align-left","13":"tablet-align-left","14":"mobile-align-left","16":"first","17":"instock","18":"sale","19":"taxable","20":"shipping-taxable","21":"purchasable","22":"product-type-simple"},"_links":{"self":[{"href":"https:\/\/mamaterra.lt\/pl\/wp-json\/wp\/v2\/product\/16009","targetHints":{"allow":["GET"]}}],"collection":[{"href":"https:\/\/mamaterra.lt\/pl\/wp-json\/wp\/v2\/product"}],"about":[{"href":"https:\/\/mamaterra.lt\/pl\/wp-json\/wp\/v2\/types\/product"}],"wp:featuredmedia":[{"embeddable":true,"href":"https:\/\/mamaterra.lt\/pl\/wp-json\/wp\/v2\/media\/13386"}],"wp:attachment":[{"href":"https:\/\/mamaterra.lt\/pl\/wp-json\/wp\/v2\/media?parent=16009"}],"wp:term":[{"taxonomy":"product_brand","embeddable":true,"href":"https:\/\/mamaterra.lt\/pl\/wp-json\/wp\/v2\/product_brand?post=16009"},{"taxonomy":"product_cat","embeddable":true,"href":"https:\/\/mamaterra.lt\/pl\/wp-json\/wp\/v2\/product_cat?post=16009"},{"taxonomy":"product_tag","embeddable":true,"href":"https:\/\/mamaterra.lt\/pl\/wp-json\/wp\/v2\/product_tag?post=16009"}],"curies":[{"name":"wp","href":"https:\/\/api.w.org\/{rel}","templated":true}]}}