{"id":16007,"date":"2022-04-01T19:19:42","date_gmt":"2022-04-01T18:19:42","guid":{"rendered":"https:\/\/mamaterra.lt\/parduotuve\/bez-kategorii\/zestaw-doterra-z-12-roznymi-olejkami-eterycznymi-doterra-i-dyfuzorem-doterra-laluz\/"},"modified":"2022-04-01T19:19:42","modified_gmt":"2022-04-01T18:19:42","slug":"doterra-together-kit-with-12-different-doterra-essential-oil-and-doterra-laluz-dyfuzor","status":"publish","type":"product","link":"https:\/\/mamaterra.lt\/pl\/parduotuve\/olejki-eteryczne\/zestawy-i-kolekcje\/doterra-together-kit-with-12-different-doterra-essential-oil-and-doterra-laluz-dyfuzor\/","title":{"rendered":"Zestaw doTERRA z 12 r\u00f3\u017cnymi olejkami eterycznymi doTERRA i dyfuzorem doTERRA Laluz"},"content":{"rendered":"<p><strong>Zestaw doTERRA Together Kit z dyfuzorem doTERRA Laluz<\/strong><\/p>\n<p>&nbsp;<\/p>\n<p><strong>Zestaw Rinkinys doTERRA Together<\/strong><br \/>\nZestaw doTERRA together zosta\u0142 zaprojektowany, aby pom\u00f3c ludziom zjednoczy\u0107 si\u0119 przy u\u017cyciu si\u0142y natury. Podziel si\u0119 wspania\u0142ymi darami olejk\u00f3w eterycznych Matki Natury, kt\u00f3re pomog\u0105 stworzy\u0107 lepsz\u0105 atmosfer\u0119. W tym zestawie znajdziesz wszystko, czego potrzebujesz, aby zamieni\u0107 ka\u017cde profesjonalne, publiczne lub publiczne pomieszczenie w aromatyczn\u0105 oaz\u0119. Mo\u017cesz r\u00f3wnie\u017c zosta\u0107 jednym z pierwszych, kt\u00f3rzy wypr\u00f3buj\u0105 tylko nowy dyfuzor doterra Laluz\u2122 do\u0142\u0105czony do tego zestawu.<\/p>\n<p>Stw\u00f3rz i rozprowad\u017a atmosfer\u0119 za pomoc\u0105 zestawu doTERRA together.<\/p>\n<p><strong>Zestaw doTERRA Together Zestaw sk\u0142ada si\u0119 z:<\/strong><\/p>\n<ol>\n<li>12 r\u00f3\u017cnych olejk\u00f3w eterycznych i mieszanek olejk\u00f3w eterycznych doTERRA.<\/li>\n<li>W zestawie znajduje si\u0119 dyfuzor doTERRA Laluz.<\/li>\n<li>Ksi\u0105\u017cka doTERRA Essentials.<\/li>\n<li>W zestawie znajduje si\u0119 drewniane pude\u0142ko z wygrawerowanym logo doTERRA do umieszczania olejk\u00f3w. W niesamowitym pude\u0142ku wielokrotnego u\u017cytku znajdziesz proste karty do mieszanek, kt\u00f3re oferujesz, zawieraj\u0105ce ciekawe kombinacje olej\u00f3w, kt\u00f3re zainspiruj\u0105 Ciebie i ludzi wok\u00f3\u0142 Ciebie.<\/li>\n<\/ol>\n<p><strong>Zestaw doTERRA Together Kit sk\u0142ada si\u0119 z nast\u0119puj\u0105cych olejk\u00f3w eterycznych o pojemno\u015bci 15 ml:<\/strong><\/p>\n<ul>\n<li>Lawenda<\/li>\n<li>Mi\u0119ta pieprzowa<\/li>\n<li>Cytryna<\/li>\n<li>Na stra\u017cy\u2122<\/li>\n<li>Eukaliptus<\/li>\n<li>Cytryna (TRAWA CYTRYNOWA)<\/li>\n<li>Dzika pomara\u0144cza<\/li>\n<li>Zielona mandarynka<\/li>\n<li>Citrus Bliss\u2122<\/li>\n<li>doTERRA Adaptiv\u2122<\/li>\n<li>DoTERRA Balance\u2122<\/li>\n<\/ul>\n<p><strong>Zestaw doTERRA Together zawiera ten olejek eteryczny 5ml:<\/strong><\/p>\n<ul>\n<li>doTERRA Motywuj\u2122<\/li>\n<\/ul>\n<p>&nbsp;<\/p>\n<p><strong>Dyfuzor doTERRA Laluz  <\/strong><\/p>\n<p>Ten dyfuzor w kszta\u0142cie rze\u017aby emituje wibracje ultrad\u017awi\u0119kowe, kt\u00f3re zamieniaj\u0105 wod\u0119 i olejki eteryczne w aromatyczn\u0105 mgie\u0142k\u0119. Dyfuzor dzia\u0142a do o\u015bmiu godzin, dzi\u0119ki czemu mo\u017cesz rozprowadza\u0107 swoje ulubione olejki eteryczne przez ca\u0142y dzie\u0144 i noc, a tak\u017ce ma trzy ustawienia o\u015bwietlenia otoczenia, kt\u00f3re pasuj\u0105 do ka\u017cdego z Twoich nastroj\u00f3w.<\/p>\n<p>Dodatkowo, dzi\u0119ki eleganckiemu, nowoczesnemu wzornictwu, z pewno\u015bci\u0105 uzupe\u0142ni estetyk\u0119 ka\u017cdego pomieszczenia w Twoim domu.<\/p>\n<ul>\n<li>W\u0142\u0105cz go w salonie i rozprowad\u017a cytrusowy Bliss\u00ae zach\u0119caj\u0105cy, energetyzuj\u0105cy zapach.<\/li>\n<li>U\u017cywaj w \u0142azience z doTERRA On Guard\u00ae, aby powietrze by\u0142o \u015bwie\u017csze i czystsze.<\/li>\n<li>Umie\u015b\u0107 go na nocnym stoliku i rozprowad\u017a zapach Serenity lub lawendy i drewna cedrowego, zanim p\u00f3jdziesz spa\u0107, aby odpocz\u0105\u0107 i uspokoi\u0107 si\u0119.<\/li>\n<\/ul>\n<p><strong>doTERRA Laluz Dyfuzor Specyfikacje i funkcje:<\/strong><\/p>\n<ul>\n<li><strong>Pojemno\u015b\u0107 wody:<\/strong> 120 ml \/ 4,06 uncji p\u0142ynu<\/li>\n<li><strong>Proponowana wielko\u015b\u0107 pokoju:<\/strong> 30 metr\u00f3w kwadratowych. m.<\/li>\n<li><strong>Praca ci\u0105g\u0142a:<\/strong> Wysoka wydajno\u015b\u0107 zadymiania &#8211; do 4 godzin, niska mg\u0142a &#8211; do 8 godzin<\/li>\n<li><strong>Timer:<\/strong> 1 godzina. \/ 2 godziny. \/ 4 godziny<\/li>\n<li>Ciemne i jasne ciep\u0142e i lawendowe o\u015bwietlenie<\/li>\n<li>Automatyczne wy\u0142\u0105czanie ochronne<\/li>\n<li><strong>Akcesoria:<\/strong> Wtyczka \u015bcienna AC 100-240V i instrukcja obs\u0142ugi<\/li>\n<li><strong>Moc:<\/strong> DC24V 0,5A<\/li>\n<li><strong>Substancja:<\/strong> Materia\u0142: szklana pokrywa g\u00f3rna + polipropylen<\/li>\n<\/ul>\n<p>Obejrzyj film o dyfuzorze doTERRA Laluz.<\/p>\n<p><iframe title=\"Odtwarzacz wideo YouTube\" src=\"https:\/\/www.youtube-nocookie.com\/embed\/p64600tKCwg\" width=\"560\" height=\"315\" frameborder=\"0\" allowfullscreen=\"allowfullscreen\" data-mce-fragment=\"1\"><\/iframe><\/p>\n<p>&nbsp;<\/p>\n<p>Przeczytaj wi\u0119cej o dyfuzorze <strong><br \/>\n doTERRA Laluz <a href=\"https:\/\/mamaterra.lt\/laluz-difuzorius-su-citrus-bliss-misiniu\/\" target=\"_blank\" rel=\"noopener\">tutaj<\/a><br \/>\n  <\/strong>.<\/p>\n","protected":false},"excerpt":{"rendered":"<div dir=\"auto\">\n<ul>\n<li>12 r\u00f3\u017cnych olejk\u00f3w eterycznych i mieszanek olejk\u00f3w eterycznych doTERRA<\/li>\n<li>Zawiera dyfuzor doTERRA Laluz<\/li>\n<li>Ksi\u0105\u017cka doTERRA Essentials<\/li>\n<li>W zestawie znajduje si\u0119 drewniane pude\u0142ko z wygrawerowanym logo doTERRA do umieszczania olejk\u00f3w<\/li>\n<\/ul>\n<\/div>\n","protected":false},"featured_media":13404,"template":"","meta":{"site-sidebar-layout":"default","site-content-layout":"default","ast-site-content-layout":"default","site-content-style":"default","site-sidebar-style":"default","ast-global-header-display":"","ast-banner-title-visibility":"","ast-main-header-display":"","ast-hfb-above-header-display":"","ast-hfb-below-header-display":"","ast-hfb-mobile-header-display":"","site-post-title":"","ast-breadcrumbs-content":"","ast-featured-img":"","footer-sml-layout":"","ast-disable-related-posts":"","theme-transparent-header-meta":"default","adv-header-id-meta":"","stick-header-meta":"","header-above-stick-meta":"","header-main-stick-meta":"","header-below-stick-meta":"","astra-migrate-meta-layouts":"default","ast-page-background-enabled":"default","ast-page-background-meta":{"desktop":{"background-color":"","background-image":"","background-repeat":"repeat","background-position":"center center","background-size":"auto","background-attachment":"scroll","background-type":"","background-media":"","overlay-type":"","overlay-color":"","overlay-opacity":"","overlay-gradient":""},"tablet":{"background-color":"","background-image":"","background-repeat":"repeat","background-position":"center center","background-size":"auto","background-attachment":"scroll","background-type":"","background-media":"","overlay-type":"","overlay-color":"","overlay-opacity":"","overlay-gradient":""},"mobile":{"background-color":"","background-image":"","background-repeat":"repeat","background-position":"center center","background-size":"auto","background-attachment":"scroll","background-type":"","background-media":"","overlay-type":"","overlay-color":"","overlay-opacity":"","overlay-gradient":""}},"ast-content-background-meta":{"desktop":{"background-color":"var(--ast-global-color-5)","background-image":"","background-repeat":"repeat","background-position":"center center","background-size":"auto","background-attachment":"scroll","background-type":"","background-media":"","overlay-type":"","overlay-color":"","overlay-opacity":"","overlay-gradient":""},"tablet":{"background-color":"var(--ast-global-color-5)","background-image":"","background-repeat":"repeat","background-position":"center center","background-size":"auto","background-attachment":"scroll","background-type":"","background-media":"","overlay-type":"","overlay-color":"","overlay-opacity":"","overlay-gradient":""},"mobile":{"background-color":"var(--ast-global-color-5)","background-image":"","background-repeat":"repeat","background-position":"center center","background-size":"auto","background-attachment":"scroll","background-type":"","background-media":"","overlay-type":"","overlay-color":"","overlay-opacity":"","overlay-gradient":""}}},"product_brand":[],"product_cat":[1686,1707],"product_tag":[729,716,859,1382,871,1527,1512,1492,1115,1470,1455,1463,1535,1533,1442,1030,933,887],"class_list":{"0":"post-16007","1":"product","2":"type-product","3":"status-publish","4":"has-post-thumbnail","6":"product_cat-dyfuzory","7":"product_cat-zestawy-i-kolekcje","8":"product_tag-15ml-pl","9":"product_tag-5ml-pl-2","10":"product_tag-adaptiv-pl","11":"product_tag-balance-pl","12":"product_tag-citrusbliss-pl","13":"product_tag-dyfuzor","14":"product_tag-eucalyptus-pl","15":"product_tag-green-mandarin-pl","16":"product_tag-laluz-pl","17":"product_tag-lavender-pl-2","18":"product_tag-lemon-pl","19":"product_tag-lemongrass-pl","20":"product_tag-mieszanki-olejkow-eterycznych","21":"product_tag-olejki-eteryczne","22":"product_tag-on-guard-pl","23":"product_tag-peppermint-pl","24":"product_tag-together-pl","25":"product_tag-wild-orange-pl","26":"desktop-align-left","27":"tablet-align-left","28":"mobile-align-left","30":"first","31":"instock","32":"taxable","33":"shipping-taxable","34":"purchasable","35":"product-type-simple"},"_links":{"self":[{"href":"https:\/\/mamaterra.lt\/pl\/wp-json\/wp\/v2\/product\/16007","targetHints":{"allow":["GET"]}}],"collection":[{"href":"https:\/\/mamaterra.lt\/pl\/wp-json\/wp\/v2\/product"}],"about":[{"href":"https:\/\/mamaterra.lt\/pl\/wp-json\/wp\/v2\/types\/product"}],"wp:featuredmedia":[{"embeddable":true,"href":"https:\/\/mamaterra.lt\/pl\/wp-json\/wp\/v2\/media\/13404"}],"wp:attachment":[{"href":"https:\/\/mamaterra.lt\/pl\/wp-json\/wp\/v2\/media?parent=16007"}],"wp:term":[{"taxonomy":"product_brand","embeddable":true,"href":"https:\/\/mamaterra.lt\/pl\/wp-json\/wp\/v2\/product_brand?post=16007"},{"taxonomy":"product_cat","embeddable":true,"href":"https:\/\/mamaterra.lt\/pl\/wp-json\/wp\/v2\/product_cat?post=16007"},{"taxonomy":"product_tag","embeddable":true,"href":"https:\/\/mamaterra.lt\/pl\/wp-json\/wp\/v2\/product_tag?post=16007"}],"curies":[{"name":"wp","href":"https:\/\/api.w.org\/{rel}","templated":true}]}}