{"id":16004,"date":"2021-11-05T08:23:08","date_gmt":"2021-11-05T07:23:08","guid":{"rendered":"https:\/\/mamaterra.lt\/parduotuve\/bez-kategorii\/olejek-eteryczny-doterra-nootka-5ml-i-prezentowana-niespodzianka\/"},"modified":"2021-11-05T08:23:08","modified_gmt":"2021-11-05T07:23:08","slug":"doterra-nootka-olejek-eteryczny-5ml-i-darowana-niespodzianka","status":"publish","type":"product","link":"https:\/\/mamaterra.lt\/pl\/parduotuve\/olejki-eteryczne\/doterra-nootka-olejek-eteryczny-5ml-i-darowana-niespodzianka\/","title":{"rendered":"Olejek eteryczny doTERRA Nootka 5ml i prezentowana niespodzianka"},"content":{"rendered":"<p><strong>Olejek eteryczny doTERRA Nootka i prezentowana niespodzianka<\/strong><\/p>\n<p>5ml<\/p>\n<p>Olejek eteryczny Nootka i niespodzianka, kt\u00f3r\u0105 dajemy!<\/p>\n<p>Ciesz si\u0119 Nootk\u0105 \u2013 olejkiem drzewnym podobnym do olejku drzewnego Arborvitae \u2013 i nasz\u0105 darmow\u0105 niespodziank\u0105! Prezenty mog\u0105 by\u0107 zr\u00f3\u017cnicowane.<\/p>\n<p>Olejek eteryczny Nootka jest destylowany z majestatycznych drzew Nootka w pobli\u017cu tui. Drzewa te rosn\u0105 w p\u00f3\u0142nocno-zachodniej cz\u0119\u015bci Oceanu Spokojnego w Stanach Zjednoczonych. Drzewa Nootka s\u0105 znane jako jeden z najsilniejszych gatunk\u00f3w cedr\u00f3w na \u015bwiecie i cz\u0119sto nazywane s\u0105 \u017c\u00f3\u0142tymi cedrami lub \u017c\u00f3\u0142tymi cyprysami. W celu ochrony \u015brodowiska doTERRA wydobywa olejek eteryczny Nootka z resztek drewna niestosowanych w przemy\u015ble drzewnym. W przeciwnym razie te pozosta\u0142o\u015bci drewna zosta\u0142yby odrzucone.<\/p>\n<p><strong>Olejek eteryczny doTERRA Nootka wykorzystuje:<\/strong><\/p>\n<ul>\n<li><strong>Masa\u017c:<\/strong> Dodaj jedn\u0105 lub dwie krople oleju Nootka z 10 kroplami frakcjonowanego oleju kokosowego i wetrzyj w \u017c\u0105dane miejsca w ramach koj\u0105cego masa\u017cu.<\/li>\n<li><strong>K\u0105piel: <\/strong> Dodaj dwie krople oleju Nootka do k\u0105pieli solnej Epsom, aby zrelaksowa\u0107 si\u0119 w ciep\u0142ym moczeniu w orze\u017awiaj\u0105cym, le\u015bnym aromacie.<\/li>\n<li><strong>Piel\u0119gnacja sk\u00f3ry:<\/strong> dodaj jedn\u0105 kropl\u0119 oleju Nootka do codziennego \u015brodka do mycia twarzy, aby poprawi\u0107 w\u0142a\u015bciwo\u015bci oczyszczaj\u0105ce i nada\u0107 sk\u00f3rze zdrowy wygl\u0105d. Mo\u017cesz kapa\u0107 do kremu nawil\u017caj\u0105cego.<\/li>\n<li><strong>Czyszczenie powierzchni:<\/strong> Dodaj pi\u0119\u0107 kropli oleju Nootka do butelki z rozpylaczem z wod\u0105 i spryskaj powierzchnie lub d\u0142onie jako skuteczny \u015brodek czyszcz\u0105cy.<\/li>\n<li><strong>Gotowanie na parze:<\/strong> Sparuj trzy lub pi\u0119\u0107 kropli oleju Nootka w pokoju, wype\u0142niaj\u0105c przestrze\u0144 spokojnym aromatem lasu.<\/li>\n<\/ul>\n<p>&nbsp;<\/p>\n<p>Obejrzyj film i zapoznaj si\u0119 z drzewem Nootka i olejkiem eterycznym doTERRA Nootka.<\/p>\n<p><iframe title=\"Odtwarzacz wideo YouTube\" src=\"https:\/\/www.youtube-nocookie.com\/embed\/30S1k5zNBAg\" width=\"560\" height=\"315\" frameborder=\"0\" allowfullscreen=\"allowfullscreen\"><\/iframe><\/p>\n","protected":false},"excerpt":{"rendered":"<ul>\n<li>Olejek eteryczny doTERRA Nootka<\/li>\n<li>Ciesz si\u0119 Nootka &#8211; olejkiem drzewnym podobnym do olejku eterycznego Arborvitae (Thuja) &#8211; i nasz\u0105 darmow\u0105 niespodziank\u0105<\/li>\n<li>Olejek eteryczny Nootka jest destylowany z majestatycznych drzew Nootka w pobli\u017cu tui<\/li>\n<\/ul>\n","protected":false},"featured_media":13020,"template":"","meta":{"site-sidebar-layout":"default","site-content-layout":"default","ast-site-content-layout":"default","site-content-style":"default","site-sidebar-style":"default","ast-global-header-display":"","ast-banner-title-visibility":"","ast-main-header-display":"","ast-hfb-above-header-display":"","ast-hfb-below-header-display":"","ast-hfb-mobile-header-display":"","site-post-title":"","ast-breadcrumbs-content":"","ast-featured-img":"","footer-sml-layout":"","ast-disable-related-posts":"","theme-transparent-header-meta":"default","adv-header-id-meta":"","stick-header-meta":"","header-above-stick-meta":"","header-main-stick-meta":"","header-below-stick-meta":"","astra-migrate-meta-layouts":"default","ast-page-background-enabled":"default","ast-page-background-meta":{"desktop":{"background-color":"","background-image":"","background-repeat":"repeat","background-position":"center center","background-size":"auto","background-attachment":"scroll","background-type":"","background-media":"","overlay-type":"","overlay-color":"","overlay-opacity":"","overlay-gradient":""},"tablet":{"background-color":"","background-image":"","background-repeat":"repeat","background-position":"center center","background-size":"auto","background-attachment":"scroll","background-type":"","background-media":"","overlay-type":"","overlay-color":"","overlay-opacity":"","overlay-gradient":""},"mobile":{"background-color":"","background-image":"","background-repeat":"repeat","background-position":"center center","background-size":"auto","background-attachment":"scroll","background-type":"","background-media":"","overlay-type":"","overlay-color":"","overlay-opacity":"","overlay-gradient":""}},"ast-content-background-meta":{"desktop":{"background-color":"var(--ast-global-color-5)","background-image":"","background-repeat":"repeat","background-position":"center center","background-size":"auto","background-attachment":"scroll","background-type":"","background-media":"","overlay-type":"","overlay-color":"","overlay-opacity":"","overlay-gradient":""},"tablet":{"background-color":"var(--ast-global-color-5)","background-image":"","background-repeat":"repeat","background-position":"center center","background-size":"auto","background-attachment":"scroll","background-type":"","background-media":"","overlay-type":"","overlay-color":"","overlay-opacity":"","overlay-gradient":""},"mobile":{"background-color":"var(--ast-global-color-5)","background-image":"","background-repeat":"repeat","background-position":"center center","background-size":"auto","background-attachment":"scroll","background-type":"","background-media":"","overlay-type":"","overlay-color":"","overlay-opacity":"","overlay-gradient":""}}},"product_brand":[],"product_cat":[1698],"product_tag":[729,1049,1533],"class_list":{"0":"post-16004","1":"product","2":"type-product","3":"status-publish","4":"has-post-thumbnail","6":"product_cat-olejki-eteryczne","7":"product_tag-15ml-pl","8":"product_tag-nootka-pl","9":"product_tag-olejki-eteryczne","10":"desktop-align-left","11":"tablet-align-left","12":"mobile-align-left","14":"first","15":"outofstock","16":"taxable","17":"shipping-taxable","18":"purchasable","19":"product-type-simple"},"_links":{"self":[{"href":"https:\/\/mamaterra.lt\/pl\/wp-json\/wp\/v2\/product\/16004","targetHints":{"allow":["GET"]}}],"collection":[{"href":"https:\/\/mamaterra.lt\/pl\/wp-json\/wp\/v2\/product"}],"about":[{"href":"https:\/\/mamaterra.lt\/pl\/wp-json\/wp\/v2\/types\/product"}],"wp:featuredmedia":[{"embeddable":true,"href":"https:\/\/mamaterra.lt\/pl\/wp-json\/wp\/v2\/media\/13020"}],"wp:attachment":[{"href":"https:\/\/mamaterra.lt\/pl\/wp-json\/wp\/v2\/media?parent=16004"}],"wp:term":[{"taxonomy":"product_brand","embeddable":true,"href":"https:\/\/mamaterra.lt\/pl\/wp-json\/wp\/v2\/product_brand?post=16004"},{"taxonomy":"product_cat","embeddable":true,"href":"https:\/\/mamaterra.lt\/pl\/wp-json\/wp\/v2\/product_cat?post=16004"},{"taxonomy":"product_tag","embeddable":true,"href":"https:\/\/mamaterra.lt\/pl\/wp-json\/wp\/v2\/product_tag?post=16004"}],"curies":[{"name":"wp","href":"https:\/\/api.w.org\/{rel}","templated":true}]}}