{"id":16002,"date":"2022-02-09T20:30:34","date_gmt":"2022-02-09T19:30:34","guid":{"rendered":"https:\/\/mamaterra.lt\/parduotuve\/bez-kategorii\/klosz-doterra-bialy-volo\/"},"modified":"2022-02-09T20:30:34","modified_gmt":"2022-02-09T19:30:34","slug":"doterra-white-roller-dyfuzor","status":"publish","type":"product","link":"https:\/\/mamaterra.lt\/pl\/parduotuve\/dyfuzory\/doterra-white-roller-dyfuzor\/","title":{"rendered":"Klosz doTERRA Bia\u0142y VOLO"},"content":{"rendered":"<p><strong>DoTERRA Bia\u0142y dyfuzor rolkowy  <\/strong><\/p>\n<p>Czasami czujemy si\u0119 przyt\u0142oczeni, poniewa\u017c nosimy ci\u0119\u017car, kt\u00f3ry nie nale\u017cy do nas. Czy to mo\u017cliwe, \u017ce brakuje ci energii emocjonalnej, poniewa\u017c bierzesz odpowiedzialno\u015b\u0107 za innych? Pomy\u015bl o tym, gdy pr\u00f3bujesz otworzy\u0107 swoje serce na mo\u017cliwo\u015b\u0107 g\u0142\u0119bokiej i trwa\u0142ej odnowy emocjonalnej.<\/p>\n<p><strong>DoTERRA Dyfuzor rolkowy<\/strong><\/p>\n<p>Pi\u0119kny dyfuzor ultrad\u017awi\u0119kowy doTERRA Roller\u2122. Ten wyj\u0105tkowy dyfuzor ma regulowane ustawienie intensywno\u015bci pary z kilkoma ustawieniami czasu, kt\u00f3re Ci odpowiadaj\u0105.<\/p>\n<p>Pot\u0119\u017cny i wyj\u0105tkowo wyrafinowany Volo to \u015bwietny dodatek, kt\u00f3ry wzbogaca ka\u017cde \u015brodowisko dzi\u0119ki aromatycznym zaletom olejk\u00f3w eterycznych CPTG\u00ae.<\/p>\n<p>&nbsp;<\/p>\n<p>Obejrzyj film o dyfuzorze rolkowym doterra.<\/p>\n<p><iframe title=\"Odtwarzacz wideo YouTube\" src=\"https:\/\/www.youtube-nocookie.com\/embed\/r8Qy24FYIkA\" width=\"560\" height=\"315\" frameborder=\"0\" allowfullscreen=\"allowfullscreen\" data-mce-fragment=\"1\"><\/iframe><\/p>\n<p>&nbsp;<\/p>\n<p><strong>DoTERRA Dyfuzor rolkowy Opis produktu:  <\/strong><\/p>\n<ul>\n<li>Mo\u017cesz ustawi\u0107 si\u0119 na dzia\u0142anie przez godzin\u0119, trzy i sze\u015b\u0107 godzin, nawet gdy emitowana jest najsilniejsza para.<\/li>\n<li>Dzia\u0142a do 14 godzin, emituj\u0105c najs\u0142absz\u0105 par\u0119.<\/li>\n<li>Obejmuje do 28 metr\u00f3w kwadratowych. m. Pok\u00f3j.<\/li>\n<li>Lampka pomiaru czasu jest automatycznie przyciemniana.<\/li>\n<li>Wybierane s\u0105 ustawienia o\u015bwietlenia: bez o\u015bwietlenia, ciep\u0142e \u015bwiat\u0142o lub jasne bursztynowe \u015bwiat\u0142o.<\/li>\n<\/ul>\n","protected":false},"excerpt":{"rendered":"<ul>\n<li>Mo\u017cesz ustawi\u0107 si\u0119 na dzia\u0142anie przez godzin\u0119, trzy i sze\u015b\u0107 godzin, nawet gdy emitowana jest najsilniejsza para<\/li>\n<li>Dzia\u0142a do 14 godzin, emituj\u0105c najs\u0142absz\u0105 par\u0119<\/li>\n<li>Obejmuje do 28 metr\u00f3w kwadratowych. m. Pok\u00f3j<\/li>\n<li>Automatycznie przyciemniane o\u015bwietlenie timera<\/li>\n<li>Opcjonalne ustawienia o\u015bwietlenia: bez o\u015bwietlenia, ciep\u0142e \u015bwiat\u0142o lub jasne \u015bwiat\u0142o bursztynowe<\/li>\n<\/ul>\n","protected":false},"featured_media":13359,"template":"","meta":{"site-sidebar-layout":"default","site-content-layout":"default","ast-site-content-layout":"default","site-content-style":"default","site-sidebar-style":"default","ast-global-header-display":"","ast-banner-title-visibility":"","ast-main-header-display":"","ast-hfb-above-header-display":"","ast-hfb-below-header-display":"","ast-hfb-mobile-header-display":"","site-post-title":"","ast-breadcrumbs-content":"","ast-featured-img":"","footer-sml-layout":"","ast-disable-related-posts":"","theme-transparent-header-meta":"default","adv-header-id-meta":"","stick-header-meta":"","header-above-stick-meta":"","header-main-stick-meta":"","header-below-stick-meta":"","astra-migrate-meta-layouts":"default","ast-page-background-enabled":"default","ast-page-background-meta":{"desktop":{"background-color":"","background-image":"","background-repeat":"repeat","background-position":"center center","background-size":"auto","background-attachment":"scroll","background-type":"","background-media":"","overlay-type":"","overlay-color":"","overlay-opacity":"","overlay-gradient":""},"tablet":{"background-color":"","background-image":"","background-repeat":"repeat","background-position":"center center","background-size":"auto","background-attachment":"scroll","background-type":"","background-media":"","overlay-type":"","overlay-color":"","overlay-opacity":"","overlay-gradient":""},"mobile":{"background-color":"","background-image":"","background-repeat":"repeat","background-position":"center center","background-size":"auto","background-attachment":"scroll","background-type":"","background-media":"","overlay-type":"","overlay-color":"","overlay-opacity":"","overlay-gradient":""}},"ast-content-background-meta":{"desktop":{"background-color":"var(--ast-global-color-5)","background-image":"","background-repeat":"repeat","background-position":"center center","background-size":"auto","background-attachment":"scroll","background-type":"","background-media":"","overlay-type":"","overlay-color":"","overlay-opacity":"","overlay-gradient":""},"tablet":{"background-color":"var(--ast-global-color-5)","background-image":"","background-repeat":"repeat","background-position":"center center","background-size":"auto","background-attachment":"scroll","background-type":"","background-media":"","overlay-type":"","overlay-color":"","overlay-opacity":"","overlay-gradient":""},"mobile":{"background-color":"var(--ast-global-color-5)","background-image":"","background-repeat":"repeat","background-position":"center center","background-size":"auto","background-attachment":"scroll","background-type":"","background-media":"","overlay-type":"","overlay-color":"","overlay-opacity":"","overlay-gradient":""}}},"product_brand":[],"product_cat":[1686],"product_tag":[1527,879],"class_list":{"0":"post-16002","1":"product","2":"type-product","3":"status-publish","4":"has-post-thumbnail","6":"product_cat-dyfuzory","7":"product_tag-dyfuzor","8":"product_tag-volo-pl","9":"desktop-align-left","10":"tablet-align-left","11":"mobile-align-left","13":"first","14":"outofstock","15":"taxable","16":"shipping-taxable","17":"purchasable","18":"product-type-simple"},"_links":{"self":[{"href":"https:\/\/mamaterra.lt\/pl\/wp-json\/wp\/v2\/product\/16002","targetHints":{"allow":["GET"]}}],"collection":[{"href":"https:\/\/mamaterra.lt\/pl\/wp-json\/wp\/v2\/product"}],"about":[{"href":"https:\/\/mamaterra.lt\/pl\/wp-json\/wp\/v2\/types\/product"}],"wp:featuredmedia":[{"embeddable":true,"href":"https:\/\/mamaterra.lt\/pl\/wp-json\/wp\/v2\/media\/13359"}],"wp:attachment":[{"href":"https:\/\/mamaterra.lt\/pl\/wp-json\/wp\/v2\/media?parent=16002"}],"wp:term":[{"taxonomy":"product_brand","embeddable":true,"href":"https:\/\/mamaterra.lt\/pl\/wp-json\/wp\/v2\/product_brand?post=16002"},{"taxonomy":"product_cat","embeddable":true,"href":"https:\/\/mamaterra.lt\/pl\/wp-json\/wp\/v2\/product_cat?post=16002"},{"taxonomy":"product_tag","embeddable":true,"href":"https:\/\/mamaterra.lt\/pl\/wp-json\/wp\/v2\/product_tag?post=16002"}],"curies":[{"name":"wp","href":"https:\/\/api.w.org\/{rel}","templated":true}]}}