{"id":15999,"date":"2022-04-01T19:48:36","date_gmt":"2022-04-01T18:48:36","guid":{"rendered":"https:\/\/mamaterra.lt\/parduotuve\/bez-kategorii\/doterra-northern-escape-beard-blend-olejkow-eterycznych-30ml\/"},"modified":"2022-04-01T19:48:36","modified_gmt":"2022-04-01T18:48:36","slug":"doterra-polnoc-escape-brody-mieszanka-olejkow-30ml","status":"publish","type":"product","link":"https:\/\/mamaterra.lt\/pl\/parduotuve\/olejki-eteryczne\/mieszanki-olejkow-eterycznych\/doterra-polnoc-escape-brody-mieszanka-olejkow-30ml\/","title":{"rendered":"doTERRA Northern Escape Beard Blend olejk\u00f3w eterycznych 30ml"},"content":{"rendered":"<p><strong>doTERRA Northern Escape Beard Blend olejk\u00f3w eterycznych  <\/strong><\/p>\n<p>30ml<\/p>\n<p>&nbsp;<\/p>\n<p><strong>DoTERRA Northern Escape Beard Essential Oil Blend G\u0142\u00f3wne zalety:<\/strong><\/p>\n<p>Stosuj\u0105c olejek doTERRA Northern Escape Beard zapomnisz o szorstkich w\u0142osach. Zaledwie kilka kropli dziennie pomo\u017ce utrzyma\u0107 mi\u0119kkie, elastyczne i nawil\u017cone w\u0142osy.<\/p>\n<ul>\n<li>Nawil\u017ca i od\u017cywia sk\u00f3r\u0119 oraz utrzymuje kszta\u0142t zarostu.<\/li>\n<li>Nawil\u017ca sk\u00f3r\u0119 i zmi\u0119kcza brod\u0119 olejkami arganowym, jojoba, awokado i s\u0142onecznikowym.<\/li>\n<li>Zawiera \u015bwie\u017c\u0105 i orze\u017awiaj\u0105c\u0105 mieszank\u0119 Northern Escape\u2122 Woodland Blend, dzi\u0119ki czemu poczujesz atmosfer\u0119 lasu.<\/li>\n<\/ul>\n<p><strong>W sk\u0142ad doTERRA Northern Escape Beard Essential Oil Blend wchodz\u0105:<\/strong><\/p>\n<p>doTERRA Northern Escape\u2122 Beard Oil (olejek z brody) zawiera: olej z pestek arganii spinosa (argana), olej z nasion Simmondsia chinensis (jojoba), olej z awokado Persea gratissima, olej z nasion s\u0142onecznika Helianthus annuus, olej z ga\u0142\u0119zi i li\u015bci \u015bwierka czarnego, olej z jod\u0142y syberyjskiej Abies sibirica, olejek z kory Abies balsamea (jod\u0142a kanadyjska), olejek lawendowy Lavandula hybrida, olej z drzewa Juniperus virginiana (cedr),  Olej z ga\u0142\u0119zi i li\u015bci Cupressus sempervirens (cyprys), olej z Chamaecyparis obtusa (hinoki), Boswellia serrata (kadzid\u0142o), olej z drewna Cupressus nootkatensis (Nootka), olej z kwiat\u00f3w Cananga odorata (canang), olej z p\u0105k\u00f3w Eugenia caryophyllus (go\u017adzik), tokoferol.<\/p>\n","protected":false},"excerpt":{"rendered":"<ul>\n<li>Nawil\u017ca i od\u017cywia sk\u00f3r\u0119 oraz utrzymuje kszta\u0142t zarostu<\/li>\n<li>Nawil\u017ca sk\u00f3r\u0119 i zmi\u0119kcza brod\u0119 olejkami arganowym, jojoba, awokado i s\u0142onecznikowym<\/li>\n<li>Zawiera \u015bwie\u017c\u0105 i orze\u017awiaj\u0105c\u0105 mieszank\u0119 Northern Escape\u2122 Woodland Blend, dzi\u0119ki czemu poczujesz atmosfer\u0119 lasu<\/li>\n<\/ul>\n","protected":false},"featured_media":13410,"template":"","meta":{"site-sidebar-layout":"default","site-content-layout":"default","ast-site-content-layout":"default","site-content-style":"default","site-sidebar-style":"default","ast-global-header-display":"","ast-banner-title-visibility":"","ast-main-header-display":"","ast-hfb-above-header-display":"","ast-hfb-below-header-display":"","ast-hfb-mobile-header-display":"","site-post-title":"","ast-breadcrumbs-content":"","ast-featured-img":"","footer-sml-layout":"","ast-disable-related-posts":"","theme-transparent-header-meta":"default","adv-header-id-meta":"","stick-header-meta":"","header-above-stick-meta":"","header-main-stick-meta":"","header-below-stick-meta":"","astra-migrate-meta-layouts":"default","ast-page-background-enabled":"default","ast-page-background-meta":{"desktop":{"background-color":"","background-image":"","background-repeat":"repeat","background-position":"center center","background-size":"auto","background-attachment":"scroll","background-type":"","background-media":"","overlay-type":"","overlay-color":"","overlay-opacity":"","overlay-gradient":""},"tablet":{"background-color":"","background-image":"","background-repeat":"repeat","background-position":"center center","background-size":"auto","background-attachment":"scroll","background-type":"","background-media":"","overlay-type":"","overlay-color":"","overlay-opacity":"","overlay-gradient":""},"mobile":{"background-color":"","background-image":"","background-repeat":"repeat","background-position":"center center","background-size":"auto","background-attachment":"scroll","background-type":"","background-media":"","overlay-type":"","overlay-color":"","overlay-opacity":"","overlay-gradient":""}},"ast-content-background-meta":{"desktop":{"background-color":"var(--ast-global-color-5)","background-image":"","background-repeat":"repeat","background-position":"center center","background-size":"auto","background-attachment":"scroll","background-type":"","background-media":"","overlay-type":"","overlay-color":"","overlay-opacity":"","overlay-gradient":""},"tablet":{"background-color":"var(--ast-global-color-5)","background-image":"","background-repeat":"repeat","background-position":"center center","background-size":"auto","background-attachment":"scroll","background-type":"","background-media":"","overlay-type":"","overlay-color":"","overlay-opacity":"","overlay-gradient":""},"mobile":{"background-color":"var(--ast-global-color-5)","background-image":"","background-repeat":"repeat","background-position":"center center","background-size":"auto","background-attachment":"scroll","background-type":"","background-media":"","overlay-type":"","overlay-color":"","overlay-opacity":"","overlay-gradient":""}}},"product_brand":[],"product_cat":[1711,1702,1688,1695],"product_tag":[760,1535,1055],"class_list":{"0":"post-15999","1":"product","2":"type-product","3":"status-publish","4":"has-post-thumbnail","6":"product_cat-higiena-i-pielegnacja-skory","7":"product_cat-mieszanki-olejkow-eterycznych","8":"product_cat-prezenty","9":"product_cat-prezenty-dla-mezczyzn","10":"product_tag-30ml-pl","11":"product_tag-mieszanki-olejkow-eterycznych","12":"product_tag-northern-escape-pl","13":"desktop-align-left","14":"tablet-align-left","15":"mobile-align-left","17":"first","18":"outofstock","19":"taxable","20":"shipping-taxable","21":"purchasable","22":"product-type-simple"},"_links":{"self":[{"href":"https:\/\/mamaterra.lt\/pl\/wp-json\/wp\/v2\/product\/15999","targetHints":{"allow":["GET"]}}],"collection":[{"href":"https:\/\/mamaterra.lt\/pl\/wp-json\/wp\/v2\/product"}],"about":[{"href":"https:\/\/mamaterra.lt\/pl\/wp-json\/wp\/v2\/types\/product"}],"wp:featuredmedia":[{"embeddable":true,"href":"https:\/\/mamaterra.lt\/pl\/wp-json\/wp\/v2\/media\/13410"}],"wp:attachment":[{"href":"https:\/\/mamaterra.lt\/pl\/wp-json\/wp\/v2\/media?parent=15999"}],"wp:term":[{"taxonomy":"product_brand","embeddable":true,"href":"https:\/\/mamaterra.lt\/pl\/wp-json\/wp\/v2\/product_brand?post=15999"},{"taxonomy":"product_cat","embeddable":true,"href":"https:\/\/mamaterra.lt\/pl\/wp-json\/wp\/v2\/product_cat?post=15999"},{"taxonomy":"product_tag","embeddable":true,"href":"https:\/\/mamaterra.lt\/pl\/wp-json\/wp\/v2\/product_tag?post=15999"}],"curies":[{"name":"wp","href":"https:\/\/api.w.org\/{rel}","templated":true}]}}