{"id":15995,"date":"2021-11-04T19:34:51","date_gmt":"2021-11-04T18:34:51","guid":{"rendered":"https:\/\/mamaterra.lt\/parduotuve\/bez-kategorii\/dyfuzor-lumo-i-doterra-serenity-blend-olejkow-eterycznych-15ml\/"},"modified":"2024-04-05T20:54:00","modified_gmt":"2024-04-05T19:54:00","slug":"lumo-dyfuzor-i-doterra-serenity-mieszanka-olejkow-15ml","status":"publish","type":"product","link":"https:\/\/mamaterra.lt\/pl\/parduotuve\/olejki-eteryczne\/mieszanki-olejkow-eterycznych\/lumo-dyfuzor-i-doterra-serenity-mieszanka-olejkow-15ml\/","title":{"rendered":"Dyfuzor Lumo i doTERRA Serenity\u2122 Blend olejk\u00f3w eterycznych 15ml"},"content":{"rendered":"<p><strong>Dyfuzor doTERRA Lumo i doTERRA Serenity\u2122 Essential Oil Blend<\/strong><\/p>\n<p>15ml<\/p>\n<p>Po zdobyciu ogromnej popularno\u015bci, wspania\u0142y duet dyfuzora Lumas i jedna z naszych najpopularniejszych mieszanek olejk\u00f3w eterycznych \u2013 doTERRA Serenity \u2013 powraca!<\/p>\n<p>&nbsp;<\/p>\n<p><strong>Dyfuzor doTERRA Lumo<\/strong><\/p>\n<p>Inspirowany natur\u0105 dyfuzor Lumas ma podstaw\u0119 z drewna klonowego i kilka ustawie\u0144 \u015bwiat\u0142a inspirowanych elementami natury. Ma 2 i 5 godzin ci\u0105g\u0142ych i 10-godzinnych przerywanych tryb\u00f3w (5 min cios\u00f3w, 5 min nie wieje).<\/p>\n<p>Podobnie jak inne dyfuzory doTERRA, dyfuzor Lumo jest dyfuzorem ultrad\u017awi\u0119kowym. Dyfuzory ultrad\u017awi\u0119kowe wykorzystuj\u0105 wod\u0119 i cz\u0119stotliwo\u015bci elektroniczne do tworzenia drobnej mg\u0142y z olejku eterycznego i wody. Drgania ultrad\u017awi\u0119kowe s\u0105 wytwarzane przez ma\u0142y dysk pod powierzchni\u0105 wody, dzi\u0119ki czemu olejek eteryczny rozk\u0142ada si\u0119 na drobne mikrocz\u0105steczki, kt\u00f3re s\u0105 \u0142atwiej wch\u0142aniane przez organizm.<\/p>\n<ul>\n<li>Idealny do 25 m.kw. rozmiar dla pokoju.<\/li>\n<li>doTERRA Serenity to mieszanka koj\u0105cych olejk\u00f3w eterycznych, kt\u00f3re pomog\u0105 Ci zapomnie\u0107 o zmartwieniach i zrelaksowa\u0107 si\u0119 przed snem.<\/li>\n<li>Oba produkty s\u0105 niezb\u0119dne w nowoczesnych domach przez ca\u0142y rok.<\/li>\n<li>Mieszanka olejk\u00f3w eterycznych Serenity sprzyja uwalnianiu stresu, niepokoju i przepracowania.<\/li>\n<li>Serenity mo\u017ce pom\u00f3c tym, kt\u00f3rzy cierpi\u0105 na nadpobudliwo\u015b\u0107 i kt\u00f3rzy maj\u0105 trudno\u015bci z relaksem, a tak\u017ce pomaga uspokoi\u0107 my\u015bli, pobudzenie i sprzyja uczuciu spokoju.<\/li>\n<\/ul>\n<p><strong>doTERRA Serenity\u2122 Essential Oil Blend Top Zastosowania:<\/strong><\/p>\n<ul>\n<li>Bezsenno\u015b\u0107 i problemy ze snem &#8211; parowa\u0107, nak\u0142ada\u0107 pod nos lub kapa\u0107 na poduszk\u0119, zabawk\u0119 dla dzieci, a tak\u017ce nak\u0142ada\u0107 na stopy po rozcie\u0144czeniu olejem ro\u015blinnym.<\/li>\n<li>Stres &#8211; nak\u0142adaj pod nos, wdychaj z d\u0142oni, nak\u0142adaj na szyj\u0119 i \/ lub par\u0119.<\/li>\n<li>Niespokojne dzieci i niestrudzone \/ niestrudzone dzieci &#8211; gotowane na parze, smarowane kr\u0119gos\u0142upem i stopami.<\/li>\n<li>Wahania napi\u0119cia i nastroju &#8211; wdychaj z d\u0142oni, paruj w ci\u0105gu dnia i smaruj klatk\u0119 piersiow\u0105, szyj\u0119 nadgarstkami za uszami.<\/li>\n<li>Napi\u0119cie mi\u0119\u015bni &#8211; smaruj obszar problemowy.<\/li>\n<li>Zmniejszenie nerwowo\u015bci i l\u0119k\u00f3w &#8211; smaruj szyj\u0119, za uszami, nadgarstkami, par\u0105, wdychaj z d\u0142oni.<\/li>\n<li>Koj\u0105ca k\u0105piel przed snem &#8211; kapa\u0107 do k\u0105pieli, stosowa\u0107 w po\u0142\u0105czeniu z morzem, solami epsom, podstawowymi olejami, miodem itp.<\/li>\n<li>Przed na\u0142o\u017ceniem na organizm rozcie\u0144czy\u0107 olejem bazowym.<\/li>\n<li>Dla niemowl\u0105t u\u017cyj jednej kropli Serenity i \u0142y\u017cki sto\u0142owej lub dw\u00f3ch \u0142y\u017cek oleju bazowego.<\/li>\n<li>Dla ma\u0142ego dziecka 1 kropla Serenity i \u0142y\u017cka oleju bazowego<\/li>\n<\/ul>\n<p><strong>DoTERRA Serenity Essential Oil Blend sk\u0142ada si\u0119 z nast\u0119puj\u0105cych olejk\u00f3w eterycznych CPTG:<\/strong><\/p>\n<ul>\n<li>Lawenda<\/li>\n<li>Cedr<\/li>\n<li>Cynamon kamforowy,<\/li>\n<li>Kanangi<\/li>\n<li>Majeranek<\/li>\n<li>Szlachetne blezery<\/li>\n<li>Wetyweria<\/li>\n<li>Wanilia<\/li>\n<\/ul>\n<p>&nbsp;<\/p>\n<p>Aby uzyska\u0107 wi\u0119cej informacji na temat <strong>dyfuzora Lumas, zobacz<\/strong> film poni\u017cej.<\/p>\n<p><iframe title=\"Recenzja dyfuzora doTERRA Lumo\" src=\"https:\/\/www.youtube.com\/embed\/huY5AIQFDlc\" width=\"946\" height=\"532\" frameborder=\"0\" allowfullscreen=\"allowfullscreen\"><\/iframe><\/p>\n","protected":false},"excerpt":{"rendered":"<ul>\n<li>Dyfuzor doTERRA Lumo<\/li>\n<li>doTERRA Serenity to mieszanka koj\u0105cych olejk\u00f3w eterycznych, kt\u00f3re pomog\u0105 Ci zapomnie\u0107 o zmartwieniach i zrelaksowa\u0107 si\u0119 przed snem<\/li>\n<\/ul>\n","protected":false},"featured_media":13476,"template":"","meta":{"site-sidebar-layout":"default","site-content-layout":"default","ast-site-content-layout":"default","site-content-style":"default","site-sidebar-style":"default","ast-global-header-display":"","ast-banner-title-visibility":"","ast-main-header-display":"","ast-hfb-above-header-display":"","ast-hfb-below-header-display":"","ast-hfb-mobile-header-display":"","site-post-title":"","ast-breadcrumbs-content":"","ast-featured-img":"","footer-sml-layout":"","ast-disable-related-posts":"","theme-transparent-header-meta":"default","adv-header-id-meta":"","stick-header-meta":"","header-above-stick-meta":"","header-main-stick-meta":"","header-below-stick-meta":"","astra-migrate-meta-layouts":"default","ast-page-background-enabled":"default","ast-page-background-meta":{"desktop":{"background-color":"","background-image":"","background-repeat":"repeat","background-position":"center center","background-size":"auto","background-attachment":"scroll","background-type":"","background-media":"","overlay-type":"","overlay-color":"","overlay-opacity":"","overlay-gradient":""},"tablet":{"background-color":"","background-image":"","background-repeat":"repeat","background-position":"center center","background-size":"auto","background-attachment":"scroll","background-type":"","background-media":"","overlay-type":"","overlay-color":"","overlay-opacity":"","overlay-gradient":""},"mobile":{"background-color":"","background-image":"","background-repeat":"repeat","background-position":"center center","background-size":"auto","background-attachment":"scroll","background-type":"","background-media":"","overlay-type":"","overlay-color":"","overlay-opacity":"","overlay-gradient":""}},"ast-content-background-meta":{"desktop":{"background-color":"var(--ast-global-color-5)","background-image":"","background-repeat":"repeat","background-position":"center center","background-size":"auto","background-attachment":"scroll","background-type":"","background-media":"","overlay-type":"","overlay-color":"","overlay-opacity":"","overlay-gradient":""},"tablet":{"background-color":"var(--ast-global-color-5)","background-image":"","background-repeat":"repeat","background-position":"center center","background-size":"auto","background-attachment":"scroll","background-type":"","background-media":"","overlay-type":"","overlay-color":"","overlay-opacity":"","overlay-gradient":""},"mobile":{"background-color":"var(--ast-global-color-5)","background-image":"","background-repeat":"repeat","background-position":"center center","background-size":"auto","background-attachment":"scroll","background-type":"","background-media":"","overlay-type":"","overlay-color":"","overlay-opacity":"","overlay-gradient":""}}},"product_brand":[],"product_cat":[1738,1686,1702,1698],"product_tag":[729,1527,1133,1535],"class_list":{"0":"post-15995","1":"product","2":"type-product","3":"status-publish","4":"has-post-thumbnail","6":"product_cat-do-spania","7":"product_cat-dyfuzory","8":"product_cat-mieszanki-olejkow-eterycznych","9":"product_cat-olejki-eteryczne","10":"product_tag-15ml-pl","11":"product_tag-dyfuzor","12":"product_tag-lumo-pl","13":"product_tag-mieszanki-olejkow-eterycznych","14":"desktop-align-left","15":"tablet-align-left","16":"mobile-align-left","18":"first","19":"instock","20":"taxable","21":"shipping-taxable","22":"purchasable","23":"product-type-simple"},"_links":{"self":[{"href":"https:\/\/mamaterra.lt\/pl\/wp-json\/wp\/v2\/product\/15995","targetHints":{"allow":["GET"]}}],"collection":[{"href":"https:\/\/mamaterra.lt\/pl\/wp-json\/wp\/v2\/product"}],"about":[{"href":"https:\/\/mamaterra.lt\/pl\/wp-json\/wp\/v2\/types\/product"}],"wp:featuredmedia":[{"embeddable":true,"href":"https:\/\/mamaterra.lt\/pl\/wp-json\/wp\/v2\/media\/13476"}],"wp:attachment":[{"href":"https:\/\/mamaterra.lt\/pl\/wp-json\/wp\/v2\/media?parent=15995"}],"wp:term":[{"taxonomy":"product_brand","embeddable":true,"href":"https:\/\/mamaterra.lt\/pl\/wp-json\/wp\/v2\/product_brand?post=15995"},{"taxonomy":"product_cat","embeddable":true,"href":"https:\/\/mamaterra.lt\/pl\/wp-json\/wp\/v2\/product_cat?post=15995"},{"taxonomy":"product_tag","embeddable":true,"href":"https:\/\/mamaterra.lt\/pl\/wp-json\/wp\/v2\/product_tag?post=15995"}],"curies":[{"name":"wp","href":"https:\/\/api.w.org\/{rel}","templated":true}]}}