{"id":15991,"date":"2022-03-06T21:39:43","date_gmt":"2022-03-06T20:39:43","guid":{"rendered":"https:\/\/mamaterra.lt\/parduotuve\/bez-kategorii\/doterra-air-x-mieszanka-olejkow-eterycznych-15ml\/"},"modified":"2022-03-06T21:39:43","modified_gmt":"2022-03-06T20:39:43","slug":"doterra-air-x-essential-oil-blend-15ml","status":"publish","type":"product","link":"https:\/\/mamaterra.lt\/pl\/parduotuve\/olejki-eteryczne\/mieszanki-olejkow-eterycznych\/doterra-air-x-essential-oil-blend-15ml\/","title":{"rendered":"DoTERRA AIR-X mieszanka olejk\u00f3w eterycznych 15ml"},"content":{"rendered":"<p><strong>DoTERRA AIR-X Mieszanka olejk\u00f3w eterycznych<\/strong><\/p>\n<p>15 ml<\/p>\n<p>&nbsp;<\/p>\n<p>Zamknij oczy. Poranek jest rze\u015bki i pogodny. We\u017a g\u0142\u0119boki oddech. \u015awie\u017cy, s\u0142odki aromat zaczyna si\u0119 wok\u00f3\u0142 ciebie rozprzestrzenia\u0107. Wydech. Istnieje spos\u00f3b na stworzenie tego uczucia w dowolnym momencie, gdziekolwiek jeste\u015b: AIR-X. Dzi\u0119ki intensywnemu cytrusowemu, drzewnemu i s\u0142abo zio\u0142owemu aromatowi AIR-X zosta\u0142 zaprojektowany, aby pom\u00f3c od\u015bwie\u017cy\u0107 powietrze poprzez parowanie dyfuzorem.<\/p>\n<p>Badania eksperymentalne pokazuj\u0105, \u017ce olejek eteryczny litsea w sk\u0142adzie AIR-X \u0142agodzi i promuje uczucie otwarto\u015bci.<\/p>\n<p>Wyniki wczesnych bada\u0144 sugeruj\u0105, \u017ce limonen, g\u0142\u00f3wny sk\u0142adnik AIR-X, mo\u017ce by\u0107 przydatny do oczyszczania. Jest to mieszanina olejk\u00f3w eterycznych o dzia\u0142aniu oczyszczaj\u0105cym na drogi oddechowe, jelita i narz\u0105dy wewn\u0119trzne<\/p>\n<p><strong>DoTERRA AIR-X Essential Oil Blend Sk\u0142adniki:<\/strong><\/p>\n<p>Air-X, mieszanka naturalnych olejk\u00f3w eterycznych doTERRA, zawiera lithsey, mandarynki, grejpfruty, boswelli\u0119 i kardamon.<\/p>\n<p><strong>DoTERRA AIR-X Blend olejk\u00f3w eterycznych wykorzystuje:<\/strong><\/p>\n<ol>\n<li dir=\"auto\">Stosowany wewn\u0119trznie promuje pozytywny i oczyszczaj\u0105cy wp\u0142yw na uk\u0142ad oddechowy i trawienny, a tak\u017ce na uk\u0142ad odporno\u015bciowy.<\/li>\n<li dir=\"auto\">Po na\u0142o\u017ceniu na sk\u00f3r\u0119 ma korzystny wp\u0142yw na ca\u0142e cia\u0142o, daje si\u0142\u0119, dzia\u0142a oczyszczaj\u0105co i wzmacniaj\u0105co.<\/li>\n<li dir=\"auto\">Gotowanie na parze dyfuzorem, wdychanie z butelki lub z d\u0142oni stymuluje koncentracj\u0119, jasno\u015b\u0107 umys\u0142u, promuje radosne emocje, obfito\u015b\u0107 i \u015bwiat\u0142o.<\/li>\n<\/ol>\n<p>&nbsp;<\/p>\n<p>Obejrzyj film o tym olejku eterycznym doTERRA.<\/p>\n<p><iframe title=\"Odtwarzacz wideo YouTube\" src=\"https:\/\/www.youtube-nocookie.com\/embed\/sYIw41CgCf0\" width=\"560\" height=\"315\" frameborder=\"0\" allowfullscreen=\"allowfullscreen\"><\/iframe><\/p>\n","protected":false},"excerpt":{"rendered":"<ul>\n<li>Dzi\u0119ki intensywnemu cytrusowemu, drzewnemu i s\u0142abo zio\u0142owemu aromatowi Air-X zosta\u0142 zaprojektowany, aby pom\u00f3c od\u015bwie\u017cy\u0107 powietrze poprzez parowanie z dyfuzorem.<\/li>\n<li>Mieszanka naturalnych olejk\u00f3w eterycznych doTERRA air-X obejmuje lithsey, mandarynki, grejpfruty, boswelli\u0119 i kardamon.<\/li>\n<\/ul>\n<p>&nbsp;<\/p>\n","protected":false},"featured_media":13392,"template":"","meta":{"site-sidebar-layout":"default","site-content-layout":"default","ast-site-content-layout":"default","site-content-style":"default","site-sidebar-style":"default","ast-global-header-display":"","ast-banner-title-visibility":"","ast-main-header-display":"","ast-hfb-above-header-display":"","ast-hfb-below-header-display":"","ast-hfb-mobile-header-display":"","site-post-title":"","ast-breadcrumbs-content":"","ast-featured-img":"","footer-sml-layout":"","ast-disable-related-posts":"","theme-transparent-header-meta":"default","adv-header-id-meta":"","stick-header-meta":"","header-above-stick-meta":"","header-main-stick-meta":"","header-below-stick-meta":"","astra-migrate-meta-layouts":"default","ast-page-background-enabled":"default","ast-page-background-meta":{"desktop":{"background-color":"","background-image":"","background-repeat":"repeat","background-position":"center center","background-size":"auto","background-attachment":"scroll","background-type":"","background-media":"","overlay-type":"","overlay-color":"","overlay-opacity":"","overlay-gradient":""},"tablet":{"background-color":"","background-image":"","background-repeat":"repeat","background-position":"center center","background-size":"auto","background-attachment":"scroll","background-type":"","background-media":"","overlay-type":"","overlay-color":"","overlay-opacity":"","overlay-gradient":""},"mobile":{"background-color":"","background-image":"","background-repeat":"repeat","background-position":"center center","background-size":"auto","background-attachment":"scroll","background-type":"","background-media":"","overlay-type":"","overlay-color":"","overlay-opacity":"","overlay-gradient":""}},"ast-content-background-meta":{"desktop":{"background-color":"var(--ast-global-color-5)","background-image":"","background-repeat":"repeat","background-position":"center center","background-size":"auto","background-attachment":"scroll","background-type":"","background-media":"","overlay-type":"","overlay-color":"","overlay-opacity":"","overlay-gradient":""},"tablet":{"background-color":"var(--ast-global-color-5)","background-image":"","background-repeat":"repeat","background-position":"center center","background-size":"auto","background-attachment":"scroll","background-type":"","background-media":"","overlay-type":"","overlay-color":"","overlay-opacity":"","overlay-gradient":""},"mobile":{"background-color":"var(--ast-global-color-5)","background-image":"","background-repeat":"repeat","background-position":"center center","background-size":"auto","background-attachment":"scroll","background-type":"","background-media":"","overlay-type":"","overlay-color":"","overlay-opacity":"","overlay-gradient":""}}},"product_brand":[],"product_cat":[1735,1702,1698],"product_tag":[729,1359,1535],"class_list":{"0":"post-15991","1":"product","2":"type-product","3":"status-publish","4":"has-post-thumbnail","6":"product_cat-masaz","7":"product_cat-mieszanki-olejkow-eterycznych","8":"product_cat-olejki-eteryczne","9":"product_tag-15ml-pl","10":"product_tag-air-x-pl","11":"product_tag-mieszanki-olejkow-eterycznych","12":"desktop-align-left","13":"tablet-align-left","14":"mobile-align-left","16":"first","17":"instock","18":"sale","19":"taxable","20":"shipping-taxable","21":"purchasable","22":"product-type-simple"},"_links":{"self":[{"href":"https:\/\/mamaterra.lt\/pl\/wp-json\/wp\/v2\/product\/15991","targetHints":{"allow":["GET"]}}],"collection":[{"href":"https:\/\/mamaterra.lt\/pl\/wp-json\/wp\/v2\/product"}],"about":[{"href":"https:\/\/mamaterra.lt\/pl\/wp-json\/wp\/v2\/types\/product"}],"wp:featuredmedia":[{"embeddable":true,"href":"https:\/\/mamaterra.lt\/pl\/wp-json\/wp\/v2\/media\/13392"}],"wp:attachment":[{"href":"https:\/\/mamaterra.lt\/pl\/wp-json\/wp\/v2\/media?parent=15991"}],"wp:term":[{"taxonomy":"product_brand","embeddable":true,"href":"https:\/\/mamaterra.lt\/pl\/wp-json\/wp\/v2\/product_brand?post=15991"},{"taxonomy":"product_cat","embeddable":true,"href":"https:\/\/mamaterra.lt\/pl\/wp-json\/wp\/v2\/product_cat?post=15991"},{"taxonomy":"product_tag","embeddable":true,"href":"https:\/\/mamaterra.lt\/pl\/wp-json\/wp\/v2\/product_tag?post=15991"}],"curies":[{"name":"wp","href":"https:\/\/api.w.org\/{rel}","templated":true}]}}