{"id":15987,"date":"2022-04-27T13:22:40","date_gmt":"2022-04-27T12:22:40","guid":{"rendered":"https:\/\/mamaterra.lt\/parduotuve\/bez-kategorii\/doterra-pastylki-do-oddychania-do-oddychania-doterra-air-drops-120g\/"},"modified":"2022-04-27T13:22:40","modified_gmt":"2022-04-27T12:22:40","slug":"doterra-pastyleki-oddechowe-do-oddychania-zrzuty-120g","status":"publish","type":"product","link":"https:\/\/mamaterra.lt\/pl\/parduotuve\/olejki-eteryczne\/mieszanki-olejkow-eterycznych\/doterra-pastyleki-oddechowe-do-oddychania-zrzuty-120g\/","title":{"rendered":"DoTERRA Pastylki do oddychania do oddychania (doTERRA Air Drops) 120g"},"content":{"rendered":"<p><strong>DoTERRA Pastylki do oddychania do oddychania (doTERRA Air Drops) 120g<\/strong><\/p>\n<p>Oddychaj pastylkami do ssania &#8211; wygodne pastylki do ssania o doskona\u0142ym smaku.<\/p>\n<p>doTERRA AIR to mieszanka olejk\u00f3w eterycznych, kt\u00f3rym od dawna obdarzaj\u0105 si\u0119 zaufaniem. Pastylki do ssania doTERRA Breath sprawiaj\u0105, \u017ce ta wypr\u00f3bowana kombinacja olejk\u00f3w eterycznych jest jeszcze bardziej komfortowa ni\u017c kiedykolwiek wcze\u015bniej. Ciesz si\u0119 zaletami olejk\u00f3w eterycznych z cytryny, mi\u0119ty pieprzowej, eukaliptusa, tymianku, melisy i kardamonu, kt\u00f3re s\u0105 dostarczane przez pastylki do ssania o doskona\u0142ym smaku<\/p>\n<ul>\n<li>Wspiera czyste drogi oddechowe i promuje lekkie, czyste oddychanie.<\/li>\n<li>Wspiera og\u00f3lny stan zdrowia uk\u0142adu oddechowego.<\/li>\n<li>Odczuwanie dyskomfortu w oddychaniu.<\/li>\n<\/ul>\n<p><strong>DoTERRA Pastylki do oddychania dla uk\u0142adu oddechowego (zrzuty powietrza doTERRA) Zastosowanie:<\/strong><\/p>\n<ul>\n<li>U\u017cyj jako szybkiej i wygodnej alternatywy dla mieszanki DoTERRA AIR.<\/li>\n<li>Miej je pod r\u0119k\u0105 w torebce lub torbie podr\u00f3\u017cnej, aby\u015b m\u00f3g\u0142 celowo dba\u0107 o dobre samopoczucie podczas podr\u00f3\u017cy. \u0141atwo dziel si\u0119 doterra air z rodzin\u0105 i przyjaci\u00f3\u0142mi!<\/li>\n<li>Aby uzyska\u0107 najlepsze rezultaty, u\u017cywaj z innymi produktami doterra air.<\/li>\n<\/ul>\n<p><strong>DoTERRA Pastylki do oddychania dla uk\u0142adu oddechowego (doTERRA Air Drops) Instrukcja u\u017cycia:<\/strong><\/p>\n<p>Porcja: 1 kropla (4 g) dziennie.<\/p>\n<p><strong>Pastylki do oddychania doTERRA dla uk\u0142adu oddechowego (zrzuty powietrza doTERRA) Sk\u0142ada si\u0119 z:<\/strong><\/p>\n<p>W opakowaniu 30 sztuk pastylek do ssania.<\/p>\n","protected":false},"excerpt":{"rendered":"<ul>\n<li>U\u017cyj jako szybkiej i wygodnej alternatywy dla mieszanki DoTERRA AIR<\/li>\n<li>Miej je pod r\u0119k\u0105 w torebce lub torbie podr\u00f3\u017cnej, aby\u015b m\u00f3g\u0142 celowo wspiera\u0107 je podczas podr\u00f3\u017cy. \u0141atwe udost\u0119pnianie doTERRA AIR rodzinie i znajomym<\/li>\n<li>U\u017cywaj z innymi produktami doterra air, aby uzyska\u0107 najlepsze rezultaty<\/li>\n<li>Opakowanie 30 sztuk pastylek do ssania<\/li>\n<\/ul>\n","protected":false},"featured_media":13416,"template":"","meta":{"site-sidebar-layout":"default","site-content-layout":"default","ast-site-content-layout":"default","site-content-style":"default","site-sidebar-style":"default","ast-global-header-display":"","ast-banner-title-visibility":"","ast-main-header-display":"","ast-hfb-above-header-display":"","ast-hfb-below-header-display":"","ast-hfb-mobile-header-display":"","site-post-title":"","ast-breadcrumbs-content":"","ast-featured-img":"","footer-sml-layout":"","ast-disable-related-posts":"","theme-transparent-header-meta":"default","adv-header-id-meta":"","stick-header-meta":"","header-above-stick-meta":"","header-main-stick-meta":"","header-below-stick-meta":"","astra-migrate-meta-layouts":"default","ast-page-background-enabled":"default","ast-page-background-meta":{"desktop":{"background-color":"","background-image":"","background-repeat":"repeat","background-position":"center center","background-size":"auto","background-attachment":"scroll","background-type":"","background-media":"","overlay-type":"","overlay-color":"","overlay-opacity":"","overlay-gradient":""},"tablet":{"background-color":"","background-image":"","background-repeat":"repeat","background-position":"center center","background-size":"auto","background-attachment":"scroll","background-type":"","background-media":"","overlay-type":"","overlay-color":"","overlay-opacity":"","overlay-gradient":""},"mobile":{"background-color":"","background-image":"","background-repeat":"repeat","background-position":"center center","background-size":"auto","background-attachment":"scroll","background-type":"","background-media":"","overlay-type":"","overlay-color":"","overlay-opacity":"","overlay-gradient":""}},"ast-content-background-meta":{"desktop":{"background-color":"var(--ast-global-color-5)","background-image":"","background-repeat":"repeat","background-position":"center center","background-size":"auto","background-attachment":"scroll","background-type":"","background-media":"","overlay-type":"","overlay-color":"","overlay-opacity":"","overlay-gradient":""},"tablet":{"background-color":"var(--ast-global-color-5)","background-image":"","background-repeat":"repeat","background-position":"center center","background-size":"auto","background-attachment":"scroll","background-type":"","background-media":"","overlay-type":"","overlay-color":"","overlay-opacity":"","overlay-gradient":""},"mobile":{"background-color":"var(--ast-global-color-5)","background-image":"","background-repeat":"repeat","background-position":"center center","background-size":"auto","background-attachment":"scroll","background-type":"","background-media":"","overlay-type":"","overlay-color":"","overlay-opacity":"","overlay-gradient":""}}},"product_brand":[],"product_cat":[1702,1698],"product_tag":[1661,1648],"class_list":{"0":"post-15987","1":"product","2":"type-product","3":"status-publish","4":"has-post-thumbnail","6":"product_cat-mieszanki-olejkow-eterycznych","7":"product_cat-olejki-eteryczne","8":"product_tag-cukierki","9":"product_tag-pastylki","10":"desktop-align-left","11":"tablet-align-left","12":"mobile-align-left","14":"first","15":"instock","16":"taxable","17":"shipping-taxable","18":"purchasable","19":"product-type-simple"},"_links":{"self":[{"href":"https:\/\/mamaterra.lt\/pl\/wp-json\/wp\/v2\/product\/15987","targetHints":{"allow":["GET"]}}],"collection":[{"href":"https:\/\/mamaterra.lt\/pl\/wp-json\/wp\/v2\/product"}],"about":[{"href":"https:\/\/mamaterra.lt\/pl\/wp-json\/wp\/v2\/types\/product"}],"wp:featuredmedia":[{"embeddable":true,"href":"https:\/\/mamaterra.lt\/pl\/wp-json\/wp\/v2\/media\/13416"}],"wp:attachment":[{"href":"https:\/\/mamaterra.lt\/pl\/wp-json\/wp\/v2\/media?parent=15987"}],"wp:term":[{"taxonomy":"product_brand","embeddable":true,"href":"https:\/\/mamaterra.lt\/pl\/wp-json\/wp\/v2\/product_brand?post=15987"},{"taxonomy":"product_cat","embeddable":true,"href":"https:\/\/mamaterra.lt\/pl\/wp-json\/wp\/v2\/product_cat?post=15987"},{"taxonomy":"product_tag","embeddable":true,"href":"https:\/\/mamaterra.lt\/pl\/wp-json\/wp\/v2\/product_tag?post=15987"}],"curies":[{"name":"wp","href":"https:\/\/api.w.org\/{rel}","templated":true}]}}