{"id":15984,"date":"2022-04-01T19:38:35","date_gmt":"2022-04-01T18:38:35","guid":{"rendered":"https:\/\/mamaterra.lt\/parduotuve\/bez-kategorii\/doterra-balance-beard-blend-olejkow-eterycznych-30ml\/"},"modified":"2022-04-01T19:38:35","modified_gmt":"2022-04-01T18:38:35","slug":"doterra-balance-brody-olejki-mieszanka-olejkow-30ml","status":"publish","type":"product","link":"https:\/\/mamaterra.lt\/pl\/parduotuve\/olejki-eteryczne\/mieszanki-olejkow-eterycznych\/doterra-balance-brody-olejki-mieszanka-olejkow-30ml\/","title":{"rendered":"doTERRA Balance\u2122 Beard Blend olejk\u00f3w eterycznych 30ml"},"content":{"rendered":"<p><strong>doTERRA Balance\u2122 Beard Blend olejk\u00f3w eterycznych<\/strong><\/p>\n<p>30ml<\/p>\n<p>&nbsp;<\/p>\n<p>Po\u017cegnaj si\u0119 z grubym zarostem dzi\u0119ki olejkowi do brody doTERRA Balance. Od olejk\u00f3w arganowego, jojoba, s\u0142onecznikowego i awokado uzupe\u0142nionych olejkami eterycznymi, sk\u00f3ra i w\u0142osy wygl\u0105daj\u0105 na nawil\u017cone, zadbane i od\u017cywione.<\/p>\n<p>Zaledwie kilka kropli dziennie pomo\u017ce utrzyma\u0107 mi\u0119kki, mi\u0119kki i nawil\u017cony w\u0142os na twarzy.<\/p>\n<p><strong>doTERRA Balance\u2122 Beard Essential Oil Blend Sk\u0142adniki:<\/strong><\/p>\n<p>doTERRA Balance\u2122 Beard Oil (Beard Oil) zawiera opatentowan\u0105 mieszank\u0119 olejk\u00f3w eterycznych ze \u015bwierku, drewna Ho (cynamon kamforowy), wrotyczu niebieskiego (wrotyczu pospolitego), rumianku modyfikowanego (Medicinal Chamomile) i Frankincense (Boswellia).<\/p>\n","protected":false},"excerpt":{"rendered":"<ul>\n<li>Od olejk\u00f3w arganowego, jojoba, s\u0142onecznikowego i awokado uzupe\u0142nionych olejkami eterycznymi, sk\u00f3ra i w\u0142osy wygl\u0105daj\u0105 na nawil\u017cone, zadbane i od\u017cywione.<\/li>\n<li>Zaledwie kilka kropli dziennie pomo\u017ce utrzyma\u0107 mi\u0119kki, mi\u0119kki i nawil\u017cony w\u0142os na twarzy.<\/li>\n<\/ul>\n","protected":false},"featured_media":13407,"template":"","meta":{"site-sidebar-layout":"default","site-content-layout":"default","ast-site-content-layout":"default","site-content-style":"default","site-sidebar-style":"default","ast-global-header-display":"","ast-banner-title-visibility":"","ast-main-header-display":"","ast-hfb-above-header-display":"","ast-hfb-below-header-display":"","ast-hfb-mobile-header-display":"","site-post-title":"","ast-breadcrumbs-content":"","ast-featured-img":"","footer-sml-layout":"","ast-disable-related-posts":"","theme-transparent-header-meta":"default","adv-header-id-meta":"","stick-header-meta":"","header-above-stick-meta":"","header-main-stick-meta":"","header-below-stick-meta":"","astra-migrate-meta-layouts":"default","ast-page-background-enabled":"default","ast-page-background-meta":{"desktop":{"background-color":"","background-image":"","background-repeat":"repeat","background-position":"center center","background-size":"auto","background-attachment":"scroll","background-type":"","background-media":"","overlay-type":"","overlay-color":"","overlay-opacity":"","overlay-gradient":""},"tablet":{"background-color":"","background-image":"","background-repeat":"repeat","background-position":"center center","background-size":"auto","background-attachment":"scroll","background-type":"","background-media":"","overlay-type":"","overlay-color":"","overlay-opacity":"","overlay-gradient":""},"mobile":{"background-color":"","background-image":"","background-repeat":"repeat","background-position":"center center","background-size":"auto","background-attachment":"scroll","background-type":"","background-media":"","overlay-type":"","overlay-color":"","overlay-opacity":"","overlay-gradient":""}},"ast-content-background-meta":{"desktop":{"background-color":"var(--ast-global-color-5)","background-image":"","background-repeat":"repeat","background-position":"center center","background-size":"auto","background-attachment":"scroll","background-type":"","background-media":"","overlay-type":"","overlay-color":"","overlay-opacity":"","overlay-gradient":""},"tablet":{"background-color":"var(--ast-global-color-5)","background-image":"","background-repeat":"repeat","background-position":"center center","background-size":"auto","background-attachment":"scroll","background-type":"","background-media":"","overlay-type":"","overlay-color":"","overlay-opacity":"","overlay-gradient":""},"mobile":{"background-color":"var(--ast-global-color-5)","background-image":"","background-repeat":"repeat","background-position":"center center","background-size":"auto","background-attachment":"scroll","background-type":"","background-media":"","overlay-type":"","overlay-color":"","overlay-opacity":"","overlay-gradient":""}}},"product_brand":[],"product_cat":[1711,1702,1688,1695],"product_tag":[760,1382,1535],"class_list":{"0":"post-15984","1":"product","2":"type-product","3":"status-publish","4":"has-post-thumbnail","6":"product_cat-higiena-i-pielegnacja-skory","7":"product_cat-mieszanki-olejkow-eterycznych","8":"product_cat-prezenty","9":"product_cat-prezenty-dla-mezczyzn","10":"product_tag-30ml-pl","11":"product_tag-balance-pl","12":"product_tag-mieszanki-olejkow-eterycznych","13":"desktop-align-left","14":"tablet-align-left","15":"mobile-align-left","17":"first","18":"instock","19":"taxable","20":"shipping-taxable","21":"purchasable","22":"product-type-simple"},"_links":{"self":[{"href":"https:\/\/mamaterra.lt\/pl\/wp-json\/wp\/v2\/product\/15984","targetHints":{"allow":["GET"]}}],"collection":[{"href":"https:\/\/mamaterra.lt\/pl\/wp-json\/wp\/v2\/product"}],"about":[{"href":"https:\/\/mamaterra.lt\/pl\/wp-json\/wp\/v2\/types\/product"}],"wp:featuredmedia":[{"embeddable":true,"href":"https:\/\/mamaterra.lt\/pl\/wp-json\/wp\/v2\/media\/13407"}],"wp:attachment":[{"href":"https:\/\/mamaterra.lt\/pl\/wp-json\/wp\/v2\/media?parent=15984"}],"wp:term":[{"taxonomy":"product_brand","embeddable":true,"href":"https:\/\/mamaterra.lt\/pl\/wp-json\/wp\/v2\/product_brand?post=15984"},{"taxonomy":"product_cat","embeddable":true,"href":"https:\/\/mamaterra.lt\/pl\/wp-json\/wp\/v2\/product_cat?post=15984"},{"taxonomy":"product_tag","embeddable":true,"href":"https:\/\/mamaterra.lt\/pl\/wp-json\/wp\/v2\/product_tag?post=15984"}],"curies":[{"name":"wp","href":"https:\/\/api.w.org\/{rel}","templated":true}]}}