{"id":15979,"date":"2022-04-27T12:58:19","date_gmt":"2022-04-27T11:58:19","guid":{"rendered":"https:\/\/mamaterra.lt\/parduotuve\/bez-kategorii\/doterra-pastylki-imbirowo-cytrynowe-dla-lepszego-trawienia-doterra-ginger-drops-120g\/"},"modified":"2022-04-27T12:58:19","modified_gmt":"2022-04-27T11:58:19","slug":"doterra-imbir-i-cytryna-krople-pastylki-dla-lepszego-trawienia-doterra-krople-imbiru-120g","status":"publish","type":"product","link":"https:\/\/mamaterra.lt\/pl\/parduotuve\/olejki-eteryczne\/mieszanki-olejkow-eterycznych\/doterra-imbir-i-cytryna-krople-pastylki-dla-lepszego-trawienia-doterra-krople-imbiru-120g\/","title":{"rendered":"doTERRA Pastylki imbirowo-cytrynowe dla lepszego trawienia (doTERRA Ginger Drops) 120g"},"content":{"rendered":"<p><strong>doTERRA Pastylki imbirowo-cytrynowe dla lepszego trawienia (doTERRA Ginger Drops) 120g<\/strong><\/p>\n<ul>\n<li>S\u0142odki, pikantny smak imbiru i cytryny pomaga zmniejszy\u0107 nudno\u015bci zwi\u0105zane z ruchem<\/li>\n<li>Wspomaga zdrowe trawienie<\/li>\n<li>Pomaga z\u0142agodzi\u0107 przypadkowe dolegliwo\u015bci \u017co\u0142\u0105dkowe<\/li>\n<li>Wykonane na bazie organicznego soku z trzciny cukrowej i syropu z br\u0105zowego ry\u017cu, z dodatkiem certyfikowanych przez CPTG, sprawdzonych olejk\u00f3w eterycznych doTERRA, te pastylki do ssania nie zawieraj\u0105 \u017cadnych sztucznych barwnik\u00f3w i aromat\u00f3w.<\/li>\n<li>\u0141atwo jest mie\u0107 go pod r\u0119k\u0105 podczas podr\u00f3\u017cy lub wtedy, gdy najbardziej go potrzebujesz &#8211; gdy czujesz dyskomfort w \u017co\u0142\u0105dku, je\u015bli z\u0142apiesz si\u0119 podczas jazdy.<\/li>\n<\/ul>\n<p><strong>doTERRA Pastylki imbirowe i cytrynowe dla lepszego trawienia (doTERRA GingerDrops) Opis:<\/strong><\/p>\n<p>Ro\u015blina imbiru od dawna jest stosowana w tradycyjnej praktyce odnowy biologicznej, a jej w\u0142a\u015bciwo\u015bci uspokajaj\u0105ce s\u0105 zaufane do dzi\u015b. Korzy\u015bci z olejku imbirowego doTERRA Ginger Drops CPTG\u00ae mo\u017cna odczu\u0107 w naturalnych pastylek do ssania. S\u0142odki i pikantny smak imbiru miesza si\u0119 z odrobin\u0105 olejku cytrynowego, aby zwi\u0119kszy\u0107 korzy\u015bci i smak pastylek do ssania. Czasami odczuwanie nudno\u015bci zwi\u0105zanych z ruchem, w\u0142a\u015bciwo\u015bci kropli imbiru pomagaj\u0105 z\u0142agodzi\u0107 nieprzyjemne odczucia i uspokoi\u0107 \u017co\u0142\u0105dek. Wewn\u0119trzne korzy\u015bci imbiru promuj\u0105 r\u00f3wnie\u017c zdrowe trawienie i pomagaj\u0105 z\u0142agodzi\u0107 sporadyczne dolegliwo\u015bci \u017co\u0142\u0105dkowe.<\/p>\n<p><strong>Imbir i pastylek cytrynowych doTERRA dla lepszego trawienia (doTERRA GingerDrops) Instrukcja u\u017cycia:<\/strong><\/p>\n<ul>\n<li>Chwy\u0107 pastylk\u0119 w razie potrzeby, jest to mo\u017cliwe co kilka godzin.<\/li>\n<\/ul>\n<p><strong>doTERRA Pastylki imbirowe i cytrynowe dla lepszego trawienia (doTERRA Ginger Drops) Sk\u0142ada si\u0119 z:<\/strong><\/p>\n<p>W opakowaniu 30 sztuk pastylek do ssania.<\/p>\n","protected":false},"excerpt":{"rendered":"<ul>\n<li dir=\"auto\">U\u017cywaj pastylek do ssania, gdy odczuwasz dyskomfort w \u017co\u0142\u0105dku, je\u015bli odczuwasz md\u0142o\u015bci podczas jazdy<\/li>\n<li dir=\"auto\">R\u00f3wnie\u017c w kompozycji olejki eteryczne z imbiru i cytryny wzmacniaj\u0105 odporno\u015b\u0107 i wspomagaj\u0105 zdrowe trawienie<\/li>\n<li dir=\"auto\">Opakowanie 30 sztuk pastylek do ssania<\/li>\n<\/ul>\n","protected":false},"featured_media":13413,"template":"","meta":{"site-sidebar-layout":"default","site-content-layout":"default","ast-site-content-layout":"default","site-content-style":"default","site-sidebar-style":"default","ast-global-header-display":"","ast-banner-title-visibility":"","ast-main-header-display":"","ast-hfb-above-header-display":"","ast-hfb-below-header-display":"","ast-hfb-mobile-header-display":"","site-post-title":"","ast-breadcrumbs-content":"","ast-featured-img":"","footer-sml-layout":"","ast-disable-related-posts":"","theme-transparent-header-meta":"default","adv-header-id-meta":"","stick-header-meta":"","header-above-stick-meta":"","header-main-stick-meta":"","header-below-stick-meta":"","astra-migrate-meta-layouts":"default","ast-page-background-enabled":"default","ast-page-background-meta":{"desktop":{"background-color":"","background-image":"","background-repeat":"repeat","background-position":"center center","background-size":"auto","background-attachment":"scroll","background-type":"","background-media":"","overlay-type":"","overlay-color":"","overlay-opacity":"","overlay-gradient":""},"tablet":{"background-color":"","background-image":"","background-repeat":"repeat","background-position":"center center","background-size":"auto","background-attachment":"scroll","background-type":"","background-media":"","overlay-type":"","overlay-color":"","overlay-opacity":"","overlay-gradient":""},"mobile":{"background-color":"","background-image":"","background-repeat":"repeat","background-position":"center center","background-size":"auto","background-attachment":"scroll","background-type":"","background-media":"","overlay-type":"","overlay-color":"","overlay-opacity":"","overlay-gradient":""}},"ast-content-background-meta":{"desktop":{"background-color":"var(--ast-global-color-5)","background-image":"","background-repeat":"repeat","background-position":"center center","background-size":"auto","background-attachment":"scroll","background-type":"","background-media":"","overlay-type":"","overlay-color":"","overlay-opacity":"","overlay-gradient":""},"tablet":{"background-color":"var(--ast-global-color-5)","background-image":"","background-repeat":"repeat","background-position":"center center","background-size":"auto","background-attachment":"scroll","background-type":"","background-media":"","overlay-type":"","overlay-color":"","overlay-opacity":"","overlay-gradient":""},"mobile":{"background-color":"var(--ast-global-color-5)","background-image":"","background-repeat":"repeat","background-position":"center center","background-size":"auto","background-attachment":"scroll","background-type":"","background-media":"","overlay-type":"","overlay-color":"","overlay-opacity":"","overlay-gradient":""}}},"product_brand":[],"product_cat":[1702,1698,1758],"product_tag":[1661,1648],"class_list":{"0":"post-15979","1":"product","2":"type-product","3":"status-publish","4":"has-post-thumbnail","6":"product_cat-mieszanki-olejkow-eterycznych","7":"product_cat-olejki-eteryczne","8":"product_cat-trawienie","9":"product_tag-cukierki","10":"product_tag-pastylki","11":"desktop-align-left","12":"tablet-align-left","13":"mobile-align-left","15":"first","16":"instock","17":"taxable","18":"shipping-taxable","19":"purchasable","20":"product-type-simple"},"_links":{"self":[{"href":"https:\/\/mamaterra.lt\/pl\/wp-json\/wp\/v2\/product\/15979","targetHints":{"allow":["GET"]}}],"collection":[{"href":"https:\/\/mamaterra.lt\/pl\/wp-json\/wp\/v2\/product"}],"about":[{"href":"https:\/\/mamaterra.lt\/pl\/wp-json\/wp\/v2\/types\/product"}],"wp:featuredmedia":[{"embeddable":true,"href":"https:\/\/mamaterra.lt\/pl\/wp-json\/wp\/v2\/media\/13413"}],"wp:attachment":[{"href":"https:\/\/mamaterra.lt\/pl\/wp-json\/wp\/v2\/media?parent=15979"}],"wp:term":[{"taxonomy":"product_brand","embeddable":true,"href":"https:\/\/mamaterra.lt\/pl\/wp-json\/wp\/v2\/product_brand?post=15979"},{"taxonomy":"product_cat","embeddable":true,"href":"https:\/\/mamaterra.lt\/pl\/wp-json\/wp\/v2\/product_cat?post=15979"},{"taxonomy":"product_tag","embeddable":true,"href":"https:\/\/mamaterra.lt\/pl\/wp-json\/wp\/v2\/product_tag?post=15979"}],"curies":[{"name":"wp","href":"https:\/\/api.w.org\/{rel}","templated":true}]}}