{"id":15967,"date":"2022-05-10T18:05:21","date_gmt":"2022-05-10T17:05:21","guid":{"rendered":"https:\/\/mamaterra.lt\/parduotuve\/bez-kategorii\/doterra-suplementy-longevity-complex-llv-lifelong-vitality-pack-3-pudelka-suplementow\/"},"modified":"2022-05-10T18:05:21","modified_gmt":"2022-05-10T17:05:21","slug":"doterra-suplementy-kompleks-llv-lifelong-vitality-pack-3-decks","status":"publish","type":"product","link":"https:\/\/mamaterra.lt\/pl\/parduotuve\/witaminy-i-suplementy\/doterra-suplementy-kompleks-llv-lifelong-vitality-pack-3-decks\/","title":{"rendered":"doTERRA Suplementy Longevity Complex &#8211; LLV Lifelong Vitality Pack (3 pude\u0142ka suplement\u00f3w)"},"content":{"rendered":"<p><strong>doTERRA Suplementy Longevity Complex &#8211; LLV Lifelong Vitality Pack (3 pude\u0142ka suplement\u00f3w)<\/strong><\/p>\n<p>doTERRA Lifelong Vitality Pack &#8211; Longevity Complex &#8211; to jeden z najpopularniejszych produkt\u00f3w doTERRA, bogaty w niezb\u0119dne sk\u0142adniki od\u017cywcze, substancje przydatne dla metabolizmu oraz silne antyoksydanty promuj\u0105ce energi\u0119, zdrowie i witalno\u015b\u0107 przez ca\u0142e \u017cycie.<\/p>\n<p><strong>doTERRA Supplements Longevity Complex \u2013 LLV Lifelong Vitality Pack (3 pude\u0142ka suplement\u00f3w) Sk\u0142ada si\u0119 z:<\/strong><\/p>\n<ol>\n<li>doTERRA Olejki eteryczne i Omega Fatty Acids Complex xEO MEGA\u2122 (120 kapsu\u0142ek)<\/li>\n<li>doTERRA Suplementy Complex dla \u017cywotno\u015bci kom\u00f3rek Alpha CRS\u2122+<\/li>\n<li>doTERRA Nutrient Complex microplex VMz\u2122<\/li>\n<\/ol>\n<p>&nbsp;<\/p>\n<p>Obejrzyj film o tym niesamowitym kompleksie suplement\u00f3w doterra.<br \/>\n<iframe title=\"Odtwarzacz wideo YouTube\" src=\"https:\/\/www.youtube-nocookie.com\/embed\/eC8j7UUpWN8\" width=\"560\" height=\"315\" frameborder=\"0\" allowfullscreen=\"allowfullscreen\"><\/iframe><\/p>\n<p>&nbsp;<\/p>\n<p><strong>doTERRA Suplementy Longevity Complex \u2013 LLV Lifelong Vitality Pack G\u0142\u00f3wne korzy\u015bci:<\/strong><\/p>\n<ul>\n<li>Og\u00f3lne samopoczucie i witalno\u015b\u0107<\/li>\n<li>Przeciwutleniacze i ochrona DNA<\/li>\n<li>Metabolizm energetyczny<\/li>\n<li>Zdrowie ko\u015bci<\/li>\n<li>Uk\u0142ad odporno\u015bciowy<\/li>\n<li>Zarz\u0105dzanie stresem<\/li>\n<li>Uk\u0142adu kr\u0105\u017cenia<\/li>\n<li>Zdrowe w\u0142osy, sk\u00f3ra i paznokcie<\/li>\n<li>Oczy, m\u00f3zg, uk\u0142ad nerwowy<\/li>\n<li>Czynno\u015b\u0107 w\u0105troby i zdrowie uk\u0142adu trawiennego<\/li>\n<li>Zdrowie p\u0142uc i uk\u0142adu oddechowego<\/li>\n<li>\u0141agodny dla \u017co\u0142\u0105dka<\/li>\n<li>Nie zawiera substancji modyfikowanych genetycznie, bez produkt\u00f3w mlecznych<\/li>\n<\/ul>\n<p><strong>doTERRA Suplementy D\u0142ugoterminowy Kompleks &#8211; LLV Pakiet Witalno\u015bci na ca\u0142e \u017cycie D\u0142ugi opis:<\/strong><\/p>\n<p>doTERRA Lifelong Vitality &#8211; Program d\u0142ugowieczno\u015bci pozwala zrobi\u0107 pierwszy krok w kierunku witalno\u015bci i dobrego samopoczucia przez ca\u0142e \u017cycie &#8211; jest wygodny i niedrogi. Nasze zdrowie i witalno\u015b\u0107 przez ca\u0142e \u017cycie zale\u017cy od wielu czynnik\u00f3w, w tym od\u017cywiania, aktywno\u015bci fizycznej, regulacji wagi, odpoczynku, radzenia sobie ze stresem, nara\u017cenia na toksyny i dziedzicznych predyspozycji genetycznych do choroby lub powrotu do zdrowia. Chocia\u017c nad niekt\u00f3rymi z tych zmiennych nie mamy absolutnie \u017cadnej kontroli, zaawansowane badania ujawniaj\u0105 wiele sposob\u00f3w, w jakie mo\u017cemy wp\u0142ywa\u0107 &#8211; a nawet kontrolowa\u0107 &#8211; wa\u017cne czynniki starzenia si\u0119 i dobrego samopoczucia. D\u0142ugie \u017cycie pe\u0142ne witalno\u015bci i zdrowego starzenia si\u0119 zaczyna si\u0119 od tego, \u017ce dostarczamy kom\u00f3rkom niezb\u0119dnych sk\u0142adnik\u00f3w od\u017cywczych i czynnik\u00f3w metabolicznych, kt\u00f3re pomagaj\u0105 im optymalnie funkcjonowa\u0107. Zaoszcz\u0119d\u017a znaczn\u0105 kwot\u0119, kupuj\u0105c te trzy produkty razem w wygodnym opakowaniu!<\/p>\n<p><strong>doTERRA Suplementy Kompleks d\u0142ugowieczno\u015bci &#8211; LLV Lifelong Vitality Pack Wskaz\u00f3wki dotycz\u0105ce u\u017cytkowania:<\/strong><\/p>\n<p>Przyjmowa\u0107 ka\u017cd\u0105 formu\u0142\u0119 rano i wieczorem z lub wszystkimi z nich z posi\u0142kami, jak wskazano na butelce. Mo\u017cesz przyjmowa\u0107 do czterech dawek ka\u017cdego suplementu dziennie. Przyjmowanie maksymalnej dawki suplement\u00f3w wystarczy na miesi\u0105c.<\/p>\n<p>Przeczytaj wi\u0119cej o tym kompleksie <strong><br \/>\n suplement\u00f3w <a href=\"https:\/\/mamaterra.lt\/doterra-lifelong-vitality-pack-ilgaamziskumo-kompleksas-omega3-antioksidantai-vitaminai-mineralai-augalinesomega3\/\" target=\"_blank\" rel=\"noopener\">tutaj<\/a><br \/>\n  <\/strong>.<\/p>\n","protected":false},"excerpt":{"rendered":"<ul>\n<li>doTERRA Lifelong Vitality Pack &#8211; Longevity Complex &#8211; to jeden z najpopularniejszych produkt\u00f3w doTERRA, bogaty w niezb\u0119dne sk\u0142adniki od\u017cywcze, substancje korzystnie wp\u0142ywaj\u0105ce na metabolizm oraz silne antyoksydanty promuj\u0105ce energi\u0119, zdrowie i witalno\u015b\u0107 przez ca\u0142e \u017cycie<\/li>\n<li>Kompleks sk\u0142ada si\u0119 z 3 r\u00f3\u017cnych suplement\u00f3w doTERRA:<\/li>\n<\/ul>\n<ol>\n<li style=\"list-style-type: none;\">\n<ol>\n<li>doTERRA Olejki eteryczne i Omega Fatty Acids Complex xEO MEGA\u2122 (120 kapsu\u0142ek)<\/li>\n<li>doTERRA Suplementy Complex dla \u017cywotno\u015bci kom\u00f3rek Alpha CRS\u2122+<\/li>\n<li>doTERRA Od\u017cywczy kompleks Microplex VMz\u2122<\/li>\n<\/ol>\n<\/li>\n<\/ol>\n","protected":false},"featured_media":13482,"template":"","meta":{"site-sidebar-layout":"default","site-content-layout":"default","ast-site-content-layout":"default","site-content-style":"default","site-sidebar-style":"default","ast-global-header-display":"","ast-banner-title-visibility":"","ast-main-header-display":"","ast-hfb-above-header-display":"","ast-hfb-below-header-display":"","ast-hfb-mobile-header-display":"","site-post-title":"","ast-breadcrumbs-content":"","ast-featured-img":"","footer-sml-layout":"","ast-disable-related-posts":"","theme-transparent-header-meta":"default","adv-header-id-meta":"","stick-header-meta":"","header-above-stick-meta":"","header-main-stick-meta":"","header-below-stick-meta":"","astra-migrate-meta-layouts":"default","ast-page-background-enabled":"default","ast-page-background-meta":{"desktop":{"background-color":"","background-image":"","background-repeat":"repeat","background-position":"center center","background-size":"auto","background-attachment":"scroll","background-type":"","background-media":"","overlay-type":"","overlay-color":"","overlay-opacity":"","overlay-gradient":""},"tablet":{"background-color":"","background-image":"","background-repeat":"repeat","background-position":"center center","background-size":"auto","background-attachment":"scroll","background-type":"","background-media":"","overlay-type":"","overlay-color":"","overlay-opacity":"","overlay-gradient":""},"mobile":{"background-color":"","background-image":"","background-repeat":"repeat","background-position":"center center","background-size":"auto","background-attachment":"scroll","background-type":"","background-media":"","overlay-type":"","overlay-color":"","overlay-opacity":"","overlay-gradient":""}},"ast-content-background-meta":{"desktop":{"background-color":"var(--ast-global-color-5)","background-image":"","background-repeat":"repeat","background-position":"center center","background-size":"auto","background-attachment":"scroll","background-type":"","background-media":"","overlay-type":"","overlay-color":"","overlay-opacity":"","overlay-gradient":""},"tablet":{"background-color":"var(--ast-global-color-5)","background-image":"","background-repeat":"repeat","background-position":"center center","background-size":"auto","background-attachment":"scroll","background-type":"","background-media":"","overlay-type":"","overlay-color":"","overlay-opacity":"","overlay-gradient":""},"mobile":{"background-color":"var(--ast-global-color-5)","background-image":"","background-repeat":"repeat","background-position":"center center","background-size":"auto","background-attachment":"scroll","background-type":"","background-media":"","overlay-type":"","overlay-color":"","overlay-opacity":"","overlay-gradient":""}}},"product_brand":[],"product_cat":[1762],"product_tag":[1223,1578],"class_list":{"0":"post-15967","1":"product","2":"type-product","3":"status-publish","4":"has-post-thumbnail","6":"product_cat-witaminy-i-suplementy","7":"product_tag-doterra-pl","8":"product_tag-popularny","9":"desktop-align-left","10":"tablet-align-left","11":"mobile-align-left","13":"first","14":"instock","15":"taxable","16":"shipping-taxable","17":"purchasable","18":"product-type-simple"},"_links":{"self":[{"href":"https:\/\/mamaterra.lt\/pl\/wp-json\/wp\/v2\/product\/15967","targetHints":{"allow":["GET"]}}],"collection":[{"href":"https:\/\/mamaterra.lt\/pl\/wp-json\/wp\/v2\/product"}],"about":[{"href":"https:\/\/mamaterra.lt\/pl\/wp-json\/wp\/v2\/types\/product"}],"wp:featuredmedia":[{"embeddable":true,"href":"https:\/\/mamaterra.lt\/pl\/wp-json\/wp\/v2\/media\/13482"}],"wp:attachment":[{"href":"https:\/\/mamaterra.lt\/pl\/wp-json\/wp\/v2\/media?parent=15967"}],"wp:term":[{"taxonomy":"product_brand","embeddable":true,"href":"https:\/\/mamaterra.lt\/pl\/wp-json\/wp\/v2\/product_brand?post=15967"},{"taxonomy":"product_cat","embeddable":true,"href":"https:\/\/mamaterra.lt\/pl\/wp-json\/wp\/v2\/product_cat?post=15967"},{"taxonomy":"product_tag","embeddable":true,"href":"https:\/\/mamaterra.lt\/pl\/wp-json\/wp\/v2\/product_tag?post=15967"}],"curies":[{"name":"wp","href":"https:\/\/api.w.org\/{rel}","templated":true}]}}