{"id":15960,"date":"2022-06-09T20:11:14","date_gmt":"2022-06-09T19:11:14","guid":{"rendered":"https:\/\/mamaterra.lt\/parduotuve\/bez-kategorii\/doterra-essential-oil-kit-zestaw-akcesoriow-domowych-z-dyfuzorem-doterra-petal-2-0\/"},"modified":"2022-06-09T20:11:14","modified_gmt":"2022-06-09T19:11:14","slug":"doterra-essential-oil-kit-home-essentials-kit-with-doterra-petal-2-0-dyfuzor","status":"publish","type":"product","link":"https:\/\/mamaterra.lt\/pl\/parduotuve\/olejki-eteryczne\/mieszanki-olejkow-eterycznych\/doterra-essential-oil-kit-home-essentials-kit-with-doterra-petal-2-0-dyfuzor\/","title":{"rendered":"doTERRA Essential Oil Kit Zestaw akcesori\u00f3w domowych z dyfuzorem DoTERRA Petal 2.0"},"content":{"rendered":"<p><strong>doTERRA Essential Oil Kit Zestaw akcesori\u00f3w domowych z dyfuzorem DoTERRA Petal 2.0<\/strong><\/p>\n<p>6 olejk\u00f3w eterycznych doTERRA po 15 ml i 4 mieszanki olejk\u00f3w eterycznych doTERRA po 5 ml ka\u017cda<\/p>\n<p>&nbsp;<\/p>\n<p><strong>doTERRA Zestaw olejk\u00f3w eterycznych Zestaw akcesori\u00f3w domowych<\/strong><\/p>\n<p>Ten zestaw jest doskona\u0142ym wyborem, je\u015bli zdecydowa\u0142e\u015b si\u0119 rozpocz\u0105\u0107 stosowanie doTERRA w swoim domu.<\/p>\n<p>Sk\u0142ada si\u0119 z 10 podstawowych, g\u0142\u00f3wnie u\u017cywanych olejk\u00f3w eterycznych i mieszanek, a tak\u017ce 33 mkw. Dyfuzor p\u0142atkowy odpowiedni do pokoju.<\/p>\n<p>S\u0105 to niezb\u0119dne podstawowe produkty codziennego u\u017cytku, kt\u00f3re rodzice musz\u0105 mie\u0107 pod r\u0119k\u0105. Wypr\u00f3buj niezliczone sposoby, w jakie olejki eteryczne doTERRA CPTG\u2122 mog\u0105 pom\u00f3c Twojej rodzinie. W kolekcji znajduje si\u0119 r\u00f3wnie\u017c katalog doTERRA Essentials &#8211; ksi\u0105\u017ceczka.<\/p>\n<p><strong>doTERRA Essential Oils Kit Home Essentials Kit Olejki eteryczne 15ml:<\/strong><\/p>\n<ul>\n<li>Boswellia<\/li>\n<li>Lawenda<\/li>\n<li>Cytryna<\/li>\n<li>Drzewa<\/li>\n<li>Oregano<\/li>\n<li>Mi\u0119ta pieprzowa<\/li>\n<\/ul>\n<p><strong>Zestaw olejk\u00f3w eterycznych DoTERRA Zestaw do niezb\u0119dnik\u00f3w domowych Zestaw Essentials Kit Mieszanki olejk\u00f3w eterycznych po 15 ml ka\u017cda (o ile nie zaznaczono inaczej):<\/strong><\/p>\n<ul>\n<li>doTERRA Air\u2122<\/li>\n<li>Ciemnoniebieski\u2122 (5 ml)<\/li>\n<li>ZenGest\u2122<\/li>\n<li>Na stra\u017cy\u2122<\/li>\n<\/ul>\n<p>&nbsp;<\/p>\n<p><strong>doTERRA Petal 2.0 Dyfuzor<\/strong><\/p>\n<p>Nawiewnik p\u0142atk\u00f3w doterra to ma\u0142y i \u0142atwy w u\u017cyciu dyfuzor z wieloma zaletami. Ten wygodny dyfuzor jest stabilny, lekki, \u0142atwy w u\u017cyciu.<\/p>\n<ul>\n<li>Dyfuzor ultrad\u017awi\u0119kowy Petal 2.0<\/li>\n<li>Opcjonalne o\u015bwietlenie LED<\/li>\n<li>2 i 6 godzin ci\u0105g\u0142ej pracy oraz 12 godzin przerywanej pracy (5 minut w\u0142\u0105czenia, 5 minut wy\u0142\u0105czenia) ustawie\u0144 parowania<\/li>\n<li>Niezwykle lekka para o powierzchni do 33 m2<\/li>\n<\/ul>\n<p>Obejrzyj film o tym, jak korzysta\u0107 z dyfuzora Petal 2.0.<\/p>\n<p><iframe title=\"Odtwarzacz wideo YouTube\" src=\"https:\/\/www.youtube-nocookie.com\/embed\/OmkVmTKdqbc\" width=\"560\" height=\"315\" frameborder=\"0\" allowfullscreen=\"allowfullscreen\"><\/iframe><\/p>\n","protected":false},"excerpt":{"rendered":"<ul>\n<li>Zestaw sk\u0142ada si\u0119 z 10 r\u00f3\u017cnych olejk\u00f3w eterycznych doterra<\/li>\n<li>Zestaw zawiera dyfuzor doTERRA Petal 2.0<\/li>\n<li>Katalog doTERRA Essentials<\/li>\n<li>Ten zestaw jest doskona\u0142ym wyborem, je\u015bli zdecydowa\u0142e\u015b si\u0119 rozpocz\u0105\u0107 stosowanie doTERRA w swoim domu.<\/li>\n<\/ul>\n","protected":false},"featured_media":13524,"template":"","meta":{"site-sidebar-layout":"default","site-content-layout":"default","ast-site-content-layout":"default","site-content-style":"default","site-sidebar-style":"default","ast-global-header-display":"","ast-banner-title-visibility":"","ast-main-header-display":"","ast-hfb-above-header-display":"","ast-hfb-below-header-display":"","ast-hfb-mobile-header-display":"","site-post-title":"","ast-breadcrumbs-content":"","ast-featured-img":"","footer-sml-layout":"","ast-disable-related-posts":"","theme-transparent-header-meta":"default","adv-header-id-meta":"","stick-header-meta":"","header-above-stick-meta":"","header-main-stick-meta":"","header-below-stick-meta":"","astra-migrate-meta-layouts":"default","ast-page-background-enabled":"default","ast-page-background-meta":{"desktop":{"background-color":"","background-image":"","background-repeat":"repeat","background-position":"center center","background-size":"auto","background-attachment":"scroll","background-type":"","background-media":"","overlay-type":"","overlay-color":"","overlay-opacity":"","overlay-gradient":""},"tablet":{"background-color":"","background-image":"","background-repeat":"repeat","background-position":"center center","background-size":"auto","background-attachment":"scroll","background-type":"","background-media":"","overlay-type":"","overlay-color":"","overlay-opacity":"","overlay-gradient":""},"mobile":{"background-color":"","background-image":"","background-repeat":"repeat","background-position":"center center","background-size":"auto","background-attachment":"scroll","background-type":"","background-media":"","overlay-type":"","overlay-color":"","overlay-opacity":"","overlay-gradient":""}},"ast-content-background-meta":{"desktop":{"background-color":"var(--ast-global-color-5)","background-image":"","background-repeat":"repeat","background-position":"center center","background-size":"auto","background-attachment":"scroll","background-type":"","background-media":"","overlay-type":"","overlay-color":"","overlay-opacity":"","overlay-gradient":""},"tablet":{"background-color":"var(--ast-global-color-5)","background-image":"","background-repeat":"repeat","background-position":"center center","background-size":"auto","background-attachment":"scroll","background-type":"","background-media":"","overlay-type":"","overlay-color":"","overlay-opacity":"","overlay-gradient":""},"mobile":{"background-color":"var(--ast-global-color-5)","background-image":"","background-repeat":"repeat","background-position":"center center","background-size":"auto","background-attachment":"scroll","background-type":"","background-media":"","overlay-type":"","overlay-color":"","overlay-opacity":"","overlay-gradient":""}}},"product_brand":[],"product_cat":[1704,1686,1702,1698,1707],"product_tag":[729,716,1527,1555,1535,1533,1596],"class_list":{"0":"post-15960","1":"product","2":"type-product","3":"status-publish","4":"has-post-thumbnail","6":"product_cat-czyste-olejki-eteryczne","7":"product_cat-dyfuzory","8":"product_cat-mieszanki-olejkow-eterycznych","9":"product_cat-olejki-eteryczne","10":"product_cat-zestawy-i-kolekcje","11":"product_tag-15ml-pl","12":"product_tag-5ml-pl-2","13":"product_tag-dyfuzor","14":"product_tag-kolekcje","15":"product_tag-mieszanki-olejkow-eterycznych","16":"product_tag-olejki-eteryczne","17":"product_tag-zestawy","18":"desktop-align-left","19":"tablet-align-left","20":"mobile-align-left","22":"first","23":"instock","24":"sale","25":"taxable","26":"shipping-taxable","27":"purchasable","28":"product-type-simple"},"_links":{"self":[{"href":"https:\/\/mamaterra.lt\/pl\/wp-json\/wp\/v2\/product\/15960","targetHints":{"allow":["GET"]}}],"collection":[{"href":"https:\/\/mamaterra.lt\/pl\/wp-json\/wp\/v2\/product"}],"about":[{"href":"https:\/\/mamaterra.lt\/pl\/wp-json\/wp\/v2\/types\/product"}],"wp:featuredmedia":[{"embeddable":true,"href":"https:\/\/mamaterra.lt\/pl\/wp-json\/wp\/v2\/media\/13524"}],"wp:attachment":[{"href":"https:\/\/mamaterra.lt\/pl\/wp-json\/wp\/v2\/media?parent=15960"}],"wp:term":[{"taxonomy":"product_brand","embeddable":true,"href":"https:\/\/mamaterra.lt\/pl\/wp-json\/wp\/v2\/product_brand?post=15960"},{"taxonomy":"product_cat","embeddable":true,"href":"https:\/\/mamaterra.lt\/pl\/wp-json\/wp\/v2\/product_cat?post=15960"},{"taxonomy":"product_tag","embeddable":true,"href":"https:\/\/mamaterra.lt\/pl\/wp-json\/wp\/v2\/product_tag?post=15960"}],"curies":[{"name":"wp","href":"https:\/\/api.w.org\/{rel}","templated":true}]}}