{"id":15956,"date":"2022-08-17T05:17:45","date_gmt":"2022-08-17T04:17:45","guid":{"rendered":"https:\/\/mamaterra.lt\/parduotuve\/bez-kategorii\/dyfuzor-doterra-platek-2-0-z-olejkami-eterycznymi-doterra-wild-orange-i-lavender-2-x-5ml\/"},"modified":"2022-08-17T05:17:45","modified_gmt":"2022-08-17T04:17:45","slug":"dyfuzor-doterra-platek-2-0-z-doterra-dzika-pomaranczowo-lawendowa-olejkami-eterycznymi-2-x-5ml","status":"publish","type":"product","link":"https:\/\/mamaterra.lt\/pl\/parduotuve\/olejki-eteryczne\/czyste-olejki-eteryczne\/dyfuzor-doterra-platek-2-0-z-doterra-dzika-pomaranczowo-lawendowa-olejkami-eterycznymi-2-x-5ml\/","title":{"rendered":"Dyfuzor doTERRA p\u0142atek 2.0 z olejkami eterycznymi doterra WILD ORANGE i LAVENDER (2 x 5ml)"},"content":{"rendered":"<p><strong>Dyfuzor doTERRA p\u0142atek 2.0 z olejkami eterycznymi doterra WILD ORANGE i LAVENDER (2 x 5ml)<\/strong><\/p>\n<p>2 x 5ml<\/p>\n<p>&nbsp;<\/p>\n<p><strong>Dyfuzor p\u0142atkowy 2.0 doTERRA<\/strong><\/p>\n<p>Nawiewnik p\u0142atkowy doTERRA to ma\u0142y i \u0142atwy w obs\u0142udze nawiewnik z szeregiem zalet. Ten wygodny dyfuzor jest stabilny, lekki, \u0142atwy w u\u017cyciu.<\/p>\n<ul>\n<li>Dyfuzor ultrad\u017awi\u0119kowy Petal 2.0<\/li>\n<li>Opcjonalne o\u015bwietlenie LED<\/li>\n<li>2 i 6 godzin ci\u0105g\u0142ej pracy oraz 12 godzin przerywanej pracy (5 minut w\u0142\u0105czenia, 5 minut wy\u0142\u0105czenia) ustawie\u0144 parowania<\/li>\n<li>Niezwykle lekka para o powierzchni do 33 m2<\/li>\n<\/ul>\n<p>Obejrzyj film o tym, jak u\u017cywa\u0107 dyfuzora Petal 2.0 z tymi olejkami eterycznymi.<\/p>\n<p><iframe title=\"Odtwarzacz wideo YouTube\" src=\"https:\/\/www.youtube-nocookie.com\/embed\/OmkVmTKdqbc\" width=\"560\" height=\"315\" frameborder=\"0\" allowfullscreen=\"allowfullscreen\"><\/iframe><\/p>\n","protected":false},"excerpt":{"rendered":"<ul>\n<li>Petal 2.0 &#8211; Dyfuzor ultrad\u017awi\u0119kowy<\/li>\n<li>Opcjonalne o\u015bwietlenie LED<\/li>\n<li>2 i 6 godzin ci\u0105g\u0142ej pracy oraz 12 godzin przerywanej pracy (5 minut w\u0142\u0105czenia, 5 minut wy\u0142\u0105czenia) ustawie\u0144 parowania<\/li>\n<li>Niezwykle lekka para o powierzchni do 33 m2<\/li>\n<\/ul>\n","protected":false},"featured_media":13677,"template":"","meta":{"site-sidebar-layout":"default","site-content-layout":"default","ast-site-content-layout":"default","site-content-style":"default","site-sidebar-style":"default","ast-global-header-display":"","ast-banner-title-visibility":"","ast-main-header-display":"","ast-hfb-above-header-display":"","ast-hfb-below-header-display":"","ast-hfb-mobile-header-display":"","site-post-title":"","ast-breadcrumbs-content":"","ast-featured-img":"","footer-sml-layout":"","ast-disable-related-posts":"","theme-transparent-header-meta":"default","adv-header-id-meta":"","stick-header-meta":"","header-above-stick-meta":"","header-main-stick-meta":"","header-below-stick-meta":"","astra-migrate-meta-layouts":"default","ast-page-background-enabled":"default","ast-page-background-meta":{"desktop":{"background-color":"","background-image":"","background-repeat":"repeat","background-position":"center center","background-size":"auto","background-attachment":"scroll","background-type":"","background-media":"","overlay-type":"","overlay-color":"","overlay-opacity":"","overlay-gradient":""},"tablet":{"background-color":"","background-image":"","background-repeat":"repeat","background-position":"center center","background-size":"auto","background-attachment":"scroll","background-type":"","background-media":"","overlay-type":"","overlay-color":"","overlay-opacity":"","overlay-gradient":""},"mobile":{"background-color":"","background-image":"","background-repeat":"repeat","background-position":"center center","background-size":"auto","background-attachment":"scroll","background-type":"","background-media":"","overlay-type":"","overlay-color":"","overlay-opacity":"","overlay-gradient":""}},"ast-content-background-meta":{"desktop":{"background-color":"var(--ast-global-color-5)","background-image":"","background-repeat":"repeat","background-position":"center center","background-size":"auto","background-attachment":"scroll","background-type":"","background-media":"","overlay-type":"","overlay-color":"","overlay-opacity":"","overlay-gradient":""},"tablet":{"background-color":"var(--ast-global-color-5)","background-image":"","background-repeat":"repeat","background-position":"center center","background-size":"auto","background-attachment":"scroll","background-type":"","background-media":"","overlay-type":"","overlay-color":"","overlay-opacity":"","overlay-gradient":""},"mobile":{"background-color":"var(--ast-global-color-5)","background-image":"","background-repeat":"repeat","background-position":"center center","background-size":"auto","background-attachment":"scroll","background-type":"","background-media":"","overlay-type":"","overlay-color":"","overlay-opacity":"","overlay-gradient":""}}},"product_brand":[],"product_cat":[1704,1755,1728,1738,1686,1750,1698,1752,1707],"product_tag":[729,1527,1640,1116,1062],"class_list":{"0":"post-15956","1":"product","2":"type-product","3":"status-publish","4":"has-post-thumbnail","6":"product_cat-czyste-olejki-eteryczne","7":"product_cat-dla-dzieci","8":"product_cat-dla-wzmocnienia-odpornosci","9":"product_cat-do-spania","10":"product_cat-dyfuzory","11":"product_cat-oczyszczanie-powietrza","12":"product_cat-olejki-eteryczne","13":"product_cat-radzenia-sobie-ze-stresem","14":"product_cat-zestawy-i-kolekcje","15":"product_tag-15ml-pl","16":"product_tag-dyfuzor","17":"product_tag-koala-pl","18":"product_tag-lavender-pl","19":"product_tag-orange-pl","20":"desktop-align-left","21":"tablet-align-left","22":"mobile-align-left","24":"first","25":"instock","26":"taxable","27":"shipping-taxable","28":"purchasable","29":"product-type-simple"},"_links":{"self":[{"href":"https:\/\/mamaterra.lt\/pl\/wp-json\/wp\/v2\/product\/15956","targetHints":{"allow":["GET"]}}],"collection":[{"href":"https:\/\/mamaterra.lt\/pl\/wp-json\/wp\/v2\/product"}],"about":[{"href":"https:\/\/mamaterra.lt\/pl\/wp-json\/wp\/v2\/types\/product"}],"wp:featuredmedia":[{"embeddable":true,"href":"https:\/\/mamaterra.lt\/pl\/wp-json\/wp\/v2\/media\/13677"}],"wp:attachment":[{"href":"https:\/\/mamaterra.lt\/pl\/wp-json\/wp\/v2\/media?parent=15956"}],"wp:term":[{"taxonomy":"product_brand","embeddable":true,"href":"https:\/\/mamaterra.lt\/pl\/wp-json\/wp\/v2\/product_brand?post=15956"},{"taxonomy":"product_cat","embeddable":true,"href":"https:\/\/mamaterra.lt\/pl\/wp-json\/wp\/v2\/product_cat?post=15956"},{"taxonomy":"product_tag","embeddable":true,"href":"https:\/\/mamaterra.lt\/pl\/wp-json\/wp\/v2\/product_tag?post=15956"}],"curies":[{"name":"wp","href":"https:\/\/api.w.org\/{rel}","templated":true}]}}