{"id":15948,"date":"2022-07-01T08:14:11","date_gmt":"2022-07-01T07:14:11","guid":{"rendered":"https:\/\/mamaterra.lt\/parduotuve\/bez-kategorii\/doterra-laluz-dyfuzor-z-doterra-citrus-bliss-blend-olejkow-eterycznych-15ml\/"},"modified":"2022-07-01T08:14:11","modified_gmt":"2022-07-01T07:14:11","slug":"doterra-laluz-dyfuzor-and-doterra-citrus-bliss-essential-oil-blend-15ml","status":"publish","type":"product","link":"https:\/\/mamaterra.lt\/pl\/parduotuve\/olejki-eteryczne\/mieszanki-olejkow-eterycznych\/doterra-laluz-dyfuzor-and-doterra-citrus-bliss-essential-oil-blend-15ml\/","title":{"rendered":"doTERRA Laluz Dyfuzor z doTERRA CITRUS BLISS Blend Olejk\u00f3w Eterycznych 15ml"},"content":{"rendered":"<p><strong>doTERRA Laluz Dyfuzor z doTERRA CITRUS BLISS Blend Olejk\u00f3w Eterycznych 15ml<\/strong><\/p>\n<p>Teraz mo\u017cesz zam\u00f3wi\u0107 nowy dyfuzor doTERRA Laluz\u2122 o orze\u017awiaj\u0105cym cytrusowym zapachu\u2122 Bliss w 15 ml.<\/p>\n<p>&nbsp;<\/p>\n<p>Wi\u0119cej o dyfuzorze doTERRA Laluz.<\/p>\n<p><iframe title=\"Odtwarzacz wideo YouTube\" src=\"https:\/\/www.youtube-nocookie.com\/embed\/p64600tKCwg\" width=\"560\" height=\"315\" frameborder=\"0\" allowfullscreen=\"allowfullscreen\" data-mce-fragment=\"1\"><\/iframe><\/p>\n<p>&nbsp;<\/p>\n<p><strong>Dyfuzor doTERRA Laluz  <\/strong><\/p>\n<p>Ten dyfuzor w kszta\u0142cie rze\u017aby emituje wibracje ultrad\u017awi\u0119kowe, kt\u00f3re zamieniaj\u0105 wod\u0119 i olejki eteryczne w aromatyczn\u0105 mgie\u0142k\u0119. Dyfuzor dzia\u0142a do o\u015bmiu godzin, dzi\u0119ki czemu mo\u017cesz rozprowadza\u0107 swoje ulubione olejki eteryczne przez ca\u0142y dzie\u0144 i noc, a tak\u017ce ma trzy ustawienia o\u015bwietlenia otoczenia, kt\u00f3re pasuj\u0105 do ka\u017cdego z Twoich nastroj\u00f3w.<\/p>\n<p>Dodatkowo, dzi\u0119ki eleganckiemu, nowoczesnemu wzornictwu, z pewno\u015bci\u0105 uzupe\u0142ni estetyk\u0119 ka\u017cdego pomieszczenia w Twoim domu.<\/p>\n<ul>\n<li>W\u0142\u0105cz go w salonie i rozprowad\u017a cytrusowy Bliss\u00ae zach\u0119caj\u0105cy, energetyzuj\u0105cy zapach.<\/li>\n<li>U\u017cywaj w \u0142azience z doTERRA On Guard\u00ae, aby powietrze by\u0142o \u015bwie\u017csze i czystsze.<\/li>\n<li>Umie\u015b\u0107 go na nocnym stoliku i rozprowad\u017a zapach Serenity lub lawendy i drewna cedrowego, zanim p\u00f3jdziesz spa\u0107, aby odpocz\u0105\u0107 i uspokoi\u0107 si\u0119.<\/li>\n<\/ul>\n<p><strong>doTERRA Laluz Dyfuzor Specyfikacje i funkcje:<\/strong><\/p>\n<ul>\n<li><strong>Pojemno\u015b\u0107 wody:<\/strong> 120 ml \/ 4,06 uncji p\u0142ynu<\/li>\n<li><strong>Proponowana wielko\u015b\u0107 pokoju:<\/strong> 30 metr\u00f3w kwadratowych. m.<\/li>\n<li><strong>Praca ci\u0105g\u0142a:<\/strong> Wysoka wydajno\u015b\u0107 zadymiania &#8211; do 4 godzin, niska mg\u0142a &#8211; do 8 godzin<\/li>\n<li><strong>Timer:<\/strong> 1 godzina. \/ 2 godziny. \/ 4 godziny<\/li>\n<li>Ciemne i jasne ciep\u0142e i lawendowe o\u015bwietlenie<\/li>\n<li>Automatyczne wy\u0142\u0105czanie ochronne<\/li>\n<li><strong>Akcesoria:<\/strong> Wtyczka \u015bcienna AC 100-240V i instrukcja obs\u0142ugi<\/li>\n<li><strong>Moc:<\/strong> DC24V 0,5A<\/li>\n<li><strong>Substancja:<\/strong> Materia\u0142: szklana pokrywa g\u00f3rna + polipropylen<\/li>\n<\/ul>\n<p>&nbsp;<\/p>\n<p><strong>DoTERRA CITRUS BLISS Blend olejk\u00f3w eterycznych\u2122<\/strong><\/p>\n<p>15ml<\/p>\n<p>Ta orze\u017awiaj\u0105ca mieszanka dzikich pomara\u0144czy, cytryn, grejpfruta, bergamotki, czerwonych mandarynek, zielonych mandarynek, limonki, litsea, fasoli tonka i absolutu waniliowego to rado\u015b\u0107 w butelce. Rozprowad\u017a Citrus Bliss w dowolnym miejscu, aby stworzy\u0107 pozytywn\u0105 atmosfer\u0119 lub wykorzystaj go jako inspiruj\u0105cy osobisty zapach. Ponadto Citrus Bliss, bogaty w limonen, ma silne w\u0142a\u015bciwo\u015bci oczyszczaj\u0105ce, a po zmieszaniu z wod\u0105 staje si\u0119 silnym \u015brodkiem do czyszczenia powierzchni.<\/p>\n<p>Citrus Bliss, mieszanka, kt\u00f3ra \u0142\u0105czy g\u0142\u00f3wne zalety cytrusowych olejk\u00f3w eterycznych, ma w\u0142a\u015bciwo\u015bci energotw\u00f3rcze i odnawiaj\u0105ce, kt\u00f3re mog\u0105 poprawi\u0107 nastr\u00f3j.<\/p>\n<ul>\n<li>Olejek Citrus Bliss o w\u0142a\u015bciwo\u015bciach orze\u017awiaj\u0105cych mo\u017cna gotowa\u0107 na parze, gdy chcesz poprawi\u0107 sobie nastr\u00f3j<\/li>\n<li>Wydziela zachwycaj\u0105cy aromat podczas masa\u017cu<\/li>\n<\/ul>\n<p>Przeczytaj wi\u0119cej o dyfuzorze doterra laluz z mieszank\u0105 <strong><br \/>\n olejk\u00f3w eterycznych doterra citrus bliss <a href=\"https:\/\/mamaterra.lt\/laluz-difuzorius-su-citrus-bliss-misiniu\/\" target=\"_blank\" rel=\"noopener\">tutaj<\/a><br \/>\n  <\/strong>.<\/p>\n","protected":false},"excerpt":{"rendered":"<ul>\n<li>Dyfuzor doTERRA Laluz wraz z doterra CITRUS BLISS Blend olejk\u00f3w eterycznych\u2122 15ml<\/li>\n<li>Dzi\u0119ki dyfuzorowi Laluz ka\u017cda przestrze\u0144 mo\u017ce sta\u0107 si\u0119 luksusowym schronieniem<\/li>\n<li>Ten dyfuzor dzia\u0142a do o\u015bmiu godzin, dzi\u0119ki czemu mo\u017ce pom\u00f3c w stworzeniu spokojnego \u015brodowiska, kt\u00f3rego potrzebujesz ka\u017cdej nocy<\/li>\n<\/ul>\n","protected":false},"featured_media":13548,"template":"","meta":{"site-sidebar-layout":"default","site-content-layout":"default","ast-site-content-layout":"default","site-content-style":"default","site-sidebar-style":"default","ast-global-header-display":"","ast-banner-title-visibility":"","ast-main-header-display":"","ast-hfb-above-header-display":"","ast-hfb-below-header-display":"","ast-hfb-mobile-header-display":"","site-post-title":"","ast-breadcrumbs-content":"","ast-featured-img":"","footer-sml-layout":"","ast-disable-related-posts":"","theme-transparent-header-meta":"default","adv-header-id-meta":"","stick-header-meta":"","header-above-stick-meta":"","header-main-stick-meta":"","header-below-stick-meta":"","astra-migrate-meta-layouts":"default","ast-page-background-enabled":"default","ast-page-background-meta":{"desktop":{"background-color":"","background-image":"","background-repeat":"repeat","background-position":"center center","background-size":"auto","background-attachment":"scroll","background-type":"","background-media":"","overlay-type":"","overlay-color":"","overlay-opacity":"","overlay-gradient":""},"tablet":{"background-color":"","background-image":"","background-repeat":"repeat","background-position":"center center","background-size":"auto","background-attachment":"scroll","background-type":"","background-media":"","overlay-type":"","overlay-color":"","overlay-opacity":"","overlay-gradient":""},"mobile":{"background-color":"","background-image":"","background-repeat":"repeat","background-position":"center center","background-size":"auto","background-attachment":"scroll","background-type":"","background-media":"","overlay-type":"","overlay-color":"","overlay-opacity":"","overlay-gradient":""}},"ast-content-background-meta":{"desktop":{"background-color":"var(--ast-global-color-5)","background-image":"","background-repeat":"repeat","background-position":"center center","background-size":"auto","background-attachment":"scroll","background-type":"","background-media":"","overlay-type":"","overlay-color":"","overlay-opacity":"","overlay-gradient":""},"tablet":{"background-color":"var(--ast-global-color-5)","background-image":"","background-repeat":"repeat","background-position":"center center","background-size":"auto","background-attachment":"scroll","background-type":"","background-media":"","overlay-type":"","overlay-color":"","overlay-opacity":"","overlay-gradient":""},"mobile":{"background-color":"var(--ast-global-color-5)","background-image":"","background-repeat":"repeat","background-position":"center center","background-size":"auto","background-attachment":"scroll","background-type":"","background-media":"","overlay-type":"","overlay-color":"","overlay-opacity":"","overlay-gradient":""}}},"product_brand":[],"product_cat":[1686,1702,1750,1698,1688,1752,1707],"product_tag":[729,1294,1527,1115,1535],"class_list":{"0":"post-15948","1":"product","2":"type-product","3":"status-publish","4":"has-post-thumbnail","6":"product_cat-dyfuzory","7":"product_cat-mieszanki-olejkow-eterycznych","8":"product_cat-oczyszczanie-powietrza","9":"product_cat-olejki-eteryczne","10":"product_cat-prezenty","11":"product_cat-radzenia-sobie-ze-stresem","12":"product_cat-zestawy-i-kolekcje","13":"product_tag-15ml-pl","14":"product_tag-citrus-bliss-pl","15":"product_tag-dyfuzor","16":"product_tag-laluz-pl","17":"product_tag-mieszanki-olejkow-eterycznych","18":"desktop-align-left","19":"tablet-align-left","20":"mobile-align-left","22":"first","23":"instock","24":"taxable","25":"shipping-taxable","26":"purchasable","27":"product-type-simple"},"_links":{"self":[{"href":"https:\/\/mamaterra.lt\/pl\/wp-json\/wp\/v2\/product\/15948","targetHints":{"allow":["GET"]}}],"collection":[{"href":"https:\/\/mamaterra.lt\/pl\/wp-json\/wp\/v2\/product"}],"about":[{"href":"https:\/\/mamaterra.lt\/pl\/wp-json\/wp\/v2\/types\/product"}],"wp:featuredmedia":[{"embeddable":true,"href":"https:\/\/mamaterra.lt\/pl\/wp-json\/wp\/v2\/media\/13548"}],"wp:attachment":[{"href":"https:\/\/mamaterra.lt\/pl\/wp-json\/wp\/v2\/media?parent=15948"}],"wp:term":[{"taxonomy":"product_brand","embeddable":true,"href":"https:\/\/mamaterra.lt\/pl\/wp-json\/wp\/v2\/product_brand?post=15948"},{"taxonomy":"product_cat","embeddable":true,"href":"https:\/\/mamaterra.lt\/pl\/wp-json\/wp\/v2\/product_cat?post=15948"},{"taxonomy":"product_tag","embeddable":true,"href":"https:\/\/mamaterra.lt\/pl\/wp-json\/wp\/v2\/product_tag?post=15948"}],"curies":[{"name":"wp","href":"https:\/\/api.w.org\/{rel}","templated":true}]}}