{"id":15943,"date":"2022-08-19T19:33:48","date_gmt":"2022-08-19T18:33:48","guid":{"rendered":"https:\/\/mamaterra.lt\/parduotuve\/bez-kategorii\/doterra-ciemnoniebieski-sztyft-olowek-48g\/"},"modified":"2022-08-19T19:33:48","modified_gmt":"2022-08-19T18:33:48","slug":"doterra-gleboki-niebieski-olowek-48g","status":"publish","type":"product","link":"https:\/\/mamaterra.lt\/pl\/parduotuve\/olejki-eteryczne\/mieszanki-olejkow-eterycznych\/doterra-gleboki-niebieski-olowek-48g\/","title":{"rendered":"doTERRA Ciemnoniebieski sztyft\/o\u0142\u00f3wek 48g"},"content":{"rendered":"<p><strong>doTERRA Ciemnoniebieski kij \/ o\u0142\u00f3wek<\/strong><\/p>\n<p>48g<\/p>\n<p>Ten \u0142atwy w u\u017cyciu o\u0142\u00f3wek, kt\u00f3ry zawiera mentol pochodzenia ro\u015blinnego, salicylan metylu i kamfor\u0119, wnika g\u0142\u0119boko w sk\u00f3r\u0119 i powoduje uczucie ch\u0142odzenia. Jest niezb\u0119dnym dodatkiem do szafki \u0142azienkowej lub torby sportowej Zawiera w swoim sk\u0142adzie nawil\u017caj\u0105ce emolienty, kt\u00f3re sprawiaj\u0105, \u017ce sk\u00f3ra jest mi\u0119kka i niet\u0142usta. Szybkoschn\u0105cy, dzi\u0119ki czemu mo\u017cna go u\u017cywa\u0107 przed, w trakcie lub po treningu, kredka Deep Blue dzia\u0142a koj\u0105co, wygodnie i skutecznie.<\/p>\n<ul>\n<li>DoTERRA Deep Blue Stick Pencil zawiera koj\u0105c\u0105 mieszank\u0119 Deep Blue, zagajnik i inne naturalne sk\u0142adniki<\/li>\n<li>Najwy\u017cszy mentol bez recepty pochodzenia ro\u015blinnego<\/li>\n<li>Tymczasowo \u0142agodzi niewielki b\u00f3l mi\u0119\u015bni i staw\u00f3w zwi\u0105zany z b\u00f3lem plec\u00f3w, zapaleniem staw\u00f3w, skr\u0119ceniami, zwichni\u0119ciami i siniakami.<\/li>\n<li>Zawiera nawil\u017caj\u0105ce emolienty, dzi\u0119ki czemu sk\u00f3ra jest mi\u0119kka i bezt\u0142uszczowa<\/li>\n<li>Tworzy uczucie ch\u0142odzenia i uspokojenia<\/li>\n<\/ul>\n<p><strong>Instrukcja u\u017cytkowania doTERRA Deep Blue Stick \/ Pencil:<\/strong><\/p>\n<p>Zastosuj bezpo\u015brednio do dotkni\u0119tych obszar\u00f3w. Je\u015bli chcesz bardziej intensywnej procedury, przed na\u0142o\u017ceniem na sk\u00f3r\u0119 na\u0142\u00f3\u017c mieszank\u0119 olejk\u00f3w eterycznych Deep Blue.<\/p>\n<p><strong>Doterra Deep Blue Stick \/ O\u0142\u00f3wek<\/strong> Cz\u0119\u015bci czerwone<strong>:<\/strong><\/p>\n<p>Olej kokosowy Cocos nucifera, skrobia z tapioki, olej z li\u015bci Gaultheria procumbens (wintergreen), wosk z nasion s\u0142onecznika Helianthus annuus, olej \u017cywiczny Copaifera coriacea\/ langsdorffii\/officinalis\/reticulata (copaibos), woda (Aqua), ekstrakt z owoc\u00f3w Sambucus nigra, olej Prunus amygdalus dulcis (ze s\u0142odkich migda\u0142\u00f3w), laurynian glicerolu, kaprylan glicerolu, olejek z mi\u0119ty pieprzowej, olejek cynamonowy kamforowy (Cinnamomum camphora), olejek z li\u015bci eukaliptusa, kwiat Tanacetum annuum (tanakets niebieski),  olej z li\u015bci i \u0142odyg, gliceryl niedecenate, olej z kwiat\u00f3w Cananga odorata (Ylang Ylang), ekstrakt z owoc\u00f3w Capsicum frutescents, gliceryna, kwas laurynowy, olej Chamomilla recutita (Matricaria), Helichrysum italicum (Helichrysum), olej z li\u015bci i \u0142odyg, kwas cytrynowy<\/p>\n","protected":false},"excerpt":{"rendered":"<ul>\n<li>DoTERRA Deep Blue Stick Pencil zawiera koj\u0105c\u0105 mieszank\u0119 Deep Blue, Copaiba i inne naturalne sk\u0142adniki olejk\u00f3w eterycznych<\/li>\n<li>Najwy\u017cszy mentol bez recepty pochodzenia ro\u015blinnego<\/li>\n<li>Tymczasowo \u0142agodzi drobne b\u00f3le mi\u0119\u015bni i staw\u00f3w zwi\u0105zane z b\u00f3lem plec\u00f3w, zapaleniem staw\u00f3w, skr\u0119ceniami, zwichni\u0119ciami i siniakami<\/li>\n<li>Zawiera nawil\u017caj\u0105ce emolienty, dzi\u0119ki czemu sk\u00f3ra jest mi\u0119kka i bezt\u0142uszczowa<\/li>\n<li>Tworzy uczucie ch\u0142odzenia i uspokojenia<\/li>\n<\/ul>\n","protected":false},"featured_media":13686,"template":"","meta":{"site-sidebar-layout":"default","site-content-layout":"default","ast-site-content-layout":"default","site-content-style":"default","site-sidebar-style":"default","ast-global-header-display":"","ast-banner-title-visibility":"","ast-main-header-display":"","ast-hfb-above-header-display":"","ast-hfb-below-header-display":"","ast-hfb-mobile-header-display":"","site-post-title":"","ast-breadcrumbs-content":"","ast-featured-img":"","footer-sml-layout":"","ast-disable-related-posts":"","theme-transparent-header-meta":"default","adv-header-id-meta":"","stick-header-meta":"","header-above-stick-meta":"","header-main-stick-meta":"","header-below-stick-meta":"","astra-migrate-meta-layouts":"default","ast-page-background-enabled":"default","ast-page-background-meta":{"desktop":{"background-color":"","background-image":"","background-repeat":"repeat","background-position":"center center","background-size":"auto","background-attachment":"scroll","background-type":"","background-media":"","overlay-type":"","overlay-color":"","overlay-opacity":"","overlay-gradient":""},"tablet":{"background-color":"","background-image":"","background-repeat":"repeat","background-position":"center center","background-size":"auto","background-attachment":"scroll","background-type":"","background-media":"","overlay-type":"","overlay-color":"","overlay-opacity":"","overlay-gradient":""},"mobile":{"background-color":"","background-image":"","background-repeat":"repeat","background-position":"center center","background-size":"auto","background-attachment":"scroll","background-type":"","background-media":"","overlay-type":"","overlay-color":"","overlay-opacity":"","overlay-gradient":""}},"ast-content-background-meta":{"desktop":{"background-color":"var(--ast-global-color-5)","background-image":"","background-repeat":"repeat","background-position":"center center","background-size":"auto","background-attachment":"scroll","background-type":"","background-media":"","overlay-type":"","overlay-color":"","overlay-opacity":"","overlay-gradient":""},"tablet":{"background-color":"var(--ast-global-color-5)","background-image":"","background-repeat":"repeat","background-position":"center center","background-size":"auto","background-attachment":"scroll","background-type":"","background-media":"","overlay-type":"","overlay-color":"","overlay-opacity":"","overlay-gradient":""},"mobile":{"background-color":"var(--ast-global-color-5)","background-image":"","background-repeat":"repeat","background-position":"center center","background-size":"auto","background-attachment":"scroll","background-type":"","background-media":"","overlay-type":"","overlay-color":"","overlay-opacity":"","overlay-gradient":""}}},"product_brand":[],"product_cat":[1684,1702,1698],"product_tag":[764,1507,1651],"class_list":{"0":"post-15943","1":"product","2":"type-product","3":"status-publish","4":"has-post-thumbnail","6":"product_cat-deep-blue-produkty","7":"product_cat-mieszanki-olejkow-eterycznych","8":"product_cat-olejki-eteryczne","9":"product_tag-48g-pl","10":"product_tag-deep-blue-pl","11":"product_tag-olowek","12":"desktop-align-left","13":"tablet-align-left","14":"mobile-align-left","16":"first","17":"instock","18":"taxable","19":"shipping-taxable","20":"purchasable","21":"product-type-simple"},"_links":{"self":[{"href":"https:\/\/mamaterra.lt\/pl\/wp-json\/wp\/v2\/product\/15943","targetHints":{"allow":["GET"]}}],"collection":[{"href":"https:\/\/mamaterra.lt\/pl\/wp-json\/wp\/v2\/product"}],"about":[{"href":"https:\/\/mamaterra.lt\/pl\/wp-json\/wp\/v2\/types\/product"}],"wp:featuredmedia":[{"embeddable":true,"href":"https:\/\/mamaterra.lt\/pl\/wp-json\/wp\/v2\/media\/13686"}],"wp:attachment":[{"href":"https:\/\/mamaterra.lt\/pl\/wp-json\/wp\/v2\/media?parent=15943"}],"wp:term":[{"taxonomy":"product_brand","embeddable":true,"href":"https:\/\/mamaterra.lt\/pl\/wp-json\/wp\/v2\/product_brand?post=15943"},{"taxonomy":"product_cat","embeddable":true,"href":"https:\/\/mamaterra.lt\/pl\/wp-json\/wp\/v2\/product_cat?post=15943"},{"taxonomy":"product_tag","embeddable":true,"href":"https:\/\/mamaterra.lt\/pl\/wp-json\/wp\/v2\/product_tag?post=15943"}],"curies":[{"name":"wp","href":"https:\/\/api.w.org\/{rel}","templated":true}]}}