{"id":15939,"date":"2022-06-01T10:34:22","date_gmt":"2022-06-01T09:34:22","guid":{"rendered":"https:\/\/mamaterra.lt\/parduotuve\/bez-kategorii\/kitchen-spice-collection-doterra-cuisine-blend-collection-doterra-mexican-doterra-italian-i-doterra-exotic-essential-oil-blends-3-butelki-po-15ml-kazda\/"},"modified":"2022-06-01T10:34:22","modified_gmt":"2022-06-01T09:34:22","slug":"kuchnie-spice-collection-doterra-cuisine-blend-collection-doterra-mexican-doterra-italian-and-doterra-exotic-essential-oil-blend-3-bottles-x-15ml","status":"publish","type":"product","link":"https:\/\/mamaterra.lt\/pl\/parduotuve\/olejki-eteryczne\/kuchnie-spice-collection-doterra-cuisine-blend-collection-doterra-mexican-doterra-italian-and-doterra-exotic-essential-oil-blend-3-bottles-x-15ml\/","title":{"rendered":"Kitchen Spice Collection &#8211; DoTERRA Cuisine Blend Collection (doTERRA Mexican, doTERRA Italian i doTERRA Exotic Essential Oil Blends) (3 butelki po 15ml ka\u017cda)"},"content":{"rendered":"<p><strong>Kitchen Spice Collection &#8211; doTERRA Mexican, doTERRA Italian i doTERRA Exotic Essential Oil Blends (3 butelki po 15ml ka\u017cda)<\/strong><\/p>\n<p>3 olejki eteryczne po 15 ml ka\u017cdy<\/p>\n<p>&nbsp;<\/p>\n<p><strong>Kolekcja przypraw kuchennych doTERRA<\/strong><\/p>\n<p>Stworzenie idealnego sto\u0142u do jadalni to Twoja sprawa. Niezale\u017cnie od tego, czy s\u0105 to rustykalne toska\u0144skie wakacje dla rodziny, meksyka\u0144ska fiesta z bliskimi przyjaci\u00f3\u0142mi, czy tropikalna impreza tiki dla ca\u0142ej rodziny.<\/p>\n<p>Kolekcja przypraw kuchennych doTERRA pomo\u017ce Ci doda\u0107 \u017cywego aromatu do ulubionych przepis\u00f3w.<\/p>\n<p>&nbsp;<\/p>\n<p><strong>DoTERRA Kitchen Spice Collections Opis:<\/strong><\/p>\n<p>Kolekcja ta sk\u0142ada si\u0119 z trzech aromatycznych mieszanek doTERRA po 15 ml ka\u017cda, stworzonych przy u\u017cyciu olejk\u00f3w eterycznych CPTG\u00ae.<\/p>\n<ul>\n<li>doTERRA meksyka\u0144ska<\/li>\n<li>doTERRA w\u0142oski<\/li>\n<li>doTERRA Egzotyczne<\/li>\n<\/ul>\n<p>W\u0142oska mieszanka zawiera oliw\u0119 z oliwek z tymiankiem, rozmarynem, bazyli\u0105, majerankiem i oregano, idealn\u0105 do mi\u0119sa, makaronu lub sos\u00f3w sa\u0142atkowych.<\/p>\n<p>Zielona cytryna, kminek, czarny, kolendra i majeranek w oleju z awokado nadaj\u0105 inspirowany Ameryk\u0105 \u0141aci\u0144sk\u0105 jasny smak meksyka\u0144skiej mieszanki. Fajit, tacos, burritos lub nachos.<\/p>\n<p>Przygotuj uwodzicielskie danie wyspiarskie z tropikaln\u0105 mieszank\u0105 oleju kokosowego z pomara\u0144czami, cytrynami, limonkami, grejpfrutem, zielonymi mandarynkami, bergamotk\u0105, yuzu i ylang ylang. Nadaje si\u0119 do krewetek, grillowanych ryb lub ulubionego przepisu na koktajl.<\/p>\n<p><strong>Kolekcja przypraw kuchennych doTERRA <\/strong> to \u015bwi\u0119to dla zmys\u0142\u00f3w.<\/p>\n<ul>\n<li>Niech Twoja wyobra\u017ania i kubki smakowe b\u0119d\u0105 Twoim przewodnikiem<\/li>\n<li>Aby uzyska\u0107 najlepsze rezultaty, umie\u015b\u0107 po procesie gotowania<\/li>\n<li>Post\u0119puj zgodnie z proponowanymi instrukcjami, aby stworzy\u0107 wspania\u0142y smak swoich ulubionych potraw<\/li>\n<\/ul>\n<p>Przeczytaj wi\u0119cej o tej specjalnej kolekcji kuchni <strong><br \/>\n doterra <a href=\"https:\/\/mamaterra.lt\/cuisine-collection-virtuves-kolekcija\/\" target=\"_blank\" rel=\"noopener\">tutaj<\/a><br \/>\n  <\/strong>.<\/p>\n","protected":false},"excerpt":{"rendered":"<ul>\n<li>Kolekcja przypraw kuchennych doTERRA pomo\u017ce Ci doda\u0107 \u017cywego aromatu do ulubionych przepis\u00f3w<\/li>\n<li>Kolekcja ta sk\u0142ada si\u0119 z trzech aromatycznych mieszanek stworzonych przy u\u017cyciu olejk\u00f3w eterycznych CPTG\u00ae &#8211; doTERRA Mexican, doTERRA Italian i doTERRA Exotic blendy olejk\u00f3w eterycznych po 15ml ka\u017cda<\/li>\n<\/ul>\n","protected":false},"featured_media":13497,"template":"","meta":{"site-sidebar-layout":"default","site-content-layout":"default","ast-site-content-layout":"default","site-content-style":"default","site-sidebar-style":"default","ast-global-header-display":"","ast-banner-title-visibility":"","ast-main-header-display":"","ast-hfb-above-header-display":"","ast-hfb-below-header-display":"","ast-hfb-mobile-header-display":"","site-post-title":"","ast-breadcrumbs-content":"","ast-featured-img":"","footer-sml-layout":"","ast-disable-related-posts":"","theme-transparent-header-meta":"default","adv-header-id-meta":"","stick-header-meta":"","header-above-stick-meta":"","header-main-stick-meta":"","header-below-stick-meta":"","astra-migrate-meta-layouts":"default","ast-page-background-enabled":"default","ast-page-background-meta":{"desktop":{"background-color":"","background-image":"","background-repeat":"repeat","background-position":"center center","background-size":"auto","background-attachment":"scroll","background-type":"","background-media":"","overlay-type":"","overlay-color":"","overlay-opacity":"","overlay-gradient":""},"tablet":{"background-color":"","background-image":"","background-repeat":"repeat","background-position":"center center","background-size":"auto","background-attachment":"scroll","background-type":"","background-media":"","overlay-type":"","overlay-color":"","overlay-opacity":"","overlay-gradient":""},"mobile":{"background-color":"","background-image":"","background-repeat":"repeat","background-position":"center center","background-size":"auto","background-attachment":"scroll","background-type":"","background-media":"","overlay-type":"","overlay-color":"","overlay-opacity":"","overlay-gradient":""}},"ast-content-background-meta":{"desktop":{"background-color":"var(--ast-global-color-5)","background-image":"","background-repeat":"repeat","background-position":"center center","background-size":"auto","background-attachment":"scroll","background-type":"","background-media":"","overlay-type":"","overlay-color":"","overlay-opacity":"","overlay-gradient":""},"tablet":{"background-color":"var(--ast-global-color-5)","background-image":"","background-repeat":"repeat","background-position":"center center","background-size":"auto","background-attachment":"scroll","background-type":"","background-media":"","overlay-type":"","overlay-color":"","overlay-opacity":"","overlay-gradient":""},"mobile":{"background-color":"var(--ast-global-color-5)","background-image":"","background-repeat":"repeat","background-position":"center center","background-size":"auto","background-attachment":"scroll","background-type":"","background-media":"","overlay-type":"","overlay-color":"","overlay-opacity":"","overlay-gradient":""}}},"product_brand":[],"product_cat":[1698],"product_tag":[729,1228,1646,1161,1555,1101,1535],"class_list":{"0":"post-15939","1":"product","2":"type-product","3":"status-publish","4":"has-post-thumbnail","6":"product_cat-olejki-eteryczne","7":"product_tag-15ml-pl","8":"product_tag-exotic-pl","9":"product_tag-gotowanie","10":"product_tag-italian-pl","11":"product_tag-kolekcje","12":"product_tag-mexican-pl","13":"product_tag-mieszanki-olejkow-eterycznych","14":"desktop-align-left","15":"tablet-align-left","16":"mobile-align-left","18":"first","19":"outofstock","20":"sale","21":"taxable","22":"shipping-taxable","23":"purchasable","24":"product-type-simple"},"_links":{"self":[{"href":"https:\/\/mamaterra.lt\/pl\/wp-json\/wp\/v2\/product\/15939","targetHints":{"allow":["GET"]}}],"collection":[{"href":"https:\/\/mamaterra.lt\/pl\/wp-json\/wp\/v2\/product"}],"about":[{"href":"https:\/\/mamaterra.lt\/pl\/wp-json\/wp\/v2\/types\/product"}],"wp:featuredmedia":[{"embeddable":true,"href":"https:\/\/mamaterra.lt\/pl\/wp-json\/wp\/v2\/media\/13497"}],"wp:attachment":[{"href":"https:\/\/mamaterra.lt\/pl\/wp-json\/wp\/v2\/media?parent=15939"}],"wp:term":[{"taxonomy":"product_brand","embeddable":true,"href":"https:\/\/mamaterra.lt\/pl\/wp-json\/wp\/v2\/product_brand?post=15939"},{"taxonomy":"product_cat","embeddable":true,"href":"https:\/\/mamaterra.lt\/pl\/wp-json\/wp\/v2\/product_cat?post=15939"},{"taxonomy":"product_tag","embeddable":true,"href":"https:\/\/mamaterra.lt\/pl\/wp-json\/wp\/v2\/product_tag?post=15939"}],"curies":[{"name":"wp","href":"https:\/\/api.w.org\/{rel}","templated":true}]}}