{"id":15937,"date":"2022-08-10T20:57:23","date_gmt":"2022-08-10T19:57:23","guid":{"rendered":"https:\/\/mamaterra.lt\/parduotuve\/bez-kategorii\/dyfuzor-babelkowy-doterra-i-citrus-twist-doterra-blend-olejkow-eterycznych-15ml\/"},"modified":"2024-03-26T22:37:49","modified_gmt":"2024-03-26T21:37:49","slug":"dyfuzor-babelkowy-doterra-i-malama-doterra-blend-olejkow-eterycznych-15ml","status":"publish","type":"product","link":"https:\/\/mamaterra.lt\/pl\/parduotuve\/olejki-eteryczne\/mieszanki-olejkow-eterycznych\/dyfuzor-babelkowy-doterra-i-malama-doterra-blend-olejkow-eterycznych-15ml\/","title":{"rendered":"Dyfuzor b\u0105belkowy doTERRA i MALAMA doTERRA Blend olejk\u00f3w eterycznych 15ml"},"content":{"rendered":"<p><strong>Dyfuzor b\u0105belkowy doTERRA i MALAMA doTERRA Blend olejk\u00f3w eterycznych 15ml<\/strong><\/p>\n<p>Poznaj przeno\u015bn\u0105 moc dyfuzora b\u0105belkowego doTERRA i doTERRA MALAMA (15 ml).<\/p>\n<ul>\n<li>Ten wyj\u0105tkowy duet sk\u0142ada si\u0119 z dw\u00f3ch produkt\u00f3w oferowanych przez ograniczony czas &#8211; dyfuzora Bubble i mieszanki olejk\u00f3w eterycznych doTERRA MALAMA (15ml).<\/li>\n<li>Ma\u0142a i dyskretna konstrukcja dyfuzora B\u0105belkowego nadaje mu dobry wygl\u0105d.<\/li>\n<li>Dyfuzor nie musi u\u017cywa\u0107 wody.<\/li>\n<li>Po uruchomieniu czujnika ruchu dyfuzora aromaty rozprzestrzeniaj\u0105 si\u0119 bez \u017cadnego wysi\u0142ku.<\/li>\n<\/ul>\n<p>Obejrzyj film o tym, jak u\u017cywa\u0107 dyfuzora Bubble z mieszank\u0105 olejk\u00f3w eterycznych doTERRA MALAMA.<\/p>\n<p><iframe title=\"Odtwarzacz wideo YouTube\" src=\"https:\/\/www.youtube-nocookie.com\/embed\/sbjYtKSPFGs\" width=\"560\" height=\"315\" frameborder=\"0\" allowfullscreen=\"allowfullscreen\"><\/iframe><\/p>\n","protected":false},"excerpt":{"rendered":"<ul>\n<li>Ten wyj\u0105tkowy duet sk\u0142ada si\u0119 z dw\u00f3ch produkt\u00f3w oferowanych przez ograniczony czas &#8211; Bubble Diffuser i doTERRA MALAMA Essential Oil Blend<\/li>\n<li>Ma\u0142a i dyskretna konstrukcja dyfuzora Bubble nadaje mu dobry wygl\u0105d<\/li>\n<li>Dyfuzor nie musi u\u017cywa\u0107 wody<\/li>\n<li>Po uruchomieniu czujnika ruchu dyfuzora aromaty rozprzestrzeniaj\u0105 si\u0119 bez \u017cadnego wysi\u0142ku<\/li>\n<\/ul>\n","protected":false},"featured_media":13674,"template":"","meta":{"site-sidebar-layout":"default","site-content-layout":"default","ast-site-content-layout":"default","site-content-style":"default","site-sidebar-style":"default","ast-global-header-display":"","ast-banner-title-visibility":"","ast-main-header-display":"","ast-hfb-above-header-display":"","ast-hfb-below-header-display":"","ast-hfb-mobile-header-display":"","site-post-title":"","ast-breadcrumbs-content":"","ast-featured-img":"","footer-sml-layout":"","ast-disable-related-posts":"","theme-transparent-header-meta":"default","adv-header-id-meta":"","stick-header-meta":"","header-above-stick-meta":"","header-main-stick-meta":"","header-below-stick-meta":"","astra-migrate-meta-layouts":"set","ast-page-background-enabled":"default","ast-page-background-meta":{"desktop":{"background-color":"","background-image":"","background-repeat":"repeat","background-position":"center center","background-size":"auto","background-attachment":"scroll","background-type":"","background-media":"","overlay-type":"","overlay-color":"","overlay-opacity":"","overlay-gradient":""},"tablet":{"background-color":"","background-image":"","background-repeat":"repeat","background-position":"center center","background-size":"auto","background-attachment":"scroll","background-type":"","background-media":"","overlay-type":"","overlay-color":"","overlay-opacity":"","overlay-gradient":""},"mobile":{"background-color":"","background-image":"","background-repeat":"repeat","background-position":"center center","background-size":"auto","background-attachment":"scroll","background-type":"","background-media":"","overlay-type":"","overlay-color":"","overlay-opacity":"","overlay-gradient":""}},"ast-content-background-meta":{"desktop":{"background-color":"var(--ast-global-color-5)","background-image":"","background-repeat":"repeat","background-position":"center center","background-size":"auto","background-attachment":"scroll","background-type":"","background-media":"","overlay-type":"","overlay-color":"","overlay-opacity":"","overlay-gradient":""},"tablet":{"background-color":"var(--ast-global-color-5)","background-image":"","background-repeat":"repeat","background-position":"center center","background-size":"auto","background-attachment":"scroll","background-type":"","background-media":"","overlay-type":"","overlay-color":"","overlay-opacity":"","overlay-gradient":""},"mobile":{"background-color":"var(--ast-global-color-5)","background-image":"","background-repeat":"repeat","background-position":"center center","background-size":"auto","background-attachment":"scroll","background-type":"","background-media":"","overlay-type":"","overlay-color":"","overlay-opacity":"","overlay-gradient":""}}},"product_brand":[],"product_cat":[1686,1702,1750,1698,1688],"product_tag":[729,1331,1303,1527,1535],"class_list":{"0":"post-15937","1":"product","2":"type-product","3":"status-publish","4":"has-post-thumbnail","6":"product_cat-dyfuzory","7":"product_cat-mieszanki-olejkow-eterycznych","8":"product_cat-oczyszczanie-powietrza","9":"product_cat-olejki-eteryczne","10":"product_cat-prezenty","11":"product_tag-15ml-pl","12":"product_tag-bubble-pl","13":"product_tag-citrus-twist-pl","14":"product_tag-dyfuzor","15":"product_tag-mieszanki-olejkow-eterycznych","16":"desktop-align-left","17":"tablet-align-left","18":"mobile-align-left","20":"first","21":"outofstock","22":"taxable","23":"shipping-taxable","24":"purchasable","25":"product-type-simple"},"_links":{"self":[{"href":"https:\/\/mamaterra.lt\/pl\/wp-json\/wp\/v2\/product\/15937","targetHints":{"allow":["GET"]}}],"collection":[{"href":"https:\/\/mamaterra.lt\/pl\/wp-json\/wp\/v2\/product"}],"about":[{"href":"https:\/\/mamaterra.lt\/pl\/wp-json\/wp\/v2\/types\/product"}],"wp:featuredmedia":[{"embeddable":true,"href":"https:\/\/mamaterra.lt\/pl\/wp-json\/wp\/v2\/media\/13674"}],"wp:attachment":[{"href":"https:\/\/mamaterra.lt\/pl\/wp-json\/wp\/v2\/media?parent=15937"}],"wp:term":[{"taxonomy":"product_brand","embeddable":true,"href":"https:\/\/mamaterra.lt\/pl\/wp-json\/wp\/v2\/product_brand?post=15937"},{"taxonomy":"product_cat","embeddable":true,"href":"https:\/\/mamaterra.lt\/pl\/wp-json\/wp\/v2\/product_cat?post=15937"},{"taxonomy":"product_tag","embeddable":true,"href":"https:\/\/mamaterra.lt\/pl\/wp-json\/wp\/v2\/product_tag?post=15937"}],"curies":[{"name":"wp","href":"https:\/\/api.w.org\/{rel}","templated":true}]}}