{"id":15933,"date":"2022-07-03T15:02:13","date_gmt":"2022-07-03T14:02:13","guid":{"rendered":"https:\/\/mamaterra.lt\/parduotuve\/bez-kategorii\/doterra-on-guard-plyn-do-plukania-jamy-ustnej-100-ml\/"},"modified":"2022-07-03T15:02:13","modified_gmt":"2022-07-03T14:02:13","slug":"doterra-on-guard-plyn-plyn-plyn-plyn-do-plukania-jamy-ustnej-100-ml","status":"publish","type":"product","link":"https:\/\/mamaterra.lt\/pl\/parduotuve\/olejki-eteryczne\/mieszanki-olejkow-eterycznych\/doterra-on-guard-plyn-plyn-plyn-plyn-do-plukania-jamy-ustnej-100-ml\/","title":{"rendered":"doTERRA On Guard\u2122 P\u0142yn do p\u0142ukania jamy ustnej 100 ml"},"content":{"rendered":"<p><strong>doTERRA On Guard\u2122 P\u0142yn do p\u0142ukania jamy ustnej 100 ml<\/strong><\/p>\n<p>Ciesz si\u0119 t\u0105 ma\u0142\u0105 podr\u00f3\u017cn\u0105 wersj\u0105 p\u0142ynu do p\u0142ukania jamy ustnej The Guard, kt\u00f3ra doskonale nadaje si\u0119 do u\u017cycia, gdy jeste\u015b poza domem!<\/p>\n<p>W \u015bwiecie bogatym w silne chemikalia i sztuczne zapachy cz\u0119sto szukamy bezpiecznych produkt\u00f3w, kt\u00f3re mo\u017cemy wykorzysta\u0107 w naszych rodzinach. Popularne komercyjne produkty do piel\u0119gnacji jamy ustnej mog\u0105 wysusza\u0107 i podra\u017cnia\u0107 wra\u017cliwe tkanki jamy ustnej.<\/p>\n<ul>\n<li>Bezalkoholowy p\u0142yn do p\u0142ukania jamy ustnej doTERRA On Guard\u2122 przeznaczony jest do czyszczenia z\u0119b\u00f3w i dzi\u0105se\u0142, redukcji p\u0142ytki naz\u0119bnej i promowania zdrowego u\u015bmiechu, wykorzystuj\u0105c go jako element codziennej higieny.<\/li>\n<li>Ekstrakt z drzewa Miswak (stosowany ju\u017c 7000 lat temu do mycia z\u0119b\u00f3w) pomaga o\u017cywi\u0107 oddychanie i utrzyma\u0107 z\u0119by w czysto\u015bci, zmniejsza gromadzenie si\u0119 p\u0142ytki naz\u0119bnej, a ksylitol pomaga utrzyma\u0107 zdrowe i mocne z\u0119by.<\/li>\n<li>W zwyk\u0142ej procedurze higieny jamy ustnej nale\u017cy uwzgl\u0119dni\u0107 p\u0142yn do p\u0142ukania jamy ustnej doTERRA On Guard obok nici i szczoteczki, aby utrzyma\u0107 zdrow\u0105 b\u0142on\u0119 \u015bluzow\u0105 jamy ustnej i przed\u0142u\u017cy\u0107 od\u015bwie\u017caj\u0105cy oddech.<\/li>\n<\/ul>\n","protected":false},"excerpt":{"rendered":"<ul>\n<li>Bezalkoholowy p\u0142yn do p\u0142ukania jamy ustnej doTERRA On Guard\u2122 przeznaczony jest do mycia z\u0119b\u00f3w i dzi\u0105se\u0142, redukcji p\u0142ytki naz\u0119bnej i promowania zdrowo wygl\u0105daj\u0105cego u\u015bmiechu, wykorzystuj\u0105c go jako element codziennej higieny<\/li>\n<li>Wyci\u0105g z drzewa Miswak (stosowany 7000 lat temu do mycia z\u0119b\u00f3w) pomaga o\u017cywi\u0107 oddychanie i utrzyma\u0107 z\u0119by w czysto\u015bci, zmniejsza gromadzenie si\u0119 p\u0142ytki naz\u0119bnej, a ksylitol pomaga utrzyma\u0107 zdrowe i mocne z\u0119by<\/li>\n<\/ul>\n","protected":false},"featured_media":13560,"template":"","meta":{"site-sidebar-layout":"default","site-content-layout":"default","ast-site-content-layout":"default","site-content-style":"default","site-sidebar-style":"default","ast-global-header-display":"","ast-banner-title-visibility":"","ast-main-header-display":"","ast-hfb-above-header-display":"","ast-hfb-below-header-display":"","ast-hfb-mobile-header-display":"","site-post-title":"","ast-breadcrumbs-content":"","ast-featured-img":"","footer-sml-layout":"","ast-disable-related-posts":"","theme-transparent-header-meta":"default","adv-header-id-meta":"","stick-header-meta":"","header-above-stick-meta":"","header-main-stick-meta":"","header-below-stick-meta":"","astra-migrate-meta-layouts":"default","ast-page-background-enabled":"default","ast-page-background-meta":{"desktop":{"background-color":"","background-image":"","background-repeat":"repeat","background-position":"center center","background-size":"auto","background-attachment":"scroll","background-type":"","background-media":"","overlay-type":"","overlay-color":"","overlay-opacity":"","overlay-gradient":""},"tablet":{"background-color":"","background-image":"","background-repeat":"repeat","background-position":"center center","background-size":"auto","background-attachment":"scroll","background-type":"","background-media":"","overlay-type":"","overlay-color":"","overlay-opacity":"","overlay-gradient":""},"mobile":{"background-color":"","background-image":"","background-repeat":"repeat","background-position":"center center","background-size":"auto","background-attachment":"scroll","background-type":"","background-media":"","overlay-type":"","overlay-color":"","overlay-opacity":"","overlay-gradient":""}},"ast-content-background-meta":{"desktop":{"background-color":"var(--ast-global-color-5)","background-image":"","background-repeat":"repeat","background-position":"center center","background-size":"auto","background-attachment":"scroll","background-type":"","background-media":"","overlay-type":"","overlay-color":"","overlay-opacity":"","overlay-gradient":""},"tablet":{"background-color":"var(--ast-global-color-5)","background-image":"","background-repeat":"repeat","background-position":"center center","background-size":"auto","background-attachment":"scroll","background-type":"","background-media":"","overlay-type":"","overlay-color":"","overlay-opacity":"","overlay-gradient":""},"mobile":{"background-color":"var(--ast-global-color-5)","background-image":"","background-repeat":"repeat","background-position":"center center","background-size":"auto","background-attachment":"scroll","background-type":"","background-media":"","overlay-type":"","overlay-color":"","overlay-opacity":"","overlay-gradient":""}}},"product_brand":[],"product_cat":[1711,1702,1747],"product_tag":[796,1442,1546],"class_list":{"0":"post-15933","1":"product","2":"type-product","3":"status-publish","4":"has-post-thumbnail","6":"product_cat-higiena-i-pielegnacja-skory","7":"product_cat-mieszanki-olejkow-eterycznych","8":"product_cat-on-guard-produkty","9":"product_tag-100ml-pl","10":"product_tag-on-guard-pl","11":"product_tag-plyn-do-plukania-ust","12":"desktop-align-left","13":"tablet-align-left","14":"mobile-align-left","16":"first","17":"outofstock","18":"sale","19":"taxable","20":"shipping-taxable","21":"purchasable","22":"product-type-simple"},"_links":{"self":[{"href":"https:\/\/mamaterra.lt\/pl\/wp-json\/wp\/v2\/product\/15933","targetHints":{"allow":["GET"]}}],"collection":[{"href":"https:\/\/mamaterra.lt\/pl\/wp-json\/wp\/v2\/product"}],"about":[{"href":"https:\/\/mamaterra.lt\/pl\/wp-json\/wp\/v2\/types\/product"}],"wp:featuredmedia":[{"embeddable":true,"href":"https:\/\/mamaterra.lt\/pl\/wp-json\/wp\/v2\/media\/13560"}],"wp:attachment":[{"href":"https:\/\/mamaterra.lt\/pl\/wp-json\/wp\/v2\/media?parent=15933"}],"wp:term":[{"taxonomy":"product_brand","embeddable":true,"href":"https:\/\/mamaterra.lt\/pl\/wp-json\/wp\/v2\/product_brand?post=15933"},{"taxonomy":"product_cat","embeddable":true,"href":"https:\/\/mamaterra.lt\/pl\/wp-json\/wp\/v2\/product_cat?post=15933"},{"taxonomy":"product_tag","embeddable":true,"href":"https:\/\/mamaterra.lt\/pl\/wp-json\/wp\/v2\/product_tag?post=15933"}],"curies":[{"name":"wp","href":"https:\/\/api.w.org\/{rel}","templated":true}]}}