{"id":15931,"date":"2022-06-23T10:33:59","date_gmt":"2022-06-23T09:33:59","guid":{"rendered":"https:\/\/mamaterra.lt\/parduotuve\/bez-kategorii\/dyfuzor-doterra-volo-z-olejkiem-eterycznym-doterra-green-mandarin-15ml\/"},"modified":"2022-06-23T10:33:59","modified_gmt":"2022-06-23T09:33:59","slug":"doterra-volo-dyfuzor-i-doterra-zielony-mandarynka-olejek-15ml","status":"publish","type":"product","link":"https:\/\/mamaterra.lt\/pl\/parduotuve\/olejki-eteryczne\/czyste-olejki-eteryczne\/doterra-volo-dyfuzor-i-doterra-zielony-mandarynka-olejek-15ml\/","title":{"rendered":"Dyfuzor doTERRA Volo z olejkiem eterycznym doTERRA Green Mandarin 15ml"},"content":{"rendered":"<p><strong>Dyfuzor doTERRA Volo z olejkiem eterycznym doTERRA Green Mandarin 15ml<\/strong><\/p>\n<p>Czasami czujemy si\u0119 przyt\u0142oczeni, poniewa\u017c nosimy ci\u0119\u017car, kt\u00f3ry nie nale\u017cy do nas. Czy to mo\u017cliwe, \u017ce brakuje ci energii emocjonalnej, poniewa\u017c bierzesz odpowiedzialno\u015b\u0107 za innych? Pomy\u015bl o tym, gdy pr\u00f3bujesz otworzy\u0107 swoje serce na mo\u017cliwo\u015b\u0107 g\u0142\u0119bokiej i trwa\u0142ej odnowy emocjonalnej.<\/p>\n<p>Jako dodatkowy bonus, dyfuzor Volo\u2122 mo\u017cna kupi\u0107 razem z olejkiem eterycznym z zielonych mandarynek doTERRA (15 ml). Pokochasz ten fantastyczny duet!<\/p>\n<p>&nbsp;<\/p>\n<p>Obejrzyj film o dyfuzorze rolkowym doterra.<\/p>\n<p><iframe title=\"Odtwarzacz wideo YouTube\" src=\"https:\/\/www.youtube-nocookie.com\/embed\/r8Qy24FYIkA\" width=\"560\" height=\"315\" frameborder=\"0\" allowfullscreen=\"allowfullscreen\"><\/iframe><\/p>\n<p>&nbsp;<\/p>\n<p><strong>DoTERRA Dyfuzor rolkowy<\/strong><\/p>\n<p>Pi\u0119kny dyfuzor ultrad\u017awi\u0119kowy doterra roller\u2122 to onykso z marmurowym wyko\u0144czeniem, idealny do ka\u017cdego domu lub pomieszczenia biurowego. Dyfuzor rolkowy ma r\u0119cznie wykonany blat z kamienia polietycznego z niestandardowym wzorem diamentowym i opcjonalnymi funkcjami o\u015bwietleniowymi: bez \u015bwiat\u0142a, ciep\u0142y i jasny bursztyn. Ten wyj\u0105tkowy dyfuzor ma regulowane ustawienie intensywno\u015bci pary z kilkoma ustawieniami czasu, kt\u00f3re Ci odpowiadaj\u0105.<\/p>\n<p><strong>DdoTERRA Dyfuzor rolkowy Opis produktu:  <\/strong><\/p>\n<ul>\n<li>Mo\u017cesz ustawi\u0107 si\u0119 na dzia\u0142anie przez godzin\u0119, trzy i sze\u015b\u0107 godzin, nawet gdy emitowana jest najsilniejsza para.<\/li>\n<li>Dzia\u0142a do 14 godzin, emituj\u0105c najs\u0142absz\u0105 par\u0119.<\/li>\n<li>Obejmuje do 28 metr\u00f3w kwadratowych. m. Pok\u00f3j.<\/li>\n<li>Lampka pomiaru czasu jest automatycznie przyciemniana.<\/li>\n<li>Wybierane s\u0105 ustawienia o\u015bwietlenia: bez o\u015bwietlenia, ciep\u0142e \u015bwiat\u0142o lub jasne bursztynowe \u015bwiat\u0142o.<\/li>\n<\/ul>\n<p>&nbsp;<\/p>\n<p><strong>ZIELONA MANDARYNKA Pure doTERRA Olejek Eteryczny 15ml<\/strong><\/p>\n<p>U\u017cyj tego olejku eterycznego przez 21 dni z rz\u0119du na wszystkie 3 sposoby, a do\u015bwiadczysz nie tylko emocjonalnego uzdrowienia, ale tak\u017ce innych korzy\u015bci dla cia\u0142a fizycznego.<\/p>\n<p><strong>Olejek eteryczny Green Mandarin doTERRA wykorzystuje:<\/strong><\/p>\n<ul>\n<li>Olej ten jest szczeg\u00f3lnie odpowiedni dla dzieci i szczeg\u00f3lnie wra\u017cliwych os\u00f3b. W po\u0142\u0105czeniu z Lavender, Vetiver, Rose i \/ lub Nerolis, pomo\u017cesz uspokoi\u0107 negatywne emocje i zapewni\u0107 stabilno\u015b\u0107 fizyczn\u0105 i emocjonaln\u0105.<\/li>\n<li>Aby kontrolowa\u0107 gniew, nerwowo\u015b\u0107 i obudzi\u0107 wewn\u0119trzne dziecko &#8211; par\u0119, kapa\u0107 jedn\u0105 kropl\u0119 pod j\u0119zykiem lub pi\u0107 wod\u0105, a tak\u017ce zastosowa\u0107 pulsuj\u0105cy obszar (namaszczone obszary nie powinny otrzymywa\u0107 s\u0142o\u0144ca ani innych promieni ultrafioletowych o godzinie 12).<\/li>\n<li>Je\u015bli czasami masz ochot\u0119 na balon, zastosuj po rozcie\u0144czeniu brzucha, popijaj wod\u0105.<\/li>\n<\/ul>\n","protected":false},"excerpt":{"rendered":"<ul>\n<li>Pi\u0119kny dyfuzor ultrad\u017awi\u0119kowy rolkowy\u2122 doTERRA<\/li>\n<li>Dyfuzor rolkowy doTERRA to marmurowe wyko\u0144czenie w kolorze onyksu, kt\u00f3re idealnie sprawdzi si\u0119 w ka\u017cdym pomieszczeniu domowym lub biurowym<\/li>\n<li>doTERRA Roller to wyj\u0105tkowy dyfuzor, kt\u00f3ry ma regulowane ustawienie intensywno\u015bci pary z kilkoma ustawieniami czasowymi, kt\u00f3re Ci odpowiadaj\u0105<\/li>\n<li>Dodaje olejek eteryczny Green Mandarin pure doTERRA 15ml<\/li>\n<\/ul>\n","protected":false},"featured_media":13533,"template":"","meta":{"site-sidebar-layout":"default","site-content-layout":"default","ast-site-content-layout":"default","site-content-style":"default","site-sidebar-style":"default","ast-global-header-display":"","ast-banner-title-visibility":"","ast-main-header-display":"","ast-hfb-above-header-display":"","ast-hfb-below-header-display":"","ast-hfb-mobile-header-display":"","site-post-title":"","ast-breadcrumbs-content":"","ast-featured-img":"","footer-sml-layout":"","ast-disable-related-posts":"","theme-transparent-header-meta":"default","adv-header-id-meta":"","stick-header-meta":"","header-above-stick-meta":"","header-main-stick-meta":"","header-below-stick-meta":"","astra-migrate-meta-layouts":"default","ast-page-background-enabled":"default","ast-page-background-meta":{"desktop":{"background-color":"","background-image":"","background-repeat":"repeat","background-position":"center center","background-size":"auto","background-attachment":"scroll","background-type":"","background-media":"","overlay-type":"","overlay-color":"","overlay-opacity":"","overlay-gradient":""},"tablet":{"background-color":"","background-image":"","background-repeat":"repeat","background-position":"center center","background-size":"auto","background-attachment":"scroll","background-type":"","background-media":"","overlay-type":"","overlay-color":"","overlay-opacity":"","overlay-gradient":""},"mobile":{"background-color":"","background-image":"","background-repeat":"repeat","background-position":"center center","background-size":"auto","background-attachment":"scroll","background-type":"","background-media":"","overlay-type":"","overlay-color":"","overlay-opacity":"","overlay-gradient":""}},"ast-content-background-meta":{"desktop":{"background-color":"var(--ast-global-color-5)","background-image":"","background-repeat":"repeat","background-position":"center center","background-size":"auto","background-attachment":"scroll","background-type":"","background-media":"","overlay-type":"","overlay-color":"","overlay-opacity":"","overlay-gradient":""},"tablet":{"background-color":"var(--ast-global-color-5)","background-image":"","background-repeat":"repeat","background-position":"center center","background-size":"auto","background-attachment":"scroll","background-type":"","background-media":"","overlay-type":"","overlay-color":"","overlay-opacity":"","overlay-gradient":""},"mobile":{"background-color":"var(--ast-global-color-5)","background-image":"","background-repeat":"repeat","background-position":"center center","background-size":"auto","background-attachment":"scroll","background-type":"","background-media":"","overlay-type":"","overlay-color":"","overlay-opacity":"","overlay-gradient":""}}},"product_brand":[],"product_cat":[1704,1686,1752,1758],"product_tag":[729,1223,1527,1533,879],"class_list":{"0":"post-15931","1":"product","2":"type-product","3":"status-publish","4":"has-post-thumbnail","6":"product_cat-czyste-olejki-eteryczne","7":"product_cat-dyfuzory","8":"product_cat-radzenia-sobie-ze-stresem","9":"product_cat-trawienie","10":"product_tag-15ml-pl","11":"product_tag-doterra-pl","12":"product_tag-dyfuzor","13":"product_tag-olejki-eteryczne","14":"product_tag-volo-pl","15":"desktop-align-left","16":"tablet-align-left","17":"mobile-align-left","19":"first","20":"outofstock","21":"taxable","22":"shipping-taxable","23":"purchasable","24":"product-type-simple"},"_links":{"self":[{"href":"https:\/\/mamaterra.lt\/pl\/wp-json\/wp\/v2\/product\/15931","targetHints":{"allow":["GET"]}}],"collection":[{"href":"https:\/\/mamaterra.lt\/pl\/wp-json\/wp\/v2\/product"}],"about":[{"href":"https:\/\/mamaterra.lt\/pl\/wp-json\/wp\/v2\/types\/product"}],"wp:featuredmedia":[{"embeddable":true,"href":"https:\/\/mamaterra.lt\/pl\/wp-json\/wp\/v2\/media\/13533"}],"wp:attachment":[{"href":"https:\/\/mamaterra.lt\/pl\/wp-json\/wp\/v2\/media?parent=15931"}],"wp:term":[{"taxonomy":"product_brand","embeddable":true,"href":"https:\/\/mamaterra.lt\/pl\/wp-json\/wp\/v2\/product_brand?post=15931"},{"taxonomy":"product_cat","embeddable":true,"href":"https:\/\/mamaterra.lt\/pl\/wp-json\/wp\/v2\/product_cat?post=15931"},{"taxonomy":"product_tag","embeddable":true,"href":"https:\/\/mamaterra.lt\/pl\/wp-json\/wp\/v2\/product_tag?post=15931"}],"curies":[{"name":"wp","href":"https:\/\/api.w.org\/{rel}","templated":true}]}}