{"id":15922,"date":"2022-07-13T15:05:12","date_gmt":"2022-07-13T14:05:12","guid":{"rendered":"https:\/\/mamaterra.lt\/parduotuve\/bez-kategorii\/lemon-myrtle-pure-doterra-olejek-eteryczny-5ml\/"},"modified":"2022-07-13T15:05:12","modified_gmt":"2022-07-13T14:05:12","slug":"cytryna-mirt-pure-doterra-olejek-5ml","status":"publish","type":"product","link":"https:\/\/mamaterra.lt\/pl\/parduotuve\/olejki-eteryczne\/czyste-olejki-eteryczne\/cytryna-mirt-pure-doterra-olejek-5ml\/","title":{"rendered":"LEMON MYRTLE Pure doterra Olejek Eteryczny 5ml"},"content":{"rendered":"<p><strong>OLEJEK ETERYCZNY Z MIRTU CYTRYNOWEGO DOTERRA<\/strong><\/p>\n<p>Mirt cytrynowy Backhousia citriodora | 5 ml<\/p>\n<p>&nbsp;<\/p>\n<p><strong>LEMON MYRTLE Pure doterra Olejek eteryczny<\/strong><\/p>\n<p>Mirt cytrynowy, pochodz\u0105cy z Australii, od dawna stosowany jest w diecie mieszka\u0144c\u00f3w Aborygen\u00f3w i Wysp Torresa. Olejek eteryczny z mirtu cytrynowego jest destylowany z li\u015bci pachn\u0105cych cytrusami subtropikalnych ro\u015blin mirtu cytrynowego. Olejek eteryczny z mirtu cytrynowego ma koj\u0105cy i relaksuj\u0105cy aromat.<\/p>\n<p><strong>Jakie s\u0105 zalety mirtu cytrynowego?<\/strong><\/p>\n<p>Citralis, kt\u00f3ry ma w\u0142a\u015bciwo\u015bci oczyszczaj\u0105ce, jest g\u0142\u00f3wnym sk\u0142adnikiem chemicznym mirtu cytrynowego. U\u017cyj mirtu cytrynowego, aby oczy\u015bci\u0107 sk\u00f3r\u0119 lub powierzchnie lub oczy\u015bci\u0107 powietrze. Aby nie uczula\u0107 sk\u00f3ry, zawsze rozcie\u0144czaj mirt cytrynowy olejem.<\/p>\n<p>S\u0142odki, cytrynowy i lekko zio\u0142owy aromat &#8211; zapach mirtu cytrynowego jednocze\u015bnie \u0142agodzi i podnosi nastr\u00f3j.<\/p>\n<p><strong>LEMON MYRTLE Pure Doterra Essential Oil wykorzystuje:<\/strong><\/p>\n<ul>\n<li>Rozprowad\u017a w pomieszczeniu dyfuzorem ultrad\u017awi\u0119kowym, aby aromat pomieszczenia uspokoi\u0142 si\u0119 i zrelaksowa\u0142.<\/li>\n<li>Dodaj kropl\u0119 olejku z mirtu cytrynowego do wody, smoothie, smoothie, aby poczu\u0107 \u015bwie\u017co\u015b\u0107.<\/li>\n<li>Dodaj kilka kropli mirtu cytrynowego i dzikiej pomara\u0144czy do opryskiwacza z wod\u0105 i bia\u0142ym octem, a otrzymasz \u015brodek do czyszczenia powierzchni o wspania\u0142ym zapachu.<\/li>\n<li>Dodaj 1 kropl\u0119 do \u015brodka oczyszczaj\u0105cego lub nawil\u017caj\u0105cego do twarzy, aby wzmocni\u0107 w\u0142a\u015bciwo\u015bci oczyszczaj\u0105ce i pysznie pachnie\u0107.<\/li>\n<\/ul>\n<p><strong>Instrukcja u\u017cytkowania olejku eterycznego LEMON MYRTLE Pure doTERRA:<\/strong><\/p>\n<ul>\n<li><strong>Przez dyfuzj\u0119:<\/strong> U\u017cyj 3-4 kropli w wybranym dyfuzorze.<\/li>\n<li><strong>Zastosowanie do aromatu spo\u017cywczego:<\/strong> Dodaj 1-2 krople do jedzenia.<\/li>\n<\/ul>\n","protected":false},"excerpt":{"rendered":"<ul>\n<li>Olejek eteryczny z mirtu cytrynowego ma koj\u0105cy i relaksuj\u0105cy aromat<\/li>\n<li>Zapach mirtu cytrynowego razem \u0142agodzi i podnosi nastr\u00f3j<\/li>\n<li>U\u017cyj mirtu cytrynowego, aby oczy\u015bci\u0107 sk\u00f3r\u0119 lub powierzchnie lub oczy\u015bci\u0107 powietrze<\/li>\n<\/ul>\n","protected":false},"featured_media":13641,"template":"","meta":{"site-sidebar-layout":"default","site-content-layout":"default","ast-site-content-layout":"default","site-content-style":"default","site-sidebar-style":"default","ast-global-header-display":"","ast-banner-title-visibility":"","ast-main-header-display":"","ast-hfb-above-header-display":"","ast-hfb-below-header-display":"","ast-hfb-mobile-header-display":"","site-post-title":"","ast-breadcrumbs-content":"","ast-featured-img":"","footer-sml-layout":"","ast-disable-related-posts":"","theme-transparent-header-meta":"default","adv-header-id-meta":"","stick-header-meta":"","header-above-stick-meta":"","header-main-stick-meta":"","header-below-stick-meta":"","astra-migrate-meta-layouts":"default","ast-page-background-enabled":"default","ast-page-background-meta":{"desktop":{"background-color":"","background-image":"","background-repeat":"repeat","background-position":"center center","background-size":"auto","background-attachment":"scroll","background-type":"","background-media":"","overlay-type":"","overlay-color":"","overlay-opacity":"","overlay-gradient":""},"tablet":{"background-color":"","background-image":"","background-repeat":"repeat","background-position":"center center","background-size":"auto","background-attachment":"scroll","background-type":"","background-media":"","overlay-type":"","overlay-color":"","overlay-opacity":"","overlay-gradient":""},"mobile":{"background-color":"","background-image":"","background-repeat":"repeat","background-position":"center center","background-size":"auto","background-attachment":"scroll","background-type":"","background-media":"","overlay-type":"","overlay-color":"","overlay-opacity":"","overlay-gradient":""}},"ast-content-background-meta":{"desktop":{"background-color":"var(--ast-global-color-5)","background-image":"","background-repeat":"repeat","background-position":"center center","background-size":"auto","background-attachment":"scroll","background-type":"","background-media":"","overlay-type":"","overlay-color":"","overlay-opacity":"","overlay-gradient":""},"tablet":{"background-color":"var(--ast-global-color-5)","background-image":"","background-repeat":"repeat","background-position":"center center","background-size":"auto","background-attachment":"scroll","background-type":"","background-media":"","overlay-type":"","overlay-color":"","overlay-opacity":"","overlay-gradient":""},"mobile":{"background-color":"var(--ast-global-color-5)","background-image":"","background-repeat":"repeat","background-position":"center center","background-size":"auto","background-attachment":"scroll","background-type":"","background-media":"","overlay-type":"","overlay-color":"","overlay-opacity":"","overlay-gradient":""}}},"product_brand":[],"product_cat":[1704,1698],"product_tag":[716,1462,1533],"class_list":{"0":"post-15922","1":"product","2":"type-product","3":"status-publish","4":"has-post-thumbnail","6":"product_cat-czyste-olejki-eteryczne","7":"product_cat-olejki-eteryczne","8":"product_tag-5ml-pl-2","9":"product_tag-lemon-myrtle-pl","10":"product_tag-olejki-eteryczne","11":"desktop-align-left","12":"tablet-align-left","13":"mobile-align-left","15":"first","16":"outofstock","17":"sale","18":"taxable","19":"shipping-taxable","20":"purchasable","21":"product-type-simple"},"_links":{"self":[{"href":"https:\/\/mamaterra.lt\/pl\/wp-json\/wp\/v2\/product\/15922","targetHints":{"allow":["GET"]}}],"collection":[{"href":"https:\/\/mamaterra.lt\/pl\/wp-json\/wp\/v2\/product"}],"about":[{"href":"https:\/\/mamaterra.lt\/pl\/wp-json\/wp\/v2\/types\/product"}],"wp:featuredmedia":[{"embeddable":true,"href":"https:\/\/mamaterra.lt\/pl\/wp-json\/wp\/v2\/media\/13641"}],"wp:attachment":[{"href":"https:\/\/mamaterra.lt\/pl\/wp-json\/wp\/v2\/media?parent=15922"}],"wp:term":[{"taxonomy":"product_brand","embeddable":true,"href":"https:\/\/mamaterra.lt\/pl\/wp-json\/wp\/v2\/product_brand?post=15922"},{"taxonomy":"product_cat","embeddable":true,"href":"https:\/\/mamaterra.lt\/pl\/wp-json\/wp\/v2\/product_cat?post=15922"},{"taxonomy":"product_tag","embeddable":true,"href":"https:\/\/mamaterra.lt\/pl\/wp-json\/wp\/v2\/product_tag?post=15922"}],"curies":[{"name":"wp","href":"https:\/\/api.w.org\/{rel}","templated":true}]}}