{"id":15920,"date":"2022-10-01T14:06:03","date_gmt":"2022-10-01T13:06:03","guid":{"rendered":"https:\/\/mamaterra.lt\/parduotuve\/bez-kategorii\/sol-n3-doterra-perfumy-8ml\/"},"modified":"2022-10-01T14:06:03","modified_gmt":"2022-10-01T13:06:03","slug":"sol-n3-doterra-perfume-8ml","status":"publish","type":"product","link":"https:\/\/mamaterra.lt\/pl\/parduotuve\/olejki-eteryczne\/mieszanki-olejkow-eterycznych\/sol-n3-doterra-perfume-8ml\/","title":{"rendered":"Sol N\u00b03 doTERRA Perfumy 8ml"},"content":{"rendered":"<p><strong>Sol N\u00b03 doTERRA Perfumy<\/strong><\/p>\n<p>8ml<\/p>\n<p>S\u0142odkie tropikalne owoce cytrusowe i pachn\u0105ce egzotyczne kwiaty tworz\u0105 orze\u017awiaj\u0105cy i \u017cywy aromat jak \u017caden inny. Olejki eteryczne z mandarynek CPTG\u00ae, drzew sanda\u0142owych i davan\u00f3w, a tak\u017ce absolut waniliowy, podkre\u015blaj\u0105 t\u0119 hipnotyzuj\u0105c\u0105 mieszank\u0119. <strong>Sol N\u00ba 3<\/strong> znajduje si\u0119 w pi\u0119knej butelce z rozpylaczem, kt\u00f3ra jest idealna dla Ciebie lub specjalnej osoby na li\u015bcie prezent\u00f3w.<\/p>\n<p><strong>Sol N\u00b03 doTERRA U\u017cycie Perfum:<\/strong><\/p>\n<ul>\n<li>Spryskaj go\u0142\u0105 sk\u00f3r\u0119.<\/li>\n<li>Spryskaj punkty t\u0119tna, na przyk\u0142ad nadgarstki, wewn\u0119trzn\u0105 stron\u0119 \u0142okcia, szyj\u0119 lub za kolanami.<\/li>\n<li>Spryskaj cia\u0142o natychmiast po wzi\u0119ciu prysznica. Nawil\u017cenie sk\u00f3ry pomo\u017ce uchwyci\u0107 zapach.<\/li>\n<\/ul>\n<p><strong>Sol N\u00b03 doTERRA Sk\u0142adniki perfum:<\/strong><\/p>\n<p>Alkohol, woda (Aqua), olejek ze sk\u00f3rki mandarynki Citrus nobilis, olej z owoc\u00f3w bergamii cytrusowej, ekstrakt z kwiat\u00f3w magnoli champaca Michelia, olejek Santalum album (drzewo sanda\u0142owe), ekstrakt z \u017cywicy Cistus ladaniferus (Cystus), ekstrakt z \u017cywicy Styrax tonkinensis (fasola tonka), ekstrakt z owoc\u00f3w Vanilla planifolia (Vanilla), kwiaty, li\u015bcie i \u0142odygi Artemisia pallens (Davana).<\/p>\n","protected":false},"excerpt":{"rendered":"<ul>\n<li>doTERRA <strong>Sol N\u00b03<\/strong> personal fragrance to lekka i egzotyczna mieszanka sk\u0142adaj\u0105ca si\u0119 z olejk\u00f3w eterycznych z czerwonych mandarynek CPTG\u2122, drzewa sanda\u0142owego i davany oraz olejk\u00f3w eterycznych z wanilii.<\/li>\n<li><strong>Sol N\u00ba 3<\/strong> znajduje si\u0119 w pi\u0119knej butelce z rozpylaczem, kt\u00f3ra jest idealna dla Ciebie lub specjalnej osoby na li\u015bcie prezent\u00f3w.<\/li>\n<li>Pojemno\u015b\u0107 perfum &#8211; 8 ml<\/li>\n<\/ul>\n","protected":false},"featured_media":14157,"template":"","meta":{"site-sidebar-layout":"default","site-content-layout":"default","ast-site-content-layout":"default","site-content-style":"default","site-sidebar-style":"default","ast-global-header-display":"","ast-banner-title-visibility":"","ast-main-header-display":"","ast-hfb-above-header-display":"","ast-hfb-below-header-display":"","ast-hfb-mobile-header-display":"","site-post-title":"","ast-breadcrumbs-content":"","ast-featured-img":"","footer-sml-layout":"","ast-disable-related-posts":"","theme-transparent-header-meta":"default","adv-header-id-meta":"","stick-header-meta":"","header-above-stick-meta":"","header-main-stick-meta":"","header-below-stick-meta":"","astra-migrate-meta-layouts":"default","ast-page-background-enabled":"default","ast-page-background-meta":{"desktop":{"background-color":"","background-image":"","background-repeat":"repeat","background-position":"center center","background-size":"auto","background-attachment":"scroll","background-type":"","background-media":"","overlay-type":"","overlay-color":"","overlay-opacity":"","overlay-gradient":""},"tablet":{"background-color":"","background-image":"","background-repeat":"repeat","background-position":"center center","background-size":"auto","background-attachment":"scroll","background-type":"","background-media":"","overlay-type":"","overlay-color":"","overlay-opacity":"","overlay-gradient":""},"mobile":{"background-color":"","background-image":"","background-repeat":"repeat","background-position":"center center","background-size":"auto","background-attachment":"scroll","background-type":"","background-media":"","overlay-type":"","overlay-color":"","overlay-opacity":"","overlay-gradient":""}},"ast-content-background-meta":{"desktop":{"background-color":"var(--ast-global-color-5)","background-image":"","background-repeat":"repeat","background-position":"center center","background-size":"auto","background-attachment":"scroll","background-type":"","background-media":"","overlay-type":"","overlay-color":"","overlay-opacity":"","overlay-gradient":""},"tablet":{"background-color":"var(--ast-global-color-5)","background-image":"","background-repeat":"repeat","background-position":"center center","background-size":"auto","background-attachment":"scroll","background-type":"","background-media":"","overlay-type":"","overlay-color":"","overlay-opacity":"","overlay-gradient":""},"mobile":{"background-color":"var(--ast-global-color-5)","background-image":"","background-repeat":"repeat","background-position":"center center","background-size":"auto","background-attachment":"scroll","background-type":"","background-media":"","overlay-type":"","overlay-color":"","overlay-opacity":"","overlay-gradient":""}}},"product_brand":[],"product_cat":[1740,1702,1688,1692],"product_tag":[717,1632],"class_list":{"0":"post-15920","1":"product","2":"type-product","3":"status-publish","4":"has-post-thumbnail","6":"product_cat-dla-kobiet","7":"product_cat-mieszanki-olejkow-eterycznych","8":"product_cat-prezenty","9":"product_cat-prezenty-dla-kobiet","10":"product_tag-8ml-pl-2","11":"product_tag-perfumy","12":"desktop-align-left","13":"tablet-align-left","14":"mobile-align-left","16":"first","17":"outofstock","18":"sale","19":"taxable","20":"shipping-taxable","21":"purchasable","22":"product-type-simple"},"_links":{"self":[{"href":"https:\/\/mamaterra.lt\/pl\/wp-json\/wp\/v2\/product\/15920","targetHints":{"allow":["GET"]}}],"collection":[{"href":"https:\/\/mamaterra.lt\/pl\/wp-json\/wp\/v2\/product"}],"about":[{"href":"https:\/\/mamaterra.lt\/pl\/wp-json\/wp\/v2\/types\/product"}],"wp:featuredmedia":[{"embeddable":true,"href":"https:\/\/mamaterra.lt\/pl\/wp-json\/wp\/v2\/media\/14157"}],"wp:attachment":[{"href":"https:\/\/mamaterra.lt\/pl\/wp-json\/wp\/v2\/media?parent=15920"}],"wp:term":[{"taxonomy":"product_brand","embeddable":true,"href":"https:\/\/mamaterra.lt\/pl\/wp-json\/wp\/v2\/product_brand?post=15920"},{"taxonomy":"product_cat","embeddable":true,"href":"https:\/\/mamaterra.lt\/pl\/wp-json\/wp\/v2\/product_cat?post=15920"},{"taxonomy":"product_tag","embeddable":true,"href":"https:\/\/mamaterra.lt\/pl\/wp-json\/wp\/v2\/product_tag?post=15920"}],"curies":[{"name":"wp","href":"https:\/\/api.w.org\/{rel}","templated":true}]}}