{"id":15919,"date":"2022-11-01T17:33:18","date_gmt":"2022-11-01T16:33:18","guid":{"rendered":"https:\/\/mamaterra.lt\/parduotuve\/bez-kategorii\/doterra-amavi-mini-perfumy-meskie\/"},"modified":"2022-11-01T17:33:18","modified_gmt":"2022-11-01T16:33:18","slug":"doterra-amavi-mini-man-perfume-collection","status":"publish","type":"product","link":"https:\/\/mamaterra.lt\/pl\/parduotuve\/olejki-eteryczne\/mieszanki-olejkow-eterycznych\/doterra-amavi-mini-man-perfume-collection\/","title":{"rendered":"doTERRA Amavi Mini Perfumy M\u0119skie"},"content":{"rendered":"<p><strong>doTERRA Amavi Mini Perfumy M\u0119skie<\/strong><\/p>\n<p>&nbsp;<\/p>\n<p>Zaprojektowana dla m\u0119\u017cczyzn, kt\u00f3rzy ciesz\u0105 si\u0119 \u017cyciem, kolekcja perfum Am\u0101v\u012b Mini podr\u00f3\u017cuje z u\u017cytkownikiem wsz\u0119dzie i jest idealnym prezentem dla wyj\u0105tkowego m\u0119\u017cczyzny w Twoim \u017cyciu.<\/p>\n<p>1 szt. Am\u0101v\u012b Roso, Am\u0101v\u012b Azul, Am\u0101v\u012b Noir (butelki 1,5 ml).<\/p>\n<p>doTERRA wie, \u017ce chcesz pokaza\u0107 wa\u017cnym m\u0119\u017cczyznom w swoim \u017cyciu, jak bardzo ich kochasz. Ale szukanie idealnego prezentu dla m\u0119\u017cczyzn \u0142atwiej powiedzie\u0107 ni\u017c zrobi\u0107! Niekt\u00f3re prezenty s\u0105 naprawd\u0119 drogie i nie masz pewno\u015bci, czy w og\u00f3le mu si\u0119 spodoba lub wykorzysta to, co otrzyma.<\/p>\n<p>Wypr\u00f3buj zestaw Amavi\u00ae Discovery. Ta niedroga kolekcja wyrafinowanych m\u0119skich zapach\u00f3w pozwala kupi\u0107 prezent w prosty i p\u0142ynny spos\u00f3b. Tw\u00f3j tata lub m\u0105\u017c z pewno\u015bci\u0105 pokocha co najmniej jeden z trzech nowych, limitowanych zapach\u00f3w &#8211; je\u015bli nie wszystkie trzy!<\/p>\n<p>Mo\u017ce u\u017cywa\u0107 ka\u017cdego zapachu do r\u00f3\u017cnych nastroj\u00f3w, p\u00f3r roku lub \u015brodowiska, poniewa\u017c wszystkie z nich maj\u0105 r\u00f3\u017cne odcienie.<br \/>\nPonadto mo\u017cesz by\u0107 pewien, \u017ce te osobiste aromaty, wykonane przy u\u017cyciu olejk\u00f3w eterycznych doTERRA CPTG\u00ae, s\u0105 bezpieczne i naturalne.<\/p>\n<p>&nbsp;<\/p>\n<p><strong>doTERRA Amavi Roso Opis perfum:<\/strong><\/p>\n<p>Am\u0101v\u012b Roso jest wzruszaj\u0105cym wyrazem m\u0119skiej si\u0142y i zaufania. Cytrusowy i \u017cywy aromat to esencja energii i sukcesu.<\/p>\n<p>Jest to opatentowana mieszanka cedru, bergamotki, amr, dzikiej pomara\u0144czy, mi\u0119ty bergamotki, pieprzu syczua\u0144skiego, kolendry, wetywerii, labdanum, litsea, paczuli, fasoli tonka, neroli, lawendy, geranium, bazylii, mchu d\u0119bowego i petitgrain.<\/p>\n<p>&nbsp;<\/p>\n<p><strong>doTERRA Amavi Azul Opis perfum:<\/strong><\/p>\n<p>Am\u0101v\u012b Azul to \u015bwie\u017cy i jasny zapach wolno\u015bci i przygody. Obud\u017a swoje zmys\u0142y i wpadnij w b\u0142\u0119kitne fale i nieko\u0144cz\u0105cy si\u0119 bia\u0142y piasek na odleg\u0142ej, sk\u0105panej w s\u0142o\u0144cu pla\u017cy.<\/p>\n<p>Jest to opatentowana mieszanka cedru, du\u017cych poci\u016bgi, zielonej cytryny, mimoz, nootka, bergamotki, labdanum, amyris, magnolii, elemi, spearmi, kardamonu, trawy cytrynowej, palmarose, imbiru, mchu drzewnego, vetiveri, pelargonii, bia\u0142ego pieprzu, kadzid\u0142a, limonki kaffir i fio\u0142k\u00f3w.<\/p>\n<p>&nbsp;<\/p>\n<p><strong>doTERRA Amavi Noir Opis perfum:<\/strong><\/p>\n<p>Amavi Noir to urocze, delikatne przed\u0142u\u017cenie indywidualno\u015bci i tajemnicy. Pow\u015bci\u0105gliwy, ale wykwintny, ten odwa\u017cnie ciemny, s\u0142odki aromat tworzy nastr\u00f3j niezapomnianego wieczoru.<\/p>\n<p>Jest to opatentowana mieszanka cedr\u00f3w, bergamotek, amyru, kolendry, cypriolu, czerwonych mandarynek, wetiwerii, elemi, labdanu, lawendy, pieprzu syczua\u0144skiego, fasoli tonka, kadzid\u0142a, cystusa, guawy, paczuli, czerwonej pieczarki, pelargonii, balsamu peruwia\u0144skiego i kwiat\u00f3w pomara\u0144czy.<\/p>\n<p>&nbsp;<\/p>\n<p>&nbsp;<\/p>\n","protected":false},"excerpt":{"rendered":"<ul>\n<li>Tw\u00f3j tata lub m\u0105\u017c z pewno\u015bci\u0105 pokocha co najmniej jeden z trzech nowych, limitowanych zapach\u00f3w &#8211; je\u015bli nie wszystkie trzy!<\/li>\n<li>Ta niedroga kolekcja wyrafinowanych m\u0119skich zapach\u00f3w sprawia, \u017ce zakup prezentu jest prosty i p\u0142ynny<\/li>\n<li>1 szt. Perfumy doTERRA &#8211; Am\u0101v\u012b Roso, Am\u0101v\u012b Azul, Am\u0101v\u012b Noir (1.5 ml) butelki<\/li>\n<\/ul>\n","protected":false},"featured_media":14520,"template":"","meta":{"site-sidebar-layout":"default","site-content-layout":"default","ast-site-content-layout":"default","site-content-style":"default","site-sidebar-style":"default","ast-global-header-display":"","ast-banner-title-visibility":"","ast-main-header-display":"","ast-hfb-above-header-display":"","ast-hfb-below-header-display":"","ast-hfb-mobile-header-display":"","site-post-title":"","ast-breadcrumbs-content":"","ast-featured-img":"","footer-sml-layout":"","ast-disable-related-posts":"","theme-transparent-header-meta":"default","adv-header-id-meta":"","stick-header-meta":"","header-above-stick-meta":"","header-main-stick-meta":"","header-below-stick-meta":"","astra-migrate-meta-layouts":"default","ast-page-background-enabled":"default","ast-page-background-meta":{"desktop":{"background-color":"","background-image":"","background-repeat":"repeat","background-position":"center center","background-size":"auto","background-attachment":"scroll","background-type":"","background-media":"","overlay-type":"","overlay-color":"","overlay-opacity":"","overlay-gradient":""},"tablet":{"background-color":"","background-image":"","background-repeat":"repeat","background-position":"center center","background-size":"auto","background-attachment":"scroll","background-type":"","background-media":"","overlay-type":"","overlay-color":"","overlay-opacity":"","overlay-gradient":""},"mobile":{"background-color":"","background-image":"","background-repeat":"repeat","background-position":"center center","background-size":"auto","background-attachment":"scroll","background-type":"","background-media":"","overlay-type":"","overlay-color":"","overlay-opacity":"","overlay-gradient":""}},"ast-content-background-meta":{"desktop":{"background-color":"var(--ast-global-color-5)","background-image":"","background-repeat":"repeat","background-position":"center center","background-size":"auto","background-attachment":"scroll","background-type":"","background-media":"","overlay-type":"","overlay-color":"","overlay-opacity":"","overlay-gradient":""},"tablet":{"background-color":"var(--ast-global-color-5)","background-image":"","background-repeat":"repeat","background-position":"center center","background-size":"auto","background-attachment":"scroll","background-type":"","background-media":"","overlay-type":"","overlay-color":"","overlay-opacity":"","overlay-gradient":""},"mobile":{"background-color":"var(--ast-global-color-5)","background-image":"","background-repeat":"repeat","background-position":"center center","background-size":"auto","background-attachment":"scroll","background-type":"","background-media":"","overlay-type":"","overlay-color":"","overlay-opacity":"","overlay-gradient":""}}},"product_brand":[],"product_cat":[1702,1698,1688,1695],"product_tag":[],"class_list":{"0":"post-15919","1":"product","2":"type-product","3":"status-publish","4":"has-post-thumbnail","6":"product_cat-mieszanki-olejkow-eterycznych","7":"product_cat-olejki-eteryczne","8":"product_cat-prezenty","9":"product_cat-prezenty-dla-mezczyzn","10":"desktop-align-left","11":"tablet-align-left","12":"mobile-align-left","14":"first","15":"instock","16":"sale","17":"taxable","18":"shipping-taxable","19":"purchasable","20":"product-type-simple"},"_links":{"self":[{"href":"https:\/\/mamaterra.lt\/pl\/wp-json\/wp\/v2\/product\/15919","targetHints":{"allow":["GET"]}}],"collection":[{"href":"https:\/\/mamaterra.lt\/pl\/wp-json\/wp\/v2\/product"}],"about":[{"href":"https:\/\/mamaterra.lt\/pl\/wp-json\/wp\/v2\/types\/product"}],"wp:featuredmedia":[{"embeddable":true,"href":"https:\/\/mamaterra.lt\/pl\/wp-json\/wp\/v2\/media\/14520"}],"wp:attachment":[{"href":"https:\/\/mamaterra.lt\/pl\/wp-json\/wp\/v2\/media?parent=15919"}],"wp:term":[{"taxonomy":"product_brand","embeddable":true,"href":"https:\/\/mamaterra.lt\/pl\/wp-json\/wp\/v2\/product_brand?post=15919"},{"taxonomy":"product_cat","embeddable":true,"href":"https:\/\/mamaterra.lt\/pl\/wp-json\/wp\/v2\/product_cat?post=15919"},{"taxonomy":"product_tag","embeddable":true,"href":"https:\/\/mamaterra.lt\/pl\/wp-json\/wp\/v2\/product_tag?post=15919"}],"curies":[{"name":"wp","href":"https:\/\/api.w.org\/{rel}","templated":true}]}}