{"id":15917,"date":"2022-09-26T19:44:51","date_gmt":"2022-09-26T18:44:51","guid":{"rendered":"https:\/\/mamaterra.lt\/parduotuve\/bez-kategorii\/naturalny-dezodorant-doterra-z-mieszanka-olejkow-eterycznych-doterra-balance-75g\/"},"modified":"2022-09-26T19:44:51","modified_gmt":"2022-09-26T18:44:51","slug":"naturalny-doterra-dezodorant-z-doterra-balance-essential-oil-blend-75g","status":"publish","type":"product","link":"https:\/\/mamaterra.lt\/pl\/parduotuve\/olejki-eteryczne\/naturalny-doterra-dezodorant-z-doterra-balance-essential-oil-blend-75g\/","title":{"rendered":"Naturalny dezodorant doTERRA z mieszank\u0105 olejk\u00f3w eterycznych doTERRA Balance 75g"},"content":{"rendered":"<p><strong>Naturalny dezodorant doTERRA z mieszank\u0105 olejk\u00f3w eterycznych doTERRA Balance<\/strong><\/p>\n<p>75g<\/p>\n<p>Jest to mieszanka olej\u00f3w \u015bwierkowych, drewna Ho, kadzid\u0142a, niebieskiego buka, niebieskiego rumianku i otomany. Wype\u0142niony jednym z najdro\u017cszych i najspokojniejszych aromat\u00f3w na ziemi.<\/p>\n<p><strong>Sk\u0142adniki naturalnego dezodorantu doTERRA z mieszank\u0105 olejk\u00f3w eterycznych doTERRA Balance:<\/strong><\/p>\n<ul>\n<li>Skrobia z tapioki: Dzi\u0119ki zastosowaniu wilgoci pod pachami daje uczucie \u015bwie\u017co\u015bci i sucho\u015bci przez ca\u0142y dzie\u0144.<\/li>\n<li>Kapryl i tr\u00f3jgliceryd kaprylu: naturalna okluzja, kt\u00f3ra jest w zasadzie jak od\u017cywka do sk\u00f3ry<\/li>\n<li>Alkohol stearylowy: Stabilizator pochodzenia ro\u015blinnego<\/li>\n<li>Napoje gazowane: Pomaga chroni\u0107 przed nieprzyjemnymi zapachami (znanymi r\u00f3wnie\u017c jako wodorow\u0119glan sodu)<\/li>\n<li>Butyrospermum parkii: znany r\u00f3wnie\u017c jako mas\u0142o shea<\/li>\n<li>Cocos nucifera: znany r\u00f3wnie\u017c jako olej kokosowy<\/li>\n<li>Helianthus annuus: znany r\u00f3wnie\u017c jako olej s\u0142onecznikowy<\/li>\n<li>Simmondsia chinensis: Znany r\u00f3wnie\u017c jako olej z nasion jojoba<\/li>\n<li>Estry jojoba: Naturalny emolient, kt\u00f3ry pomaga zachowa\u0107 mi\u0119kk\u0105, g\u0142adk\u0105 i elastyczn\u0105 sk\u00f3r\u0119.<\/li>\n<li>Wosk pszczeli poliglicerolu-3: Z wosku pszczelego otrzymuje si\u0119 emulgator<\/li>\n<li>Uwodorniony olej rycynowy: Kolejna okluzyjna lub naturalna od\u017cywka do sk\u00f3ry<\/li>\n<li>Cytrynian trietylu: enzym ro\u015blinny i korzystny dezodorant<\/li>\n<li>Olejek jod\u0142owy (Picea mariana): \u015bwie\u017cy, sosnowy aromat.<\/li>\n<li>Olejek eteryczny z li\u015bci Ho (Cinnamomum camphora linaloolifera): kwiatowy, s\u0142odki i ciep\u0142y aromat<\/li>\n<li>Olejek eteryczny z kadzid\u0142a (Boswellia carterii): ciep\u0142y, czysty aromat<\/li>\n<li>Olejek eteryczny z buku b\u0142\u0119kitnego (Tanacetum annuum): pachnie s\u0142odko, zio\u0142owo i lekko kwiatowo<\/li>\n<li>Olejek eteryczny z rumianku niebieskiego (Chamomilla recutita): orze\u017awiaj\u0105cy, s\u0142odki i zio\u0142owy aromat<\/li>\n<li>Olejek eteryczny z Osmanthus fragrans (Osmanthus fragrans): bogaty, owocowo-kwiatowy aromat<\/li>\n<li>tokoferol: Naturalny zwi\u0105zek zwi\u0105zany z witamin\u0105 E o w\u0142a\u015bciwo\u015bciach przeciwutleniaj\u0105cych.<\/li>\n<\/ul>\n","protected":false},"excerpt":{"rendered":"<ul>\n<li>doTERRA Balance to mieszanka olejk\u00f3w \u015bwierkowych, ho\u0142d\u0142o, kadzid\u0142a, buka b\u0142\u0119kitnego, rumianku b\u0142\u0119kitnego i otomana<\/li>\n<li>Dezodorant jest wype\u0142niony jednym z najdro\u017cszych i najspokojniejszych aromat\u00f3w na ziemi<\/li>\n<li>Dezodorant 75g<\/li>\n<\/ul>\n","protected":false},"featured_media":14178,"template":"","meta":{"site-sidebar-layout":"default","site-content-layout":"default","ast-site-content-layout":"default","site-content-style":"default","site-sidebar-style":"default","ast-global-header-display":"","ast-banner-title-visibility":"","ast-main-header-display":"","ast-hfb-above-header-display":"","ast-hfb-below-header-display":"","ast-hfb-mobile-header-display":"","site-post-title":"","ast-breadcrumbs-content":"","ast-featured-img":"","footer-sml-layout":"","ast-disable-related-posts":"","theme-transparent-header-meta":"default","adv-header-id-meta":"","stick-header-meta":"","header-above-stick-meta":"","header-main-stick-meta":"","header-below-stick-meta":"","astra-migrate-meta-layouts":"default","ast-page-background-enabled":"default","ast-page-background-meta":{"desktop":{"background-color":"","background-image":"","background-repeat":"repeat","background-position":"center center","background-size":"auto","background-attachment":"scroll","background-type":"","background-media":"","overlay-type":"","overlay-color":"","overlay-opacity":"","overlay-gradient":""},"tablet":{"background-color":"","background-image":"","background-repeat":"repeat","background-position":"center center","background-size":"auto","background-attachment":"scroll","background-type":"","background-media":"","overlay-type":"","overlay-color":"","overlay-opacity":"","overlay-gradient":""},"mobile":{"background-color":"","background-image":"","background-repeat":"repeat","background-position":"center center","background-size":"auto","background-attachment":"scroll","background-type":"","background-media":"","overlay-type":"","overlay-color":"","overlay-opacity":"","overlay-gradient":""}},"ast-content-background-meta":{"desktop":{"background-color":"var(--ast-global-color-5)","background-image":"","background-repeat":"repeat","background-position":"center center","background-size":"auto","background-attachment":"scroll","background-type":"","background-media":"","overlay-type":"","overlay-color":"","overlay-opacity":"","overlay-gradient":""},"tablet":{"background-color":"var(--ast-global-color-5)","background-image":"","background-repeat":"repeat","background-position":"center center","background-size":"auto","background-attachment":"scroll","background-type":"","background-media":"","overlay-type":"","overlay-color":"","overlay-opacity":"","overlay-gradient":""},"mobile":{"background-color":"var(--ast-global-color-5)","background-image":"","background-repeat":"repeat","background-position":"center center","background-size":"auto","background-attachment":"scroll","background-type":"","background-media":"","overlay-type":"","overlay-color":"","overlay-opacity":"","overlay-gradient":""}}},"product_brand":[],"product_cat":[1711,1698],"product_tag":[799,1382,1614],"class_list":{"0":"post-15917","1":"product","2":"type-product","3":"status-publish","4":"has-post-thumbnail","6":"product_cat-higiena-i-pielegnacja-skory","7":"product_cat-olejki-eteryczne","8":"product_tag-75g-pl","9":"product_tag-balance-pl","10":"product_tag-dezodorant","11":"desktop-align-left","12":"tablet-align-left","13":"mobile-align-left","15":"first","16":"instock","17":"taxable","18":"shipping-taxable","19":"purchasable","20":"product-type-simple"},"_links":{"self":[{"href":"https:\/\/mamaterra.lt\/pl\/wp-json\/wp\/v2\/product\/15917","targetHints":{"allow":["GET"]}}],"collection":[{"href":"https:\/\/mamaterra.lt\/pl\/wp-json\/wp\/v2\/product"}],"about":[{"href":"https:\/\/mamaterra.lt\/pl\/wp-json\/wp\/v2\/types\/product"}],"wp:featuredmedia":[{"embeddable":true,"href":"https:\/\/mamaterra.lt\/pl\/wp-json\/wp\/v2\/media\/14178"}],"wp:attachment":[{"href":"https:\/\/mamaterra.lt\/pl\/wp-json\/wp\/v2\/media?parent=15917"}],"wp:term":[{"taxonomy":"product_brand","embeddable":true,"href":"https:\/\/mamaterra.lt\/pl\/wp-json\/wp\/v2\/product_brand?post=15917"},{"taxonomy":"product_cat","embeddable":true,"href":"https:\/\/mamaterra.lt\/pl\/wp-json\/wp\/v2\/product_cat?post=15917"},{"taxonomy":"product_tag","embeddable":true,"href":"https:\/\/mamaterra.lt\/pl\/wp-json\/wp\/v2\/product_tag?post=15917"}],"curies":[{"name":"wp","href":"https:\/\/api.w.org\/{rel}","templated":true}]}}