{"id":15911,"date":"2022-11-01T18:47:58","date_gmt":"2022-11-01T17:47:58","guid":{"rendered":"https:\/\/mamaterra.lt\/parduotuve\/bez-kategorii\/doterra-maslo-do-ciala-z-nasion-marchwi-113g-i-przytulne-skarpetki\/"},"modified":"2022-11-01T18:47:58","modified_gmt":"2022-11-01T17:47:58","slug":"doterra-marchewki-nasiona-cialo-maslo-113g-i-przytulne-skarpetki","status":"publish","type":"product","link":"https:\/\/mamaterra.lt\/pl\/parduotuve\/prezenty\/prezenty-dla-kobiet\/doterra-marchewki-nasiona-cialo-maslo-113g-i-przytulne-skarpetki\/","title":{"rendered":"doTERRA Mas\u0142o do cia\u0142a z nasion marchwi 113g i przytulne skarpetki"},"content":{"rendered":"<p><strong>doTERRA Mas\u0142o do cia\u0142a z nasion marchwi i przytulne skarpetki<\/strong><\/p>\n<p>&nbsp;<\/p>\n<p>Rozpieszczaj swoj\u0105 sk\u00f3r\u0119 bogatym i orze\u017awiaj\u0105cym kremowym mas\u0142em do cia\u0142a doTERRA oraz przytulnymi \u015bwi\u0105tecznymi skarpetkami.<\/p>\n<p>1 x mas\u0142o do cia\u0142a z nasion marchwi (113 g) i przytulne skarpetki (jeden rozmiar).<\/p>\n<p>G\u0119sta i kremowa marchewka s<span style=\"font-size: 16px; font-style: normal; font-weight: 400;\"> <\/span><span style=\"font-size: 16px; font-style: normal; font-weight: 400;\">Daje orze\u017awiaj\u0105cy, uziemiaj\u0105cy aromat i nawil\u017ca sk\u00f3r\u0119 przez d\u0142ugi czas. S<\/span><span style=\"font-size: 16px;\">Mas\u0142o jagni\u0119ce jest nasycone odm\u0142adzaj\u0105cymi nasionami marchwi, orze\u017awiaj\u0105cymi olejkami <\/span>eterycznymi CPTG\u00ae z mi\u0119ty i rozmarynu.<\/p>\n<p>Ten luksusowy krem nawil\u017caj\u0105cy zawiera doskona\u0142y olejek z oliwek, s\u0142odkich migda\u0142\u00f3w i jojoba oraz mas\u0142o kakaowe, kt\u00f3re sprawia, \u017ce cia\u0142o jest delikatne i nie jest t\u0142uste, poniewa\u017c szybko si\u0119 wch\u0142ania i zapewnia sk\u00f3rze od\u017cywienie, kt\u00f3rego tak pragnie.<\/p>\n<ul>\n<li>Odpowiedni dla wszystkich rodzaj\u00f3w sk\u00f3ry.<\/li>\n<li>Mas\u0142o do cia\u0142a z nasion marchwi to \u015bwietny prezent, ale pami\u0119taj, aby zachowa\u0107 s\u0142oik lub dwa dla siebie.<\/li>\n<\/ul>\n","protected":false},"excerpt":{"rendered":"<ul>\n<li>1 x mas\u0142o do cia\u0142a z nasion marchwi (113 g) i wygodne skarpetki (jeden rozmiar)<\/li>\n<li>Odpowiedni dla wszystkich rodzaj\u00f3w sk\u00f3ry<\/li>\n<li>Mas\u0142o do cia\u0142a z nasion marchwi to \u015bwietny prezent, ale pami\u0119taj, aby zachowa\u0107 s\u0142oik lub dwa dla siebie<\/li>\n<\/ul>\n","protected":false},"featured_media":14529,"template":"","meta":{"site-sidebar-layout":"default","site-content-layout":"default","ast-site-content-layout":"default","site-content-style":"default","site-sidebar-style":"default","ast-global-header-display":"","ast-banner-title-visibility":"","ast-main-header-display":"","ast-hfb-above-header-display":"","ast-hfb-below-header-display":"","ast-hfb-mobile-header-display":"","site-post-title":"","ast-breadcrumbs-content":"","ast-featured-img":"","footer-sml-layout":"","ast-disable-related-posts":"","theme-transparent-header-meta":"default","adv-header-id-meta":"","stick-header-meta":"","header-above-stick-meta":"","header-main-stick-meta":"","header-below-stick-meta":"","astra-migrate-meta-layouts":"default","ast-page-background-enabled":"default","ast-page-background-meta":{"desktop":{"background-color":"","background-image":"","background-repeat":"repeat","background-position":"center center","background-size":"auto","background-attachment":"scroll","background-type":"","background-media":"","overlay-type":"","overlay-color":"","overlay-opacity":"","overlay-gradient":""},"tablet":{"background-color":"","background-image":"","background-repeat":"repeat","background-position":"center center","background-size":"auto","background-attachment":"scroll","background-type":"","background-media":"","overlay-type":"","overlay-color":"","overlay-opacity":"","overlay-gradient":""},"mobile":{"background-color":"","background-image":"","background-repeat":"repeat","background-position":"center center","background-size":"auto","background-attachment":"scroll","background-type":"","background-media":"","overlay-type":"","overlay-color":"","overlay-opacity":"","overlay-gradient":""}},"ast-content-background-meta":{"desktop":{"background-color":"var(--ast-global-color-5)","background-image":"","background-repeat":"repeat","background-position":"center center","background-size":"auto","background-attachment":"scroll","background-type":"","background-media":"","overlay-type":"","overlay-color":"","overlay-opacity":"","overlay-gradient":""},"tablet":{"background-color":"var(--ast-global-color-5)","background-image":"","background-repeat":"repeat","background-position":"center center","background-size":"auto","background-attachment":"scroll","background-type":"","background-media":"","overlay-type":"","overlay-color":"","overlay-opacity":"","overlay-gradient":""},"mobile":{"background-color":"var(--ast-global-color-5)","background-image":"","background-repeat":"repeat","background-position":"center center","background-size":"auto","background-attachment":"scroll","background-type":"","background-media":"","overlay-type":"","overlay-color":"","overlay-opacity":"","overlay-gradient":""}}},"product_brand":[],"product_cat":[1711,1688,1692,1695],"product_tag":[],"class_list":{"0":"post-15911","1":"product","2":"type-product","3":"status-publish","4":"has-post-thumbnail","6":"product_cat-higiena-i-pielegnacja-skory","7":"product_cat-prezenty","8":"product_cat-prezenty-dla-kobiet","9":"product_cat-prezenty-dla-mezczyzn","10":"desktop-align-left","11":"tablet-align-left","12":"mobile-align-left","14":"first","15":"outofstock","16":"taxable","17":"shipping-taxable","18":"purchasable","19":"product-type-simple"},"_links":{"self":[{"href":"https:\/\/mamaterra.lt\/pl\/wp-json\/wp\/v2\/product\/15911","targetHints":{"allow":["GET"]}}],"collection":[{"href":"https:\/\/mamaterra.lt\/pl\/wp-json\/wp\/v2\/product"}],"about":[{"href":"https:\/\/mamaterra.lt\/pl\/wp-json\/wp\/v2\/types\/product"}],"wp:featuredmedia":[{"embeddable":true,"href":"https:\/\/mamaterra.lt\/pl\/wp-json\/wp\/v2\/media\/14529"}],"wp:attachment":[{"href":"https:\/\/mamaterra.lt\/pl\/wp-json\/wp\/v2\/media?parent=15911"}],"wp:term":[{"taxonomy":"product_brand","embeddable":true,"href":"https:\/\/mamaterra.lt\/pl\/wp-json\/wp\/v2\/product_brand?post=15911"},{"taxonomy":"product_cat","embeddable":true,"href":"https:\/\/mamaterra.lt\/pl\/wp-json\/wp\/v2\/product_cat?post=15911"},{"taxonomy":"product_tag","embeddable":true,"href":"https:\/\/mamaterra.lt\/pl\/wp-json\/wp\/v2\/product_tag?post=15911"}],"curies":[{"name":"wp","href":"https:\/\/api.w.org\/{rel}","templated":true}]}}