{"id":15903,"date":"2022-11-01T18:11:19","date_gmt":"2022-11-01T17:11:19","guid":{"rendered":"https:\/\/mamaterra.lt\/parduotuve\/bez-kategorii\/velor-podgrzewana-miekka-zabawka-krolik-i-lawenda-pure-dottera-olejek-eteryczny-15ml\/"},"modified":"2022-11-01T18:11:19","modified_gmt":"2022-11-01T17:11:19","slug":"welur-podgrzewany-ugniatanie-krolik-i-lawenda-czysty-doterra-olejek-15ml","status":"publish","type":"product","link":"https:\/\/mamaterra.lt\/pl\/parduotuve\/olejki-eteryczne\/czyste-olejki-eteryczne\/welur-podgrzewany-ugniatanie-krolik-i-lawenda-czysty-doterra-olejek-15ml\/","title":{"rendered":"Velor Podgrzewana Mi\u0119kka Zabawka Kr\u00f3lik i LAWENDA Pure DoTTERA Olejek Eteryczny 15ml"},"content":{"rendered":"<p><strong>Velor Podgrzewana Mi\u0119kka Zabawka Kr\u00f3lik i LAWENDA Pure DoTTERA Olejek Eteryczny 15ml<\/strong><\/p>\n<p>&nbsp;<\/p>\n<p>To idealne po\u0142\u0105czenie, stworzone z my\u015bl\u0105 o naszych maluchach, pozwoli Ci poczu\u0107 si\u0119 komfortowo i sp\u0119dzi\u0107 przytuln\u0105 zim\u0119.<\/p>\n<ul>\n<li>1 welur podgrzewany mi\u0119kki kr\u00f3lik i olejek lawendowy (15 ml)<\/li>\n<li>Ten mi\u0119kki kr\u00f3lik-zabawka ma wyjmowan\u0105 poduszk\u0119, kt\u00f3r\u0105 mo\u017cna podgrza\u0107 w kuchence mikrofalowej. Po rozgrzaniu poduszki mo\u017cna na ni\u0105 na\u0142o\u017cy\u0107 olejek eteryczny!<\/li>\n<li>Welur ogrzewany mi\u0119kki kr\u00f3lik wymiary: 26 x 24 x 12 cm<\/li>\n<\/ul>\n<p>&nbsp;<\/p>\n<p><strong>LAVENDER Pure doTTERA Olejek Eteryczny 15ml<\/strong><\/p>\n<p>Lavandula angustifolia | 15ml<\/p>\n<p>&nbsp;<\/p>\n<p><strong>LAVENDER Pure doTTERA Essential Oil Opis:<\/strong><\/p>\n<p>Lawenda jest ceniona od tysi\u0119cy lat za sw\u00f3j szczeg\u00f3lny aromat i korzystne dla zdrowia w\u0142a\u015bciwo\u015bci.<\/p>\n<ul>\n<li>Szeroko stosowany ze wzgl\u0119du na dzia\u0142anie koj\u0105ce i relaksuj\u0105ce<\/li>\n<li>Zmniejsza podra\u017cnienia sk\u00f3ry<\/li>\n<li>Ma relaksuj\u0105cy efekt, kt\u00f3ry pomaga stworzy\u0107 atmosfer\u0119, kt\u00f3ra o\u017cywia reszt\u0119<\/li>\n<\/ul>\n<p>&nbsp;<\/p>\n<p>Wi\u0119cej informacji o <strong>lawendowej <\/strong><strong>doTERRA<\/strong><strong> <\/strong><strong>Olejek eteryczny <\/strong>znajdziesz w poni\u017cszym filmie.<\/p>\n<p><iframe title=\"Zastosowania i korzy\u015bci olejku lawendowego doTERRA\u00ae\" src=\"https:\/\/www.youtube.com\/embed\/wjbHnTrTeKc\" width=\"853\" height=\"480\" frameborder=\"0\" allowfullscreen=\"allowfullscreen\"><\/iframe><\/p>\n","protected":false},"excerpt":{"rendered":"<ul>\n<li>1 welur podgrzewany mi\u0119kki kr\u00f3lik i olejek lawendowy (15 ml)<\/li>\n<li>Lawendowa alejka redukuje podra\u017cnienia sk\u00f3ry<\/li>\n<li>Ma relaksuj\u0105cy efekt, kt\u00f3ry pomaga stworzy\u0107 atmosfer\u0119, kt\u00f3ra o\u017cywia reszt\u0119<\/li>\n<li>\n<\/li>\n<\/ul>\n","protected":false},"featured_media":14514,"template":"","meta":{"site-sidebar-layout":"default","site-content-layout":"default","ast-site-content-layout":"default","site-content-style":"default","site-sidebar-style":"default","ast-global-header-display":"","ast-banner-title-visibility":"","ast-main-header-display":"","ast-hfb-above-header-display":"","ast-hfb-below-header-display":"","ast-hfb-mobile-header-display":"","site-post-title":"","ast-breadcrumbs-content":"","ast-featured-img":"","footer-sml-layout":"","ast-disable-related-posts":"","theme-transparent-header-meta":"default","adv-header-id-meta":"","stick-header-meta":"","header-above-stick-meta":"","header-main-stick-meta":"","header-below-stick-meta":"","astra-migrate-meta-layouts":"default","ast-page-background-enabled":"default","ast-page-background-meta":{"desktop":{"background-color":"","background-image":"","background-repeat":"repeat","background-position":"center center","background-size":"auto","background-attachment":"scroll","background-type":"","background-media":"","overlay-type":"","overlay-color":"","overlay-opacity":"","overlay-gradient":""},"tablet":{"background-color":"","background-image":"","background-repeat":"repeat","background-position":"center center","background-size":"auto","background-attachment":"scroll","background-type":"","background-media":"","overlay-type":"","overlay-color":"","overlay-opacity":"","overlay-gradient":""},"mobile":{"background-color":"","background-image":"","background-repeat":"repeat","background-position":"center center","background-size":"auto","background-attachment":"scroll","background-type":"","background-media":"","overlay-type":"","overlay-color":"","overlay-opacity":"","overlay-gradient":""}},"ast-content-background-meta":{"desktop":{"background-color":"var(--ast-global-color-5)","background-image":"","background-repeat":"repeat","background-position":"center center","background-size":"auto","background-attachment":"scroll","background-type":"","background-media":"","overlay-type":"","overlay-color":"","overlay-opacity":"","overlay-gradient":""},"tablet":{"background-color":"var(--ast-global-color-5)","background-image":"","background-repeat":"repeat","background-position":"center center","background-size":"auto","background-attachment":"scroll","background-type":"","background-media":"","overlay-type":"","overlay-color":"","overlay-opacity":"","overlay-gradient":""},"mobile":{"background-color":"var(--ast-global-color-5)","background-image":"","background-repeat":"repeat","background-position":"center center","background-size":"auto","background-attachment":"scroll","background-type":"","background-media":"","overlay-type":"","overlay-color":"","overlay-opacity":"","overlay-gradient":""}}},"product_brand":[],"product_cat":[1704,1755,1738,1688,1692,1695,1752],"product_tag":[729,1116,1533],"class_list":{"0":"post-15903","1":"product","2":"type-product","3":"status-publish","4":"has-post-thumbnail","6":"product_cat-czyste-olejki-eteryczne","7":"product_cat-dla-dzieci","8":"product_cat-do-spania","9":"product_cat-prezenty","10":"product_cat-prezenty-dla-kobiet","11":"product_cat-prezenty-dla-mezczyzn","12":"product_cat-radzenia-sobie-ze-stresem","13":"product_tag-15ml-pl","14":"product_tag-lavender-pl","15":"product_tag-olejki-eteryczne","16":"desktop-align-left","17":"tablet-align-left","18":"mobile-align-left","20":"first","21":"instock","22":"taxable","23":"shipping-taxable","24":"purchasable","25":"product-type-simple"},"_links":{"self":[{"href":"https:\/\/mamaterra.lt\/pl\/wp-json\/wp\/v2\/product\/15903","targetHints":{"allow":["GET"]}}],"collection":[{"href":"https:\/\/mamaterra.lt\/pl\/wp-json\/wp\/v2\/product"}],"about":[{"href":"https:\/\/mamaterra.lt\/pl\/wp-json\/wp\/v2\/types\/product"}],"wp:featuredmedia":[{"embeddable":true,"href":"https:\/\/mamaterra.lt\/pl\/wp-json\/wp\/v2\/media\/14514"}],"wp:attachment":[{"href":"https:\/\/mamaterra.lt\/pl\/wp-json\/wp\/v2\/media?parent=15903"}],"wp:term":[{"taxonomy":"product_brand","embeddable":true,"href":"https:\/\/mamaterra.lt\/pl\/wp-json\/wp\/v2\/product_brand?post=15903"},{"taxonomy":"product_cat","embeddable":true,"href":"https:\/\/mamaterra.lt\/pl\/wp-json\/wp\/v2\/product_cat?post=15903"},{"taxonomy":"product_tag","embeddable":true,"href":"https:\/\/mamaterra.lt\/pl\/wp-json\/wp\/v2\/product_tag?post=15903"}],"curies":[{"name":"wp","href":"https:\/\/api.w.org\/{rel}","templated":true}]}}