{"id":15898,"date":"2022-09-26T19:40:02","date_gmt":"2022-09-26T18:40:02","guid":{"rendered":"https:\/\/mamaterra.lt\/parduotuve\/bez-kategorii\/naturalny-dezodorant-doterra-z-olejkami-eterycznymi-douglas-fir-i-greek-orange-doterra-75g\/"},"modified":"2022-09-26T19:40:02","modified_gmt":"2022-09-26T18:40:02","slug":"naturalny-doterra-dezodorant-daglezja-jodla-i-grecka-pomarancza-doterra-olejki-eteryczne","status":"publish","type":"product","link":"https:\/\/mamaterra.lt\/pl\/parduotuve\/olejki-eteryczne\/mieszanki-olejkow-eterycznych\/naturalny-doterra-dezodorant-daglezja-jodla-i-grecka-pomarancza-doterra-olejki-eteryczne\/","title":{"rendered":"Naturalny dezodorant doterra z olejkami eterycznymi Douglas FIR i GREEK ORANGE doTERRA 75g"},"content":{"rendered":"<p><strong>Naturalny dezodorant dla os\u00f3b wra\u017cliwych z daglezj\u0105 doTERRA i greck\u0105 pomara\u0144cz\u0105<\/strong><\/p>\n<p>75g<\/p>\n<p>Naturalny dezodorant z olejkami eterycznymi DOUGLAS FIR i GREEK ORANGE doTERRA to dezodorant, kt\u00f3remu mo\u017cesz zaufa\u0107. Mo\u017cesz porzuci\u0107 aluminium, parabeny, ftalany i talk i nadal pachnie\u0107 niesamowicie. U\u017cyj naturalnego dezodorantu doTERRA i poczuj moc czysto\u015bci.<\/p>\n<p>Ten naturalny dezodorant aktywnie chroni przed nieprzyjemnymi zapachami i zapewnia d\u0142ugotrwa\u0142\u0105 \u015bwie\u017co\u015b\u0107.<\/p>\n<p><strong>Sk\u0142adniki naturalnego doTERRA Deodoranto z daglezj\u0105 doTERRA FIR i GRECKIM POMARA\u0143CZOWYM olejkami eterycznymi doTERRA:<\/strong><\/p>\n<ul>\n<li>Skrobia z tapioki: W zestawie: poch\u0142ania wilgo\u0107 pod pachami, dzi\u0119ki czemu czujesz si\u0119 \u015bwie\u017co i sucho przez ca\u0142y dzie\u0144<\/li>\n<li>kapryl i tr\u00f3jgliceryd kaprylu: naturalna okluzja, kt\u00f3ra jest w zasadzie jak od\u017cywka do sk\u00f3ry<\/li>\n<li>Alkohol stearylowy: Stabilizator pochodzenia ro\u015blinnego<\/li>\n<li>Magnez: Pomaga neutralizowa\u0107 zapachy i jest ch\u0142onnym regulatorem pH<\/li>\n<li>Butyrospermum parkii: znany r\u00f3wnie\u017c jako mas\u0142o shea<\/li>\n<li>Cocos nucifera: znany r\u00f3wnie\u017c jako olej kokosowy<\/li>\n<li>Helianthus annuus: znany r\u00f3wnie\u017c jako olej s\u0142onecznikowy<\/li>\n<li>Simmondsia chinensis: Znany r\u00f3wnie\u017c jako olej z nasion jojoba<\/li>\n<li>Estry jojoba: Naturalny emolient, kt\u00f3ry pomaga zachowa\u0107 mi\u0119kk\u0105, g\u0142adk\u0105 i elastyczn\u0105 sk\u00f3r\u0119.<\/li>\n<li>Wosk pszczeli poliglicerolu-3: Z wosku pszczelego otrzymuje si\u0119 emulgator<\/li>\n<li>Uwodorniony olej rycynowy: Kolejna okluzyjna lub naturalna od\u017cywka do sk\u00f3ry<\/li>\n<li>Cytrynian trietylu: enzym ro\u015blinny i korzystny dezodorant<\/li>\n<li>Olejek eteryczny z greckiej pomara\u0144czy (Citrus aurantium dulcis): ma wyra\u017any, energetyczny aromat cytrusowy.<\/li>\n<li>Olejek eteryczny z daglezji (Pseudotsuga menziesii): ma \u015bwie\u017cy, \u015bwie\u017cy aromat i mo\u017ce oczy\u015bci\u0107 sk\u00f3r\u0119, je\u015bli jest stosowany miejscowo<\/li>\n<li>tokoferol: Naturalny zwi\u0105zek zwi\u0105zany z witamin\u0105 E o w\u0142a\u015bciwo\u015bciach przeciwutleniaj\u0105cych.<\/li>\n<\/ul>\n","protected":false},"excerpt":{"rendered":"<ul>\n<li>Naturalny dezodorant z olejkami eterycznymi DOUGLAS FIR i GREEK ORANGE doTERRA<\/li>\n<li>Dezodorant 75g<\/li>\n<li>Ten naturalny dezodorant aktywnie chroni przed nieprzyjemnymi zapachami i zapewnia d\u0142ugotrwa\u0142\u0105 \u015bwie\u017co\u015b\u0107<\/li>\n<\/ul>\n","protected":false},"featured_media":14181,"template":"","meta":{"site-sidebar-layout":"default","site-content-layout":"default","ast-site-content-layout":"default","site-content-style":"default","site-sidebar-style":"default","ast-global-header-display":"","ast-banner-title-visibility":"","ast-main-header-display":"","ast-hfb-above-header-display":"","ast-hfb-below-header-display":"","ast-hfb-mobile-header-display":"","site-post-title":"","ast-breadcrumbs-content":"","ast-featured-img":"","footer-sml-layout":"","ast-disable-related-posts":"","theme-transparent-header-meta":"default","adv-header-id-meta":"","stick-header-meta":"","header-above-stick-meta":"","header-main-stick-meta":"","header-below-stick-meta":"","astra-migrate-meta-layouts":"default","ast-page-background-enabled":"default","ast-page-background-meta":{"desktop":{"background-color":"","background-image":"","background-repeat":"repeat","background-position":"center center","background-size":"auto","background-attachment":"scroll","background-type":"","background-media":"","overlay-type":"","overlay-color":"","overlay-opacity":"","overlay-gradient":""},"tablet":{"background-color":"","background-image":"","background-repeat":"repeat","background-position":"center center","background-size":"auto","background-attachment":"scroll","background-type":"","background-media":"","overlay-type":"","overlay-color":"","overlay-opacity":"","overlay-gradient":""},"mobile":{"background-color":"","background-image":"","background-repeat":"repeat","background-position":"center center","background-size":"auto","background-attachment":"scroll","background-type":"","background-media":"","overlay-type":"","overlay-color":"","overlay-opacity":"","overlay-gradient":""}},"ast-content-background-meta":{"desktop":{"background-color":"var(--ast-global-color-5)","background-image":"","background-repeat":"repeat","background-position":"center center","background-size":"auto","background-attachment":"scroll","background-type":"","background-media":"","overlay-type":"","overlay-color":"","overlay-opacity":"","overlay-gradient":""},"tablet":{"background-color":"var(--ast-global-color-5)","background-image":"","background-repeat":"repeat","background-position":"center center","background-size":"auto","background-attachment":"scroll","background-type":"","background-media":"","overlay-type":"","overlay-color":"","overlay-opacity":"","overlay-gradient":""},"mobile":{"background-color":"var(--ast-global-color-5)","background-image":"","background-repeat":"repeat","background-position":"center center","background-size":"auto","background-attachment":"scroll","background-type":"","background-media":"","overlay-type":"","overlay-color":"","overlay-opacity":"","overlay-gradient":""}}},"product_brand":[],"product_cat":[1711,1702],"product_tag":[799,1614,1224,1188],"class_list":{"0":"post-15898","1":"product","2":"type-product","3":"status-publish","4":"has-post-thumbnail","6":"product_cat-higiena-i-pielegnacja-skory","7":"product_cat-mieszanki-olejkow-eterycznych","8":"product_tag-75g-pl","9":"product_tag-dezodorant","10":"product_tag-douglas-fir-pl","11":"product_tag-greek-orange-pl","12":"desktop-align-left","13":"tablet-align-left","14":"mobile-align-left","16":"first","17":"instock","18":"taxable","19":"shipping-taxable","20":"purchasable","21":"product-type-simple"},"_links":{"self":[{"href":"https:\/\/mamaterra.lt\/pl\/wp-json\/wp\/v2\/product\/15898","targetHints":{"allow":["GET"]}}],"collection":[{"href":"https:\/\/mamaterra.lt\/pl\/wp-json\/wp\/v2\/product"}],"about":[{"href":"https:\/\/mamaterra.lt\/pl\/wp-json\/wp\/v2\/types\/product"}],"wp:featuredmedia":[{"embeddable":true,"href":"https:\/\/mamaterra.lt\/pl\/wp-json\/wp\/v2\/media\/14181"}],"wp:attachment":[{"href":"https:\/\/mamaterra.lt\/pl\/wp-json\/wp\/v2\/media?parent=15898"}],"wp:term":[{"taxonomy":"product_brand","embeddable":true,"href":"https:\/\/mamaterra.lt\/pl\/wp-json\/wp\/v2\/product_brand?post=15898"},{"taxonomy":"product_cat","embeddable":true,"href":"https:\/\/mamaterra.lt\/pl\/wp-json\/wp\/v2\/product_cat?post=15898"},{"taxonomy":"product_tag","embeddable":true,"href":"https:\/\/mamaterra.lt\/pl\/wp-json\/wp\/v2\/product_tag?post=15898"}],"curies":[{"name":"wp","href":"https:\/\/api.w.org\/{rel}","templated":true}]}}